{"id":157,"date":"2015-02-18T22:46:09","date_gmt":"2015-02-18T22:46:09","guid":{"rendered":"http:\/\/gozu.zone\/?page_id=157"},"modified":"2015-09-12T11:31:03","modified_gmt":"2015-09-12T11:31:03","slug":"gozu-lab","status":"publish","type":"page","link":"https:\/\/gozu.zone\/?page_id=157","title":{"rendered":"GOZU SECRET LAB"},"content":{"rendered":"<h2 class=\"txt_highlighted\" style=\"text-align: center;\">CONFIDENTIEL<\/h2>\n<p>Afin d&rsquo;<strong>accomplir sa mission de production locale<\/strong>, et dans le cadre du d\u00e9veloppement de sa R&amp;D pour le lancement de nouveaux produits top secret, le Gozu Lab s&rsquo;appuie sur des agents exp\u00e9riment\u00e9s qui <strong>n&rsquo;ont peur de rien<\/strong>, et qui sont <strong>les premiers<\/strong> \u00e0 d\u00e9couvrir les pi\u00e8ces et \u00e0 <strong>apporter leur contribution<\/strong> pour r\u00e9volutionner le monde du jeu, et leurs jeux favoris;) . Pour rappel, Gozu signifie l'\u00a0\u00bbexpert\u00a0\u00bb, dans la culture asiatique, et par extension, c&rsquo;est aussi le joueur qui aime jouer \u00e0 tout.<\/p>\n<p>&nbsp;<\/p>\n<p><strong>Avantages:<\/strong><\/p>\n<ul>\n<li>\u00catre le premier \u00e0 utiliser le produit et \u00e0 le faire conna\u00eetre.<\/li>\n<li>Prix d&rsquo;exp\u00e9dition <strong>moins chers<\/strong> que la livraison standard.<\/li>\n<li>Prix potentiellement plus bas que le prix final (ou pas).<\/li>\n<\/ul>\n<p>&nbsp;<\/p>\n<p>Les Agents Gozu sont <strong>conscients des risques li\u00e9s<\/strong> au maniement de ces produits:<\/p>\n<ul>\n<li>Une pi\u00e8ce potentiellement non corrig\u00e9e et incompl\u00e8te et pr\u00e9sentant s\u00fbrement des d\u00e9fauts, avec un packaging absent (ou pas).<\/li>\n<li>Vendue avec un frais de port abaiss\u00e9 et un prix instable susceptible d&rsquo;\u00e9voluer avec les tests, mais dans beaucoup de cas plus bas que la version consolid\u00e9e.<\/li>\n<li>Les agents Gozu documentent leurs tests avec photos en situation et rapports. Vous pouvez laisser un post sur le forum que vous fr\u00e9quentez en rapport avec la pi\u00e8ce en test ou \/ et laisser un commentaire sur la page du produit.<\/li>\n<\/ul>\n<p><em>Vous l&rsquo;aurez compris, ces pi\u00e8ces ne sont pas pour tout le monde \ud83d\ude09<\/em><\/p>\n<p>&nbsp;<\/p>\n<h4 class=\"txt_highlighted\" style=\"text-align: center;\">Le recrutement de l&rsquo;agent Gozu<\/h4>\n<ul>\n<li>L&rsquo;agent Gozu peut r\u00e9v\u00e9ler son activit\u00e9 de testeur, mais pas celle de ses pairs. L&rsquo;identit\u00e9 secr\u00e8te pendant les tests, du Gozu Agent, peut \u00eatre r\u00e9v\u00e9l\u00e9e lors de la sortie du produit, si celui-ci le d\u00e9sire.<\/li>\n<li>C&rsquo;est en proc\u00e9dant \u00e0 l&rsquo;<strong>acquisition d&rsquo;un nouveau produit dans le Gozu Lab<\/strong>, que le Gozu re\u00e7oit sa fiche de mission, qu&rsquo;il accepte ou non ! Il b\u00e9n\u00e9ficie de frais de port r\u00e9duits GOZU LAB. Il re\u00e7oit une lettre de mission avec son grade de d\u00e9part.<\/li>\n<\/ul>\n<p>&nbsp;<\/p>\n<p style=\"text-align: center;\"><strong>Les actions de l&rsquo;agent Gozu\u00a0<\/strong><\/p>\n<p>A chaque fois qu&rsquo;un Gozu r\u00e9alise certaines actions, il favorise une production plus locale et \u00e9cologique. C&rsquo;est pour cela que nous avons \u00e9tabli une liste de celles-ci et un syst\u00e8me pour les valoriser.<\/p>\n<p>&nbsp;<\/p>\n<h4 class=\"txt_highlighted\" style=\"text-align: center;\">Les\u00a0produits du GOZU LAB<\/h4>\n<div class=\"woocommerce columns-4 \"><\/div>\n","protected":false},"excerpt":{"rendered":"<p>CONFIDENTIEL Afin d&rsquo;accomplir sa mission de production locale, et dans le cadre du d\u00e9veloppement de sa R&amp;D pour le lancement de nouveaux produits top secret, le Gozu Lab s&rsquo;appuie sur des agents exp\u00e9riment\u00e9s qui n&rsquo;ont peur de rien, et qui sont les premiers \u00e0 d\u00e9couvrir les pi\u00e8ces et \u00e0 apporter leur contribution pour r\u00e9volutionner le [&#8230;]\n","protected":false},"author":1,"featured_media":0,"parent":0,"menu_order":0,"comment_status":"open","ping_status":"open","template":"page-fullwidth.php","meta":{"_acf_changed":false,"footnotes":""},"class_list":["post-157","page","type-page","status-publish","hentry"],"acf":[],"yoast_head":"<!-- This site is optimized with the Yoast SEO plugin v25.3 - https:\/\/yoast.com\/wordpress\/plugins\/seo\/ -->\n<title>GOZU SECRET LAB - GOZU ZONE<\/title>\n<meta name=\"robots\" content=\"index, follow, max-snippet:-1, max-image-preview:large, max-video-preview:-1\" \/>\n<link rel=\"canonical\" href=\"https:\/\/gozu.zone\/?page_id=157\" \/>\n<meta property=\"og:locale\" content=\"fr_FR\" \/>\n<meta property=\"og:type\" content=\"article\" \/>\n<meta property=\"og:title\" content=\"GOZU SECRET LAB - GOZU ZONE\" \/>\n<meta property=\"og:description\" content=\"CONFIDENTIEL Afin d&rsquo;accomplir sa mission de production locale, et dans le cadre du d\u00e9veloppement de sa R&amp;D pour le lancement de nouveaux produits top secret, le Gozu Lab s&rsquo;appuie sur des agents exp\u00e9riment\u00e9s qui n&rsquo;ont peur de rien, et qui sont les premiers \u00e0 d\u00e9couvrir les pi\u00e8ces et \u00e0 apporter leur contribution pour r\u00e9volutionner le [...]\" \/>\n<meta property=\"og:url\" content=\"https:\/\/gozu.zone\/?page_id=157\" \/>\n<meta property=\"og:site_name\" content=\"GOZU ZONE\" \/>\n<meta property=\"article:publisher\" content=\"https:\/\/www.facebook.com\/gozuzone\/\" \/>\n<meta property=\"article:modified_time\" content=\"2015-09-12T11:31:03+00:00\" \/>\n<meta property=\"og:image\" content=\"https:\/\/gozu.zone\/wp-content\/uploads\/2016\/08\/GZ.jpg\" \/>\n\t<meta property=\"og:image:width\" content=\"180\" \/>\n\t<meta property=\"og:image:height\" content=\"180\" \/>\n\t<meta property=\"og:image:type\" content=\"image\/jpeg\" \/>\n<meta name=\"twitter:card\" content=\"summary_large_image\" \/>\n<meta name=\"twitter:site\" content=\"@gozuzone\" \/>\n<meta name=\"twitter:label1\" content=\"Dur\u00e9e de lecture estim\u00e9e\" \/>\n\t<meta name=\"twitter:data1\" content=\"2 minutes\" \/>\n<script type=\"application\/ld+json\" class=\"yoast-schema-graph\">{\"@context\":\"https:\/\/schema.org\",\"@graph\":[{\"@type\":\"WebPage\",\"@id\":\"https:\/\/gozu.zone\/?page_id=157\",\"url\":\"https:\/\/gozu.zone\/?page_id=157\",\"name\":\"GOZU SECRET LAB - GOZU ZONE\",\"isPartOf\":{\"@id\":\"https:\/\/gozu.zone\/#website\"},\"datePublished\":\"2015-02-18T22:46:09+00:00\",\"dateModified\":\"2015-09-12T11:31:03+00:00\",\"breadcrumb\":{\"@id\":\"https:\/\/gozu.zone\/?page_id=157#breadcrumb\"},\"inLanguage\":\"fr-FR\",\"potentialAction\":[{\"@type\":\"ReadAction\",\"target\":[\"https:\/\/gozu.zone\/?page_id=157\"]}]},{\"@type\":\"BreadcrumbList\",\"@id\":\"https:\/\/gozu.zone\/?page_id=157#breadcrumb\",\"itemListElement\":[{\"@type\":\"ListItem\",\"position\":1,\"name\":\"Accueil\",\"item\":\"https:\/\/gozu.zone\/\"},{\"@type\":\"ListItem\",\"position\":2,\"name\":\"GOZU SECRET LAB\"}]},{\"@type\":\"WebSite\",\"@id\":\"https:\/\/gozu.zone\/#website\",\"url\":\"https:\/\/gozu.zone\/\",\"name\":\"GOZU ZONE\",\"description\":\"Toujours plus pour vos jeux\",\"potentialAction\":[{\"@type\":\"SearchAction\",\"target\":{\"@type\":\"EntryPoint\",\"urlTemplate\":\"https:\/\/gozu.zone\/?s={search_term_string}\"},\"query-input\":{\"@type\":\"PropertyValueSpecification\",\"valueRequired\":true,\"valueName\":\"search_term_string\"}}],\"inLanguage\":\"fr-FR\"}]}<\/script>\n<!-- \/ Yoast SEO plugin. -->","yoast_head_json":{"title":"GOZU SECRET LAB - GOZU ZONE","robots":{"index":"index","follow":"follow","max-snippet":"max-snippet:-1","max-image-preview":"max-image-preview:large","max-video-preview":"max-video-preview:-1"},"canonical":"https:\/\/gozu.zone\/?page_id=157","og_locale":"fr_FR","og_type":"article","og_title":"GOZU SECRET LAB - GOZU ZONE","og_description":"CONFIDENTIEL Afin d&rsquo;accomplir sa mission de production locale, et dans le cadre du d\u00e9veloppement de sa R&amp;D pour le lancement de nouveaux produits top secret, le Gozu Lab s&rsquo;appuie sur des agents exp\u00e9riment\u00e9s qui n&rsquo;ont peur de rien, et qui sont les premiers \u00e0 d\u00e9couvrir les pi\u00e8ces et \u00e0 apporter leur contribution pour r\u00e9volutionner le [...]","og_url":"https:\/\/gozu.zone\/?page_id=157","og_site_name":"GOZU ZONE","article_publisher":"https:\/\/www.facebook.com\/gozuzone\/","article_modified_time":"2015-09-12T11:31:03+00:00","og_image":[{"width":180,"height":180,"url":"https:\/\/gozu.zone\/wp-content\/uploads\/2016\/08\/GZ.jpg","type":"image\/jpeg"}],"twitter_card":"summary_large_image","twitter_site":"@gozuzone","twitter_misc":{"Dur\u00e9e de lecture estim\u00e9e":"2 minutes"},"schema":{"@context":"https:\/\/schema.org","@graph":[{"@type":"WebPage","@id":"https:\/\/gozu.zone\/?page_id=157","url":"https:\/\/gozu.zone\/?page_id=157","name":"GOZU SECRET LAB - GOZU ZONE","isPartOf":{"@id":"https:\/\/gozu.zone\/#website"},"datePublished":"2015-02-18T22:46:09+00:00","dateModified":"2015-09-12T11:31:03+00:00","breadcrumb":{"@id":"https:\/\/gozu.zone\/?page_id=157#breadcrumb"},"inLanguage":"fr-FR","potentialAction":[{"@type":"ReadAction","target":["https:\/\/gozu.zone\/?page_id=157"]}]},{"@type":"BreadcrumbList","@id":"https:\/\/gozu.zone\/?page_id=157#breadcrumb","itemListElement":[{"@type":"ListItem","position":1,"name":"Accueil","item":"https:\/\/gozu.zone\/"},{"@type":"ListItem","position":2,"name":"GOZU SECRET LAB"}]},{"@type":"WebSite","@id":"https:\/\/gozu.zone\/#website","url":"https:\/\/gozu.zone\/","name":"GOZU ZONE","description":"Toujours plus pour vos jeux","potentialAction":[{"@type":"SearchAction","target":{"@type":"EntryPoint","urlTemplate":"https:\/\/gozu.zone\/?s={search_term_string}"},"query-input":{"@type":"PropertyValueSpecification","valueRequired":true,"valueName":"search_term_string"}}],"inLanguage":"fr-FR"}]}},"_links":{"self":[{"href":"https:\/\/gozu.zone\/index.php?rest_route=\/wp\/v2\/pages\/157","targetHints":{"allow":["GET"]}}],"collection":[{"href":"https:\/\/gozu.zone\/index.php?rest_route=\/wp\/v2\/pages"}],"about":[{"href":"https:\/\/gozu.zone\/index.php?rest_route=\/wp\/v2\/types\/page"}],"author":[{"embeddable":true,"href":"https:\/\/gozu.zone\/index.php?rest_route=\/wp\/v2\/users\/1"}],"replies":[{"embeddable":true,"href":"https:\/\/gozu.zone\/index.php?rest_route=%2Fwp%2Fv2%2Fcomments&post=157"}],"version-history":[{"count":0,"href":"https:\/\/gozu.zone\/index.php?rest_route=\/wp\/v2\/pages\/157\/revisions"}],"wp:attachment":[{"href":"https:\/\/gozu.zone\/index.php?rest_route=%2Fwp%2Fv2%2Fmedia&parent=157"}],"curies":[{"name":"wp","href":"https:\/\/api.w.org\/{rel}","templated":true}]}}