{"id":48,"date":"2014-11-20T16:19:05","date_gmt":"2014-11-20T16:19:05","guid":{"rendered":"http:\/\/gozu.zone\/?page_id=48"},"modified":"2016-07-28T20:31:42","modified_gmt":"2016-07-28T20:31:42","slug":"a-propos","status":"publish","type":"page","link":"https:\/\/gozu.zone\/?page_id=48","title":{"rendered":"Qui sommes nous?"},"content":{"rendered":"<h1>Bienvenue dans\u00a0la Gozu Zone !<\/h1>\n<p>&nbsp;<\/p>\n<h3 class=\"txt_highlighted\" style=\"text-align: center;\">La Gozu Zone, qu&rsquo;est-ce donc?<\/h3>\n<p>&nbsp;<\/p>\n<p>La Gozu Zone\u00a0aide les Gozus ( se dit \u00ab\u00a0GOZOU\u00a0\u00bb ), joueurs experts, \u00e0 am\u00e9liorer leur exp\u00e9rience de jeu.\u00a0Pourquoi GOZU? Cela fait r\u00e9f\u00e9rence \u00e0 Gosu, mot emprunt\u00e9 aux communaut\u00e9s de joueurs de jeux vid\u00e9o, et qui signifie tr\u00e8s bon joueur \/ expert (\u9ad8\u624b, gaoshou, \u00ab\u00a0main experte\u00a0\u00bb, en chinois).<\/p>\n<p>&nbsp;<\/p>\n<h3 class=\"txt_highlighted\" style=\"text-align: center;\">On ne na\u00eet pas Gozu, on le devient<\/h3>\n<p>&nbsp;<\/p>\n<p>Il existe plusieurs cat\u00e9gories de Gozus, l&rsquo;<em>esth\u00e8te du jeu<\/em>, celui qui dispose d&rsquo;une culture \u00e9tendue du jeu de soci\u00e9t\u00e9, celui qui est un <em>strat\u00e8ge<\/em>, un expert du jeu, qui gagne tous ses championnats et tournois, et celui avec lequel toute partie de jeu est un vrai plaisir. Le Gozu conna\u00eet l&rsquo;importance d&rsquo;un jeu de soci\u00e9t\u00e9. Il sait qu&rsquo;il y a beaucoup plus qu&rsquo;un ensemble de bouts de cartons et de plastique derri\u00e8re une partie de jeu.<\/p>\n<p>&nbsp;<\/p>\n<h3 class=\"txt_highlighted\" style=\"text-align: center;\">Nos produits sont diff\u00e9rents, gr\u00e2ce \u00e0 une arme secr\u00e8te&#8230;qui un jour deviendra omnipr\u00e9sente!<\/h3>\n<p>&nbsp;<\/p>\n<p>Nous sommes la premi\u00e8re soci\u00e9t\u00e9 historique \u00e0 utiliser l&rsquo;<strong>impression 3D<\/strong> dans un processus de production \u00e0 vocation industrielle. Vous remarquerez l&#8217;emploi habile du terme \u00ab\u00a0\u00e0 vocation\u00a0\u00bb. Aujourd&rsquo;hui, cela reste tr\u00e8s artisanal, mais tous les produits sont d\u00e9sormais pens\u00e9s pour \u00eatre reproduits pour des s\u00e9ries de plus en plus importantes.<\/p>\n<p>Il ne s&rsquo;agit donc pas d&rsquo;impression 3D pour de la prestation de design et de prototypage, que l&rsquo;on peut trouver dans le monde du jeu de soci\u00e9t\u00e9.<\/p>\n<p>&nbsp;<\/p>\n<h3 class=\"txt_highlighted\" style=\"text-align: center;\">Nos produits sont donc imprim\u00e9s en 3D, et ils sont beaux&#8230;avec leurs stries&#8230;<\/h3>\n<p>&nbsp;<\/p>\n<p>Dans la Gozu Zone, nous assumons parfaitement les stries de nos produits. Mieux, nous les revendiquons. Cela constitue une preuve de production locale, \u00e0 l&rsquo;inverse des produits lisses qui ont de fortes chances d&rsquo;\u00eatre inject\u00e9s en plastique dans des contr\u00e9es \u00e9loign\u00e9es.<\/p>\n<p>Nos produits conservent des traces d&rsquo;imperfection. Oui, c&rsquo;est normal, en acqu\u00e9rant nos produits vous devenez des pionniers de l&rsquo;impression 3D et vous vous habituez \u00e0 certaines petites imperfections li\u00e9es \u00e0 un process de fabrication qui en est \u00e0 ses d\u00e9buts.<\/p>\n<p>Les stries prodiguent\u00a0de la texture, du contact. Bref, un produit stri\u00e9 est per\u00e7u au toucher comme nul autre. Il y a un avant et un apr\u00e8s la strie.<\/p>\n<p>&nbsp;<\/p>\n<h3 class=\"txt_highlighted\" style=\"text-align: center;\">Un projet ambitieux lanc\u00e9&#8230;avec beaucoup de courage, et\u00a0de l&rsquo;huile de coude en quantit\u00e9 infinie<\/h3>\n<p>&nbsp;<\/p>\n<p>Nous sommes une jeune start-up dans l\u2019impression 3D, une technologie dont la d\u00e9mocratisation va changer beaucoup de choses, et avons vocation \u00e0 faciliter la production locale, plus proche des gens, et \u00e0 lib\u00e9rer le pouvoir cr\u00e9atif des passionn\u00e9s dans tous les domaines\u00a0!<\/p>\n<p>Concr\u00e8tement, nous sommes historiquement les premiers \u00e0 avoir mis sur le march\u00e9 des produits imprim\u00e9s localement et vendus comme les autres produits (septembre 2014), en boutique et incluant une marge revendeur. L&rsquo;histoire est toutefois \u00e9crite par ceux qui la font. Il n&rsquo;est donc pas probable que nous soyons reconnus \u00e0 ce titre. Toutefois, VOUS, internaute, saurez la V\u00e9rit\u00e9, avec un grand V. Si.<\/p>\n<p>Cette start-up a \u00e9t\u00e9 lanc\u00e9e sans beaucoup de moyens. Beaucoup de jus de cervelle, de sacrifices et surtout le soutien de nos Gozus qui nous ont fourni conseils et qui nous ont soutenu.<\/p>\n<p>&nbsp;<\/p>\n<p><a href=\"https:\/\/twitter.com\/FabienDurieux\">Fabien<\/a>, le gardien\u00a0de la Gozu Zone<\/p>\n","protected":false},"excerpt":{"rendered":"<p>Bienvenue dans\u00a0la Gozu Zone ! &nbsp; La Gozu Zone, qu&rsquo;est-ce donc? &nbsp; La Gozu Zone\u00a0aide les Gozus ( se dit \u00ab\u00a0GOZOU\u00a0\u00bb ), joueurs experts, \u00e0 am\u00e9liorer leur exp\u00e9rience de jeu.\u00a0Pourquoi GOZU? Cela fait r\u00e9f\u00e9rence \u00e0 Gosu, mot emprunt\u00e9 aux communaut\u00e9s de joueurs de jeux vid\u00e9o, et qui signifie tr\u00e8s bon joueur \/ expert (\u9ad8\u624b, gaoshou, [&#8230;]\n","protected":false},"author":1,"featured_media":0,"parent":0,"menu_order":0,"comment_status":"closed","ping_status":"open","template":"page-fullwidth.php","meta":{"_acf_changed":false,"footnotes":""},"class_list":["post-48","page","type-page","status-publish","hentry"],"acf":[],"yoast_head":"<!-- This site is optimized with the Yoast SEO plugin v25.3 - https:\/\/yoast.com\/wordpress\/plugins\/seo\/ -->\n<title>Qui sommes nous? - GOZU ZONE<\/title>\n<meta name=\"robots\" content=\"index, follow, max-snippet:-1, max-image-preview:large, max-video-preview:-1\" \/>\n<link rel=\"canonical\" href=\"https:\/\/gozu.zone\/?page_id=48\" \/>\n<meta property=\"og:locale\" content=\"fr_FR\" \/>\n<meta property=\"og:type\" content=\"article\" \/>\n<meta property=\"og:title\" content=\"Qui sommes nous? - GOZU ZONE\" \/>\n<meta property=\"og:description\" content=\"Bienvenue dans\u00a0la Gozu Zone ! &nbsp; La Gozu Zone, qu&rsquo;est-ce donc? &nbsp; La Gozu Zone\u00a0aide les Gozus ( se dit \u00ab\u00a0GOZOU\u00a0\u00bb ), joueurs experts, \u00e0 am\u00e9liorer leur exp\u00e9rience de jeu.\u00a0Pourquoi GOZU? Cela fait r\u00e9f\u00e9rence \u00e0 Gosu, mot emprunt\u00e9 aux communaut\u00e9s de joueurs de jeux vid\u00e9o, et qui signifie tr\u00e8s bon joueur \/ expert (\u9ad8\u624b, gaoshou, [...]\" \/>\n<meta property=\"og:url\" content=\"https:\/\/gozu.zone\/?page_id=48\" \/>\n<meta property=\"og:site_name\" content=\"GOZU ZONE\" \/>\n<meta property=\"article:publisher\" content=\"https:\/\/www.facebook.com\/gozuzone\/\" \/>\n<meta property=\"article:modified_time\" content=\"2016-07-28T20:31:42+00:00\" \/>\n<meta property=\"og:image\" content=\"https:\/\/gozu.zone\/wp-content\/uploads\/2016\/08\/GZ.jpg\" \/>\n\t<meta property=\"og:image:width\" content=\"180\" \/>\n\t<meta property=\"og:image:height\" content=\"180\" \/>\n\t<meta property=\"og:image:type\" content=\"image\/jpeg\" \/>\n<meta name=\"twitter:card\" content=\"summary_large_image\" \/>\n<meta name=\"twitter:site\" content=\"@gozuzone\" \/>\n<meta name=\"twitter:label1\" content=\"Dur\u00e9e de lecture estim\u00e9e\" \/>\n\t<meta name=\"twitter:data1\" content=\"3 minutes\" \/>\n<script type=\"application\/ld+json\" class=\"yoast-schema-graph\">{\"@context\":\"https:\/\/schema.org\",\"@graph\":[{\"@type\":\"WebPage\",\"@id\":\"https:\/\/gozu.zone\/?page_id=48\",\"url\":\"https:\/\/gozu.zone\/?page_id=48\",\"name\":\"Qui sommes nous? - GOZU ZONE\",\"isPartOf\":{\"@id\":\"https:\/\/gozu.zone\/#website\"},\"datePublished\":\"2014-11-20T16:19:05+00:00\",\"dateModified\":\"2016-07-28T20:31:42+00:00\",\"breadcrumb\":{\"@id\":\"https:\/\/gozu.zone\/?page_id=48#breadcrumb\"},\"inLanguage\":\"fr-FR\",\"potentialAction\":[{\"@type\":\"ReadAction\",\"target\":[\"https:\/\/gozu.zone\/?page_id=48\"]}]},{\"@type\":\"BreadcrumbList\",\"@id\":\"https:\/\/gozu.zone\/?page_id=48#breadcrumb\",\"itemListElement\":[{\"@type\":\"ListItem\",\"position\":1,\"name\":\"Accueil\",\"item\":\"https:\/\/gozu.zone\/\"},{\"@type\":\"ListItem\",\"position\":2,\"name\":\"Qui sommes nous?\"}]},{\"@type\":\"WebSite\",\"@id\":\"https:\/\/gozu.zone\/#website\",\"url\":\"https:\/\/gozu.zone\/\",\"name\":\"GOZU ZONE\",\"description\":\"Toujours plus pour vos jeux\",\"potentialAction\":[{\"@type\":\"SearchAction\",\"target\":{\"@type\":\"EntryPoint\",\"urlTemplate\":\"https:\/\/gozu.zone\/?s={search_term_string}\"},\"query-input\":{\"@type\":\"PropertyValueSpecification\",\"valueRequired\":true,\"valueName\":\"search_term_string\"}}],\"inLanguage\":\"fr-FR\"}]}<\/script>\n<!-- \/ Yoast SEO plugin. -->","yoast_head_json":{"title":"Qui sommes nous? - GOZU ZONE","robots":{"index":"index","follow":"follow","max-snippet":"max-snippet:-1","max-image-preview":"max-image-preview:large","max-video-preview":"max-video-preview:-1"},"canonical":"https:\/\/gozu.zone\/?page_id=48","og_locale":"fr_FR","og_type":"article","og_title":"Qui sommes nous? - GOZU ZONE","og_description":"Bienvenue dans\u00a0la Gozu Zone ! &nbsp; La Gozu Zone, qu&rsquo;est-ce donc? &nbsp; La Gozu Zone\u00a0aide les Gozus ( se dit \u00ab\u00a0GOZOU\u00a0\u00bb ), joueurs experts, \u00e0 am\u00e9liorer leur exp\u00e9rience de jeu.\u00a0Pourquoi GOZU? Cela fait r\u00e9f\u00e9rence \u00e0 Gosu, mot emprunt\u00e9 aux communaut\u00e9s de joueurs de jeux vid\u00e9o, et qui signifie tr\u00e8s bon joueur \/ expert (\u9ad8\u624b, gaoshou, [...]","og_url":"https:\/\/gozu.zone\/?page_id=48","og_site_name":"GOZU ZONE","article_publisher":"https:\/\/www.facebook.com\/gozuzone\/","article_modified_time":"2016-07-28T20:31:42+00:00","og_image":[{"width":180,"height":180,"url":"https:\/\/gozu.zone\/wp-content\/uploads\/2016\/08\/GZ.jpg","type":"image\/jpeg"}],"twitter_card":"summary_large_image","twitter_site":"@gozuzone","twitter_misc":{"Dur\u00e9e de lecture estim\u00e9e":"3 minutes"},"schema":{"@context":"https:\/\/schema.org","@graph":[{"@type":"WebPage","@id":"https:\/\/gozu.zone\/?page_id=48","url":"https:\/\/gozu.zone\/?page_id=48","name":"Qui sommes nous? - GOZU ZONE","isPartOf":{"@id":"https:\/\/gozu.zone\/#website"},"datePublished":"2014-11-20T16:19:05+00:00","dateModified":"2016-07-28T20:31:42+00:00","breadcrumb":{"@id":"https:\/\/gozu.zone\/?page_id=48#breadcrumb"},"inLanguage":"fr-FR","potentialAction":[{"@type":"ReadAction","target":["https:\/\/gozu.zone\/?page_id=48"]}]},{"@type":"BreadcrumbList","@id":"https:\/\/gozu.zone\/?page_id=48#breadcrumb","itemListElement":[{"@type":"ListItem","position":1,"name":"Accueil","item":"https:\/\/gozu.zone\/"},{"@type":"ListItem","position":2,"name":"Qui sommes nous?"}]},{"@type":"WebSite","@id":"https:\/\/gozu.zone\/#website","url":"https:\/\/gozu.zone\/","name":"GOZU ZONE","description":"Toujours plus pour vos jeux","potentialAction":[{"@type":"SearchAction","target":{"@type":"EntryPoint","urlTemplate":"https:\/\/gozu.zone\/?s={search_term_string}"},"query-input":{"@type":"PropertyValueSpecification","valueRequired":true,"valueName":"search_term_string"}}],"inLanguage":"fr-FR"}]}},"_links":{"self":[{"href":"https:\/\/gozu.zone\/index.php?rest_route=\/wp\/v2\/pages\/48","targetHints":{"allow":["GET"]}}],"collection":[{"href":"https:\/\/gozu.zone\/index.php?rest_route=\/wp\/v2\/pages"}],"about":[{"href":"https:\/\/gozu.zone\/index.php?rest_route=\/wp\/v2\/types\/page"}],"author":[{"embeddable":true,"href":"https:\/\/gozu.zone\/index.php?rest_route=\/wp\/v2\/users\/1"}],"replies":[{"embeddable":true,"href":"https:\/\/gozu.zone\/index.php?rest_route=%2Fwp%2Fv2%2Fcomments&post=48"}],"version-history":[{"count":0,"href":"https:\/\/gozu.zone\/index.php?rest_route=\/wp\/v2\/pages\/48\/revisions"}],"wp:attachment":[{"href":"https:\/\/gozu.zone\/index.php?rest_route=%2Fwp%2Fv2%2Fmedia&parent=48"}],"curies":[{"name":"wp","href":"https:\/\/api.w.org\/{rel}","templated":true}]}}