{"id":12918,"date":"2020-09-12T07:43:24","date_gmt":"2020-09-12T07:43:24","guid":{"rendered":"https:\/\/gozu.zone\/?post_type=product&#038;p=12918"},"modified":"2025-03-26T09:08:04","modified_gmt":"2025-03-26T09:08:04","slug":"rangement-marvel-champions-extension","status":"publish","type":"product","link":"https:\/\/gozu.zone\/?product=rangement-marvel-champions-extension","title":{"rendered":"Rangement &#8211; Marvel Champions\u2122 &#8211; Extensions"},"content":{"rendered":"<p>Voici un rangement compatible avec les boites d&rsquo;extensions de : Marvel Champions\u2122<\/p>\r\n<p>&nbsp;<\/p>\r\n<!-- \/wp:post-content -->\r\n<h2>Estimation du nombre de cartes :<\/h2>\r\n<!-- \/wp:paragraph -->\r\n\r\n<!-- wp:list -->\r\n<ul>\r\n<li><strong>Sans pochettes :<\/strong>\u00a0<strong>1080 cartes <\/strong>( 90 par compartiment )<\/li>\r\n<li><strong>Avec pochettes\u00a0<\/strong><em>( type arcane tinmen )<\/em><strong>\u00a0<\/strong>:\u00a0<strong>720 cartes <\/strong>( 60 par compartiment )<\/li>\r\n<li><strong>Avec pochettes<\/strong>\u00a0(\u00a0<em>type fantasy flight game<\/em>\u00a0) :\u00a0<strong>600 cartes<\/strong> ( 50 par compartiment )<\/li>\r\n<\/ul>\r\n<!-- wp:separator -->\r\n<p>&nbsp;<\/p>\r\n<h2>Contenu de l\u2019insert<strong>\u00a0:<\/strong><\/h2>\r\n<ul>\r\n<li>4 modules pour cartes pochet\u00e9es<\/li>\r\n<\/ul>\r\n<p>&nbsp;<\/p>\r\n<!-- wp:separator --><!-- \/wp:separator -->\r\n\r\n<!-- wp:paragraph -->\r\n<h2>REMARQUES sur l&rsquo;organiseur :<\/h2>\r\n<ul>\r\n<li>Compatible avec ou sans pochettes<em>. <\/em>\r\n<ul>\r\n<li><em>Les cartes ont \u00e9t\u00e9 prot\u00e9g\u00e9es avec des pochettes Arcane Tinmen.<\/em><\/li>\r\n<li>compatible <a href=\"https:\/\/gozu.zone\/?product_cat=format-standard\">Format Standard\u00a0<\/a><\/li>\r\n<\/ul>\r\n<\/li>\r\n<li>Possibilit\u00e9 de ranger le jeu sur la tranche sans que rien ne bouge<\/li>\r\n<\/ul>\r\n<p>&nbsp;<\/p>\r\n<!-- \/wp:paragraph -->\r\n\r\n<!-- wp:separator --><hr class=\"wp-block-separator\" \/>\r\n<p>&nbsp;<\/p>\r\n<p class=\"disclaimer\"><strong><span class=\"st\">Marvel Champions\u2122 <\/span><\/strong>est un jeu \u00e9dit\u00e9 par Fantasy Flight Games. <em><strong>Gozu Zone<\/strong><\/em> propose de sa propre initiative des rangements compatibles avec ce jeu et ses extensions, qui demeurent la propri\u00e9t\u00e9 de l&rsquo;\u00e9diteur. Ce dernier n&rsquo;assume aucune responsabilit\u00e9 quant \u00e0 nos produits.<\/p>\r\n<p class=\"disclaimer\"><b>Changement de couleur<\/b>: Ce rangement est propos\u00e9 en couleur\u00a0<strong>noire\u00a0<\/strong>par d\u00e9faut. Si vous souhaitez un coloris personnalis\u00e9, merci de contacter l&rsquo;\u00e9quipe via le chat en bas \u00e0 droite ! Nous nous ferons un plaisir d&rsquo;\u00e9tudier votre demande et nous vous r\u00e9pondrons\u00a0dans les plus brefs d\u00e9lais.<\/p>\r\n<p class=\"disclaimer\">Ce produit est <strong>fabriqu\u00e9 en France<\/strong>. Si vous souhaitez en savoir un peu plus sur notre proc\u00e9d\u00e9 de fabrication, nous sommes dispos\u00e9s \u00e0 r\u00e9pondre \u00e0 toutes vos questions !<\/p>","protected":false},"excerpt":{"rendered":"<p>Pour ranger Marvel Champions<strong>\u00a0<\/strong>\u2122 et ses extensions dans la boite d&rsquo;extension<\/p>\n","protected":false},"featured_media":12919,"comment_status":"open","ping_status":"closed","template":"","meta":{"_acf_changed":false},"product_brand":[],"product_cat":[311],"product_tag":[294,259,262],"class_list":{"0":"post-12918","1":"product","2":"type-product","3":"status-publish","4":"has-post-thumbnail","6":"product_cat-organiseurs","7":"product_tag-organiseur","8":"product_tag-rangements","9":"product_tag-rangements-jce","10":"product_shipping_class-livraisonstandard_colis","12":"first","13":"instock","14":"taxable","15":"shipping-taxable","16":"purchasable","17":"product-type-simple"},"acf":[],"yoast_head":"<!-- This site is optimized with the Yoast SEO plugin v25.3 - https:\/\/yoast.com\/wordpress\/plugins\/seo\/ -->\n<title>Acheter Rangement - Marvel Champions\u2122 - Extensions - GOZU ZONE - Jeux et Accessoires<\/title>\n<meta name=\"description\" content=\"Pour organiser Marvel Champions dans la boites d&#039;extension et ainsi prot\u00e9ger votre jeu favoris et gagner du temps lors de l&#039;installation\" \/>\n<meta name=\"robots\" content=\"index, follow, max-snippet:-1, max-image-preview:large, max-video-preview:-1\" \/>\n<link rel=\"canonical\" href=\"http:\/\/pro.gozu.zone\/?product=rangement-sub-terra\" \/>\n<meta property=\"og:locale\" content=\"fr_FR\" \/>\n<meta property=\"og:type\" content=\"article\" \/>\n<meta property=\"og:title\" content=\"Acheter Rangement - Marvel Champions\u2122 - Extensions - GOZU ZONE - Jeux et Accessoires\" \/>\n<meta property=\"og:description\" content=\"Pour organiser Marvel Champions dans la boites d&#039;extension et ainsi prot\u00e9ger votre jeu favoris et gagner du temps lors de l&#039;installation\" \/>\n<meta property=\"og:url\" content=\"http:\/\/pro.gozu.zone\/?product=rangement-sub-terra\" \/>\n<meta property=\"og:site_name\" content=\"GOZU ZONE\" \/>\n<meta property=\"article:publisher\" content=\"https:\/\/www.facebook.com\/gozuzone\/\" \/>\n<meta property=\"article:modified_time\" content=\"2025-03-26T09:08:04+00:00\" \/>\n<meta property=\"og:image\" content=\"https:\/\/gozu.zone\/wp-content\/uploads\/2020\/09\/rangement-marvel-champions-extension.jpg\" \/>\n\t<meta property=\"og:image:width\" content=\"1280\" \/>\n\t<meta property=\"og:image:height\" content=\"1280\" \/>\n\t<meta property=\"og:image:type\" content=\"image\/jpeg\" \/>\n<meta name=\"twitter:card\" content=\"summary_large_image\" \/>\n<meta name=\"twitter:site\" content=\"@gozuzone\" \/>\n<meta name=\"twitter:label1\" content=\"Dur\u00e9e de lecture estim\u00e9e\" \/>\n\t<meta name=\"twitter:data1\" content=\"2 minutes\" \/>\n<script type=\"application\/ld+json\" class=\"yoast-schema-graph\">{\"@context\":\"https:\/\/schema.org\",\"@graph\":[{\"@type\":\"WebPage\",\"@id\":\"https:\/\/gozu.zone\/?product=rangement-marvel-champions-extension\",\"url\":\"http:\/\/pro.gozu.zone\/?product=rangement-sub-terra\",\"name\":\"Acheter Rangement - Marvel Champions\u2122 - Extensions - GOZU ZONE - Jeux et Accessoires\",\"isPartOf\":{\"@id\":\"https:\/\/gozu.zone\/#website\"},\"primaryImageOfPage\":{\"@id\":\"http:\/\/pro.gozu.zone\/?product=rangement-sub-terra#primaryimage\"},\"image\":{\"@id\":\"http:\/\/pro.gozu.zone\/?product=rangement-sub-terra#primaryimage\"},\"thumbnailUrl\":\"https:\/\/gozu.zone\/wp-content\/uploads\/2020\/09\/rangement-marvel-champions-extension.jpg\",\"datePublished\":\"2020-09-12T07:43:24+00:00\",\"dateModified\":\"2025-03-26T09:08:04+00:00\",\"description\":\"Pour organiser Marvel Champions dans la boites d'extension et ainsi prot\u00e9ger votre jeu favoris et gagner du temps lors de l'installation\",\"breadcrumb\":{\"@id\":\"http:\/\/pro.gozu.zone\/?product=rangement-sub-terra#breadcrumb\"},\"inLanguage\":\"fr-FR\",\"potentialAction\":[{\"@type\":\"ReadAction\",\"target\":[\"http:\/\/pro.gozu.zone\/?product=rangement-sub-terra\"]}]},{\"@type\":\"ImageObject\",\"inLanguage\":\"fr-FR\",\"@id\":\"http:\/\/pro.gozu.zone\/?product=rangement-sub-terra#primaryimage\",\"url\":\"https:\/\/gozu.zone\/wp-content\/uploads\/2020\/09\/rangement-marvel-champions-extension.jpg\",\"contentUrl\":\"https:\/\/gozu.zone\/wp-content\/uploads\/2020\/09\/rangement-marvel-champions-extension.jpg\",\"width\":1280,\"height\":1280,\"caption\":\"rangement-marvel-champions-extension\"},{\"@type\":\"BreadcrumbList\",\"@id\":\"http:\/\/pro.gozu.zone\/?product=rangement-sub-terra#breadcrumb\",\"itemListElement\":[{\"@type\":\"ListItem\",\"position\":1,\"name\":\"Accueil\",\"item\":\"https:\/\/gozu.zone\/\"},{\"@type\":\"ListItem\",\"position\":2,\"name\":\"BOUTIQUE\",\"item\":\"https:\/\/gozu.zone\/?page_id=308\"},{\"@type\":\"ListItem\",\"position\":3,\"name\":\"Rangement &#8211; Marvel Champions\u2122 &#8211; Extensions\"}]},{\"@type\":\"WebSite\",\"@id\":\"https:\/\/gozu.zone\/#website\",\"url\":\"https:\/\/gozu.zone\/\",\"name\":\"GOZU ZONE\",\"description\":\"Toujours plus pour vos jeux\",\"potentialAction\":[{\"@type\":\"SearchAction\",\"target\":{\"@type\":\"EntryPoint\",\"urlTemplate\":\"https:\/\/gozu.zone\/?s={search_term_string}\"},\"query-input\":{\"@type\":\"PropertyValueSpecification\",\"valueRequired\":true,\"valueName\":\"search_term_string\"}}],\"inLanguage\":\"fr-FR\"}]}<\/script>\n<!-- \/ Yoast SEO plugin. -->","yoast_head_json":{"title":"Acheter Rangement - Marvel Champions\u2122 - Extensions - GOZU ZONE - Jeux et Accessoires","description":"Pour organiser Marvel Champions dans la boites d'extension et ainsi prot\u00e9ger votre jeu favoris et gagner du temps lors de l'installation","robots":{"index":"index","follow":"follow","max-snippet":"max-snippet:-1","max-image-preview":"max-image-preview:large","max-video-preview":"max-video-preview:-1"},"canonical":"http:\/\/pro.gozu.zone\/?product=rangement-sub-terra","og_locale":"fr_FR","og_type":"article","og_title":"Acheter Rangement - Marvel Champions\u2122 - Extensions - GOZU ZONE - Jeux et Accessoires","og_description":"Pour organiser Marvel Champions dans la boites d'extension et ainsi prot\u00e9ger votre jeu favoris et gagner du temps lors de l'installation","og_url":"http:\/\/pro.gozu.zone\/?product=rangement-sub-terra","og_site_name":"GOZU ZONE","article_publisher":"https:\/\/www.facebook.com\/gozuzone\/","article_modified_time":"2025-03-26T09:08:04+00:00","og_image":[{"width":1280,"height":1280,"url":"https:\/\/gozu.zone\/wp-content\/uploads\/2020\/09\/rangement-marvel-champions-extension.jpg","type":"image\/jpeg"}],"twitter_card":"summary_large_image","twitter_site":"@gozuzone","twitter_misc":{"Dur\u00e9e de lecture estim\u00e9e":"2 minutes"},"schema":{"@context":"https:\/\/schema.org","@graph":[{"@type":"WebPage","@id":"https:\/\/gozu.zone\/?product=rangement-marvel-champions-extension","url":"http:\/\/pro.gozu.zone\/?product=rangement-sub-terra","name":"Acheter Rangement - Marvel Champions\u2122 - Extensions - GOZU ZONE - Jeux et Accessoires","isPartOf":{"@id":"https:\/\/gozu.zone\/#website"},"primaryImageOfPage":{"@id":"http:\/\/pro.gozu.zone\/?product=rangement-sub-terra#primaryimage"},"image":{"@id":"http:\/\/pro.gozu.zone\/?product=rangement-sub-terra#primaryimage"},"thumbnailUrl":"https:\/\/gozu.zone\/wp-content\/uploads\/2020\/09\/rangement-marvel-champions-extension.jpg","datePublished":"2020-09-12T07:43:24+00:00","dateModified":"2025-03-26T09:08:04+00:00","description":"Pour organiser Marvel Champions dans la boites d'extension et ainsi prot\u00e9ger votre jeu favoris et gagner du temps lors de l'installation","breadcrumb":{"@id":"http:\/\/pro.gozu.zone\/?product=rangement-sub-terra#breadcrumb"},"inLanguage":"fr-FR","potentialAction":[{"@type":"ReadAction","target":["http:\/\/pro.gozu.zone\/?product=rangement-sub-terra"]}]},{"@type":"ImageObject","inLanguage":"fr-FR","@id":"http:\/\/pro.gozu.zone\/?product=rangement-sub-terra#primaryimage","url":"https:\/\/gozu.zone\/wp-content\/uploads\/2020\/09\/rangement-marvel-champions-extension.jpg","contentUrl":"https:\/\/gozu.zone\/wp-content\/uploads\/2020\/09\/rangement-marvel-champions-extension.jpg","width":1280,"height":1280,"caption":"rangement-marvel-champions-extension"},{"@type":"BreadcrumbList","@id":"http:\/\/pro.gozu.zone\/?product=rangement-sub-terra#breadcrumb","itemListElement":[{"@type":"ListItem","position":1,"name":"Accueil","item":"https:\/\/gozu.zone\/"},{"@type":"ListItem","position":2,"name":"BOUTIQUE","item":"https:\/\/gozu.zone\/?page_id=308"},{"@type":"ListItem","position":3,"name":"Rangement &#8211; Marvel Champions\u2122 &#8211; Extensions"}]},{"@type":"WebSite","@id":"https:\/\/gozu.zone\/#website","url":"https:\/\/gozu.zone\/","name":"GOZU ZONE","description":"Toujours plus pour vos jeux","potentialAction":[{"@type":"SearchAction","target":{"@type":"EntryPoint","urlTemplate":"https:\/\/gozu.zone\/?s={search_term_string}"},"query-input":{"@type":"PropertyValueSpecification","valueRequired":true,"valueName":"search_term_string"}}],"inLanguage":"fr-FR"}]}},"_links":{"self":[{"href":"https:\/\/gozu.zone\/index.php?rest_route=\/wp\/v2\/product\/12918","targetHints":{"allow":["GET"]}}],"collection":[{"href":"https:\/\/gozu.zone\/index.php?rest_route=\/wp\/v2\/product"}],"about":[{"href":"https:\/\/gozu.zone\/index.php?rest_route=\/wp\/v2\/types\/product"}],"replies":[{"embeddable":true,"href":"https:\/\/gozu.zone\/index.php?rest_route=%2Fwp%2Fv2%2Fcomments&post=12918"}],"wp:featuredmedia":[{"embeddable":true,"href":"https:\/\/gozu.zone\/index.php?rest_route=\/wp\/v2\/media\/12919"}],"wp:attachment":[{"href":"https:\/\/gozu.zone\/index.php?rest_route=%2Fwp%2Fv2%2Fmedia&parent=12918"}],"wp:term":[{"taxonomy":"product_brand","embeddable":true,"href":"https:\/\/gozu.zone\/index.php?rest_route=%2Fwp%2Fv2%2Fproduct_brand&post=12918"},{"taxonomy":"product_cat","embeddable":true,"href":"https:\/\/gozu.zone\/index.php?rest_route=%2Fwp%2Fv2%2Fproduct_cat&post=12918"},{"taxonomy":"product_tag","embeddable":true,"href":"https:\/\/gozu.zone\/index.php?rest_route=%2Fwp%2Fv2%2Fproduct_tag&post=12918"}],"curies":[{"name":"wp","href":"https:\/\/api.w.org\/{rel}","templated":true}]}}