{"id":1402,"date":"2015-05-24T12:17:19","date_gmt":"2015-05-24T12:17:19","guid":{"rendered":"http:\/\/gozu.zone\/?product=boitier-pour-cartes-standard"},"modified":"2025-03-26T10:07:03","modified_gmt":"2025-03-26T10:07:03","slug":"boitier-pour-cartes-standard","status":"publish","type":"product","link":"https:\/\/gozu.zone\/?product=boitier-pour-cartes-standard","title":{"rendered":"Bo\u00eetier pour cartes Standard"},"content":{"rendered":"<h2><strong>Le bo\u00eetier \u00ab standard card game\u00bb pour accueillir jusqu\u2019\u00e0 50 ou 100 cartes pochet\u00e9es !<em><br \/>\n<\/em><\/strong><\/h2>\n<p>Parfaitement adapt\u00e9 pour accueillir les cartes avec les protections de Fantasy Flight Games, Arcane Tinmen, Mayday Games\u2026, Ce bo\u00eetier vous permettra de ranger vos cartes de jeu pochet\u00e9es pour ce format, mais aussi de jouer le r\u00f4le de distributeur de cartes pendant vos parties !<\/p>\n<h1>CONTENU<\/h1>\n<ul>\n<li>1X bo\u00eetier avec ou sans couvercle, et de la couleur de votre choix.<\/li>\n<\/ul>\n<p><strong>Disponible en 2 tailles :<\/strong><\/p>\n<ul>\n<li>pour 50 cartes* avec protections, dimensions (mm):\u00a0\u00a0 <strong>71 x 25.5 x 96<\/strong><\/li>\n<li>pour 100 cartes* avec protections, dimensions (mm): <strong>71 x 57.5 x 96<\/strong><\/li>\n<\/ul>\n<p><strong>* A noter<\/strong>: les capacit\u00e9s annonc\u00e9es ont \u00e9t\u00e9 calcul\u00e9es avec des sleeves de la marque Arcane Tinmen. Pr\u00e9voir moins de cartes pour des sleeves plus epaisses.<\/p>\n<h2>JEUX AYANT DES CARTES AU FORMAT DE CE BO\u00ceTIER:<\/h2>\n<p><em>Magic The Gathering, Warhammer Invasion, X-Wing<\/em> (cartes pilote&#8230;) et beaucoup, beaucoup d&rsquo;autres jeux! Acc\u00e9dez \u00e0 notre rubrique <a href=\"https:\/\/gozu.zone\/?page_id=1218\">\u00ab\u00a0prot\u00e9gez vos cartes\u00a0\u00bb<\/a> pour acc\u00e9der \u00e0 une liste plus compl\u00e8te!<\/p>\n<p><em>\u00a0<\/em><\/p>\n","protected":false},"excerpt":{"rendered":"<p>Boitier de rangement pour carte <a href=\"https:\/\/gozu.zone\/?page_id=1220\" target=\"_blank\" rel=\"noopener noreferrer\">\u00ab\u00a0Standard\u00a0\u00bb<\/a> utilisable en partie <strong>Dimension des cartes : 63.5mm x 88mm<\/strong><\/p>\n","protected":false},"featured_media":628,"comment_status":"open","ping_status":"closed","template":"","meta":{"_acf_changed":false},"product_brand":[],"product_cat":[439,315],"product_tag":[176,177,107],"class_list":{"0":"post-1402","1":"product","2":"type-product","3":"status-publish","4":"has-post-thumbnail","6":"product_cat-accessoires","7":"product_cat-boitiers","8":"product_tag-boiter","9":"product_tag-cartes","10":"product_tag-rangement","11":"product_shipping_class-livraisonstandard_colis","13":"first","14":"instock","15":"taxable","16":"shipping-taxable","17":"purchasable","18":"product-type-variable","19":"has-default-attributes"},"acf":[],"yoast_head":"<!-- This site is optimized with the Yoast SEO plugin v25.3 - https:\/\/yoast.com\/wordpress\/plugins\/seo\/ -->\n<title>Acheter Bo\u00eetier pour cartes Standard - GOZU ZONE - Jeux et Accessoires<\/title>\n<meta name=\"robots\" content=\"index, follow, max-snippet:-1, max-image-preview:large, max-video-preview:-1\" \/>\n<link rel=\"canonical\" href=\"https:\/\/gozu.zone\/?product=boitier-pour-cartes-standard\" \/>\n<meta property=\"og:locale\" content=\"fr_FR\" \/>\n<meta property=\"og:type\" content=\"article\" \/>\n<meta property=\"og:title\" content=\"Acheter Bo\u00eetier pour cartes Standard - GOZU ZONE - Jeux et Accessoires\" \/>\n<meta property=\"og:description\" content=\"Boitier de rangement pour carte &quot;Standard&quot; utilisable en partie Dimension des cartes : 63.5mm x 88mm\" \/>\n<meta property=\"og:url\" content=\"https:\/\/gozu.zone\/?product=boitier-pour-cartes-standard\" \/>\n<meta property=\"og:site_name\" content=\"GOZU ZONE\" \/>\n<meta property=\"article:publisher\" content=\"https:\/\/www.facebook.com\/gozuzone\/\" \/>\n<meta property=\"article:modified_time\" content=\"2025-03-26T10:07:03+00:00\" \/>\n<meta property=\"og:image\" content=\"https:\/\/gozu.zone\/wp-content\/uploads\/2015\/03\/gozuzone-tuckbox-gray-sleeves-50-100.jpg\" \/>\n\t<meta property=\"og:image:width\" content=\"1024\" \/>\n\t<meta property=\"og:image:height\" content=\"682\" \/>\n\t<meta property=\"og:image:type\" content=\"image\/jpeg\" \/>\n<meta name=\"twitter:card\" content=\"summary_large_image\" \/>\n<meta name=\"twitter:site\" content=\"@gozuzone\" \/>\n<meta name=\"twitter:label1\" content=\"Dur\u00e9e de lecture estim\u00e9e\" \/>\n\t<meta name=\"twitter:data1\" content=\"2 minutes\" \/>\n<script type=\"application\/ld+json\" class=\"yoast-schema-graph\">{\"@context\":\"https:\/\/schema.org\",\"@graph\":[{\"@type\":\"WebPage\",\"@id\":\"https:\/\/gozu.zone\/?product=boitier-pour-cartes-standard\",\"url\":\"https:\/\/gozu.zone\/?product=boitier-pour-cartes-standard\",\"name\":\"Acheter Bo\u00eetier pour cartes Standard - GOZU ZONE - Jeux et Accessoires\",\"isPartOf\":{\"@id\":\"https:\/\/gozu.zone\/#website\"},\"primaryImageOfPage\":{\"@id\":\"https:\/\/gozu.zone\/?product=boitier-pour-cartes-standard#primaryimage\"},\"image\":{\"@id\":\"https:\/\/gozu.zone\/?product=boitier-pour-cartes-standard#primaryimage\"},\"thumbnailUrl\":\"https:\/\/gozu.zone\/wp-content\/uploads\/2015\/03\/gozuzone-tuckbox-gray-sleeves-50-100.jpg\",\"datePublished\":\"2015-05-24T12:17:19+00:00\",\"dateModified\":\"2025-03-26T10:07:03+00:00\",\"breadcrumb\":{\"@id\":\"https:\/\/gozu.zone\/?product=boitier-pour-cartes-standard#breadcrumb\"},\"inLanguage\":\"fr-FR\",\"potentialAction\":[{\"@type\":\"ReadAction\",\"target\":[\"https:\/\/gozu.zone\/?product=boitier-pour-cartes-standard\"]}]},{\"@type\":\"ImageObject\",\"inLanguage\":\"fr-FR\",\"@id\":\"https:\/\/gozu.zone\/?product=boitier-pour-cartes-standard#primaryimage\",\"url\":\"https:\/\/gozu.zone\/wp-content\/uploads\/2015\/03\/gozuzone-tuckbox-gray-sleeves-50-100.jpg\",\"contentUrl\":\"https:\/\/gozu.zone\/wp-content\/uploads\/2015\/03\/gozuzone-tuckbox-gray-sleeves-50-100.jpg\",\"width\":1024,\"height\":682,\"caption\":\"gozuzone-standard-american\"},{\"@type\":\"BreadcrumbList\",\"@id\":\"https:\/\/gozu.zone\/?product=boitier-pour-cartes-standard#breadcrumb\",\"itemListElement\":[{\"@type\":\"ListItem\",\"position\":1,\"name\":\"Accueil\",\"item\":\"https:\/\/gozu.zone\/\"},{\"@type\":\"ListItem\",\"position\":2,\"name\":\"BOUTIQUE\",\"item\":\"https:\/\/gozu.zone\/?page_id=308\"},{\"@type\":\"ListItem\",\"position\":3,\"name\":\"Bo\u00eetier pour cartes Standard\"}]},{\"@type\":\"WebSite\",\"@id\":\"https:\/\/gozu.zone\/#website\",\"url\":\"https:\/\/gozu.zone\/\",\"name\":\"GOZU ZONE\",\"description\":\"Toujours plus pour vos jeux\",\"potentialAction\":[{\"@type\":\"SearchAction\",\"target\":{\"@type\":\"EntryPoint\",\"urlTemplate\":\"https:\/\/gozu.zone\/?s={search_term_string}\"},\"query-input\":{\"@type\":\"PropertyValueSpecification\",\"valueRequired\":true,\"valueName\":\"search_term_string\"}}],\"inLanguage\":\"fr-FR\"}]}<\/script>\n<!-- \/ Yoast SEO plugin. -->","yoast_head_json":{"title":"Acheter Bo\u00eetier pour cartes Standard - GOZU ZONE - Jeux et Accessoires","robots":{"index":"index","follow":"follow","max-snippet":"max-snippet:-1","max-image-preview":"max-image-preview:large","max-video-preview":"max-video-preview:-1"},"canonical":"https:\/\/gozu.zone\/?product=boitier-pour-cartes-standard","og_locale":"fr_FR","og_type":"article","og_title":"Acheter Bo\u00eetier pour cartes Standard - GOZU ZONE - Jeux et Accessoires","og_description":"Boitier de rangement pour carte \"Standard\" utilisable en partie Dimension des cartes : 63.5mm x 88mm","og_url":"https:\/\/gozu.zone\/?product=boitier-pour-cartes-standard","og_site_name":"GOZU ZONE","article_publisher":"https:\/\/www.facebook.com\/gozuzone\/","article_modified_time":"2025-03-26T10:07:03+00:00","og_image":[{"width":1024,"height":682,"url":"https:\/\/gozu.zone\/wp-content\/uploads\/2015\/03\/gozuzone-tuckbox-gray-sleeves-50-100.jpg","type":"image\/jpeg"}],"twitter_card":"summary_large_image","twitter_site":"@gozuzone","twitter_misc":{"Dur\u00e9e de lecture estim\u00e9e":"2 minutes"},"schema":{"@context":"https:\/\/schema.org","@graph":[{"@type":"WebPage","@id":"https:\/\/gozu.zone\/?product=boitier-pour-cartes-standard","url":"https:\/\/gozu.zone\/?product=boitier-pour-cartes-standard","name":"Acheter Bo\u00eetier pour cartes Standard - GOZU ZONE - Jeux et Accessoires","isPartOf":{"@id":"https:\/\/gozu.zone\/#website"},"primaryImageOfPage":{"@id":"https:\/\/gozu.zone\/?product=boitier-pour-cartes-standard#primaryimage"},"image":{"@id":"https:\/\/gozu.zone\/?product=boitier-pour-cartes-standard#primaryimage"},"thumbnailUrl":"https:\/\/gozu.zone\/wp-content\/uploads\/2015\/03\/gozuzone-tuckbox-gray-sleeves-50-100.jpg","datePublished":"2015-05-24T12:17:19+00:00","dateModified":"2025-03-26T10:07:03+00:00","breadcrumb":{"@id":"https:\/\/gozu.zone\/?product=boitier-pour-cartes-standard#breadcrumb"},"inLanguage":"fr-FR","potentialAction":[{"@type":"ReadAction","target":["https:\/\/gozu.zone\/?product=boitier-pour-cartes-standard"]}]},{"@type":"ImageObject","inLanguage":"fr-FR","@id":"https:\/\/gozu.zone\/?product=boitier-pour-cartes-standard#primaryimage","url":"https:\/\/gozu.zone\/wp-content\/uploads\/2015\/03\/gozuzone-tuckbox-gray-sleeves-50-100.jpg","contentUrl":"https:\/\/gozu.zone\/wp-content\/uploads\/2015\/03\/gozuzone-tuckbox-gray-sleeves-50-100.jpg","width":1024,"height":682,"caption":"gozuzone-standard-american"},{"@type":"BreadcrumbList","@id":"https:\/\/gozu.zone\/?product=boitier-pour-cartes-standard#breadcrumb","itemListElement":[{"@type":"ListItem","position":1,"name":"Accueil","item":"https:\/\/gozu.zone\/"},{"@type":"ListItem","position":2,"name":"BOUTIQUE","item":"https:\/\/gozu.zone\/?page_id=308"},{"@type":"ListItem","position":3,"name":"Bo\u00eetier pour cartes Standard"}]},{"@type":"WebSite","@id":"https:\/\/gozu.zone\/#website","url":"https:\/\/gozu.zone\/","name":"GOZU ZONE","description":"Toujours plus pour vos jeux","potentialAction":[{"@type":"SearchAction","target":{"@type":"EntryPoint","urlTemplate":"https:\/\/gozu.zone\/?s={search_term_string}"},"query-input":{"@type":"PropertyValueSpecification","valueRequired":true,"valueName":"search_term_string"}}],"inLanguage":"fr-FR"}]}},"_links":{"self":[{"href":"https:\/\/gozu.zone\/index.php?rest_route=\/wp\/v2\/product\/1402","targetHints":{"allow":["GET"]}}],"collection":[{"href":"https:\/\/gozu.zone\/index.php?rest_route=\/wp\/v2\/product"}],"about":[{"href":"https:\/\/gozu.zone\/index.php?rest_route=\/wp\/v2\/types\/product"}],"replies":[{"embeddable":true,"href":"https:\/\/gozu.zone\/index.php?rest_route=%2Fwp%2Fv2%2Fcomments&post=1402"}],"wp:featuredmedia":[{"embeddable":true,"href":"https:\/\/gozu.zone\/index.php?rest_route=\/wp\/v2\/media\/628"}],"wp:attachment":[{"href":"https:\/\/gozu.zone\/index.php?rest_route=%2Fwp%2Fv2%2Fmedia&parent=1402"}],"wp:term":[{"taxonomy":"product_brand","embeddable":true,"href":"https:\/\/gozu.zone\/index.php?rest_route=%2Fwp%2Fv2%2Fproduct_brand&post=1402"},{"taxonomy":"product_cat","embeddable":true,"href":"https:\/\/gozu.zone\/index.php?rest_route=%2Fwp%2Fv2%2Fproduct_cat&post=1402"},{"taxonomy":"product_tag","embeddable":true,"href":"https:\/\/gozu.zone\/index.php?rest_route=%2Fwp%2Fv2%2Fproduct_tag&post=1402"}],"curies":[{"name":"wp","href":"https:\/\/api.w.org\/{rel}","templated":true}]}}