{"id":14583,"date":"2021-03-07T13:55:40","date_gmt":"2021-03-07T13:55:40","guid":{"rendered":"https:\/\/gozu.zone\/?post_type=product&#038;p=14583"},"modified":"2025-03-26T09:48:15","modified_gmt":"2025-03-26T09:48:15","slug":"rangement-le-seigneur-des-anneaux-jce","status":"publish","type":"product","link":"https:\/\/gozu.zone\/?product=rangement-le-seigneur-des-anneaux-jce","title":{"rendered":"Rangement &#8211; Le Seigneur des anneaux \u2122 &#8211; JCE"},"content":{"rendered":"<p>Vous avez achet\u00e9 <strong>Le Seigneur des anneaux <\/strong><strong>\u00a0<\/strong>\u2122, le jeu de cartes ? Vous aimez ce jeu et donc naturellement vous avez d\u00e9cid\u00e9 de prendre les extensions. En plus quand vous aimez un jeu, vous le prot\u00e9ger, vous avez donc \u00e9galement achet\u00e9 des pochettes !<\/p>\n<p>Alors \u00e7a devient l\u00e9g\u00e8rement le chaos dans la boite de base&#8230; \u00a0C&rsquo;est pour cela que<strong> Gozu Zone<\/strong> a con\u00e7u pour vous : l&rsquo;organiseur<strong> Le Seigneur des anneaux<\/strong> \u2122\u00a0!<\/p>\n<p>Cet ensemble vous permettra donc d&rsquo;organiser, de prot\u00e9ger et de ranger <strong>Le Seigneur des anneaux<\/strong> <strong>\u00a0<\/strong>\u2122 et ses extensions<span class=\"st\">\u00a0!<\/span><\/p>\n<hr \/>\n<h3><strong>Contenu du kit :<\/strong><\/h3>\n<p>6 pi\u00e8ces plastiques imprim\u00e9s en 3D dont :<\/p>\n<ul>\n<li>2 modules pouvant accueillir jusqu&rsquo;\u00e0 270 cartes pochet\u00e9es * chacun.<\/li>\n<li>2 modules pouvant accueillir jusqu&rsquo;\u00e0 225 cartes pochet\u00e9es * chacun.<\/li>\n<li>1 module de 2 compartiments pour les jetons<\/li>\n<li>1 module de 2 compartiments pour les jetons et compteurs<\/li>\n<\/ul>\n<hr \/>\n<h3 style=\"text-align: center;\"><strong>Capacit\u00e9 totale estim\u00e9e\u00a0\u00e0 990 cartes pochet\u00e9es* et 18\u00a0compartiments pour trier\u00a0<\/strong><\/h3>\n<hr \/>\n<p style=\"text-align: center;\">Pour permettre de ranger autant de carte dans la boite de base, ce rangement sur\u00e9l\u00e8ve le couvercle comme sur la photo ci-dessous<\/p>\n<p style=\"text-align: center;\"><a href=\"https:\/\/gozu.zone\/wp-content\/uploads\/2021\/03\/IMG_0044.png\"><img loading=\"lazy\" decoding=\"async\" class=\"aligncenter wp-image-14586 size-medium\" src=\"https:\/\/gozu.zone\/wp-content\/uploads\/2021\/03\/IMG_0044-300x112.png\" alt=\"\" width=\"300\" height=\"112\" srcset=\"https:\/\/gozu.zone\/wp-content\/uploads\/2021\/03\/IMG_0044-300x112.png 300w, https:\/\/gozu.zone\/wp-content\/uploads\/2021\/03\/IMG_0044-510x190.png 510w, https:\/\/gozu.zone\/wp-content\/uploads\/2021\/03\/IMG_0044-768x286.png 768w, https:\/\/gozu.zone\/wp-content\/uploads\/2021\/03\/IMG_0044-570x212.png 570w, https:\/\/gozu.zone\/wp-content\/uploads\/2021\/03\/IMG_0044.png 1024w\" sizes=\"auto, (max-width: 300px) 100vw, 300px\" \/><\/a><\/p>\n<p>&nbsp;<\/p>\n<p><em>* les pochettes utilis\u00e9es sont de la marque Arcane Tinmen : <a href=\"https:\/\/gozu.zone\/?product=arcane-tinmen-100-standard-board-game-sleeves-63x88m\">voir le produit<\/a><\/em><\/p>\n<p><em>Le rangement est compatible avec les pochettes <strong>ffg<\/strong> et <strong>ultrapro<\/strong> \u00e9galement.<\/em><\/p>\n<hr \/>\n<p class=\"disclaimer\"><span class=\"st\"><strong>Le Seigneur des Anneaux <\/strong>\u2122 <\/span> est un jeu \u00e9dit\u00e9 par Fantasy Flight Games. Gozu Zone propose de sa propre initiative des rangements compatibles avec ce jeu et ses extensions, qui demeurent la propri\u00e9t\u00e9 de l&rsquo;\u00e9diteur. Ce dernier n&rsquo;assume aucune responsabilit\u00e9 quant \u00e0 nos produits.<\/p>\n<p class=\"disclaimer\"><strong>Remarque<\/strong> : Ce rangement est propos\u00e9 en couleur\u00a0<strong>noire\u00a0<\/strong>par d\u00e9faut. Si vous souhaitez un coloris personnalis\u00e9, merci de contacter l&rsquo;\u00e9quipe via le chat en bas \u00e0 droite ! Nous nous ferons un plaisir d&rsquo;\u00e9tudier votre demande et nous vous r\u00e9pondrons\u00a0dans les plus brefs d\u00e9lais.<\/p>\n<p class=\"disclaimer\">Ce produit est <strong>fabriqu\u00e9 en France<\/strong>. Si vous souhaitez en savoir un peu plus sur notre proc\u00e9d\u00e9 de fabrication, nous sommes dispos\u00e9s \u00e0 r\u00e9pondre \u00e0 toutes vos questions !<\/p>\n<hr \/>\n<p><strong>Remerciement<\/strong>: Merci \u00e0 Jacques et Jean-Christophe pour votre aide pour la r\u00e9alisation de ce rangement !<\/p>\n","protected":false},"excerpt":{"rendered":"<p>Pour ranger <strong>Le Seigneur des Anneaux<\/strong>\u2122 et ses extensions dans la boite de base !<\/p>\n","protected":false},"featured_media":14584,"comment_status":"open","ping_status":"closed","template":"","meta":{"_acf_changed":false},"product_brand":[],"product_cat":[311],"product_tag":[294,259,262],"class_list":{"0":"post-14583","1":"product","2":"type-product","3":"status-publish","4":"has-post-thumbnail","6":"product_cat-organiseurs","7":"product_tag-organiseur","8":"product_tag-rangements","9":"product_tag-rangements-jce","10":"product_shipping_class-livraisonstandard_colis","12":"first","13":"instock","14":"taxable","15":"shipping-taxable","16":"purchasable","17":"product-type-simple"},"acf":[],"yoast_head":"<!-- This site is optimized with the Yoast SEO plugin v25.3 - https:\/\/yoast.com\/wordpress\/plugins\/seo\/ -->\n<title>Acheter Rangement - Le Seigneur des anneaux \u2122 - JCE - GOZU ZONE - Jeux et Accessoires<\/title>\n<meta name=\"description\" content=\"Pour organiser Le Seigneur des Anneaux avec ses extensions dans la boites de base et ainsi prot\u00e9ger votre jeu favoris et gagner du temps lors de l&#039;installation\" \/>\n<meta name=\"robots\" content=\"index, follow, max-snippet:-1, max-image-preview:large, max-video-preview:-1\" \/>\n<link rel=\"canonical\" href=\"http:\/\/pro.gozu.zone\/?product=rangement-horreur-a-arkham\" \/>\n<meta property=\"og:locale\" content=\"fr_FR\" \/>\n<meta property=\"og:type\" content=\"article\" \/>\n<meta property=\"og:title\" content=\"Rangement Horreur \u00e0 Arkham JCE\" \/>\n<meta property=\"og:description\" content=\"Pour organiser votre jeu Horreur \u00e0 Arkham JCE avec ses extensions dans la boites de base.\" \/>\n<meta property=\"og:url\" content=\"http:\/\/pro.gozu.zone\/?product=rangement-horreur-a-arkham\" \/>\n<meta property=\"og:site_name\" content=\"GOZU ZONE\" \/>\n<meta property=\"article:publisher\" content=\"https:\/\/www.facebook.com\/gozuzone\/\" \/>\n<meta property=\"article:modified_time\" content=\"2025-03-26T09:48:15+00:00\" \/>\n<meta property=\"og:image\" content=\"https:\/\/gozu.zone\/wp-content\/uploads\/2016\/11\/horreur-arkham-gozu-zone-organiseur.jpg\" \/>\n\t<meta property=\"og:image:width\" content=\"1024\" \/>\n\t<meta property=\"og:image:height\" content=\"1024\" \/>\n\t<meta property=\"og:image:type\" content=\"image\/jpeg\" \/>\n<meta name=\"twitter:card\" content=\"summary_large_image\" \/>\n<meta name=\"twitter:title\" content=\"Rangement Minivilles et extensions\" \/>\n<meta name=\"twitter:description\" content=\"Pour organiser votre jeu Minivilles avec ses extensions dans la boites de base.\" \/>\n<meta name=\"twitter:image\" content=\"http:\/\/pro.gozu.zone\/wp-content\/uploads\/2016\/07\/rangement-minivilles-extensions-gozu-zone.jpg\" \/>\n<meta name=\"twitter:site\" content=\"@gozuzone\" \/>\n<meta name=\"twitter:label1\" content=\"Dur\u00e9e de lecture estim\u00e9e\" \/>\n\t<meta name=\"twitter:data1\" content=\"3 minutes\" \/>\n<script type=\"application\/ld+json\" class=\"yoast-schema-graph\">{\"@context\":\"https:\/\/schema.org\",\"@graph\":[{\"@type\":\"WebPage\",\"@id\":\"https:\/\/gozu.zone\/?product=rangement-le-seigneur-des-anneaux-jce\",\"url\":\"http:\/\/pro.gozu.zone\/?product=rangement-horreur-a-arkham\",\"name\":\"Acheter Rangement - Le Seigneur des anneaux \u2122 - JCE - GOZU ZONE - Jeux et Accessoires\",\"isPartOf\":{\"@id\":\"https:\/\/gozu.zone\/#website\"},\"primaryImageOfPage\":{\"@id\":\"http:\/\/pro.gozu.zone\/?product=rangement-horreur-a-arkham#primaryimage\"},\"image\":{\"@id\":\"http:\/\/pro.gozu.zone\/?product=rangement-horreur-a-arkham#primaryimage\"},\"thumbnailUrl\":\"https:\/\/gozu.zone\/wp-content\/uploads\/2021\/03\/image_67210241.png\",\"datePublished\":\"2021-03-07T13:55:40+00:00\",\"dateModified\":\"2025-03-26T09:48:15+00:00\",\"description\":\"Pour organiser Le Seigneur des Anneaux avec ses extensions dans la boites de base et ainsi prot\u00e9ger votre jeu favoris et gagner du temps lors de l'installation\",\"breadcrumb\":{\"@id\":\"http:\/\/pro.gozu.zone\/?product=rangement-horreur-a-arkham#breadcrumb\"},\"inLanguage\":\"fr-FR\",\"potentialAction\":[{\"@type\":\"ReadAction\",\"target\":[\"http:\/\/pro.gozu.zone\/?product=rangement-horreur-a-arkham\"]}]},{\"@type\":\"ImageObject\",\"inLanguage\":\"fr-FR\",\"@id\":\"http:\/\/pro.gozu.zone\/?product=rangement-horreur-a-arkham#primaryimage\",\"url\":\"https:\/\/gozu.zone\/wp-content\/uploads\/2021\/03\/image_67210241.png\",\"contentUrl\":\"https:\/\/gozu.zone\/wp-content\/uploads\/2021\/03\/image_67210241.png\",\"width\":1024,\"height\":1024},{\"@type\":\"BreadcrumbList\",\"@id\":\"http:\/\/pro.gozu.zone\/?product=rangement-horreur-a-arkham#breadcrumb\",\"itemListElement\":[{\"@type\":\"ListItem\",\"position\":1,\"name\":\"Accueil\",\"item\":\"https:\/\/gozu.zone\/\"},{\"@type\":\"ListItem\",\"position\":2,\"name\":\"BOUTIQUE\",\"item\":\"https:\/\/gozu.zone\/?page_id=308\"},{\"@type\":\"ListItem\",\"position\":3,\"name\":\"Rangement &#8211; Le Seigneur des anneaux \u2122 &#8211; JCE\"}]},{\"@type\":\"WebSite\",\"@id\":\"https:\/\/gozu.zone\/#website\",\"url\":\"https:\/\/gozu.zone\/\",\"name\":\"GOZU ZONE\",\"description\":\"Toujours plus pour vos jeux\",\"potentialAction\":[{\"@type\":\"SearchAction\",\"target\":{\"@type\":\"EntryPoint\",\"urlTemplate\":\"https:\/\/gozu.zone\/?s={search_term_string}\"},\"query-input\":{\"@type\":\"PropertyValueSpecification\",\"valueRequired\":true,\"valueName\":\"search_term_string\"}}],\"inLanguage\":\"fr-FR\"}]}<\/script>\n<!-- \/ Yoast SEO plugin. -->","yoast_head_json":{"title":"Acheter Rangement - Le Seigneur des anneaux \u2122 - JCE - GOZU ZONE - Jeux et Accessoires","description":"Pour organiser Le Seigneur des Anneaux avec ses extensions dans la boites de base et ainsi prot\u00e9ger votre jeu favoris et gagner du temps lors de l'installation","robots":{"index":"index","follow":"follow","max-snippet":"max-snippet:-1","max-image-preview":"max-image-preview:large","max-video-preview":"max-video-preview:-1"},"canonical":"http:\/\/pro.gozu.zone\/?product=rangement-horreur-a-arkham","og_locale":"fr_FR","og_type":"article","og_title":"Rangement Horreur \u00e0 Arkham JCE","og_description":"Pour organiser votre jeu Horreur \u00e0 Arkham JCE avec ses extensions dans la boites de base.","og_url":"http:\/\/pro.gozu.zone\/?product=rangement-horreur-a-arkham","og_site_name":"GOZU ZONE","article_publisher":"https:\/\/www.facebook.com\/gozuzone\/","article_modified_time":"2025-03-26T09:48:15+00:00","og_image":[{"width":1024,"height":1024,"url":"https:\/\/gozu.zone\/wp-content\/uploads\/2016\/11\/horreur-arkham-gozu-zone-organiseur.jpg","type":"image\/jpeg"}],"twitter_card":"summary_large_image","twitter_title":"Rangement Minivilles et extensions","twitter_description":"Pour organiser votre jeu Minivilles avec ses extensions dans la boites de base.","twitter_image":"http:\/\/pro.gozu.zone\/wp-content\/uploads\/2016\/07\/rangement-minivilles-extensions-gozu-zone.jpg","twitter_site":"@gozuzone","twitter_misc":{"Dur\u00e9e de lecture estim\u00e9e":"3 minutes"},"schema":{"@context":"https:\/\/schema.org","@graph":[{"@type":"WebPage","@id":"https:\/\/gozu.zone\/?product=rangement-le-seigneur-des-anneaux-jce","url":"http:\/\/pro.gozu.zone\/?product=rangement-horreur-a-arkham","name":"Acheter Rangement - Le Seigneur des anneaux \u2122 - JCE - GOZU ZONE - Jeux et Accessoires","isPartOf":{"@id":"https:\/\/gozu.zone\/#website"},"primaryImageOfPage":{"@id":"http:\/\/pro.gozu.zone\/?product=rangement-horreur-a-arkham#primaryimage"},"image":{"@id":"http:\/\/pro.gozu.zone\/?product=rangement-horreur-a-arkham#primaryimage"},"thumbnailUrl":"https:\/\/gozu.zone\/wp-content\/uploads\/2021\/03\/image_67210241.png","datePublished":"2021-03-07T13:55:40+00:00","dateModified":"2025-03-26T09:48:15+00:00","description":"Pour organiser Le Seigneur des Anneaux avec ses extensions dans la boites de base et ainsi prot\u00e9ger votre jeu favoris et gagner du temps lors de l'installation","breadcrumb":{"@id":"http:\/\/pro.gozu.zone\/?product=rangement-horreur-a-arkham#breadcrumb"},"inLanguage":"fr-FR","potentialAction":[{"@type":"ReadAction","target":["http:\/\/pro.gozu.zone\/?product=rangement-horreur-a-arkham"]}]},{"@type":"ImageObject","inLanguage":"fr-FR","@id":"http:\/\/pro.gozu.zone\/?product=rangement-horreur-a-arkham#primaryimage","url":"https:\/\/gozu.zone\/wp-content\/uploads\/2021\/03\/image_67210241.png","contentUrl":"https:\/\/gozu.zone\/wp-content\/uploads\/2021\/03\/image_67210241.png","width":1024,"height":1024},{"@type":"BreadcrumbList","@id":"http:\/\/pro.gozu.zone\/?product=rangement-horreur-a-arkham#breadcrumb","itemListElement":[{"@type":"ListItem","position":1,"name":"Accueil","item":"https:\/\/gozu.zone\/"},{"@type":"ListItem","position":2,"name":"BOUTIQUE","item":"https:\/\/gozu.zone\/?page_id=308"},{"@type":"ListItem","position":3,"name":"Rangement &#8211; Le Seigneur des anneaux \u2122 &#8211; JCE"}]},{"@type":"WebSite","@id":"https:\/\/gozu.zone\/#website","url":"https:\/\/gozu.zone\/","name":"GOZU ZONE","description":"Toujours plus pour vos jeux","potentialAction":[{"@type":"SearchAction","target":{"@type":"EntryPoint","urlTemplate":"https:\/\/gozu.zone\/?s={search_term_string}"},"query-input":{"@type":"PropertyValueSpecification","valueRequired":true,"valueName":"search_term_string"}}],"inLanguage":"fr-FR"}]}},"_links":{"self":[{"href":"https:\/\/gozu.zone\/index.php?rest_route=\/wp\/v2\/product\/14583","targetHints":{"allow":["GET"]}}],"collection":[{"href":"https:\/\/gozu.zone\/index.php?rest_route=\/wp\/v2\/product"}],"about":[{"href":"https:\/\/gozu.zone\/index.php?rest_route=\/wp\/v2\/types\/product"}],"replies":[{"embeddable":true,"href":"https:\/\/gozu.zone\/index.php?rest_route=%2Fwp%2Fv2%2Fcomments&post=14583"}],"wp:featuredmedia":[{"embeddable":true,"href":"https:\/\/gozu.zone\/index.php?rest_route=\/wp\/v2\/media\/14584"}],"wp:attachment":[{"href":"https:\/\/gozu.zone\/index.php?rest_route=%2Fwp%2Fv2%2Fmedia&parent=14583"}],"wp:term":[{"taxonomy":"product_brand","embeddable":true,"href":"https:\/\/gozu.zone\/index.php?rest_route=%2Fwp%2Fv2%2Fproduct_brand&post=14583"},{"taxonomy":"product_cat","embeddable":true,"href":"https:\/\/gozu.zone\/index.php?rest_route=%2Fwp%2Fv2%2Fproduct_cat&post=14583"},{"taxonomy":"product_tag","embeddable":true,"href":"https:\/\/gozu.zone\/index.php?rest_route=%2Fwp%2Fv2%2Fproduct_tag&post=14583"}],"curies":[{"name":"wp","href":"https:\/\/api.w.org\/{rel}","templated":true}]}}