{"id":1651,"date":"2015-06-15T16:08:13","date_gmt":"2015-06-15T16:08:13","guid":{"rendered":"http:\/\/gozu.zone\/?product=boitier-pour-cartes-standard-american-2"},"modified":"2025-03-26T10:07:48","modified_gmt":"2025-03-26T10:07:48","slug":"boitier-pour-cartes-standard-american-2","status":"publish","type":"product","link":"https:\/\/gozu.zone\/?product=boitier-pour-cartes-standard-american-2","title":{"rendered":"Bo\u00eetier pour cartes \u00ab\u00a0standard american\u00a0\u00bb"},"content":{"rendered":"<h3>\u00a0<strong>Le bo\u00eetier \u00ab standard american card game\u00bb pour accueillir jusqu\u2019\u00e0 50 ou 100 cartes pochet\u00e9es !<br \/>\n<\/strong><\/h3>\n<p>Parfaitement adapt\u00e9 pour accueillir les cartes avec les protections de Fantasy Flight Games, ce bo\u00eetier vous permettra de ranger vos cartes de jeu pochet\u00e9es pour ce format, mais aussi de jouer le r\u00f4le de distributeur de cartes pendant vos parties !<\/p>\n<h3><strong>CONTENU\u00a0:<\/strong><\/h3>\n<ul>\n<li>1X bo\u00eetier avec ou sans couvercle, et de la couleur de votre choix.<\/li>\n<\/ul>\n<p>Disponible en 2 tailles:<\/p>\n<ul>\n<li>50 cartes* avec protections, dimensions (mm):\u00a0<strong>65 x 29,50 x 97<\/strong><\/li>\n<li>100 cartes* avec protections, dimensions (mm):\u00a0<strong>65 x 57,50 x 97<\/strong><\/li>\n<\/ul>\n<p><strong>* A noter<\/strong>: les capacit\u00e9s annonc\u00e9es ont \u00e9t\u00e9 calcul\u00e9es avec des sleeves de la marque Arcane Tinmen. Pr\u00e9voir moins de cartes pour des sleeves plus epaisses.<\/p>\n<h3>JEUX AYANT DES CARTES AU FORMAT DE CE BO\u00ceTIER:<\/h3>\n<p><em>Game of Thrones, le jeu de plateau,\u00a0<\/em><em> Age of Conan et beaucoup, beaucoup d&rsquo;autres jeux! Acc\u00e9dez \u00e0 notre rubrique <a href=\"https:\/\/gozu.zone\/?page_id=1218\">\u00ab\u00a0prot\u00e9gez vos cartes\u00a0\u00bb<\/a> pour acc\u00e9der \u00e0 une liste plus compl\u00e8te!<\/em><\/p>\n","protected":false},"excerpt":{"rendered":"<p><em>Boitier de rangement pour carte au format \u00ab\u00a0standard american card game\u00a0\u00bb utilisable en partie.<\/em> <strong><em>Dimension des cartes :<\/em> 57&#215;89 mm <\/strong><\/p>\n","protected":false},"featured_media":3485,"comment_status":"open","ping_status":"closed","template":"","meta":{"_acf_changed":false},"product_brand":[],"product_cat":[439,315],"product_tag":[94,177,107],"class_list":{"0":"post-1651","1":"product","2":"type-product","3":"status-publish","4":"has-post-thumbnail","6":"product_cat-accessoires","7":"product_cat-boitiers","8":"product_tag-boitier","9":"product_tag-cartes","10":"product_tag-rangement","11":"product_shipping_class-livraisonstandard_enveloppe-fr","13":"first","14":"instock","15":"taxable","16":"shipping-taxable","17":"purchasable","18":"product-type-variable","19":"has-default-attributes"},"acf":[],"yoast_head":"<!-- This site is optimized with the Yoast SEO plugin v25.3 - https:\/\/yoast.com\/wordpress\/plugins\/seo\/ -->\n<title>Acheter Bo\u00eetier pour cartes &quot;standard american&quot; - GOZU ZONE - Jeux et Accessoires<\/title>\n<meta name=\"robots\" content=\"index, follow, max-snippet:-1, max-image-preview:large, max-video-preview:-1\" \/>\n<link rel=\"canonical\" href=\"https:\/\/gozu.zone\/?product=boitier-pour-cartes-standard-american-2\" \/>\n<meta property=\"og:locale\" content=\"fr_FR\" \/>\n<meta property=\"og:type\" content=\"article\" \/>\n<meta property=\"og:title\" content=\"Acheter Bo\u00eetier pour cartes &quot;standard american&quot; - GOZU ZONE - Jeux et Accessoires\" \/>\n<meta property=\"og:description\" content=\"Boitier de rangement pour carte au format &quot;standard american card game&quot; utilisable en partie. Dimension des cartes : 57x89 mm\" \/>\n<meta property=\"og:url\" content=\"https:\/\/gozu.zone\/?product=boitier-pour-cartes-standard-american-2\" \/>\n<meta property=\"og:site_name\" content=\"GOZU ZONE\" \/>\n<meta property=\"article:publisher\" content=\"https:\/\/www.facebook.com\/gozuzone\/\" \/>\n<meta property=\"article:modified_time\" content=\"2025-03-26T10:07:48+00:00\" \/>\n<meta property=\"og:image\" content=\"https:\/\/gozu.zone\/wp-content\/uploads\/2016\/05\/boitier-rangement-cartes-standard-american-gozu-zone.jpg\" \/>\n\t<meta property=\"og:image:width\" content=\"1024\" \/>\n\t<meta property=\"og:image:height\" content=\"1024\" \/>\n\t<meta property=\"og:image:type\" content=\"image\/jpeg\" \/>\n<meta name=\"twitter:card\" content=\"summary_large_image\" \/>\n<meta name=\"twitter:site\" content=\"@gozuzone\" \/>\n<meta name=\"twitter:label1\" content=\"Dur\u00e9e de lecture estim\u00e9e\" \/>\n\t<meta name=\"twitter:data1\" content=\"2 minutes\" \/>\n<script type=\"application\/ld+json\" class=\"yoast-schema-graph\">{\"@context\":\"https:\/\/schema.org\",\"@graph\":[{\"@type\":\"WebPage\",\"@id\":\"https:\/\/gozu.zone\/?product=boitier-pour-cartes-standard-american-2\",\"url\":\"https:\/\/gozu.zone\/?product=boitier-pour-cartes-standard-american-2\",\"name\":\"Acheter Bo\u00eetier pour cartes \\\"standard american\\\" - GOZU ZONE - Jeux et Accessoires\",\"isPartOf\":{\"@id\":\"https:\/\/gozu.zone\/#website\"},\"primaryImageOfPage\":{\"@id\":\"https:\/\/gozu.zone\/?product=boitier-pour-cartes-standard-american-2#primaryimage\"},\"image\":{\"@id\":\"https:\/\/gozu.zone\/?product=boitier-pour-cartes-standard-american-2#primaryimage\"},\"thumbnailUrl\":\"https:\/\/gozu.zone\/wp-content\/uploads\/2016\/05\/boitier-rangement-cartes-standard-american-gozu-zone.jpg\",\"datePublished\":\"2015-06-15T16:08:13+00:00\",\"dateModified\":\"2025-03-26T10:07:48+00:00\",\"breadcrumb\":{\"@id\":\"https:\/\/gozu.zone\/?product=boitier-pour-cartes-standard-american-2#breadcrumb\"},\"inLanguage\":\"fr-FR\",\"potentialAction\":[{\"@type\":\"ReadAction\",\"target\":[\"https:\/\/gozu.zone\/?product=boitier-pour-cartes-standard-american-2\"]}]},{\"@type\":\"ImageObject\",\"inLanguage\":\"fr-FR\",\"@id\":\"https:\/\/gozu.zone\/?product=boitier-pour-cartes-standard-american-2#primaryimage\",\"url\":\"https:\/\/gozu.zone\/wp-content\/uploads\/2016\/05\/boitier-rangement-cartes-standard-american-gozu-zone.jpg\",\"contentUrl\":\"https:\/\/gozu.zone\/wp-content\/uploads\/2016\/05\/boitier-rangement-cartes-standard-american-gozu-zone.jpg\",\"width\":1024,\"height\":1024,\"caption\":\"Ranger et prot\u00e9ger vos cartes au format standard Am\u00e9ricain\"},{\"@type\":\"BreadcrumbList\",\"@id\":\"https:\/\/gozu.zone\/?product=boitier-pour-cartes-standard-american-2#breadcrumb\",\"itemListElement\":[{\"@type\":\"ListItem\",\"position\":1,\"name\":\"Accueil\",\"item\":\"https:\/\/gozu.zone\/\"},{\"@type\":\"ListItem\",\"position\":2,\"name\":\"BOUTIQUE\",\"item\":\"https:\/\/gozu.zone\/?page_id=308\"},{\"@type\":\"ListItem\",\"position\":3,\"name\":\"Bo\u00eetier pour cartes \u00ab\u00a0standard american\u00a0\u00bb\"}]},{\"@type\":\"WebSite\",\"@id\":\"https:\/\/gozu.zone\/#website\",\"url\":\"https:\/\/gozu.zone\/\",\"name\":\"GOZU ZONE\",\"description\":\"Toujours plus pour vos jeux\",\"potentialAction\":[{\"@type\":\"SearchAction\",\"target\":{\"@type\":\"EntryPoint\",\"urlTemplate\":\"https:\/\/gozu.zone\/?s={search_term_string}\"},\"query-input\":{\"@type\":\"PropertyValueSpecification\",\"valueRequired\":true,\"valueName\":\"search_term_string\"}}],\"inLanguage\":\"fr-FR\"}]}<\/script>\n<!-- \/ Yoast SEO plugin. -->","yoast_head_json":{"title":"Acheter Bo\u00eetier pour cartes \"standard american\" - GOZU ZONE - Jeux et Accessoires","robots":{"index":"index","follow":"follow","max-snippet":"max-snippet:-1","max-image-preview":"max-image-preview:large","max-video-preview":"max-video-preview:-1"},"canonical":"https:\/\/gozu.zone\/?product=boitier-pour-cartes-standard-american-2","og_locale":"fr_FR","og_type":"article","og_title":"Acheter Bo\u00eetier pour cartes \"standard american\" - GOZU ZONE - Jeux et Accessoires","og_description":"Boitier de rangement pour carte au format \"standard american card game\" utilisable en partie. Dimension des cartes : 57x89 mm","og_url":"https:\/\/gozu.zone\/?product=boitier-pour-cartes-standard-american-2","og_site_name":"GOZU ZONE","article_publisher":"https:\/\/www.facebook.com\/gozuzone\/","article_modified_time":"2025-03-26T10:07:48+00:00","og_image":[{"width":1024,"height":1024,"url":"https:\/\/gozu.zone\/wp-content\/uploads\/2016\/05\/boitier-rangement-cartes-standard-american-gozu-zone.jpg","type":"image\/jpeg"}],"twitter_card":"summary_large_image","twitter_site":"@gozuzone","twitter_misc":{"Dur\u00e9e de lecture estim\u00e9e":"2 minutes"},"schema":{"@context":"https:\/\/schema.org","@graph":[{"@type":"WebPage","@id":"https:\/\/gozu.zone\/?product=boitier-pour-cartes-standard-american-2","url":"https:\/\/gozu.zone\/?product=boitier-pour-cartes-standard-american-2","name":"Acheter Bo\u00eetier pour cartes \"standard american\" - GOZU ZONE - Jeux et Accessoires","isPartOf":{"@id":"https:\/\/gozu.zone\/#website"},"primaryImageOfPage":{"@id":"https:\/\/gozu.zone\/?product=boitier-pour-cartes-standard-american-2#primaryimage"},"image":{"@id":"https:\/\/gozu.zone\/?product=boitier-pour-cartes-standard-american-2#primaryimage"},"thumbnailUrl":"https:\/\/gozu.zone\/wp-content\/uploads\/2016\/05\/boitier-rangement-cartes-standard-american-gozu-zone.jpg","datePublished":"2015-06-15T16:08:13+00:00","dateModified":"2025-03-26T10:07:48+00:00","breadcrumb":{"@id":"https:\/\/gozu.zone\/?product=boitier-pour-cartes-standard-american-2#breadcrumb"},"inLanguage":"fr-FR","potentialAction":[{"@type":"ReadAction","target":["https:\/\/gozu.zone\/?product=boitier-pour-cartes-standard-american-2"]}]},{"@type":"ImageObject","inLanguage":"fr-FR","@id":"https:\/\/gozu.zone\/?product=boitier-pour-cartes-standard-american-2#primaryimage","url":"https:\/\/gozu.zone\/wp-content\/uploads\/2016\/05\/boitier-rangement-cartes-standard-american-gozu-zone.jpg","contentUrl":"https:\/\/gozu.zone\/wp-content\/uploads\/2016\/05\/boitier-rangement-cartes-standard-american-gozu-zone.jpg","width":1024,"height":1024,"caption":"Ranger et prot\u00e9ger vos cartes au format standard Am\u00e9ricain"},{"@type":"BreadcrumbList","@id":"https:\/\/gozu.zone\/?product=boitier-pour-cartes-standard-american-2#breadcrumb","itemListElement":[{"@type":"ListItem","position":1,"name":"Accueil","item":"https:\/\/gozu.zone\/"},{"@type":"ListItem","position":2,"name":"BOUTIQUE","item":"https:\/\/gozu.zone\/?page_id=308"},{"@type":"ListItem","position":3,"name":"Bo\u00eetier pour cartes \u00ab\u00a0standard american\u00a0\u00bb"}]},{"@type":"WebSite","@id":"https:\/\/gozu.zone\/#website","url":"https:\/\/gozu.zone\/","name":"GOZU ZONE","description":"Toujours plus pour vos jeux","potentialAction":[{"@type":"SearchAction","target":{"@type":"EntryPoint","urlTemplate":"https:\/\/gozu.zone\/?s={search_term_string}"},"query-input":{"@type":"PropertyValueSpecification","valueRequired":true,"valueName":"search_term_string"}}],"inLanguage":"fr-FR"}]}},"_links":{"self":[{"href":"https:\/\/gozu.zone\/index.php?rest_route=\/wp\/v2\/product\/1651","targetHints":{"allow":["GET"]}}],"collection":[{"href":"https:\/\/gozu.zone\/index.php?rest_route=\/wp\/v2\/product"}],"about":[{"href":"https:\/\/gozu.zone\/index.php?rest_route=\/wp\/v2\/types\/product"}],"replies":[{"embeddable":true,"href":"https:\/\/gozu.zone\/index.php?rest_route=%2Fwp%2Fv2%2Fcomments&post=1651"}],"wp:featuredmedia":[{"embeddable":true,"href":"https:\/\/gozu.zone\/index.php?rest_route=\/wp\/v2\/media\/3485"}],"wp:attachment":[{"href":"https:\/\/gozu.zone\/index.php?rest_route=%2Fwp%2Fv2%2Fmedia&parent=1651"}],"wp:term":[{"taxonomy":"product_brand","embeddable":true,"href":"https:\/\/gozu.zone\/index.php?rest_route=%2Fwp%2Fv2%2Fproduct_brand&post=1651"},{"taxonomy":"product_cat","embeddable":true,"href":"https:\/\/gozu.zone\/index.php?rest_route=%2Fwp%2Fv2%2Fproduct_cat&post=1651"},{"taxonomy":"product_tag","embeddable":true,"href":"https:\/\/gozu.zone\/index.php?rest_route=%2Fwp%2Fv2%2Fproduct_tag&post=1651"}],"curies":[{"name":"wp","href":"https:\/\/api.w.org\/{rel}","templated":true}]}}