{"id":18025,"date":"2023-01-03T20:44:39","date_gmt":"2023-01-03T20:44:39","guid":{"rendered":"https:\/\/gozu.zone\/?post_type=product&#038;p=18025"},"modified":"2025-03-26T09:20:32","modified_gmt":"2025-03-26T09:20:32","slug":"rangement-7-wonders-duel-pantheon-agora","status":"publish","type":"product","link":"https:\/\/gozu.zone\/?product=rangement-7-wonders-duel-pantheon-agora","title":{"rendered":"Rangement &#8211; 7 wonders Duel \u2122 &#8211; Panth\u00e9on + Agora"},"content":{"rendered":"  <div id=\"page-header-1363756750\" class=\"page-header-wrapper\">\n  <div class=\"page-title dark featured-title has-parallax\">\n\n        <div class=\"page-title-bg\">\n      <div class=\"title-bg fill bg-fill\"\n        data-parallax-container=\".page-title\"\n        data-parallax-background\n        data-parallax=\"-8\">\n      <\/div>\n      <div class=\"title-overlay fill\"><\/div>\n    <\/div>\n    \n    <div class=\"page-title-inner container align-center flex-row medium-flex-wrap\" >\n              <div class=\"title-wrapper flex-col text-left medium-text-center\">\n          <h1 class=\"entry-title mb-0\">\n            Rangement &#8211; 7 wonders Duel \u2122 &#8211; Panth\u00e9on + Agora          <\/h1>\n        <\/div>\n                    <div class=\"title-content flex-col flex-right text-right medium-text-center\">\n        <div class=\"title-breadcrumbs pb-half pt-half\"><\/div>      <\/div>\n    <\/div>\n\n     \n<style>\n#page-header-1363756750 .title-bg {\n  background-image: url(https:\/\/gozu.zone\/wp-content\/uploads\/2023\/01\/7-wonders-duel-gozu-zone.jpg);\n}\n<\/style>\n  <\/div>\n    <\/div>\n  \r\n\r\n<h2>\u00a0<\/h2>\r\n<h2>Contenu de l\u2019insert imprim\u00e9s en 3D pour 7 wonders Duel \u2122 :<\/h2>\r\n<ul>\r\n<li>3 modules pour cartes pochet\u00e9es et bloc de score.<\/li>\r\n<li>1 module pour les pi\u00e8ces + partie sup\u00e9rieure encastrable<\/li>\r\n<li>1 modules pour jetons + partie sup\u00e9rieure encastrable<\/li>\r\n<\/ul>\r\n<h2>Remarques :<\/h2>\r\n<ul>\r\n<li>Compatible <strong>avec ou sans<\/strong> pochettes<\/li>\r\n<li>Rangement sur la tranche possible<\/li>\r\n<\/ul>\r\n\r\n\r\n<hr \/>\r\n<p class=\"disclaimer\"><span class=\"st\"><strong>7 wonders duel<\/strong>\u2122 et ses extensions <\/span>sont des jeux \u00e9dit\u00e9s par Repos production. Gozu Zone propose de sa propre initiative des rangements compatibles avec ce jeu et ses extensions, qui demeurent la propri\u00e9t\u00e9 de l&rsquo;\u00e9diteur. Ce dernier n&rsquo;assume aucune responsabilit\u00e9 quant \u00e0 nos produits.<\/p>\r\n<p class=\"disclaimer\"><strong>Remarque<\/strong> : Ce rangement est propos\u00e9 en couleur\u00a0<strong>noire\u00a0<\/strong>par d\u00e9faut. Si vous souhaitez un coloris personnalis\u00e9, merci de contacter l&rsquo;\u00e9quipe via le chat en bas \u00e0 droite ! Nous nous ferons un plaisir d&rsquo;\u00e9tudier votre demande et nous vous r\u00e9pondrons\u00a0dans les plus brefs d\u00e9lais.<\/p>\r\n<p class=\"disclaimer\">Ce produit est <strong>fabriqu\u00e9 en France<\/strong>.<\/p>","protected":false},"excerpt":{"rendered":"<p>Permet de ranger 7 Wonder Duel et ses deux extensions Panth\u00e9on et Agora dans la boite du jeu de base. Parfait pour une installation rapide. Compatible avec prot\u00e8ge-cartes.<\/p>\n","protected":false},"featured_media":18069,"comment_status":"open","ping_status":"closed","template":"","meta":{"_acf_changed":false},"product_brand":[],"product_cat":[761,311],"product_tag":[294,259],"class_list":{"0":"post-18025","1":"product","2":"type-product","3":"status-publish","4":"has-post-thumbnail","6":"product_cat-7-wonders-duel","7":"product_cat-organiseurs","8":"product_tag-organiseur","9":"product_tag-rangements","10":"product_shipping_class-livraisonstandard_colis","12":"first","13":"instock","14":"taxable","15":"shipping-taxable","16":"purchasable","17":"product-type-simple"},"acf":[],"yoast_head":"<!-- This site is optimized with the Yoast SEO plugin v25.3 - https:\/\/yoast.com\/wordpress\/plugins\/seo\/ -->\n<title>Acheter Rangement - 7 wonders Duel \u2122 - Panth\u00e9on + Agora - GOZU ZONE - Jeux et Accessoires<\/title>\n<meta name=\"description\" content=\"Ce rangement permet de ranger 7 Wonder Duel et ses deux extensions Panth\u00e9on et Agora dans la boite du jeu de base.\" \/>\n<meta name=\"robots\" content=\"index, follow, max-snippet:-1, max-image-preview:large, max-video-preview:-1\" \/>\n<link rel=\"canonical\" href=\"http:\/\/pro.gozu.zone\/?product=rangement-sub-terra\" \/>\n<meta property=\"og:locale\" content=\"fr_FR\" \/>\n<meta property=\"og:type\" content=\"article\" \/>\n<meta property=\"og:title\" content=\"Acheter Rangement - 7 wonders Duel \u2122 - Panth\u00e9on + Agora - GOZU ZONE - Jeux et Accessoires\" \/>\n<meta property=\"og:description\" content=\"Ce rangement permet de ranger 7 Wonder Duel et ses deux extensions Panth\u00e9on et Agora dans la boite du jeu de base.\" \/>\n<meta property=\"og:url\" content=\"http:\/\/pro.gozu.zone\/?product=rangement-sub-terra\" \/>\n<meta property=\"og:site_name\" content=\"GOZU ZONE\" \/>\n<meta property=\"article:publisher\" content=\"https:\/\/www.facebook.com\/gozuzone\/\" \/>\n<meta property=\"article:modified_time\" content=\"2025-03-26T09:20:32+00:00\" \/>\n<meta property=\"og:image\" content=\"https:\/\/gozu.zone\/wp-content\/uploads\/2023\/01\/7-wonders-duel-gozu-zone.jpg\" \/>\n\t<meta property=\"og:image:width\" content=\"2048\" \/>\n\t<meta property=\"og:image:height\" content=\"2048\" \/>\n\t<meta property=\"og:image:type\" content=\"image\/jpeg\" \/>\n<meta name=\"twitter:card\" content=\"summary_large_image\" \/>\n<meta name=\"twitter:site\" content=\"@gozuzone\" \/>\n<meta name=\"twitter:label1\" content=\"Dur\u00e9e de lecture estim\u00e9e\" \/>\n\t<meta name=\"twitter:data1\" content=\"1 minute\" \/>\n<script type=\"application\/ld+json\" class=\"yoast-schema-graph\">{\"@context\":\"https:\/\/schema.org\",\"@graph\":[{\"@type\":\"WebPage\",\"@id\":\"https:\/\/gozu.zone\/?product=rangement-7-wonders-duel-pantheon-agora\",\"url\":\"http:\/\/pro.gozu.zone\/?product=rangement-sub-terra\",\"name\":\"Acheter Rangement - 7 wonders Duel \u2122 - Panth\u00e9on + Agora - GOZU ZONE - Jeux et Accessoires\",\"isPartOf\":{\"@id\":\"https:\/\/gozu.zone\/#website\"},\"primaryImageOfPage\":{\"@id\":\"http:\/\/pro.gozu.zone\/?product=rangement-sub-terra#primaryimage\"},\"image\":{\"@id\":\"http:\/\/pro.gozu.zone\/?product=rangement-sub-terra#primaryimage\"},\"thumbnailUrl\":\"https:\/\/gozu.zone\/wp-content\/uploads\/2023\/01\/7-wonders-duel-gozu-zone.jpg\",\"datePublished\":\"2023-01-03T20:44:39+00:00\",\"dateModified\":\"2025-03-26T09:20:32+00:00\",\"description\":\"Ce rangement permet de ranger 7 Wonder Duel et ses deux extensions Panth\u00e9on et Agora dans la boite du jeu de base.\",\"breadcrumb\":{\"@id\":\"http:\/\/pro.gozu.zone\/?product=rangement-sub-terra#breadcrumb\"},\"inLanguage\":\"fr-FR\",\"potentialAction\":[{\"@type\":\"ReadAction\",\"target\":[\"http:\/\/pro.gozu.zone\/?product=rangement-sub-terra\"]}]},{\"@type\":\"ImageObject\",\"inLanguage\":\"fr-FR\",\"@id\":\"http:\/\/pro.gozu.zone\/?product=rangement-sub-terra#primaryimage\",\"url\":\"https:\/\/gozu.zone\/wp-content\/uploads\/2023\/01\/7-wonders-duel-gozu-zone.jpg\",\"contentUrl\":\"https:\/\/gozu.zone\/wp-content\/uploads\/2023\/01\/7-wonders-duel-gozu-zone.jpg\",\"width\":2048,\"height\":2048},{\"@type\":\"BreadcrumbList\",\"@id\":\"http:\/\/pro.gozu.zone\/?product=rangement-sub-terra#breadcrumb\",\"itemListElement\":[{\"@type\":\"ListItem\",\"position\":1,\"name\":\"Accueil\",\"item\":\"https:\/\/gozu.zone\/\"},{\"@type\":\"ListItem\",\"position\":2,\"name\":\"BOUTIQUE\",\"item\":\"https:\/\/gozu.zone\/?page_id=308\"},{\"@type\":\"ListItem\",\"position\":3,\"name\":\"Rangement &#8211; 7 wonders Duel \u2122 &#8211; Panth\u00e9on + Agora\"}]},{\"@type\":\"WebSite\",\"@id\":\"https:\/\/gozu.zone\/#website\",\"url\":\"https:\/\/gozu.zone\/\",\"name\":\"GOZU ZONE\",\"description\":\"Toujours plus pour vos jeux\",\"potentialAction\":[{\"@type\":\"SearchAction\",\"target\":{\"@type\":\"EntryPoint\",\"urlTemplate\":\"https:\/\/gozu.zone\/?s={search_term_string}\"},\"query-input\":{\"@type\":\"PropertyValueSpecification\",\"valueRequired\":true,\"valueName\":\"search_term_string\"}}],\"inLanguage\":\"fr-FR\"}]}<\/script>\n<!-- \/ Yoast SEO plugin. -->","yoast_head_json":{"title":"Acheter Rangement - 7 wonders Duel \u2122 - Panth\u00e9on + Agora - GOZU ZONE - Jeux et Accessoires","description":"Ce rangement permet de ranger 7 Wonder Duel et ses deux extensions Panth\u00e9on et Agora dans la boite du jeu de base.","robots":{"index":"index","follow":"follow","max-snippet":"max-snippet:-1","max-image-preview":"max-image-preview:large","max-video-preview":"max-video-preview:-1"},"canonical":"http:\/\/pro.gozu.zone\/?product=rangement-sub-terra","og_locale":"fr_FR","og_type":"article","og_title":"Acheter Rangement - 7 wonders Duel \u2122 - Panth\u00e9on + Agora - GOZU ZONE - Jeux et Accessoires","og_description":"Ce rangement permet de ranger 7 Wonder Duel et ses deux extensions Panth\u00e9on et Agora dans la boite du jeu de base.","og_url":"http:\/\/pro.gozu.zone\/?product=rangement-sub-terra","og_site_name":"GOZU ZONE","article_publisher":"https:\/\/www.facebook.com\/gozuzone\/","article_modified_time":"2025-03-26T09:20:32+00:00","og_image":[{"width":2048,"height":2048,"url":"https:\/\/gozu.zone\/wp-content\/uploads\/2023\/01\/7-wonders-duel-gozu-zone.jpg","type":"image\/jpeg"}],"twitter_card":"summary_large_image","twitter_site":"@gozuzone","twitter_misc":{"Dur\u00e9e de lecture estim\u00e9e":"1 minute"},"schema":{"@context":"https:\/\/schema.org","@graph":[{"@type":"WebPage","@id":"https:\/\/gozu.zone\/?product=rangement-7-wonders-duel-pantheon-agora","url":"http:\/\/pro.gozu.zone\/?product=rangement-sub-terra","name":"Acheter Rangement - 7 wonders Duel \u2122 - Panth\u00e9on + Agora - GOZU ZONE - Jeux et Accessoires","isPartOf":{"@id":"https:\/\/gozu.zone\/#website"},"primaryImageOfPage":{"@id":"http:\/\/pro.gozu.zone\/?product=rangement-sub-terra#primaryimage"},"image":{"@id":"http:\/\/pro.gozu.zone\/?product=rangement-sub-terra#primaryimage"},"thumbnailUrl":"https:\/\/gozu.zone\/wp-content\/uploads\/2023\/01\/7-wonders-duel-gozu-zone.jpg","datePublished":"2023-01-03T20:44:39+00:00","dateModified":"2025-03-26T09:20:32+00:00","description":"Ce rangement permet de ranger 7 Wonder Duel et ses deux extensions Panth\u00e9on et Agora dans la boite du jeu de base.","breadcrumb":{"@id":"http:\/\/pro.gozu.zone\/?product=rangement-sub-terra#breadcrumb"},"inLanguage":"fr-FR","potentialAction":[{"@type":"ReadAction","target":["http:\/\/pro.gozu.zone\/?product=rangement-sub-terra"]}]},{"@type":"ImageObject","inLanguage":"fr-FR","@id":"http:\/\/pro.gozu.zone\/?product=rangement-sub-terra#primaryimage","url":"https:\/\/gozu.zone\/wp-content\/uploads\/2023\/01\/7-wonders-duel-gozu-zone.jpg","contentUrl":"https:\/\/gozu.zone\/wp-content\/uploads\/2023\/01\/7-wonders-duel-gozu-zone.jpg","width":2048,"height":2048},{"@type":"BreadcrumbList","@id":"http:\/\/pro.gozu.zone\/?product=rangement-sub-terra#breadcrumb","itemListElement":[{"@type":"ListItem","position":1,"name":"Accueil","item":"https:\/\/gozu.zone\/"},{"@type":"ListItem","position":2,"name":"BOUTIQUE","item":"https:\/\/gozu.zone\/?page_id=308"},{"@type":"ListItem","position":3,"name":"Rangement &#8211; 7 wonders Duel \u2122 &#8211; Panth\u00e9on + Agora"}]},{"@type":"WebSite","@id":"https:\/\/gozu.zone\/#website","url":"https:\/\/gozu.zone\/","name":"GOZU ZONE","description":"Toujours plus pour vos jeux","potentialAction":[{"@type":"SearchAction","target":{"@type":"EntryPoint","urlTemplate":"https:\/\/gozu.zone\/?s={search_term_string}"},"query-input":{"@type":"PropertyValueSpecification","valueRequired":true,"valueName":"search_term_string"}}],"inLanguage":"fr-FR"}]}},"_links":{"self":[{"href":"https:\/\/gozu.zone\/index.php?rest_route=\/wp\/v2\/product\/18025","targetHints":{"allow":["GET"]}}],"collection":[{"href":"https:\/\/gozu.zone\/index.php?rest_route=\/wp\/v2\/product"}],"about":[{"href":"https:\/\/gozu.zone\/index.php?rest_route=\/wp\/v2\/types\/product"}],"replies":[{"embeddable":true,"href":"https:\/\/gozu.zone\/index.php?rest_route=%2Fwp%2Fv2%2Fcomments&post=18025"}],"wp:featuredmedia":[{"embeddable":true,"href":"https:\/\/gozu.zone\/index.php?rest_route=\/wp\/v2\/media\/18069"}],"wp:attachment":[{"href":"https:\/\/gozu.zone\/index.php?rest_route=%2Fwp%2Fv2%2Fmedia&parent=18025"}],"wp:term":[{"taxonomy":"product_brand","embeddable":true,"href":"https:\/\/gozu.zone\/index.php?rest_route=%2Fwp%2Fv2%2Fproduct_brand&post=18025"},{"taxonomy":"product_cat","embeddable":true,"href":"https:\/\/gozu.zone\/index.php?rest_route=%2Fwp%2Fv2%2Fproduct_cat&post=18025"},{"taxonomy":"product_tag","embeddable":true,"href":"https:\/\/gozu.zone\/index.php?rest_route=%2Fwp%2Fv2%2Fproduct_tag&post=18025"}],"curies":[{"name":"wp","href":"https:\/\/api.w.org\/{rel}","templated":true}]}}