{"id":18316,"date":"2023-09-22T17:42:01","date_gmt":"2023-09-22T17:42:01","guid":{"rendered":"https:\/\/gozu.zone\/?post_type=product&#038;p=18316"},"modified":"2025-03-26T09:17:45","modified_gmt":"2025-03-26T09:17:45","slug":"rangement-7-wonders-2eme-edition","status":"publish","type":"product","link":"https:\/\/gozu.zone\/?product=rangement-7-wonders-2eme-edition","title":{"rendered":"Rangement &#8211; 7 wonders \u2122 &#8211; 2\u00e8me \u00e9dition"},"content":{"rendered":"  <div id=\"page-header-390729678\" class=\"page-header-wrapper\">\n  <div class=\"page-title dark featured-title has-parallax\">\n\n        <div class=\"page-title-bg\">\n      <div class=\"title-bg fill bg-fill\"\n        data-parallax-container=\".page-title\"\n        data-parallax-background\n        data-parallax=\"-8\">\n      <\/div>\n      <div class=\"title-overlay fill\"><\/div>\n    <\/div>\n    \n    <div class=\"page-title-inner container align-center flex-row medium-flex-wrap\" >\n              <div class=\"title-wrapper flex-col text-left medium-text-center\">\n          <h1 class=\"entry-title mb-0\">\n            Rangement &#8211; 7 wonders \u2122 &#8211; 2\u00e8me \u00e9dition          <\/h1>\n        <\/div>\n                    <div class=\"title-content flex-col flex-right text-right medium-text-center\">\n        <div class=\"title-breadcrumbs pb-half pt-half\"><\/div>      <\/div>\n    <\/div>\n\n     \n<style>\n#page-header-390729678 .title-bg {\n  background-image: url(https:\/\/gozu.zone\/wp-content\/uploads\/2023\/09\/7wonders-gozu-zone-3.png);\n}\n<\/style>\n  <\/div>\n    <\/div>\n  \r\n<hr \/>\r\n<p>Rangement complet compatible avec le jeu<strong>\u00a07 Wonders\u2122 nouvelle \u00e9dition avec toutes ses extensions : Armada\u2122, Cities\u2122, Leaders\u2122 et Edifice\u2122<\/strong>\u00a0dans la bo\u00eete du jeu de base !\u00a0 Mise en place rapide et rangement optimis\u00e9.<\/p>\r\n<p>&nbsp;<\/p>\r\n<h2>Contenu de l\u2019insert imprim\u00e9s en 3D pour 7 wonders\u2122 :<\/h2>\r\n<ul>\r\n<li>4 distributeurs pour cartes. Utilisables en partie et permettant de trier les extensions.<\/li>\r\n<li>1 module pour les pi\u00e8ces et les dettes utilisable en partie.<\/li>\r\n<li>1 module pour les figurines \u00e9difice, Armada, colombes<\/li>\r\n<li>1 modules pour jetons guerre.<\/li>\r\n<li>1 modules pour jetons guerre maritime.<\/li>\r\n<li>2 bloqueurs pour maintenir les plateaux Merveilles et Bateaux.<\/li>\r\n<\/ul>\r\n<p>&nbsp;<\/p>\r\n<h2>Remarques :<\/h2>\r\n<ul>\r\n<li>Compatible <strong>avec ou sans<\/strong> pochettes<\/li>\r\n<li>Rangement sur la tranche possible<\/li>\r\n<\/ul>\r\n<p>&nbsp;<\/p>\r\n\r\n\r\n<hr \/>\r\n<p>&nbsp;<\/p>\r\n<p class=\"disclaimer\"><span class=\"st\"><strong>7 wonders<\/strong>\u2122 et ses extensions <\/span>sont des jeux \u00e9dit\u00e9s par Repos production. <strong>Gozu Zone<\/strong> propose de sa propre initiative des rangements compatibles avec ce jeu et ses extensions, qui demeurent la propri\u00e9t\u00e9 de l&rsquo;\u00e9diteur. Ce dernier n&rsquo;assume aucune responsabilit\u00e9 quant \u00e0 nos produits.<\/p>\r\n<p class=\"disclaimer\"><strong>Remarque<\/strong> : Ce rangement est propos\u00e9 en couleur\u00a0<strong>noire\u00a0<\/strong>par d\u00e9faut. Si vous souhaitez un coloris personnalis\u00e9, merci de contacter l&rsquo;\u00e9quipe via le chat en bas \u00e0 droite ! Nous nous ferons un plaisir d&rsquo;\u00e9tudier votre demande et nous vous r\u00e9pondrons\u00a0dans les plus brefs d\u00e9lais.<\/p>\r\n<p class=\"disclaimer\">Ce produit est <strong>fabriqu\u00e9 en France<\/strong>.<\/p>","protected":false},"excerpt":{"rendered":"<p>Rangement complet compatible avec le jeu<strong>\u00a07 Wonders\u2122 nouvelle \u00e9dition avec toutes ses extensions : Armada\u2122, Cities\u2122, Leaders\u2122 et Edifice\u2122<\/strong>\u00a0dans la bo\u00eete du jeu de base !\u00a0 Mise en place rapide et rangement optimis\u00e9.<\/p>\n","protected":false},"featured_media":18317,"comment_status":"open","ping_status":"closed","template":"","meta":{"_acf_changed":false},"product_brand":[],"product_cat":[757,311],"product_tag":[294,259],"class_list":{"0":"post-18316","1":"product","2":"type-product","3":"status-publish","4":"has-post-thumbnail","6":"product_cat-7-wonders","7":"product_cat-organiseurs","8":"product_tag-organiseur","9":"product_tag-rangements","10":"product_shipping_class-livraisonstandard_colis","12":"first","13":"instock","14":"featured","15":"taxable","16":"shipping-taxable","17":"purchasable","18":"product-type-simple"},"acf":[],"yoast_head":"<!-- This site is optimized with the Yoast SEO plugin v25.3 - https:\/\/yoast.com\/wordpress\/plugins\/seo\/ -->\n<title>Acheter Rangement - 7 wonders \u2122 - 2\u00e8me \u00e9dition - GOZU ZONE - Jeux et Accessoires<\/title>\n<meta name=\"description\" content=\"Rangement complet compatible avec le jeu\u00a07 Wonders\u2122 nouvelle \u00e9dition avec toutes ses extensions : Armada\u2122, Cities\u2122, Leaders\u2122 et Edifice\u2122\u00a0dans la bo\u00eete du jeu de base !\u00a0 Mise en place rapide et rangement optimis\u00e9.\" \/>\n<meta name=\"robots\" content=\"index, follow, max-snippet:-1, max-image-preview:large, max-video-preview:-1\" \/>\n<link rel=\"canonical\" href=\"http:\/\/pro.gozu.zone\/?product=rangement-7-wonders-2eme-edition\" \/>\n<meta property=\"og:locale\" content=\"fr_FR\" \/>\n<meta property=\"og:type\" content=\"article\" \/>\n<meta property=\"og:title\" content=\"Acheter Rangement - 7 wonders \u2122 - 2\u00e8me \u00e9dition - GOZU ZONE - Jeux et Accessoires\" \/>\n<meta property=\"og:description\" content=\"Rangement complet compatible avec le jeu\u00a07 Wonders\u2122 nouvelle \u00e9dition avec toutes ses extensions : Armada\u2122, Cities\u2122, Leaders\u2122 et Edifice\u2122\u00a0dans la bo\u00eete du jeu de base !\u00a0 Mise en place rapide et rangement optimis\u00e9.\" \/>\n<meta property=\"og:url\" content=\"http:\/\/pro.gozu.zone\/?product=rangement-7-wonders-2eme-edition\" \/>\n<meta property=\"og:site_name\" content=\"GOZU ZONE\" \/>\n<meta property=\"article:publisher\" content=\"https:\/\/www.facebook.com\/gozuzone\/\" \/>\n<meta property=\"article:modified_time\" content=\"2025-03-26T09:17:45+00:00\" \/>\n<meta property=\"og:image\" content=\"https:\/\/gozu.zone\/wp-content\/uploads\/2023\/09\/7wonders-gozu-zone-3.png\" \/>\n\t<meta property=\"og:image:width\" content=\"1367\" \/>\n\t<meta property=\"og:image:height\" content=\"1367\" \/>\n\t<meta property=\"og:image:type\" content=\"image\/png\" \/>\n<meta name=\"twitter:card\" content=\"summary_large_image\" \/>\n<meta name=\"twitter:site\" content=\"@gozuzone\" \/>\n<meta name=\"twitter:label1\" content=\"Dur\u00e9e de lecture estim\u00e9e\" \/>\n\t<meta name=\"twitter:data1\" content=\"2 minutes\" \/>\n<script type=\"application\/ld+json\" class=\"yoast-schema-graph\">{\"@context\":\"https:\/\/schema.org\",\"@graph\":[{\"@type\":\"WebPage\",\"@id\":\"https:\/\/gozu.zone\/?product=rangement-7-wonders-2eme-edition\",\"url\":\"http:\/\/pro.gozu.zone\/?product=rangement-7-wonders-2eme-edition\",\"name\":\"Acheter Rangement - 7 wonders \u2122 - 2\u00e8me \u00e9dition - GOZU ZONE - Jeux et Accessoires\",\"isPartOf\":{\"@id\":\"https:\/\/gozu.zone\/#website\"},\"primaryImageOfPage\":{\"@id\":\"http:\/\/pro.gozu.zone\/?product=rangement-7-wonders-2eme-edition#primaryimage\"},\"image\":{\"@id\":\"http:\/\/pro.gozu.zone\/?product=rangement-7-wonders-2eme-edition#primaryimage\"},\"thumbnailUrl\":\"https:\/\/gozu.zone\/wp-content\/uploads\/2023\/09\/7wonders-gozu-zone-3.png\",\"datePublished\":\"2023-09-22T17:42:01+00:00\",\"dateModified\":\"2025-03-26T09:17:45+00:00\",\"description\":\"Rangement complet compatible avec le jeu\u00a07 Wonders\u2122 nouvelle \u00e9dition avec toutes ses extensions : Armada\u2122, Cities\u2122, Leaders\u2122 et Edifice\u2122\u00a0dans la bo\u00eete du jeu de base !\u00a0 Mise en place rapide et rangement optimis\u00e9.\",\"breadcrumb\":{\"@id\":\"http:\/\/pro.gozu.zone\/?product=rangement-7-wonders-2eme-edition#breadcrumb\"},\"inLanguage\":\"fr-FR\",\"potentialAction\":[{\"@type\":\"ReadAction\",\"target\":[\"http:\/\/pro.gozu.zone\/?product=rangement-7-wonders-2eme-edition\"]}]},{\"@type\":\"ImageObject\",\"inLanguage\":\"fr-FR\",\"@id\":\"http:\/\/pro.gozu.zone\/?product=rangement-7-wonders-2eme-edition#primaryimage\",\"url\":\"https:\/\/gozu.zone\/wp-content\/uploads\/2023\/09\/7wonders-gozu-zone-3.png\",\"contentUrl\":\"https:\/\/gozu.zone\/wp-content\/uploads\/2023\/09\/7wonders-gozu-zone-3.png\",\"width\":1367,\"height\":1367},{\"@type\":\"BreadcrumbList\",\"@id\":\"http:\/\/pro.gozu.zone\/?product=rangement-7-wonders-2eme-edition#breadcrumb\",\"itemListElement\":[{\"@type\":\"ListItem\",\"position\":1,\"name\":\"Accueil\",\"item\":\"https:\/\/gozu.zone\/\"},{\"@type\":\"ListItem\",\"position\":2,\"name\":\"BOUTIQUE\",\"item\":\"https:\/\/gozu.zone\/?page_id=308\"},{\"@type\":\"ListItem\",\"position\":3,\"name\":\"Rangement &#8211; 7 wonders \u2122 &#8211; 2\u00e8me \u00e9dition\"}]},{\"@type\":\"WebSite\",\"@id\":\"https:\/\/gozu.zone\/#website\",\"url\":\"https:\/\/gozu.zone\/\",\"name\":\"GOZU ZONE\",\"description\":\"Toujours plus pour vos jeux\",\"potentialAction\":[{\"@type\":\"SearchAction\",\"target\":{\"@type\":\"EntryPoint\",\"urlTemplate\":\"https:\/\/gozu.zone\/?s={search_term_string}\"},\"query-input\":{\"@type\":\"PropertyValueSpecification\",\"valueRequired\":true,\"valueName\":\"search_term_string\"}}],\"inLanguage\":\"fr-FR\"}]}<\/script>\n<!-- \/ Yoast SEO plugin. -->","yoast_head_json":{"title":"Acheter Rangement - 7 wonders \u2122 - 2\u00e8me \u00e9dition - GOZU ZONE - Jeux et Accessoires","description":"Rangement complet compatible avec le jeu\u00a07 Wonders\u2122 nouvelle \u00e9dition avec toutes ses extensions : Armada\u2122, Cities\u2122, Leaders\u2122 et Edifice\u2122\u00a0dans la bo\u00eete du jeu de base !\u00a0 Mise en place rapide et rangement optimis\u00e9.","robots":{"index":"index","follow":"follow","max-snippet":"max-snippet:-1","max-image-preview":"max-image-preview:large","max-video-preview":"max-video-preview:-1"},"canonical":"http:\/\/pro.gozu.zone\/?product=rangement-7-wonders-2eme-edition","og_locale":"fr_FR","og_type":"article","og_title":"Acheter Rangement - 7 wonders \u2122 - 2\u00e8me \u00e9dition - GOZU ZONE - Jeux et Accessoires","og_description":"Rangement complet compatible avec le jeu\u00a07 Wonders\u2122 nouvelle \u00e9dition avec toutes ses extensions : Armada\u2122, Cities\u2122, Leaders\u2122 et Edifice\u2122\u00a0dans la bo\u00eete du jeu de base !\u00a0 Mise en place rapide et rangement optimis\u00e9.","og_url":"http:\/\/pro.gozu.zone\/?product=rangement-7-wonders-2eme-edition","og_site_name":"GOZU ZONE","article_publisher":"https:\/\/www.facebook.com\/gozuzone\/","article_modified_time":"2025-03-26T09:17:45+00:00","og_image":[{"width":1367,"height":1367,"url":"https:\/\/gozu.zone\/wp-content\/uploads\/2023\/09\/7wonders-gozu-zone-3.png","type":"image\/png"}],"twitter_card":"summary_large_image","twitter_site":"@gozuzone","twitter_misc":{"Dur\u00e9e de lecture estim\u00e9e":"2 minutes"},"schema":{"@context":"https:\/\/schema.org","@graph":[{"@type":"WebPage","@id":"https:\/\/gozu.zone\/?product=rangement-7-wonders-2eme-edition","url":"http:\/\/pro.gozu.zone\/?product=rangement-7-wonders-2eme-edition","name":"Acheter Rangement - 7 wonders \u2122 - 2\u00e8me \u00e9dition - GOZU ZONE - Jeux et Accessoires","isPartOf":{"@id":"https:\/\/gozu.zone\/#website"},"primaryImageOfPage":{"@id":"http:\/\/pro.gozu.zone\/?product=rangement-7-wonders-2eme-edition#primaryimage"},"image":{"@id":"http:\/\/pro.gozu.zone\/?product=rangement-7-wonders-2eme-edition#primaryimage"},"thumbnailUrl":"https:\/\/gozu.zone\/wp-content\/uploads\/2023\/09\/7wonders-gozu-zone-3.png","datePublished":"2023-09-22T17:42:01+00:00","dateModified":"2025-03-26T09:17:45+00:00","description":"Rangement complet compatible avec le jeu\u00a07 Wonders\u2122 nouvelle \u00e9dition avec toutes ses extensions : Armada\u2122, Cities\u2122, Leaders\u2122 et Edifice\u2122\u00a0dans la bo\u00eete du jeu de base !\u00a0 Mise en place rapide et rangement optimis\u00e9.","breadcrumb":{"@id":"http:\/\/pro.gozu.zone\/?product=rangement-7-wonders-2eme-edition#breadcrumb"},"inLanguage":"fr-FR","potentialAction":[{"@type":"ReadAction","target":["http:\/\/pro.gozu.zone\/?product=rangement-7-wonders-2eme-edition"]}]},{"@type":"ImageObject","inLanguage":"fr-FR","@id":"http:\/\/pro.gozu.zone\/?product=rangement-7-wonders-2eme-edition#primaryimage","url":"https:\/\/gozu.zone\/wp-content\/uploads\/2023\/09\/7wonders-gozu-zone-3.png","contentUrl":"https:\/\/gozu.zone\/wp-content\/uploads\/2023\/09\/7wonders-gozu-zone-3.png","width":1367,"height":1367},{"@type":"BreadcrumbList","@id":"http:\/\/pro.gozu.zone\/?product=rangement-7-wonders-2eme-edition#breadcrumb","itemListElement":[{"@type":"ListItem","position":1,"name":"Accueil","item":"https:\/\/gozu.zone\/"},{"@type":"ListItem","position":2,"name":"BOUTIQUE","item":"https:\/\/gozu.zone\/?page_id=308"},{"@type":"ListItem","position":3,"name":"Rangement &#8211; 7 wonders \u2122 &#8211; 2\u00e8me \u00e9dition"}]},{"@type":"WebSite","@id":"https:\/\/gozu.zone\/#website","url":"https:\/\/gozu.zone\/","name":"GOZU ZONE","description":"Toujours plus pour vos jeux","potentialAction":[{"@type":"SearchAction","target":{"@type":"EntryPoint","urlTemplate":"https:\/\/gozu.zone\/?s={search_term_string}"},"query-input":{"@type":"PropertyValueSpecification","valueRequired":true,"valueName":"search_term_string"}}],"inLanguage":"fr-FR"}]}},"_links":{"self":[{"href":"https:\/\/gozu.zone\/index.php?rest_route=\/wp\/v2\/product\/18316","targetHints":{"allow":["GET"]}}],"collection":[{"href":"https:\/\/gozu.zone\/index.php?rest_route=\/wp\/v2\/product"}],"about":[{"href":"https:\/\/gozu.zone\/index.php?rest_route=\/wp\/v2\/types\/product"}],"replies":[{"embeddable":true,"href":"https:\/\/gozu.zone\/index.php?rest_route=%2Fwp%2Fv2%2Fcomments&post=18316"}],"wp:featuredmedia":[{"embeddable":true,"href":"https:\/\/gozu.zone\/index.php?rest_route=\/wp\/v2\/media\/18317"}],"wp:attachment":[{"href":"https:\/\/gozu.zone\/index.php?rest_route=%2Fwp%2Fv2%2Fmedia&parent=18316"}],"wp:term":[{"taxonomy":"product_brand","embeddable":true,"href":"https:\/\/gozu.zone\/index.php?rest_route=%2Fwp%2Fv2%2Fproduct_brand&post=18316"},{"taxonomy":"product_cat","embeddable":true,"href":"https:\/\/gozu.zone\/index.php?rest_route=%2Fwp%2Fv2%2Fproduct_cat&post=18316"},{"taxonomy":"product_tag","embeddable":true,"href":"https:\/\/gozu.zone\/index.php?rest_route=%2Fwp%2Fv2%2Fproduct_tag&post=18316"}],"curies":[{"name":"wp","href":"https:\/\/api.w.org\/{rel}","templated":true}]}}