{"id":18400,"date":"2023-11-16T19:12:47","date_gmt":"2023-11-16T19:12:47","guid":{"rendered":"https:\/\/gozu.zone\/?post_type=product&#038;p=18400"},"modified":"2024-01-19T10:23:13","modified_gmt":"2024-01-19T10:23:13","slug":"pion-crane-taille-petit","status":"publish","type":"product","link":"https:\/\/gozu.zone\/?product=pion-crane-taille-petit","title":{"rendered":"Pion &#8211; Cr\u00e2ne &#8211; Taille Petit"},"content":{"rendered":"<div>Vous cherchez des pions avec du style pour remplacer vos meeples ? ou encore des marqueurs pour votre prototype de jeu ?<\/p>\n<p>Voici le marqueur cr\u00e2ne au format petit. Un marqueur pour bien placer l\u2019ambiance de vos jeux pr\u00e9f\u00e9r\u00e9s.<strong><br \/>\n<\/strong><\/div>\n<ul>\n<li>Con\u00e7u pour \u00eatre facile \u00e0 saisir, malgr\u00e9 sa petite taille.<\/li>\n<li>Base plate pour une utilisation de marqueur et \u00e9ventuellement d\u2019\u00e9l\u00e9ment de d\u00e9cor<\/li>\n<li>En r\u00e9sine avec un haut niveau de d\u00e9tail.<\/li>\n<li>Facile \u00e0 peindre.<\/li>\n<li><strong>Dimension<\/strong>\u00a0( Hauteur x Longueur x Largeur ) : 16mm x 20 mm x 14mm<\/li>\n<li>Haut comme un meeple<\/li>\n<li><strong>Conditionnement:\u00a0<\/strong>Les pions achet\u00e9s seront emball\u00e9s ensemble soigneusement dans du papier bulle.<\/li>\n<li><strong>Quantit\u00e9<\/strong>:<strong>\u00a0<\/strong>Vendu \u00e0 l&rsquo;unit\u00e9<\/li>\n<li><strong>ATTENTION:<\/strong>\u00a0<strong>Ne convient pas aux enfants de moins de 36 mois. Danger d&rsquo;\u00e9touffement. Petites pi\u00e8ces. Risque d&rsquo;ingestion.<\/strong><\/li>\n<\/ul>\n<div>\n<strong>Gozu Zone<\/strong>\u00a0propose ce marqueur imprim\u00e9 en r\u00e9sine HD.<strong>\u00a0Il est fabriqu\u00e9 en France<\/strong>. Le fichier 3D ayant servi \u00e0 l&rsquo;impression est la propri\u00e9t\u00e9 intellectuelle de\u00a0<strong>Gozu Zone.<\/p>\n<p>Gozu Zone respecte scrupuleusement la propri\u00e9t\u00e9 intellectuelle des sculpteurs 3D et s&rsquo;interdit de commercialiser des produits dont la license ne le permettrait pas.<\/strong><\/div>\n","protected":false},"excerpt":{"rendered":"<p>Voici le pion cr\u00e2ne au format petit. Un pion g\u00e9n\u00e9rique \u00e0 utiliser comme bon vous semble !<\/p>\n","protected":false},"featured_media":18401,"comment_status":"open","ping_status":"closed","template":"","meta":{"_acf_changed":false},"product_brand":[],"product_cat":[439,481],"product_tag":[],"class_list":{"0":"post-18400","1":"product","2":"type-product","3":"status-publish","4":"has-post-thumbnail","6":"product_cat-accessoires","7":"product_cat-boitiers-cartes-des-jetons","8":"product_shipping_class-livraisonstandard_colis","10":"first","11":"instock","12":"taxable","13":"shipping-taxable","14":"purchasable","15":"product-type-simple"},"acf":[],"yoast_head":"<!-- This site is optimized with the Yoast SEO plugin v25.3 - https:\/\/yoast.com\/wordpress\/plugins\/seo\/ -->\n<title>Acheter Pion - Cr\u00e2ne - Taille Petit - GOZU ZONE - Jeux et Accessoires<\/title>\n<meta name=\"robots\" content=\"index, follow, max-snippet:-1, max-image-preview:large, max-video-preview:-1\" \/>\n<link rel=\"canonical\" href=\"https:\/\/gozu.zone\/?product=pion-crane-taille-petit\" \/>\n<meta property=\"og:locale\" content=\"fr_FR\" \/>\n<meta property=\"og:type\" content=\"article\" \/>\n<meta property=\"og:title\" content=\"Acheter Pion - Cr\u00e2ne - Taille Petit - GOZU ZONE - Jeux et Accessoires\" \/>\n<meta property=\"og:description\" content=\"Voici le pion cr\u00e2ne au format petit. Un pion g\u00e9n\u00e9rique \u00e0 utiliser comme bon vous semble !\" \/>\n<meta property=\"og:url\" content=\"https:\/\/gozu.zone\/?product=pion-crane-taille-petit\" \/>\n<meta property=\"og:site_name\" content=\"GOZU ZONE\" \/>\n<meta property=\"article:publisher\" content=\"https:\/\/www.facebook.com\/gozuzone\/\" \/>\n<meta property=\"article:modified_time\" content=\"2024-01-19T10:23:13+00:00\" \/>\n<meta property=\"og:image\" content=\"https:\/\/gozu.zone\/wp-content\/uploads\/2023\/11\/pion-crane-petit.png\" \/>\n\t<meta property=\"og:image:width\" content=\"1500\" \/>\n\t<meta property=\"og:image:height\" content=\"1500\" \/>\n\t<meta property=\"og:image:type\" content=\"image\/png\" \/>\n<meta name=\"twitter:card\" content=\"summary_large_image\" \/>\n<meta name=\"twitter:site\" content=\"@gozuzone\" \/>\n<meta name=\"twitter:label1\" content=\"Dur\u00e9e de lecture estim\u00e9e\" \/>\n\t<meta name=\"twitter:data1\" content=\"1 minute\" \/>\n<script type=\"application\/ld+json\" class=\"yoast-schema-graph\">{\"@context\":\"https:\/\/schema.org\",\"@graph\":[{\"@type\":\"WebPage\",\"@id\":\"https:\/\/gozu.zone\/?product=pion-crane-taille-petit\",\"url\":\"https:\/\/gozu.zone\/?product=pion-crane-taille-petit\",\"name\":\"Acheter Pion - Cr\u00e2ne - Taille Petit - GOZU ZONE - Jeux et Accessoires\",\"isPartOf\":{\"@id\":\"https:\/\/gozu.zone\/#website\"},\"primaryImageOfPage\":{\"@id\":\"https:\/\/gozu.zone\/?product=pion-crane-taille-petit#primaryimage\"},\"image\":{\"@id\":\"https:\/\/gozu.zone\/?product=pion-crane-taille-petit#primaryimage\"},\"thumbnailUrl\":\"https:\/\/gozu.zone\/wp-content\/uploads\/2023\/11\/pion-crane-petit.png\",\"datePublished\":\"2023-11-16T19:12:47+00:00\",\"dateModified\":\"2024-01-19T10:23:13+00:00\",\"breadcrumb\":{\"@id\":\"https:\/\/gozu.zone\/?product=pion-crane-taille-petit#breadcrumb\"},\"inLanguage\":\"fr-FR\",\"potentialAction\":[{\"@type\":\"ReadAction\",\"target\":[\"https:\/\/gozu.zone\/?product=pion-crane-taille-petit\"]}]},{\"@type\":\"ImageObject\",\"inLanguage\":\"fr-FR\",\"@id\":\"https:\/\/gozu.zone\/?product=pion-crane-taille-petit#primaryimage\",\"url\":\"https:\/\/gozu.zone\/wp-content\/uploads\/2023\/11\/pion-crane-petit.png\",\"contentUrl\":\"https:\/\/gozu.zone\/wp-content\/uploads\/2023\/11\/pion-crane-petit.png\",\"width\":1500,\"height\":1500},{\"@type\":\"BreadcrumbList\",\"@id\":\"https:\/\/gozu.zone\/?product=pion-crane-taille-petit#breadcrumb\",\"itemListElement\":[{\"@type\":\"ListItem\",\"position\":1,\"name\":\"Accueil\",\"item\":\"https:\/\/gozu.zone\/\"},{\"@type\":\"ListItem\",\"position\":2,\"name\":\"BOUTIQUE\",\"item\":\"https:\/\/gozu.zone\/?page_id=308\"},{\"@type\":\"ListItem\",\"position\":3,\"name\":\"Pion &#8211; Cr\u00e2ne &#8211; Taille Petit\"}]},{\"@type\":\"WebSite\",\"@id\":\"https:\/\/gozu.zone\/#website\",\"url\":\"https:\/\/gozu.zone\/\",\"name\":\"GOZU ZONE\",\"description\":\"Toujours plus pour vos jeux\",\"potentialAction\":[{\"@type\":\"SearchAction\",\"target\":{\"@type\":\"EntryPoint\",\"urlTemplate\":\"https:\/\/gozu.zone\/?s={search_term_string}\"},\"query-input\":{\"@type\":\"PropertyValueSpecification\",\"valueRequired\":true,\"valueName\":\"search_term_string\"}}],\"inLanguage\":\"fr-FR\"}]}<\/script>\n<!-- \/ Yoast SEO plugin. -->","yoast_head_json":{"title":"Acheter Pion - Cr\u00e2ne - Taille Petit - GOZU ZONE - Jeux et Accessoires","robots":{"index":"index","follow":"follow","max-snippet":"max-snippet:-1","max-image-preview":"max-image-preview:large","max-video-preview":"max-video-preview:-1"},"canonical":"https:\/\/gozu.zone\/?product=pion-crane-taille-petit","og_locale":"fr_FR","og_type":"article","og_title":"Acheter Pion - Cr\u00e2ne - Taille Petit - GOZU ZONE - Jeux et Accessoires","og_description":"Voici le pion cr\u00e2ne au format petit. Un pion g\u00e9n\u00e9rique \u00e0 utiliser comme bon vous semble !","og_url":"https:\/\/gozu.zone\/?product=pion-crane-taille-petit","og_site_name":"GOZU ZONE","article_publisher":"https:\/\/www.facebook.com\/gozuzone\/","article_modified_time":"2024-01-19T10:23:13+00:00","og_image":[{"width":1500,"height":1500,"url":"https:\/\/gozu.zone\/wp-content\/uploads\/2023\/11\/pion-crane-petit.png","type":"image\/png"}],"twitter_card":"summary_large_image","twitter_site":"@gozuzone","twitter_misc":{"Dur\u00e9e de lecture estim\u00e9e":"1 minute"},"schema":{"@context":"https:\/\/schema.org","@graph":[{"@type":"WebPage","@id":"https:\/\/gozu.zone\/?product=pion-crane-taille-petit","url":"https:\/\/gozu.zone\/?product=pion-crane-taille-petit","name":"Acheter Pion - Cr\u00e2ne - Taille Petit - GOZU ZONE - Jeux et Accessoires","isPartOf":{"@id":"https:\/\/gozu.zone\/#website"},"primaryImageOfPage":{"@id":"https:\/\/gozu.zone\/?product=pion-crane-taille-petit#primaryimage"},"image":{"@id":"https:\/\/gozu.zone\/?product=pion-crane-taille-petit#primaryimage"},"thumbnailUrl":"https:\/\/gozu.zone\/wp-content\/uploads\/2023\/11\/pion-crane-petit.png","datePublished":"2023-11-16T19:12:47+00:00","dateModified":"2024-01-19T10:23:13+00:00","breadcrumb":{"@id":"https:\/\/gozu.zone\/?product=pion-crane-taille-petit#breadcrumb"},"inLanguage":"fr-FR","potentialAction":[{"@type":"ReadAction","target":["https:\/\/gozu.zone\/?product=pion-crane-taille-petit"]}]},{"@type":"ImageObject","inLanguage":"fr-FR","@id":"https:\/\/gozu.zone\/?product=pion-crane-taille-petit#primaryimage","url":"https:\/\/gozu.zone\/wp-content\/uploads\/2023\/11\/pion-crane-petit.png","contentUrl":"https:\/\/gozu.zone\/wp-content\/uploads\/2023\/11\/pion-crane-petit.png","width":1500,"height":1500},{"@type":"BreadcrumbList","@id":"https:\/\/gozu.zone\/?product=pion-crane-taille-petit#breadcrumb","itemListElement":[{"@type":"ListItem","position":1,"name":"Accueil","item":"https:\/\/gozu.zone\/"},{"@type":"ListItem","position":2,"name":"BOUTIQUE","item":"https:\/\/gozu.zone\/?page_id=308"},{"@type":"ListItem","position":3,"name":"Pion &#8211; Cr\u00e2ne &#8211; Taille Petit"}]},{"@type":"WebSite","@id":"https:\/\/gozu.zone\/#website","url":"https:\/\/gozu.zone\/","name":"GOZU ZONE","description":"Toujours plus pour vos jeux","potentialAction":[{"@type":"SearchAction","target":{"@type":"EntryPoint","urlTemplate":"https:\/\/gozu.zone\/?s={search_term_string}"},"query-input":{"@type":"PropertyValueSpecification","valueRequired":true,"valueName":"search_term_string"}}],"inLanguage":"fr-FR"}]}},"_links":{"self":[{"href":"https:\/\/gozu.zone\/index.php?rest_route=\/wp\/v2\/product\/18400","targetHints":{"allow":["GET"]}}],"collection":[{"href":"https:\/\/gozu.zone\/index.php?rest_route=\/wp\/v2\/product"}],"about":[{"href":"https:\/\/gozu.zone\/index.php?rest_route=\/wp\/v2\/types\/product"}],"replies":[{"embeddable":true,"href":"https:\/\/gozu.zone\/index.php?rest_route=%2Fwp%2Fv2%2Fcomments&post=18400"}],"wp:featuredmedia":[{"embeddable":true,"href":"https:\/\/gozu.zone\/index.php?rest_route=\/wp\/v2\/media\/18401"}],"wp:attachment":[{"href":"https:\/\/gozu.zone\/index.php?rest_route=%2Fwp%2Fv2%2Fmedia&parent=18400"}],"wp:term":[{"taxonomy":"product_brand","embeddable":true,"href":"https:\/\/gozu.zone\/index.php?rest_route=%2Fwp%2Fv2%2Fproduct_brand&post=18400"},{"taxonomy":"product_cat","embeddable":true,"href":"https:\/\/gozu.zone\/index.php?rest_route=%2Fwp%2Fv2%2Fproduct_cat&post=18400"},{"taxonomy":"product_tag","embeddable":true,"href":"https:\/\/gozu.zone\/index.php?rest_route=%2Fwp%2Fv2%2Fproduct_tag&post=18400"}],"curies":[{"name":"wp","href":"https:\/\/api.w.org\/{rel}","templated":true}]}}