{"id":18519,"date":"2024-01-08T19:21:13","date_gmt":"2024-01-08T19:21:13","guid":{"rendered":"https:\/\/gozu.zone\/?post_type=product&#038;p=18519"},"modified":"2024-06-04T19:56:35","modified_gmt":"2024-06-04T19:56:35","slug":"rangement-cascadia","status":"publish","type":"product","link":"https:\/\/gozu.zone\/?product=rangement-cascadia","title":{"rendered":"Rangement &#8211; Cascadia \u2122"},"content":{"rendered":"  <div id=\"page-header-371131758\" class=\"page-header-wrapper\">\n  <div class=\"page-title dark featured-title has-parallax\">\n\n        <div class=\"page-title-bg\">\n      <div class=\"title-bg fill bg-fill\"\n        data-parallax-container=\".page-title\"\n        data-parallax-background\n        data-parallax=\"-8\">\n      <\/div>\n      <div class=\"title-overlay fill\"><\/div>\n    <\/div>\n    \n    <div class=\"page-title-inner container align-center flex-row medium-flex-wrap\" >\n              <div class=\"title-wrapper flex-col text-left medium-text-center\">\n          <h1 class=\"entry-title mb-0\">\n            Rangement &#8211; Cascadia \u2122          <\/h1>\n        <\/div>\n                    <div class=\"title-content flex-col flex-right text-right medium-text-center\">\n        <div class=\"title-breadcrumbs pb-half pt-half\"><\/div>      <\/div>\n    <\/div>\n\n     \n<style>\n#page-header-371131758 .title-bg {\n  background-image: url(https:\/\/gozu.zone\/wp-content\/uploads\/2024\/01\/rangement-cascadia-gozu-zone-1.png);\n}\n<\/style>\n  <\/div>\n    <\/div>\n  \r\n<hr \/>\r\n<p>Rangement\u00a0 compatible avec le jeu\u00a0<strong>Cascadia et son extension Paysages.\u00a0<\/strong>Sp\u00e9cialement con\u00e7u pour une mise en place rapide et rangement optimis\u00e9 dans la boite de base.<\/p>\r\n<h3><strong>Contenu de l\u2019insert imprim\u00e9 en 3D pour Cascadia\u2122 :<\/strong><\/h3>\r\n<ul>\r\n<li>1 module pour les tuiles habitats avec un s\u00e9parateur par paquet de 20. Utilisables en partie.<\/li>\r\n<li>1 module pour les tuiles habitats de d\u00e9part.<\/li>\r\n<li>1 module pour les jetons natures utilisable en partie.<\/li>\r\n<li>1 module pour les cartes d\u00e9compte de la faune avec un s\u00e9parateur pour les cartes de l&rsquo;extension.<\/li>\r\n<li>1 modules pour les cartes d\u00e9compte des paysages.<\/li>\r\n<li>2 modules pour les jetons paysages.<\/li>\r\n<li>2 bloqueurs pour maintenir l&rsquo;ensemble en place.<\/li>\r\n<\/ul>\r\n<h3><strong>REMARQUES <\/strong><strong>:<\/strong><\/h3>\r\n<ul>\r\n<li>Compatible <strong>avec ou sans<\/strong> pochettes<\/li>\r\n<li>Rangement sur la tranche possible<\/li>\r\n<\/ul>\r\n\r\n\r\n<hr \/>\r\n<p class=\"disclaimer\"><strong>Cascadia et son extension paysages<\/strong>\u00a0sont \u00e9dit\u00e9 par\u00a0<strong>Lucky Duck Games<\/strong>.\u00a0<strong>Gozu Zone<\/strong>\u00a0propose de sa propre initiative des rangements compatibles avec ce jeu qui demeurent la propri\u00e9t\u00e9 de l&rsquo;\u00e9diteur. Ce dernier n&rsquo;assume aucune responsabilit\u00e9 quant \u00e0 nos produits.<\/p>\r\n<p class=\"disclaimer\"><strong>Remarque<\/strong> : Ce rangement est propos\u00e9 en couleur\u00a0<strong>noire\u00a0<\/strong>par d\u00e9faut. Si vous souhaitez un coloris personnalis\u00e9, merci de contacter l&rsquo;\u00e9quipe via le chat en bas \u00e0 droite ! Nous nous ferons un plaisir d&rsquo;\u00e9tudier votre demande et nous vous r\u00e9pondrons\u00a0dans les plus brefs d\u00e9lais.<\/p>\r\n<p class=\"disclaimer\">Ce produit est <strong>fabriqu\u00e9 en France<\/strong>.<\/p>","protected":false},"excerpt":{"rendered":"<p>Rangement compatible avec le jeu<strong> Cascadia\u2122 et son extension paysages<\/strong> !\u00a0 Mise en place rapide et rangement optimis\u00e9.<\/p>\n","protected":false},"featured_media":18527,"comment_status":"open","ping_status":"closed","template":"","meta":{"_acf_changed":false},"product_brand":[],"product_cat":[311],"product_tag":[294,259],"class_list":{"0":"post-18519","1":"product","2":"type-product","3":"status-publish","4":"has-post-thumbnail","6":"product_cat-organiseurs","7":"product_tag-organiseur","8":"product_tag-rangements","9":"product_shipping_class-livraisonstandard_colis","11":"first","12":"instock","13":"featured","14":"taxable","15":"shipping-taxable","16":"purchasable","17":"product-type-simple"},"acf":[],"yoast_head":"<!-- This site is optimized with the Yoast SEO plugin v25.3 - https:\/\/yoast.com\/wordpress\/plugins\/seo\/ -->\n<title>Acheter Rangement - Cascadia \u2122 - GOZU ZONE - Jeux et Accessoires<\/title>\n<meta name=\"description\" content=\"Rangement compatible avec le jeu Cascadia\u2122 et son extension paysages !\u00a0 Mise en place rapide et rangement optimis\u00e9.\" \/>\n<meta name=\"robots\" content=\"index, follow, max-snippet:-1, max-image-preview:large, max-video-preview:-1\" \/>\n<link rel=\"canonical\" href=\"https:\/\/gozu.zone\/?product=rangement-cascadia\" \/>\n<meta property=\"og:locale\" content=\"fr_FR\" \/>\n<meta property=\"og:type\" content=\"article\" \/>\n<meta property=\"og:title\" content=\"Acheter Rangement - Cascadia \u2122 - GOZU ZONE - Jeux et Accessoires\" \/>\n<meta property=\"og:description\" content=\"Rangement compatible avec le jeu Cascadia\u2122 et son extension paysages !\u00a0 Mise en place rapide et rangement optimis\u00e9.\" \/>\n<meta property=\"og:url\" content=\"https:\/\/gozu.zone\/?product=rangement-cascadia\" \/>\n<meta property=\"og:site_name\" content=\"GOZU ZONE\" \/>\n<meta property=\"article:publisher\" content=\"https:\/\/www.facebook.com\/gozuzone\/\" \/>\n<meta property=\"article:modified_time\" content=\"2024-06-04T19:56:35+00:00\" \/>\n<meta property=\"og:image\" content=\"https:\/\/gozu.zone\/wp-content\/uploads\/2024\/01\/rangement-cascadia-gozu-zone-1.png\" \/>\n\t<meta property=\"og:image:width\" content=\"1200\" \/>\n\t<meta property=\"og:image:height\" content=\"1200\" \/>\n\t<meta property=\"og:image:type\" content=\"image\/png\" \/>\n<meta name=\"twitter:card\" content=\"summary_large_image\" \/>\n<meta name=\"twitter:site\" content=\"@gozuzone\" \/>\n<meta name=\"twitter:label1\" content=\"Dur\u00e9e de lecture estim\u00e9e\" \/>\n\t<meta name=\"twitter:data1\" content=\"2 minutes\" \/>\n<script type=\"application\/ld+json\" class=\"yoast-schema-graph\">{\"@context\":\"https:\/\/schema.org\",\"@graph\":[{\"@type\":\"WebPage\",\"@id\":\"https:\/\/gozu.zone\/?product=rangement-cascadia\",\"url\":\"https:\/\/gozu.zone\/?product=rangement-cascadia\",\"name\":\"Acheter Rangement - Cascadia \u2122 - GOZU ZONE - Jeux et Accessoires\",\"isPartOf\":{\"@id\":\"https:\/\/gozu.zone\/#website\"},\"primaryImageOfPage\":{\"@id\":\"https:\/\/gozu.zone\/?product=rangement-cascadia#primaryimage\"},\"image\":{\"@id\":\"https:\/\/gozu.zone\/?product=rangement-cascadia#primaryimage\"},\"thumbnailUrl\":\"https:\/\/gozu.zone\/wp-content\/uploads\/2024\/01\/rangement-cascadia-gozu-zone-1.png\",\"datePublished\":\"2024-01-08T19:21:13+00:00\",\"dateModified\":\"2024-06-04T19:56:35+00:00\",\"description\":\"Rangement compatible avec le jeu Cascadia\u2122 et son extension paysages !\u00a0 Mise en place rapide et rangement optimis\u00e9.\",\"breadcrumb\":{\"@id\":\"https:\/\/gozu.zone\/?product=rangement-cascadia#breadcrumb\"},\"inLanguage\":\"fr-FR\",\"potentialAction\":[{\"@type\":\"ReadAction\",\"target\":[\"https:\/\/gozu.zone\/?product=rangement-cascadia\"]}]},{\"@type\":\"ImageObject\",\"inLanguage\":\"fr-FR\",\"@id\":\"https:\/\/gozu.zone\/?product=rangement-cascadia#primaryimage\",\"url\":\"https:\/\/gozu.zone\/wp-content\/uploads\/2024\/01\/rangement-cascadia-gozu-zone-1.png\",\"contentUrl\":\"https:\/\/gozu.zone\/wp-content\/uploads\/2024\/01\/rangement-cascadia-gozu-zone-1.png\",\"width\":1200,\"height\":1200},{\"@type\":\"BreadcrumbList\",\"@id\":\"https:\/\/gozu.zone\/?product=rangement-cascadia#breadcrumb\",\"itemListElement\":[{\"@type\":\"ListItem\",\"position\":1,\"name\":\"Accueil\",\"item\":\"https:\/\/gozu.zone\/\"},{\"@type\":\"ListItem\",\"position\":2,\"name\":\"BOUTIQUE\",\"item\":\"https:\/\/gozu.zone\/?page_id=308\"},{\"@type\":\"ListItem\",\"position\":3,\"name\":\"Rangement &#8211; Cascadia \u2122\"}]},{\"@type\":\"WebSite\",\"@id\":\"https:\/\/gozu.zone\/#website\",\"url\":\"https:\/\/gozu.zone\/\",\"name\":\"GOZU ZONE\",\"description\":\"Toujours plus pour vos jeux\",\"potentialAction\":[{\"@type\":\"SearchAction\",\"target\":{\"@type\":\"EntryPoint\",\"urlTemplate\":\"https:\/\/gozu.zone\/?s={search_term_string}\"},\"query-input\":{\"@type\":\"PropertyValueSpecification\",\"valueRequired\":true,\"valueName\":\"search_term_string\"}}],\"inLanguage\":\"fr-FR\"}]}<\/script>\n<!-- \/ Yoast SEO plugin. -->","yoast_head_json":{"title":"Acheter Rangement - Cascadia \u2122 - GOZU ZONE - Jeux et Accessoires","description":"Rangement compatible avec le jeu Cascadia\u2122 et son extension paysages !\u00a0 Mise en place rapide et rangement optimis\u00e9.","robots":{"index":"index","follow":"follow","max-snippet":"max-snippet:-1","max-image-preview":"max-image-preview:large","max-video-preview":"max-video-preview:-1"},"canonical":"https:\/\/gozu.zone\/?product=rangement-cascadia","og_locale":"fr_FR","og_type":"article","og_title":"Acheter Rangement - Cascadia \u2122 - GOZU ZONE - Jeux et Accessoires","og_description":"Rangement compatible avec le jeu Cascadia\u2122 et son extension paysages !\u00a0 Mise en place rapide et rangement optimis\u00e9.","og_url":"https:\/\/gozu.zone\/?product=rangement-cascadia","og_site_name":"GOZU ZONE","article_publisher":"https:\/\/www.facebook.com\/gozuzone\/","article_modified_time":"2024-06-04T19:56:35+00:00","og_image":[{"width":1200,"height":1200,"url":"https:\/\/gozu.zone\/wp-content\/uploads\/2024\/01\/rangement-cascadia-gozu-zone-1.png","type":"image\/png"}],"twitter_card":"summary_large_image","twitter_site":"@gozuzone","twitter_misc":{"Dur\u00e9e de lecture estim\u00e9e":"2 minutes"},"schema":{"@context":"https:\/\/schema.org","@graph":[{"@type":"WebPage","@id":"https:\/\/gozu.zone\/?product=rangement-cascadia","url":"https:\/\/gozu.zone\/?product=rangement-cascadia","name":"Acheter Rangement - Cascadia \u2122 - GOZU ZONE - Jeux et Accessoires","isPartOf":{"@id":"https:\/\/gozu.zone\/#website"},"primaryImageOfPage":{"@id":"https:\/\/gozu.zone\/?product=rangement-cascadia#primaryimage"},"image":{"@id":"https:\/\/gozu.zone\/?product=rangement-cascadia#primaryimage"},"thumbnailUrl":"https:\/\/gozu.zone\/wp-content\/uploads\/2024\/01\/rangement-cascadia-gozu-zone-1.png","datePublished":"2024-01-08T19:21:13+00:00","dateModified":"2024-06-04T19:56:35+00:00","description":"Rangement compatible avec le jeu Cascadia\u2122 et son extension paysages !\u00a0 Mise en place rapide et rangement optimis\u00e9.","breadcrumb":{"@id":"https:\/\/gozu.zone\/?product=rangement-cascadia#breadcrumb"},"inLanguage":"fr-FR","potentialAction":[{"@type":"ReadAction","target":["https:\/\/gozu.zone\/?product=rangement-cascadia"]}]},{"@type":"ImageObject","inLanguage":"fr-FR","@id":"https:\/\/gozu.zone\/?product=rangement-cascadia#primaryimage","url":"https:\/\/gozu.zone\/wp-content\/uploads\/2024\/01\/rangement-cascadia-gozu-zone-1.png","contentUrl":"https:\/\/gozu.zone\/wp-content\/uploads\/2024\/01\/rangement-cascadia-gozu-zone-1.png","width":1200,"height":1200},{"@type":"BreadcrumbList","@id":"https:\/\/gozu.zone\/?product=rangement-cascadia#breadcrumb","itemListElement":[{"@type":"ListItem","position":1,"name":"Accueil","item":"https:\/\/gozu.zone\/"},{"@type":"ListItem","position":2,"name":"BOUTIQUE","item":"https:\/\/gozu.zone\/?page_id=308"},{"@type":"ListItem","position":3,"name":"Rangement &#8211; Cascadia \u2122"}]},{"@type":"WebSite","@id":"https:\/\/gozu.zone\/#website","url":"https:\/\/gozu.zone\/","name":"GOZU ZONE","description":"Toujours plus pour vos jeux","potentialAction":[{"@type":"SearchAction","target":{"@type":"EntryPoint","urlTemplate":"https:\/\/gozu.zone\/?s={search_term_string}"},"query-input":{"@type":"PropertyValueSpecification","valueRequired":true,"valueName":"search_term_string"}}],"inLanguage":"fr-FR"}]}},"_links":{"self":[{"href":"https:\/\/gozu.zone\/index.php?rest_route=\/wp\/v2\/product\/18519","targetHints":{"allow":["GET"]}}],"collection":[{"href":"https:\/\/gozu.zone\/index.php?rest_route=\/wp\/v2\/product"}],"about":[{"href":"https:\/\/gozu.zone\/index.php?rest_route=\/wp\/v2\/types\/product"}],"replies":[{"embeddable":true,"href":"https:\/\/gozu.zone\/index.php?rest_route=%2Fwp%2Fv2%2Fcomments&post=18519"}],"wp:featuredmedia":[{"embeddable":true,"href":"https:\/\/gozu.zone\/index.php?rest_route=\/wp\/v2\/media\/18527"}],"wp:attachment":[{"href":"https:\/\/gozu.zone\/index.php?rest_route=%2Fwp%2Fv2%2Fmedia&parent=18519"}],"wp:term":[{"taxonomy":"product_brand","embeddable":true,"href":"https:\/\/gozu.zone\/index.php?rest_route=%2Fwp%2Fv2%2Fproduct_brand&post=18519"},{"taxonomy":"product_cat","embeddable":true,"href":"https:\/\/gozu.zone\/index.php?rest_route=%2Fwp%2Fv2%2Fproduct_cat&post=18519"},{"taxonomy":"product_tag","embeddable":true,"href":"https:\/\/gozu.zone\/index.php?rest_route=%2Fwp%2Fv2%2Fproduct_tag&post=18519"}],"curies":[{"name":"wp","href":"https:\/\/api.w.org\/{rel}","templated":true}]}}