{"id":18781,"date":"2024-05-31T21:37:08","date_gmt":"2024-05-31T21:37:08","guid":{"rendered":"https:\/\/gozu.zone\/?post_type=product&#038;p=18781"},"modified":"2024-07-31T06:39:34","modified_gmt":"2024-07-31T06:39:34","slug":"7-wonders-edifice","status":"publish","type":"product","link":"https:\/\/gozu.zone\/?product=7-wonders-edifice","title":{"rendered":"7 Wonders &#8211; Edifice"},"content":{"rendered":"<h3>B\u00e2tissez ensemble de nouveaux \u00e9difices !<\/h3>\n<p>Avec \u00ab Edifice \u00bb, la nouvelle extension de 7 Wonders, les joueurs vont devoir relever ensemble un d\u00e9fi : b\u00e2tir de majestueux \u00e9difices. Ils en tireront les b\u00e9n\u00e9fices \u00e0 sa construction ou en subiront les pr\u00e9judices en cas d\u2019\u00e9chec.<br \/>\nMise en \u0153uvre simple, sans prolonger les parties, avec une interaction suppl\u00e9mentaire par un projet commun et de nouveaux enjeux, \u00ab Edifice \u00bb est id\u00e9al pour bien d\u00e9buter les extensions de 7 Wonders.<\/p>\n<p><strong>Mat\u00e9riel :<\/strong><\/p>\n<ul>\n<li>2 nouvelles merveilles<\/li>\n<li>15 cartes Edifices<\/li>\n<li>24 pions Participation<\/li>\n<li>15 jetons Dette<\/li>\n<li>12 jetons Conflit Militaire<\/li>\n<li>3 Pie\u0300ces de valeur 6<\/li>\n<li>1 carnet de score<\/li>\n<li>1 livret de description des nouveaux effets<\/li>\n<\/ul>\n","protected":false},"excerpt":{"rendered":"<div class=\"fa_description_boite_produit\">7 Wonders Nouvelle Edition &#8211; Edifice est une extension pour 7 Wonders o\u00f9 les joueurs vont devoir relever ensemble un d\u00e9fi : b\u00e2tir de majestueux \u00e9difices.<\/div>\n<ul>\n<li><strong>\u00c2ge<\/strong> : 10 ans et +<\/li>\n<li><strong>Dur\u00e9e<\/strong> : 40 min<\/li>\n<li><strong>Joueurs<\/strong> : 3 \u00e0 7<\/li>\n<li><strong>Ce jeu est une extension de 7 Wonders et n\u00e9cessite le jeu de base.<\/strong><\/li>\n<\/ul>\n","protected":false},"featured_media":18778,"comment_status":"open","ping_status":"closed","template":"","meta":{"_acf_changed":false},"product_brand":[],"product_cat":[757,323,494,327],"product_tag":[334,177,405,516],"class_list":{"0":"post-18781","1":"product","2":"type-product","3":"status-publish","4":"has-post-thumbnail","6":"product_cat-7-wonders","7":"product_cat-jeux","8":"product_cat-jeux-de-societe","9":"product_cat-extensions","10":"product_tag-antiquite","11":"product_tag-cartes","12":"product_tag-developpement","13":"product_tag-draft","14":"product_shipping_class-livraisonstandard_colis","16":"first","17":"outofstock","18":"taxable","19":"shipping-taxable","20":"purchasable","21":"product-type-simple"},"acf":[],"yoast_head":"<!-- This site is optimized with the Yoast SEO plugin v25.3 - https:\/\/yoast.com\/wordpress\/plugins\/seo\/ -->\n<title>Acheter 7 Wonders - Edifice - GOZU ZONE - Jeux et Accessoires<\/title>\n<meta name=\"description\" content=\"7 Wonders Nouvelle Edition - Edifices est une extension pour 7 Wonders o\u00f9 les joueurs vont devoir relever ensemble un d\u00e9fi : b\u00e2tir de majestueux \u00e9difices.\" \/>\n<meta name=\"robots\" content=\"index, follow, max-snippet:-1, max-image-preview:large, max-video-preview:-1\" \/>\n<link rel=\"canonical\" href=\"https:\/\/gozu.zone\/?product=7-wonders-edifice\" \/>\n<meta property=\"og:locale\" content=\"fr_FR\" \/>\n<meta property=\"og:type\" content=\"article\" \/>\n<meta property=\"og:title\" content=\"Acheter 7 Wonders - Edifice - GOZU ZONE - Jeux et Accessoires\" \/>\n<meta property=\"og:description\" content=\"7 Wonders Nouvelle Edition - Edifices est une extension pour 7 Wonders o\u00f9 les joueurs vont devoir relever ensemble un d\u00e9fi : b\u00e2tir de majestueux \u00e9difices.\" \/>\n<meta property=\"og:url\" content=\"https:\/\/gozu.zone\/?product=7-wonders-edifice\" \/>\n<meta property=\"og:site_name\" content=\"GOZU ZONE\" \/>\n<meta property=\"article:publisher\" content=\"https:\/\/www.facebook.com\/gozuzone\/\" \/>\n<meta property=\"article:modified_time\" content=\"2024-07-31T06:39:34+00:00\" \/>\n<meta property=\"og:image\" content=\"https:\/\/gozu.zone\/wp-content\/uploads\/2017\/10\/7wonders_edifice_1.png\" \/>\n\t<meta property=\"og:image:width\" content=\"1000\" \/>\n\t<meta property=\"og:image:height\" content=\"1000\" \/>\n\t<meta property=\"og:image:type\" content=\"image\/png\" \/>\n<meta name=\"twitter:card\" content=\"summary_large_image\" \/>\n<meta name=\"twitter:site\" content=\"@gozuzone\" \/>\n<meta name=\"twitter:label1\" content=\"Dur\u00e9e de lecture estim\u00e9e\" \/>\n\t<meta name=\"twitter:data1\" content=\"1 minute\" \/>\n<script type=\"application\/ld+json\" class=\"yoast-schema-graph\">{\"@context\":\"https:\/\/schema.org\",\"@graph\":[{\"@type\":\"WebPage\",\"@id\":\"https:\/\/gozu.zone\/?product=7-wonders-edifice\",\"url\":\"https:\/\/gozu.zone\/?product=7-wonders-edifice\",\"name\":\"Acheter 7 Wonders - Edifice - GOZU ZONE - Jeux et Accessoires\",\"isPartOf\":{\"@id\":\"https:\/\/gozu.zone\/#website\"},\"primaryImageOfPage\":{\"@id\":\"https:\/\/gozu.zone\/?product=7-wonders-edifice#primaryimage\"},\"image\":{\"@id\":\"https:\/\/gozu.zone\/?product=7-wonders-edifice#primaryimage\"},\"thumbnailUrl\":\"https:\/\/gozu.zone\/wp-content\/uploads\/2017\/10\/7wonders_edifice_1.png\",\"datePublished\":\"2024-05-31T21:37:08+00:00\",\"dateModified\":\"2024-07-31T06:39:34+00:00\",\"description\":\"7 Wonders Nouvelle Edition - Edifices est une extension pour 7 Wonders o\u00f9 les joueurs vont devoir relever ensemble un d\u00e9fi : b\u00e2tir de majestueux \u00e9difices.\",\"breadcrumb\":{\"@id\":\"https:\/\/gozu.zone\/?product=7-wonders-edifice#breadcrumb\"},\"inLanguage\":\"fr-FR\",\"potentialAction\":[{\"@type\":\"ReadAction\",\"target\":[\"https:\/\/gozu.zone\/?product=7-wonders-edifice\"]}]},{\"@type\":\"ImageObject\",\"inLanguage\":\"fr-FR\",\"@id\":\"https:\/\/gozu.zone\/?product=7-wonders-edifice#primaryimage\",\"url\":\"https:\/\/gozu.zone\/wp-content\/uploads\/2017\/10\/7wonders_edifice_1.png\",\"contentUrl\":\"https:\/\/gozu.zone\/wp-content\/uploads\/2017\/10\/7wonders_edifice_1.png\",\"width\":1000,\"height\":1000,\"caption\":\"extension edifice pour 7 wonders\"},{\"@type\":\"BreadcrumbList\",\"@id\":\"https:\/\/gozu.zone\/?product=7-wonders-edifice#breadcrumb\",\"itemListElement\":[{\"@type\":\"ListItem\",\"position\":1,\"name\":\"Accueil\",\"item\":\"https:\/\/gozu.zone\/\"},{\"@type\":\"ListItem\",\"position\":2,\"name\":\"BOUTIQUE\",\"item\":\"https:\/\/gozu.zone\/?page_id=308\"},{\"@type\":\"ListItem\",\"position\":3,\"name\":\"7 Wonders &#8211; Edifice\"}]},{\"@type\":\"WebSite\",\"@id\":\"https:\/\/gozu.zone\/#website\",\"url\":\"https:\/\/gozu.zone\/\",\"name\":\"GOZU ZONE\",\"description\":\"Toujours plus pour vos jeux\",\"potentialAction\":[{\"@type\":\"SearchAction\",\"target\":{\"@type\":\"EntryPoint\",\"urlTemplate\":\"https:\/\/gozu.zone\/?s={search_term_string}\"},\"query-input\":{\"@type\":\"PropertyValueSpecification\",\"valueRequired\":true,\"valueName\":\"search_term_string\"}}],\"inLanguage\":\"fr-FR\"}]}<\/script>\n<!-- \/ Yoast SEO plugin. -->","yoast_head_json":{"title":"Acheter 7 Wonders - Edifice - GOZU ZONE - Jeux et Accessoires","description":"7 Wonders Nouvelle Edition - Edifices est une extension pour 7 Wonders o\u00f9 les joueurs vont devoir relever ensemble un d\u00e9fi : b\u00e2tir de majestueux \u00e9difices.","robots":{"index":"index","follow":"follow","max-snippet":"max-snippet:-1","max-image-preview":"max-image-preview:large","max-video-preview":"max-video-preview:-1"},"canonical":"https:\/\/gozu.zone\/?product=7-wonders-edifice","og_locale":"fr_FR","og_type":"article","og_title":"Acheter 7 Wonders - Edifice - GOZU ZONE - Jeux et Accessoires","og_description":"7 Wonders Nouvelle Edition - Edifices est une extension pour 7 Wonders o\u00f9 les joueurs vont devoir relever ensemble un d\u00e9fi : b\u00e2tir de majestueux \u00e9difices.","og_url":"https:\/\/gozu.zone\/?product=7-wonders-edifice","og_site_name":"GOZU ZONE","article_publisher":"https:\/\/www.facebook.com\/gozuzone\/","article_modified_time":"2024-07-31T06:39:34+00:00","og_image":[{"width":1000,"height":1000,"url":"https:\/\/gozu.zone\/wp-content\/uploads\/2017\/10\/7wonders_edifice_1.png","type":"image\/png"}],"twitter_card":"summary_large_image","twitter_site":"@gozuzone","twitter_misc":{"Dur\u00e9e de lecture estim\u00e9e":"1 minute"},"schema":{"@context":"https:\/\/schema.org","@graph":[{"@type":"WebPage","@id":"https:\/\/gozu.zone\/?product=7-wonders-edifice","url":"https:\/\/gozu.zone\/?product=7-wonders-edifice","name":"Acheter 7 Wonders - Edifice - GOZU ZONE - Jeux et Accessoires","isPartOf":{"@id":"https:\/\/gozu.zone\/#website"},"primaryImageOfPage":{"@id":"https:\/\/gozu.zone\/?product=7-wonders-edifice#primaryimage"},"image":{"@id":"https:\/\/gozu.zone\/?product=7-wonders-edifice#primaryimage"},"thumbnailUrl":"https:\/\/gozu.zone\/wp-content\/uploads\/2017\/10\/7wonders_edifice_1.png","datePublished":"2024-05-31T21:37:08+00:00","dateModified":"2024-07-31T06:39:34+00:00","description":"7 Wonders Nouvelle Edition - Edifices est une extension pour 7 Wonders o\u00f9 les joueurs vont devoir relever ensemble un d\u00e9fi : b\u00e2tir de majestueux \u00e9difices.","breadcrumb":{"@id":"https:\/\/gozu.zone\/?product=7-wonders-edifice#breadcrumb"},"inLanguage":"fr-FR","potentialAction":[{"@type":"ReadAction","target":["https:\/\/gozu.zone\/?product=7-wonders-edifice"]}]},{"@type":"ImageObject","inLanguage":"fr-FR","@id":"https:\/\/gozu.zone\/?product=7-wonders-edifice#primaryimage","url":"https:\/\/gozu.zone\/wp-content\/uploads\/2017\/10\/7wonders_edifice_1.png","contentUrl":"https:\/\/gozu.zone\/wp-content\/uploads\/2017\/10\/7wonders_edifice_1.png","width":1000,"height":1000,"caption":"extension edifice pour 7 wonders"},{"@type":"BreadcrumbList","@id":"https:\/\/gozu.zone\/?product=7-wonders-edifice#breadcrumb","itemListElement":[{"@type":"ListItem","position":1,"name":"Accueil","item":"https:\/\/gozu.zone\/"},{"@type":"ListItem","position":2,"name":"BOUTIQUE","item":"https:\/\/gozu.zone\/?page_id=308"},{"@type":"ListItem","position":3,"name":"7 Wonders &#8211; Edifice"}]},{"@type":"WebSite","@id":"https:\/\/gozu.zone\/#website","url":"https:\/\/gozu.zone\/","name":"GOZU ZONE","description":"Toujours plus pour vos jeux","potentialAction":[{"@type":"SearchAction","target":{"@type":"EntryPoint","urlTemplate":"https:\/\/gozu.zone\/?s={search_term_string}"},"query-input":{"@type":"PropertyValueSpecification","valueRequired":true,"valueName":"search_term_string"}}],"inLanguage":"fr-FR"}]}},"_links":{"self":[{"href":"https:\/\/gozu.zone\/index.php?rest_route=\/wp\/v2\/product\/18781","targetHints":{"allow":["GET"]}}],"collection":[{"href":"https:\/\/gozu.zone\/index.php?rest_route=\/wp\/v2\/product"}],"about":[{"href":"https:\/\/gozu.zone\/index.php?rest_route=\/wp\/v2\/types\/product"}],"replies":[{"embeddable":true,"href":"https:\/\/gozu.zone\/index.php?rest_route=%2Fwp%2Fv2%2Fcomments&post=18781"}],"wp:featuredmedia":[{"embeddable":true,"href":"https:\/\/gozu.zone\/index.php?rest_route=\/wp\/v2\/media\/18778"}],"wp:attachment":[{"href":"https:\/\/gozu.zone\/index.php?rest_route=%2Fwp%2Fv2%2Fmedia&parent=18781"}],"wp:term":[{"taxonomy":"product_brand","embeddable":true,"href":"https:\/\/gozu.zone\/index.php?rest_route=%2Fwp%2Fv2%2Fproduct_brand&post=18781"},{"taxonomy":"product_cat","embeddable":true,"href":"https:\/\/gozu.zone\/index.php?rest_route=%2Fwp%2Fv2%2Fproduct_cat&post=18781"},{"taxonomy":"product_tag","embeddable":true,"href":"https:\/\/gozu.zone\/index.php?rest_route=%2Fwp%2Fv2%2Fproduct_tag&post=18781"}],"curies":[{"name":"wp","href":"https:\/\/api.w.org\/{rel}","templated":true}]}}