{"id":18803,"date":"2024-06-03T18:03:41","date_gmt":"2024-06-03T18:03:41","guid":{"rendered":"https:\/\/gozu.zone\/?post_type=product&#038;p=18803"},"modified":"2025-05-29T17:45:00","modified_gmt":"2025-05-29T17:45:00","slug":"7-wonders-duel-agora","status":"publish","type":"product","link":"https:\/\/gozu.zone\/?product=7-wonders-duel-agora","title":{"rendered":"7 Wonders Duel &#8211; Agora"},"content":{"rendered":"<h2 class=\"text-3xl md:text-4xl font-heading mb-5\">\u00ab\u00a0L\u2019Homme est un animal politique\u00a0\u00bb (Aristote)<\/h2>\n<div>\n<p class=\"p1\">C\u2019est dans les rangs du S\u00e9nat que sont prises les d\u00e9cisions qui fa\u00e7onnent la destin\u00e9e d\u2019une civilisation&#8230; et dans les couloirs sombres que les comploteurs \u0153uvrent pour leur propre int\u00e9r\u00eat.<\/p>\n<\/div>\n<h2 class=\"text-3xl md:text-4xl font-heading mb-5\">Influences et coups fourr\u00e9s<\/h2>\n<div>\n<p>Cette extension de 7 Wonders Duel met en sc\u00e8ne des S\u00e9nateurs et leur influence sur les Chambres du S\u00e9nat. Tentez de contr\u00f4ler ces Chambres pour b\u00e9n\u00e9ficier de D\u00e9crets, ou faites appel \u00e0 des Comploteurs qui pourraient bien renverser la situation.<\/p>\n<\/div>\n<h2 class=\"text-3xl md:text-4xl leading-10 font-heading\">Agora, c\u2019est aussi :<\/h2>\n<ul>\n<li class=\"p1\">Un duel encore plus tendu, chaque d\u00e9cision compte et aura une incidence pour la suite de la partie.<\/li>\n<li class=\"p1\">Une nouvelle condition de victoire : la Supr\u00e9matie Politique.<\/li>\n<li class=\"p1\">Une extension de 7 Wonders Duel compatible avec l&rsquo;extension Panth\u00e9on.<\/li>\n<\/ul>\n","protected":false},"excerpt":{"rendered":"<p>Agora est une extension de 7 Wonders Duel qui met en sc\u00e8ne des S\u00e9nateurs et leur influence sur les Chambres du S\u00e9nat. Tentez de contr\u00f4ler ces Chambres pour b\u00e9n\u00e9ficier de D\u00e9crets, ou faites appel \u00e0 des Comploteurs qui pourraient bien renverser la situation.<\/p>\n<ul>\n<li><strong>\u00c2ge<\/strong> : 10 ans et +<\/li>\n<li><strong>Dur\u00e9e<\/strong> : 30 min<\/li>\n<li><strong>Joueurs<\/strong> :\u00a02<\/li>\n<\/ul>\n","protected":false},"featured_media":18804,"comment_status":"open","ping_status":"closed","template":"","meta":{"_acf_changed":false},"product_brand":[],"product_cat":[761,327,323,401,494,333],"product_tag":[334,177],"class_list":{"0":"post-18803","1":"product","2":"type-product","3":"status-publish","4":"has-post-thumbnail","6":"product_cat-7-wonders-duel","7":"product_cat-extensions","8":"product_cat-jeux","9":"product_cat-jeux-a-2","10":"product_cat-jeux-de-societe","11":"product_cat-par-types","12":"product_tag-antiquite","13":"product_tag-cartes","14":"product_shipping_class-livraisonstandard_colis","16":"first","17":"outofstock","18":"taxable","19":"shipping-taxable","20":"purchasable","21":"product-type-simple"},"acf":[],"yoast_head":"<!-- This site is optimized with the Yoast SEO plugin v25.3 - https:\/\/yoast.com\/wordpress\/plugins\/seo\/ -->\n<title>Acheter 7 Wonders Duel - Agora - Boutique GOZU ZONE - Jeux et Accessoires<\/title>\n<meta name=\"robots\" content=\"index, follow, max-snippet:-1, max-image-preview:large, max-video-preview:-1\" \/>\n<link rel=\"canonical\" href=\"https:\/\/gozu.zone\/?product=7-wonders-duel-agora\" \/>\n<meta property=\"og:locale\" content=\"fr_FR\" \/>\n<meta property=\"og:type\" content=\"article\" \/>\n<meta property=\"og:title\" content=\"Acheter 7 Wonders Duel - Agora - Boutique GOZU ZONE - Jeux et Accessoires\" \/>\n<meta property=\"og:description\" content=\"Agora est une extension de 7 Wonders Duel qui met en sc\u00e8ne des S\u00e9nateurs et leur influence sur les Chambres du S\u00e9nat. Tentez de contr\u00f4ler ces Chambres pour b\u00e9n\u00e9ficier de D\u00e9crets, ou faites appel \u00e0 des Comploteurs qui pourraient bien renverser la situation.   \u00c2ge : 10 ans et +  Dur\u00e9e : 30 min  Joueurs :\u00a02\" \/>\n<meta property=\"og:url\" content=\"https:\/\/gozu.zone\/?product=7-wonders-duel-agora\" \/>\n<meta property=\"og:site_name\" content=\"GOZU ZONE\" \/>\n<meta property=\"article:publisher\" content=\"https:\/\/www.facebook.com\/gozuzone\/\" \/>\n<meta property=\"article:modified_time\" content=\"2025-05-29T17:45:00+00:00\" \/>\n<meta property=\"og:image\" content=\"https:\/\/gozu.zone\/wp-content\/uploads\/2024\/06\/7-wonders-duel-agora-extension.png\" \/>\n\t<meta property=\"og:image:width\" content=\"1000\" \/>\n\t<meta property=\"og:image:height\" content=\"1000\" \/>\n\t<meta property=\"og:image:type\" content=\"image\/png\" \/>\n<meta name=\"twitter:card\" content=\"summary_large_image\" \/>\n<meta name=\"twitter:site\" content=\"@gozuzone\" \/>\n<meta name=\"twitter:label1\" content=\"Dur\u00e9e de lecture estim\u00e9e\" \/>\n\t<meta name=\"twitter:data1\" content=\"1 minute\" \/>\n<script type=\"application\/ld+json\" class=\"yoast-schema-graph\">{\"@context\":\"https:\/\/schema.org\",\"@graph\":[{\"@type\":\"WebPage\",\"@id\":\"https:\/\/gozu.zone\/?product=7-wonders-duel-agora\",\"url\":\"https:\/\/gozu.zone\/?product=7-wonders-duel-agora\",\"name\":\"Acheter 7 Wonders Duel - Agora - Boutique GOZU ZONE - Jeux et Accessoires\",\"isPartOf\":{\"@id\":\"https:\/\/gozu.zone\/#website\"},\"primaryImageOfPage\":{\"@id\":\"https:\/\/gozu.zone\/?product=7-wonders-duel-agora#primaryimage\"},\"image\":{\"@id\":\"https:\/\/gozu.zone\/?product=7-wonders-duel-agora#primaryimage\"},\"thumbnailUrl\":\"https:\/\/gozu.zone\/wp-content\/uploads\/2024\/06\/7-wonders-duel-agora-extension.png\",\"datePublished\":\"2024-06-03T18:03:41+00:00\",\"dateModified\":\"2025-05-29T17:45:00+00:00\",\"breadcrumb\":{\"@id\":\"https:\/\/gozu.zone\/?product=7-wonders-duel-agora#breadcrumb\"},\"inLanguage\":\"fr-FR\",\"potentialAction\":[{\"@type\":\"ReadAction\",\"target\":[\"https:\/\/gozu.zone\/?product=7-wonders-duel-agora\"]}]},{\"@type\":\"ImageObject\",\"inLanguage\":\"fr-FR\",\"@id\":\"https:\/\/gozu.zone\/?product=7-wonders-duel-agora#primaryimage\",\"url\":\"https:\/\/gozu.zone\/wp-content\/uploads\/2024\/06\/7-wonders-duel-agora-extension.png\",\"contentUrl\":\"https:\/\/gozu.zone\/wp-content\/uploads\/2024\/06\/7-wonders-duel-agora-extension.png\",\"width\":1000,\"height\":1000,\"caption\":\"7-wonders-duel-agora-extension\"},{\"@type\":\"BreadcrumbList\",\"@id\":\"https:\/\/gozu.zone\/?product=7-wonders-duel-agora#breadcrumb\",\"itemListElement\":[{\"@type\":\"ListItem\",\"position\":1,\"name\":\"Accueil\",\"item\":\"https:\/\/gozu.zone\/\"},{\"@type\":\"ListItem\",\"position\":2,\"name\":\"BOUTIQUE\",\"item\":\"https:\/\/gozu.zone\/?page_id=308\"},{\"@type\":\"ListItem\",\"position\":3,\"name\":\"7 Wonders Duel &#8211; Agora\"}]},{\"@type\":\"WebSite\",\"@id\":\"https:\/\/gozu.zone\/#website\",\"url\":\"https:\/\/gozu.zone\/\",\"name\":\"GOZU ZONE\",\"description\":\"Toujours plus pour vos jeux\",\"potentialAction\":[{\"@type\":\"SearchAction\",\"target\":{\"@type\":\"EntryPoint\",\"urlTemplate\":\"https:\/\/gozu.zone\/?s={search_term_string}\"},\"query-input\":{\"@type\":\"PropertyValueSpecification\",\"valueRequired\":true,\"valueName\":\"search_term_string\"}}],\"inLanguage\":\"fr-FR\"}]}<\/script>\n<!-- \/ Yoast SEO plugin. -->","yoast_head_json":{"title":"Acheter 7 Wonders Duel - Agora - Boutique GOZU ZONE - Jeux et Accessoires","robots":{"index":"index","follow":"follow","max-snippet":"max-snippet:-1","max-image-preview":"max-image-preview:large","max-video-preview":"max-video-preview:-1"},"canonical":"https:\/\/gozu.zone\/?product=7-wonders-duel-agora","og_locale":"fr_FR","og_type":"article","og_title":"Acheter 7 Wonders Duel - Agora - Boutique GOZU ZONE - Jeux et Accessoires","og_description":"Agora est une extension de 7 Wonders Duel qui met en sc\u00e8ne des S\u00e9nateurs et leur influence sur les Chambres du S\u00e9nat. Tentez de contr\u00f4ler ces Chambres pour b\u00e9n\u00e9ficier de D\u00e9crets, ou faites appel \u00e0 des Comploteurs qui pourraient bien renverser la situation.   \u00c2ge : 10 ans et +  Dur\u00e9e : 30 min  Joueurs :\u00a02","og_url":"https:\/\/gozu.zone\/?product=7-wonders-duel-agora","og_site_name":"GOZU ZONE","article_publisher":"https:\/\/www.facebook.com\/gozuzone\/","article_modified_time":"2025-05-29T17:45:00+00:00","og_image":[{"width":1000,"height":1000,"url":"https:\/\/gozu.zone\/wp-content\/uploads\/2024\/06\/7-wonders-duel-agora-extension.png","type":"image\/png"}],"twitter_card":"summary_large_image","twitter_site":"@gozuzone","twitter_misc":{"Dur\u00e9e de lecture estim\u00e9e":"1 minute"},"schema":{"@context":"https:\/\/schema.org","@graph":[{"@type":"WebPage","@id":"https:\/\/gozu.zone\/?product=7-wonders-duel-agora","url":"https:\/\/gozu.zone\/?product=7-wonders-duel-agora","name":"Acheter 7 Wonders Duel - Agora - Boutique GOZU ZONE - Jeux et Accessoires","isPartOf":{"@id":"https:\/\/gozu.zone\/#website"},"primaryImageOfPage":{"@id":"https:\/\/gozu.zone\/?product=7-wonders-duel-agora#primaryimage"},"image":{"@id":"https:\/\/gozu.zone\/?product=7-wonders-duel-agora#primaryimage"},"thumbnailUrl":"https:\/\/gozu.zone\/wp-content\/uploads\/2024\/06\/7-wonders-duel-agora-extension.png","datePublished":"2024-06-03T18:03:41+00:00","dateModified":"2025-05-29T17:45:00+00:00","breadcrumb":{"@id":"https:\/\/gozu.zone\/?product=7-wonders-duel-agora#breadcrumb"},"inLanguage":"fr-FR","potentialAction":[{"@type":"ReadAction","target":["https:\/\/gozu.zone\/?product=7-wonders-duel-agora"]}]},{"@type":"ImageObject","inLanguage":"fr-FR","@id":"https:\/\/gozu.zone\/?product=7-wonders-duel-agora#primaryimage","url":"https:\/\/gozu.zone\/wp-content\/uploads\/2024\/06\/7-wonders-duel-agora-extension.png","contentUrl":"https:\/\/gozu.zone\/wp-content\/uploads\/2024\/06\/7-wonders-duel-agora-extension.png","width":1000,"height":1000,"caption":"7-wonders-duel-agora-extension"},{"@type":"BreadcrumbList","@id":"https:\/\/gozu.zone\/?product=7-wonders-duel-agora#breadcrumb","itemListElement":[{"@type":"ListItem","position":1,"name":"Accueil","item":"https:\/\/gozu.zone\/"},{"@type":"ListItem","position":2,"name":"BOUTIQUE","item":"https:\/\/gozu.zone\/?page_id=308"},{"@type":"ListItem","position":3,"name":"7 Wonders Duel &#8211; Agora"}]},{"@type":"WebSite","@id":"https:\/\/gozu.zone\/#website","url":"https:\/\/gozu.zone\/","name":"GOZU ZONE","description":"Toujours plus pour vos jeux","potentialAction":[{"@type":"SearchAction","target":{"@type":"EntryPoint","urlTemplate":"https:\/\/gozu.zone\/?s={search_term_string}"},"query-input":{"@type":"PropertyValueSpecification","valueRequired":true,"valueName":"search_term_string"}}],"inLanguage":"fr-FR"}]}},"_links":{"self":[{"href":"https:\/\/gozu.zone\/index.php?rest_route=\/wp\/v2\/product\/18803","targetHints":{"allow":["GET"]}}],"collection":[{"href":"https:\/\/gozu.zone\/index.php?rest_route=\/wp\/v2\/product"}],"about":[{"href":"https:\/\/gozu.zone\/index.php?rest_route=\/wp\/v2\/types\/product"}],"replies":[{"embeddable":true,"href":"https:\/\/gozu.zone\/index.php?rest_route=%2Fwp%2Fv2%2Fcomments&post=18803"}],"wp:featuredmedia":[{"embeddable":true,"href":"https:\/\/gozu.zone\/index.php?rest_route=\/wp\/v2\/media\/18804"}],"wp:attachment":[{"href":"https:\/\/gozu.zone\/index.php?rest_route=%2Fwp%2Fv2%2Fmedia&parent=18803"}],"wp:term":[{"taxonomy":"product_brand","embeddable":true,"href":"https:\/\/gozu.zone\/index.php?rest_route=%2Fwp%2Fv2%2Fproduct_brand&post=18803"},{"taxonomy":"product_cat","embeddable":true,"href":"https:\/\/gozu.zone\/index.php?rest_route=%2Fwp%2Fv2%2Fproduct_cat&post=18803"},{"taxonomy":"product_tag","embeddable":true,"href":"https:\/\/gozu.zone\/index.php?rest_route=%2Fwp%2Fv2%2Fproduct_tag&post=18803"}],"curies":[{"name":"wp","href":"https:\/\/api.w.org\/{rel}","templated":true}]}}