{"id":18827,"date":"2024-06-04T19:41:00","date_gmt":"2024-06-04T19:41:00","guid":{"rendered":"https:\/\/gozu.zone\/?post_type=product&#038;p=18827"},"modified":"2024-06-04T21:25:20","modified_gmt":"2024-06-04T21:25:20","slug":"distributeur-double-cartes-mini-us","status":"publish","type":"product","link":"https:\/\/gozu.zone\/?product=distributeur-double-cartes-mini-us","title":{"rendered":"Distributeur double pour cartes mini am\u00e9ricaines &#8211; 200 Cartes sleev\u00e9es"},"content":{"rendered":"<p>Positionn\u00e9 \u00e0 l&rsquo;horizontale ou \u00e0 la verticale, ce distributeur vous permettra de maintenir sur la table de jeu vos cartes pochet\u00e9es au format mini-am\u00e9ricain.<\/p>\n<p>Pouvant contenir jusqu&rsquo;\u00e0 200 cartes sous pochettes, il est particuli\u00e8rement adapt\u00e9 pour un jeu comme Zombicide.<\/p>\n","protected":false},"excerpt":{"rendered":"<p>Distributeur de cartes pochet\u00e9es au format mini-am\u00e9ricain. Peut contenir jusqu&rsquo;\u00e0 200 cartes pochet\u00e9es divis\u00e9es en 2 pioches de 100 cartes.<\/p>\n","protected":false},"featured_media":18833,"comment_status":"open","ping_status":"closed","template":"","meta":{"_acf_changed":false},"product_brand":[],"product_cat":[481,315],"product_tag":[],"class_list":{"0":"post-18827","1":"product","2":"type-product","3":"status-publish","4":"has-post-thumbnail","6":"product_cat-boitiers-cartes-des-jetons","7":"product_cat-boitiers","8":"product_shipping_class-livraisonstandard_colis","10":"first","11":"instock","12":"featured","13":"taxable","14":"shipping-taxable","15":"purchasable","16":"product-type-variable"},"acf":[],"yoast_head":"<!-- This site is optimized with the Yoast SEO plugin v25.3 - https:\/\/yoast.com\/wordpress\/plugins\/seo\/ -->\n<title>Acheter Distributeur double pour cartes mini am\u00e9ricaines - 200 Cartes sleev\u00e9es<\/title>\n<meta name=\"description\" content=\"Distributeur de cartes pochet\u00e9es au format mini-am\u00e9ricain. Peut contenir jusqu&#039;\u00e0 200 cartes pochet\u00e9es divis\u00e9es en 2 pioches de 100 cartes.\" \/>\n<meta name=\"robots\" content=\"index, follow, max-snippet:-1, max-image-preview:large, max-video-preview:-1\" \/>\n<link rel=\"canonical\" href=\"https:\/\/gozu.zone\/?product=distributeur-double-cartes-mini-us\" \/>\n<meta property=\"og:locale\" content=\"fr_FR\" \/>\n<meta property=\"og:type\" content=\"article\" \/>\n<meta property=\"og:title\" content=\"Acheter Distributeur double pour cartes mini am\u00e9ricaines - 200 Cartes sleev\u00e9es\" \/>\n<meta property=\"og:description\" content=\"Distributeur de cartes pochet\u00e9es au format mini-am\u00e9ricain. Peut contenir jusqu&#039;\u00e0 200 cartes pochet\u00e9es divis\u00e9es en 2 pioches de 100 cartes.\" \/>\n<meta property=\"og:url\" content=\"https:\/\/gozu.zone\/?product=distributeur-double-cartes-mini-us\" \/>\n<meta property=\"og:site_name\" content=\"GOZU ZONE\" \/>\n<meta property=\"article:publisher\" content=\"https:\/\/www.facebook.com\/gozuzone\/\" \/>\n<meta property=\"article:modified_time\" content=\"2024-06-04T21:25:20+00:00\" \/>\n<meta property=\"og:image\" content=\"https:\/\/gozu.zone\/wp-content\/uploads\/2024\/06\/double-pioche-mini-us-200-cartes-horizontal-gozu.png\" \/>\n\t<meta property=\"og:image:width\" content=\"1000\" \/>\n\t<meta property=\"og:image:height\" content=\"1000\" \/>\n\t<meta property=\"og:image:type\" content=\"image\/png\" \/>\n<meta name=\"twitter:card\" content=\"summary_large_image\" \/>\n<meta name=\"twitter:site\" content=\"@gozuzone\" \/>\n<meta name=\"twitter:label1\" content=\"Dur\u00e9e de lecture estim\u00e9e\" \/>\n\t<meta name=\"twitter:data1\" content=\"1 minute\" \/>\n<script type=\"application\/ld+json\" class=\"yoast-schema-graph\">{\"@context\":\"https:\/\/schema.org\",\"@graph\":[{\"@type\":\"WebPage\",\"@id\":\"https:\/\/gozu.zone\/?product=distributeur-double-cartes-mini-us\",\"url\":\"https:\/\/gozu.zone\/?product=distributeur-double-cartes-mini-us\",\"name\":\"Acheter Distributeur double pour cartes mini am\u00e9ricaines - 200 Cartes sleev\u00e9es\",\"isPartOf\":{\"@id\":\"https:\/\/gozu.zone\/#website\"},\"primaryImageOfPage\":{\"@id\":\"https:\/\/gozu.zone\/?product=distributeur-double-cartes-mini-us#primaryimage\"},\"image\":{\"@id\":\"https:\/\/gozu.zone\/?product=distributeur-double-cartes-mini-us#primaryimage\"},\"thumbnailUrl\":\"https:\/\/gozu.zone\/wp-content\/uploads\/2024\/06\/double-pioche-mini-us-200-cartes-horizontal-gozu.png\",\"datePublished\":\"2024-06-04T19:41:00+00:00\",\"dateModified\":\"2024-06-04T21:25:20+00:00\",\"description\":\"Distributeur de cartes pochet\u00e9es au format mini-am\u00e9ricain. Peut contenir jusqu'\u00e0 200 cartes pochet\u00e9es divis\u00e9es en 2 pioches de 100 cartes.\",\"breadcrumb\":{\"@id\":\"https:\/\/gozu.zone\/?product=distributeur-double-cartes-mini-us#breadcrumb\"},\"inLanguage\":\"fr-FR\",\"potentialAction\":[{\"@type\":\"ReadAction\",\"target\":[\"https:\/\/gozu.zone\/?product=distributeur-double-cartes-mini-us\"]}]},{\"@type\":\"ImageObject\",\"inLanguage\":\"fr-FR\",\"@id\":\"https:\/\/gozu.zone\/?product=distributeur-double-cartes-mini-us#primaryimage\",\"url\":\"https:\/\/gozu.zone\/wp-content\/uploads\/2024\/06\/double-pioche-mini-us-200-cartes-horizontal-gozu.png\",\"contentUrl\":\"https:\/\/gozu.zone\/wp-content\/uploads\/2024\/06\/double-pioche-mini-us-200-cartes-horizontal-gozu.png\",\"width\":1000,\"height\":1000,\"caption\":\"double-pioche-mini-us-200-cartes-horizontal-gozu\"},{\"@type\":\"BreadcrumbList\",\"@id\":\"https:\/\/gozu.zone\/?product=distributeur-double-cartes-mini-us#breadcrumb\",\"itemListElement\":[{\"@type\":\"ListItem\",\"position\":1,\"name\":\"Accueil\",\"item\":\"https:\/\/gozu.zone\/\"},{\"@type\":\"ListItem\",\"position\":2,\"name\":\"BOUTIQUE\",\"item\":\"https:\/\/gozu.zone\/?page_id=308\"},{\"@type\":\"ListItem\",\"position\":3,\"name\":\"Distributeur double pour cartes mini am\u00e9ricaines &#8211; 200 Cartes sleev\u00e9es\"}]},{\"@type\":\"WebSite\",\"@id\":\"https:\/\/gozu.zone\/#website\",\"url\":\"https:\/\/gozu.zone\/\",\"name\":\"GOZU ZONE\",\"description\":\"Toujours plus pour vos jeux\",\"potentialAction\":[{\"@type\":\"SearchAction\",\"target\":{\"@type\":\"EntryPoint\",\"urlTemplate\":\"https:\/\/gozu.zone\/?s={search_term_string}\"},\"query-input\":{\"@type\":\"PropertyValueSpecification\",\"valueRequired\":true,\"valueName\":\"search_term_string\"}}],\"inLanguage\":\"fr-FR\"}]}<\/script>\n<!-- \/ Yoast SEO plugin. -->","yoast_head_json":{"title":"Acheter Distributeur double pour cartes mini am\u00e9ricaines - 200 Cartes sleev\u00e9es","description":"Distributeur de cartes pochet\u00e9es au format mini-am\u00e9ricain. Peut contenir jusqu'\u00e0 200 cartes pochet\u00e9es divis\u00e9es en 2 pioches de 100 cartes.","robots":{"index":"index","follow":"follow","max-snippet":"max-snippet:-1","max-image-preview":"max-image-preview:large","max-video-preview":"max-video-preview:-1"},"canonical":"https:\/\/gozu.zone\/?product=distributeur-double-cartes-mini-us","og_locale":"fr_FR","og_type":"article","og_title":"Acheter Distributeur double pour cartes mini am\u00e9ricaines - 200 Cartes sleev\u00e9es","og_description":"Distributeur de cartes pochet\u00e9es au format mini-am\u00e9ricain. Peut contenir jusqu'\u00e0 200 cartes pochet\u00e9es divis\u00e9es en 2 pioches de 100 cartes.","og_url":"https:\/\/gozu.zone\/?product=distributeur-double-cartes-mini-us","og_site_name":"GOZU ZONE","article_publisher":"https:\/\/www.facebook.com\/gozuzone\/","article_modified_time":"2024-06-04T21:25:20+00:00","og_image":[{"width":1000,"height":1000,"url":"https:\/\/gozu.zone\/wp-content\/uploads\/2024\/06\/double-pioche-mini-us-200-cartes-horizontal-gozu.png","type":"image\/png"}],"twitter_card":"summary_large_image","twitter_site":"@gozuzone","twitter_misc":{"Dur\u00e9e de lecture estim\u00e9e":"1 minute"},"schema":{"@context":"https:\/\/schema.org","@graph":[{"@type":"WebPage","@id":"https:\/\/gozu.zone\/?product=distributeur-double-cartes-mini-us","url":"https:\/\/gozu.zone\/?product=distributeur-double-cartes-mini-us","name":"Acheter Distributeur double pour cartes mini am\u00e9ricaines - 200 Cartes sleev\u00e9es","isPartOf":{"@id":"https:\/\/gozu.zone\/#website"},"primaryImageOfPage":{"@id":"https:\/\/gozu.zone\/?product=distributeur-double-cartes-mini-us#primaryimage"},"image":{"@id":"https:\/\/gozu.zone\/?product=distributeur-double-cartes-mini-us#primaryimage"},"thumbnailUrl":"https:\/\/gozu.zone\/wp-content\/uploads\/2024\/06\/double-pioche-mini-us-200-cartes-horizontal-gozu.png","datePublished":"2024-06-04T19:41:00+00:00","dateModified":"2024-06-04T21:25:20+00:00","description":"Distributeur de cartes pochet\u00e9es au format mini-am\u00e9ricain. Peut contenir jusqu'\u00e0 200 cartes pochet\u00e9es divis\u00e9es en 2 pioches de 100 cartes.","breadcrumb":{"@id":"https:\/\/gozu.zone\/?product=distributeur-double-cartes-mini-us#breadcrumb"},"inLanguage":"fr-FR","potentialAction":[{"@type":"ReadAction","target":["https:\/\/gozu.zone\/?product=distributeur-double-cartes-mini-us"]}]},{"@type":"ImageObject","inLanguage":"fr-FR","@id":"https:\/\/gozu.zone\/?product=distributeur-double-cartes-mini-us#primaryimage","url":"https:\/\/gozu.zone\/wp-content\/uploads\/2024\/06\/double-pioche-mini-us-200-cartes-horizontal-gozu.png","contentUrl":"https:\/\/gozu.zone\/wp-content\/uploads\/2024\/06\/double-pioche-mini-us-200-cartes-horizontal-gozu.png","width":1000,"height":1000,"caption":"double-pioche-mini-us-200-cartes-horizontal-gozu"},{"@type":"BreadcrumbList","@id":"https:\/\/gozu.zone\/?product=distributeur-double-cartes-mini-us#breadcrumb","itemListElement":[{"@type":"ListItem","position":1,"name":"Accueil","item":"https:\/\/gozu.zone\/"},{"@type":"ListItem","position":2,"name":"BOUTIQUE","item":"https:\/\/gozu.zone\/?page_id=308"},{"@type":"ListItem","position":3,"name":"Distributeur double pour cartes mini am\u00e9ricaines &#8211; 200 Cartes sleev\u00e9es"}]},{"@type":"WebSite","@id":"https:\/\/gozu.zone\/#website","url":"https:\/\/gozu.zone\/","name":"GOZU ZONE","description":"Toujours plus pour vos jeux","potentialAction":[{"@type":"SearchAction","target":{"@type":"EntryPoint","urlTemplate":"https:\/\/gozu.zone\/?s={search_term_string}"},"query-input":{"@type":"PropertyValueSpecification","valueRequired":true,"valueName":"search_term_string"}}],"inLanguage":"fr-FR"}]}},"_links":{"self":[{"href":"https:\/\/gozu.zone\/index.php?rest_route=\/wp\/v2\/product\/18827","targetHints":{"allow":["GET"]}}],"collection":[{"href":"https:\/\/gozu.zone\/index.php?rest_route=\/wp\/v2\/product"}],"about":[{"href":"https:\/\/gozu.zone\/index.php?rest_route=\/wp\/v2\/types\/product"}],"replies":[{"embeddable":true,"href":"https:\/\/gozu.zone\/index.php?rest_route=%2Fwp%2Fv2%2Fcomments&post=18827"}],"wp:featuredmedia":[{"embeddable":true,"href":"https:\/\/gozu.zone\/index.php?rest_route=\/wp\/v2\/media\/18833"}],"wp:attachment":[{"href":"https:\/\/gozu.zone\/index.php?rest_route=%2Fwp%2Fv2%2Fmedia&parent=18827"}],"wp:term":[{"taxonomy":"product_brand","embeddable":true,"href":"https:\/\/gozu.zone\/index.php?rest_route=%2Fwp%2Fv2%2Fproduct_brand&post=18827"},{"taxonomy":"product_cat","embeddable":true,"href":"https:\/\/gozu.zone\/index.php?rest_route=%2Fwp%2Fv2%2Fproduct_cat&post=18827"},{"taxonomy":"product_tag","embeddable":true,"href":"https:\/\/gozu.zone\/index.php?rest_route=%2Fwp%2Fv2%2Fproduct_tag&post=18827"}],"curies":[{"name":"wp","href":"https:\/\/api.w.org\/{rel}","templated":true}]}}