{"id":18893,"date":"2024-06-22T19:15:21","date_gmt":"2024-06-22T19:15:21","guid":{"rendered":"https:\/\/gozu.zone\/?post_type=product&#038;p=18893"},"modified":"2024-06-22T19:23:32","modified_gmt":"2024-06-22T19:23:32","slug":"set-de-tokens-avec-rangement-star-wars-unlimited","status":"publish","type":"product","link":"https:\/\/gozu.zone\/?product=set-de-tokens-avec-rangement-star-wars-unlimited","title":{"rendered":"Set de tokens avec rangement &#8211; Star Wars Unlimited"},"content":{"rendered":"  <div id=\"page-header-1822896407\" class=\"page-header-wrapper\">\n  <div class=\"page-title dark featured-title has-parallax\">\n\n        <div class=\"page-title-bg\">\n      <div class=\"title-bg fill bg-fill\"\n        data-parallax-container=\".page-title\"\n        data-parallax-background\n        data-parallax=\"-8\">\n      <\/div>\n      <div class=\"title-overlay fill\"><\/div>\n    <\/div>\n    \n    <div class=\"page-title-inner container align-center flex-row medium-flex-wrap\" >\n              <div class=\"title-wrapper flex-col text-left medium-text-center\">\n          <h1 class=\"entry-title mb-0\">\n            Set de tokens avec rangement &#8211; Star Wars Unlimited          <\/h1>\n        <\/div>\n                    <div class=\"title-content flex-col flex-right text-right medium-text-center\">\n        <div class=\"title-breadcrumbs pb-half pt-half\"><\/div>      <\/div>\n    <\/div>\n\n     \n<style>\n#page-header-1822896407 .title-bg {\n  background-image: url(https:\/\/gozu.zone\/wp-content\/uploads\/2024\/06\/Pion-star-wars-unlimited-gozu-zone-0.png);\n}\n<\/style>\n  <\/div>\n    <\/div>\n  \r\n<p>&nbsp;<\/p>\r\n<p>\u00c9levez votre exp\u00e9rience de jeu de Star Wars Unlimited avec la collection de jetons cr\u00e9\u00e9e par Gozu Zone, sp\u00e9cialement con\u00e7ue pour le jeu de cartes \u00e0 collectionner Star Wars Unlimited !<\/p>\r\n<p>&nbsp;<\/p>\r\n<h3>Contient 55 jetons imprim\u00e9s en 3D :<\/h3>\r\n<ul>\r\n<li>15x tokens d\u00e9gats 1<\/li>\r\n<li>5x tokens d\u00e9gats 5<\/li>\r\n<li>2x tokens d\u00e9gats 10<\/li>\r\n<li>5x tokens exp\u00e9rience<\/li>\r\n<li>4x tokens bouclier<\/li>\r\n<li>2x tokens action \u00e9pique<\/li>\r\n<li>1x token initiative<\/li>\r\n<li>5x tokens modificateur +1\/+1<\/li>\r\n<li>5x tokens modificateur -1\/-1<\/li>\r\n<li>3x tokens modificateur +1\/0<\/li>\r\n<li>3x tokens modificateur 0\/+1<\/li>\r\n<\/ul>\r\n<p>Tous les jetons sont de tailles identiques.<\/p>\r\n<h3>Rangement Inclus :<\/h3>\r\n<ul>\r\n<li>Rangement compact au dimension d&rsquo;une carte.<\/li>\r\n<li>Couvercle magn\u00e9tique.<\/li>\r\n<li>Possibilit\u00e9 de coller soi-m\u00eame une carte pour d\u00e9corer le couvercle. ( Utiliser une colle cyanolite avec pr\u00e9caution )<\/li>\r\n<\/ul>\r\n<p>&nbsp;<\/p>\r\n<blockquote class=\"instagram-media\" style=\"background: #FFF; border: 0; border-radius: 3px; box-shadow: 0 0 1px 0 rgba(0,0,0,0.5),0 1px 10px 0 rgba(0,0,0,0.15); margin: 1px; max-width: 540px; min-width: 326px; padding: 0; width: calc(100% - 2px);\" data-instgrm-permalink=\"https:\/\/www.instagram.com\/reel\/C8hXPR0tb6B\/?utm_source=ig_embed&amp;utm_campaign=loading\" data-instgrm-version=\"14\">\r\n<div style=\"padding: 16px;\">\r\n<div style=\"display: flex; flex-direction: row; align-items: center;\">\r\n<div style=\"background-color: #f4f4f4; border-radius: 50%; flex-grow: 0; height: 40px; margin-right: 14px; width: 40px;\">\u00a0<\/div>\r\n<div style=\"display: flex; flex-direction: column; flex-grow: 1; justify-content: center;\">\r\n<div style=\"background-color: #f4f4f4; border-radius: 4px; flex-grow: 0; height: 14px; margin-bottom: 6px; width: 100px;\">\u00a0<\/div>\r\n<div style=\"background-color: #f4f4f4; border-radius: 4px; flex-grow: 0; height: 14px; width: 60px;\">\u00a0<\/div>\r\n<\/div>\r\n<\/div>\r\n<div style=\"padding: 19% 0;\">\u00a0<\/div>\r\n<div style=\"display: block; height: 50px; margin: 0 auto 12px; width: 50px;\">\u00a0<\/div>\r\n<div style=\"padding-top: 8px;\">\r\n<div style=\"color: #3897f0; font-family: Arial,sans-serif; font-size: 14px; font-style: normal; font-weight: 550; line-height: 18px;\">Voir cette publication sur Instagram<\/div>\r\n<\/div>\r\n<div style=\"padding: 12.5% 0;\">\u00a0<\/div>\r\n<div style=\"display: flex; flex-direction: row; margin-bottom: 14px; align-items: center;\">\r\n<div>\r\n<div style=\"background-color: #f4f4f4; border-radius: 50%; height: 12.5px; width: 12.5px; transform: translateX(0px) translateY(7px);\">\u00a0<\/div>\r\n<div style=\"background-color: #f4f4f4; height: 12.5px; transform: rotate(-45deg) translateX(3px) translateY(1px); width: 12.5px; flex-grow: 0; margin-right: 14px; margin-left: 2px;\">\u00a0<\/div>\r\n<div style=\"background-color: #f4f4f4; border-radius: 50%; height: 12.5px; width: 12.5px; transform: translateX(9px) translateY(-18px);\">\u00a0<\/div>\r\n<\/div>\r\n<div style=\"margin-left: 8px;\">\r\n<div style=\"background-color: #f4f4f4; border-radius: 50%; flex-grow: 0; height: 20px; width: 20px;\">\u00a0<\/div>\r\n<div style=\"width: 0; height: 0; border-top: 2px solid transparent; border-left: 6px solid #f4f4f4; border-bottom: 2px solid transparent; transform: translateX(16px) translateY(-4px) rotate(30deg);\">\u00a0<\/div>\r\n<\/div>\r\n<div style=\"margin-left: auto;\">\r\n<div style=\"width: 0px; border-top: 8px solid #F4F4F4; border-right: 8px solid transparent; transform: translateY(16px);\">\u00a0<\/div>\r\n<div style=\"background-color: #f4f4f4; flex-grow: 0; height: 12px; width: 16px; transform: translateY(-4px);\">\u00a0<\/div>\r\n<div style=\"width: 0; height: 0; border-top: 8px solid #F4F4F4; border-left: 8px solid transparent; transform: translateY(-4px) translateX(8px);\">\u00a0<\/div>\r\n<\/div>\r\n<\/div>\r\n<div style=\"display: flex; flex-direction: column; flex-grow: 1; justify-content: center; margin-bottom: 24px;\">\r\n<div style=\"background-color: #f4f4f4; border-radius: 4px; flex-grow: 0; height: 14px; margin-bottom: 6px; width: 224px;\">\u00a0<\/div>\r\n<div style=\"background-color: #f4f4f4; border-radius: 4px; flex-grow: 0; height: 14px; width: 144px;\">\u00a0<\/div>\r\n<\/div>\r\n\u00a0\r\n<p style=\"color: #c9c8cd; font-family: Arial,sans-serif; font-size: 14px; line-height: 17px; margin-bottom: 0; margin-top: 8px; overflow: hidden; padding: 8px 0 7px; text-align: center; text-overflow: ellipsis; white-space: nowrap;\"><a style=\"color: #c9c8cd; font-family: Arial,sans-serif; font-size: 14px; font-style: normal; font-weight: normal; line-height: 17px; text-decoration: none;\" href=\"https:\/\/www.instagram.com\/reel\/C8hXPR0tb6B\/?utm_source=ig_embed&amp;utm_campaign=loading\" target=\"_blank\" rel=\"noopener\">Une publication partag\u00e9e par Gozu Zone (@gozuzone)<\/a><\/p>\r\n<\/div>\r\n<\/blockquote>\r\n<p><script async src=\"\/\/www.instagram.com\/embed.js\"><\/script><\/p>\r\n<!-- \/wp:post-content -->\r\n\r\n<!-- wp:separator --><hr \/><!-- \/wp:separator -->\r\n<p class=\"disclaimer\"><span class=\"st\"><strong>Star Wars Unlimited<\/strong>\u2122 est un <\/span>jeu \u00e9dit\u00e9 par Fantasy Flight Games. <strong>Gozu Zone<\/strong> propose de sa propre initiative ces jetons et rangement, qui demeurent la propri\u00e9t\u00e9 de l&rsquo;\u00e9diteur. Ce dernier n&rsquo;assume aucune responsabilit\u00e9 quant \u00e0 nos produits.<\/p>\r\n<p class=\"disclaimer\"><strong>Remarque<\/strong> : Ce rangement est propos\u00e9 en couleur\u00a0<strong>noire\u00a0<\/strong>par d\u00e9faut. Si vous souhaitez un coloris personnalis\u00e9, merci de contacter l&rsquo;\u00e9quipe via le chat en bas \u00e0 droite ! Nous nous ferons un plaisir d&rsquo;\u00e9tudier votre demande et nous vous r\u00e9pondrons\u00a0dans les plus brefs d\u00e9lais.<\/p>\r\n<p class=\"disclaimer\">Ce produit est <strong>fabriqu\u00e9 en France<\/strong>.<\/p>","protected":false},"excerpt":{"rendered":"<p>Un pack de jetons qui comprend 55 pi\u00e8ces individuelles.<\/p>\n<p>Ces jetons inusables imprim\u00e9s en 3D de Gozu Zone sont sp\u00e9cialement con\u00e7us pour le jeu de cartes \u00e0 collectionner Star Wars Unlimited pour enrichir l&rsquo;exp\u00e9rience des joueurs !<\/p>\n<p>Vendu avec son rangement compact et \u00e9l\u00e9gant.<\/p>\n","protected":false},"featured_media":18894,"comment_status":"open","ping_status":"closed","template":"","meta":{"_acf_changed":false},"product_brand":[],"product_cat":[439,481],"product_tag":[],"class_list":{"0":"post-18893","1":"product","2":"type-product","3":"status-publish","4":"has-post-thumbnail","6":"product_cat-accessoires","7":"product_cat-boitiers-cartes-des-jetons","9":"first","10":"instock","11":"featured","12":"taxable","13":"shipping-taxable","14":"purchasable","15":"product-type-simple"},"acf":[],"yoast_head":"<!-- This site is optimized with the Yoast SEO plugin v25.3 - https:\/\/yoast.com\/wordpress\/plugins\/seo\/ -->\n<title>Acheter Set de tokens avec rangement - Star Wars Unlimited - GOZU ZONE - Jeux et Accessoires<\/title>\n<meta name=\"robots\" content=\"index, follow, max-snippet:-1, max-image-preview:large, max-video-preview:-1\" \/>\n<link rel=\"canonical\" href=\"https:\/\/gozu.zone\/?product=set-de-tokens-avec-rangement-star-wars-unlimited\" \/>\n<meta property=\"og:locale\" content=\"fr_FR\" \/>\n<meta property=\"og:type\" content=\"article\" \/>\n<meta property=\"og:title\" content=\"Acheter Set de tokens avec rangement - Star Wars Unlimited - GOZU ZONE - Jeux et Accessoires\" \/>\n<meta property=\"og:description\" content=\"Un pack de jetons qui comprend 55 pi\u00e8ces individuelles. Ces jetons inusables imprim\u00e9s en 3D de Gozu Zone sont sp\u00e9cialement con\u00e7us pour le jeu de cartes \u00e0 collectionner Star Wars Unlimited pour enrichir l&#039;exp\u00e9rience des joueurs ! Vendu avec son rangement compact et \u00e9l\u00e9gant.\" \/>\n<meta property=\"og:url\" content=\"https:\/\/gozu.zone\/?product=set-de-tokens-avec-rangement-star-wars-unlimited\" \/>\n<meta property=\"og:site_name\" content=\"GOZU ZONE\" \/>\n<meta property=\"article:publisher\" content=\"https:\/\/www.facebook.com\/gozuzone\/\" \/>\n<meta property=\"article:modified_time\" content=\"2024-06-22T19:23:32+00:00\" \/>\n<meta property=\"og:image\" content=\"https:\/\/gozu.zone\/wp-content\/uploads\/2024\/06\/Pion-star-wars-unlimited-gozu-zone-0.png\" \/>\n\t<meta property=\"og:image:width\" content=\"800\" \/>\n\t<meta property=\"og:image:height\" content=\"800\" \/>\n\t<meta property=\"og:image:type\" content=\"image\/png\" \/>\n<meta name=\"twitter:card\" content=\"summary_large_image\" \/>\n<meta name=\"twitter:site\" content=\"@gozuzone\" \/>\n<meta name=\"twitter:label1\" content=\"Dur\u00e9e de lecture estim\u00e9e\" \/>\n\t<meta name=\"twitter:data1\" content=\"2 minutes\" \/>\n<script type=\"application\/ld+json\" class=\"yoast-schema-graph\">{\"@context\":\"https:\/\/schema.org\",\"@graph\":[{\"@type\":\"WebPage\",\"@id\":\"https:\/\/gozu.zone\/?product=set-de-tokens-avec-rangement-star-wars-unlimited\",\"url\":\"https:\/\/gozu.zone\/?product=set-de-tokens-avec-rangement-star-wars-unlimited\",\"name\":\"Acheter Set de tokens avec rangement - Star Wars Unlimited - GOZU ZONE - Jeux et Accessoires\",\"isPartOf\":{\"@id\":\"https:\/\/gozu.zone\/#website\"},\"primaryImageOfPage\":{\"@id\":\"https:\/\/gozu.zone\/?product=set-de-tokens-avec-rangement-star-wars-unlimited#primaryimage\"},\"image\":{\"@id\":\"https:\/\/gozu.zone\/?product=set-de-tokens-avec-rangement-star-wars-unlimited#primaryimage\"},\"thumbnailUrl\":\"https:\/\/gozu.zone\/wp-content\/uploads\/2024\/06\/Pion-star-wars-unlimited-gozu-zone-0.png\",\"datePublished\":\"2024-06-22T19:15:21+00:00\",\"dateModified\":\"2024-06-22T19:23:32+00:00\",\"breadcrumb\":{\"@id\":\"https:\/\/gozu.zone\/?product=set-de-tokens-avec-rangement-star-wars-unlimited#breadcrumb\"},\"inLanguage\":\"fr-FR\",\"potentialAction\":[{\"@type\":\"ReadAction\",\"target\":[\"https:\/\/gozu.zone\/?product=set-de-tokens-avec-rangement-star-wars-unlimited\"]}]},{\"@type\":\"ImageObject\",\"inLanguage\":\"fr-FR\",\"@id\":\"https:\/\/gozu.zone\/?product=set-de-tokens-avec-rangement-star-wars-unlimited#primaryimage\",\"url\":\"https:\/\/gozu.zone\/wp-content\/uploads\/2024\/06\/Pion-star-wars-unlimited-gozu-zone-0.png\",\"contentUrl\":\"https:\/\/gozu.zone\/wp-content\/uploads\/2024\/06\/Pion-star-wars-unlimited-gozu-zone-0.png\",\"width\":800,\"height\":800},{\"@type\":\"BreadcrumbList\",\"@id\":\"https:\/\/gozu.zone\/?product=set-de-tokens-avec-rangement-star-wars-unlimited#breadcrumb\",\"itemListElement\":[{\"@type\":\"ListItem\",\"position\":1,\"name\":\"Accueil\",\"item\":\"https:\/\/gozu.zone\/\"},{\"@type\":\"ListItem\",\"position\":2,\"name\":\"BOUTIQUE\",\"item\":\"https:\/\/gozu.zone\/?page_id=308\"},{\"@type\":\"ListItem\",\"position\":3,\"name\":\"Set de tokens avec rangement &#8211; Star Wars Unlimited\"}]},{\"@type\":\"WebSite\",\"@id\":\"https:\/\/gozu.zone\/#website\",\"url\":\"https:\/\/gozu.zone\/\",\"name\":\"GOZU ZONE\",\"description\":\"Toujours plus pour vos jeux\",\"potentialAction\":[{\"@type\":\"SearchAction\",\"target\":{\"@type\":\"EntryPoint\",\"urlTemplate\":\"https:\/\/gozu.zone\/?s={search_term_string}\"},\"query-input\":{\"@type\":\"PropertyValueSpecification\",\"valueRequired\":true,\"valueName\":\"search_term_string\"}}],\"inLanguage\":\"fr-FR\"}]}<\/script>\n<!-- \/ Yoast SEO plugin. -->","yoast_head_json":{"title":"Acheter Set de tokens avec rangement - Star Wars Unlimited - GOZU ZONE - Jeux et Accessoires","robots":{"index":"index","follow":"follow","max-snippet":"max-snippet:-1","max-image-preview":"max-image-preview:large","max-video-preview":"max-video-preview:-1"},"canonical":"https:\/\/gozu.zone\/?product=set-de-tokens-avec-rangement-star-wars-unlimited","og_locale":"fr_FR","og_type":"article","og_title":"Acheter Set de tokens avec rangement - Star Wars Unlimited - GOZU ZONE - Jeux et Accessoires","og_description":"Un pack de jetons qui comprend 55 pi\u00e8ces individuelles. Ces jetons inusables imprim\u00e9s en 3D de Gozu Zone sont sp\u00e9cialement con\u00e7us pour le jeu de cartes \u00e0 collectionner Star Wars Unlimited pour enrichir l'exp\u00e9rience des joueurs ! Vendu avec son rangement compact et \u00e9l\u00e9gant.","og_url":"https:\/\/gozu.zone\/?product=set-de-tokens-avec-rangement-star-wars-unlimited","og_site_name":"GOZU ZONE","article_publisher":"https:\/\/www.facebook.com\/gozuzone\/","article_modified_time":"2024-06-22T19:23:32+00:00","og_image":[{"width":800,"height":800,"url":"https:\/\/gozu.zone\/wp-content\/uploads\/2024\/06\/Pion-star-wars-unlimited-gozu-zone-0.png","type":"image\/png"}],"twitter_card":"summary_large_image","twitter_site":"@gozuzone","twitter_misc":{"Dur\u00e9e de lecture estim\u00e9e":"2 minutes"},"schema":{"@context":"https:\/\/schema.org","@graph":[{"@type":"WebPage","@id":"https:\/\/gozu.zone\/?product=set-de-tokens-avec-rangement-star-wars-unlimited","url":"https:\/\/gozu.zone\/?product=set-de-tokens-avec-rangement-star-wars-unlimited","name":"Acheter Set de tokens avec rangement - Star Wars Unlimited - GOZU ZONE - Jeux et Accessoires","isPartOf":{"@id":"https:\/\/gozu.zone\/#website"},"primaryImageOfPage":{"@id":"https:\/\/gozu.zone\/?product=set-de-tokens-avec-rangement-star-wars-unlimited#primaryimage"},"image":{"@id":"https:\/\/gozu.zone\/?product=set-de-tokens-avec-rangement-star-wars-unlimited#primaryimage"},"thumbnailUrl":"https:\/\/gozu.zone\/wp-content\/uploads\/2024\/06\/Pion-star-wars-unlimited-gozu-zone-0.png","datePublished":"2024-06-22T19:15:21+00:00","dateModified":"2024-06-22T19:23:32+00:00","breadcrumb":{"@id":"https:\/\/gozu.zone\/?product=set-de-tokens-avec-rangement-star-wars-unlimited#breadcrumb"},"inLanguage":"fr-FR","potentialAction":[{"@type":"ReadAction","target":["https:\/\/gozu.zone\/?product=set-de-tokens-avec-rangement-star-wars-unlimited"]}]},{"@type":"ImageObject","inLanguage":"fr-FR","@id":"https:\/\/gozu.zone\/?product=set-de-tokens-avec-rangement-star-wars-unlimited#primaryimage","url":"https:\/\/gozu.zone\/wp-content\/uploads\/2024\/06\/Pion-star-wars-unlimited-gozu-zone-0.png","contentUrl":"https:\/\/gozu.zone\/wp-content\/uploads\/2024\/06\/Pion-star-wars-unlimited-gozu-zone-0.png","width":800,"height":800},{"@type":"BreadcrumbList","@id":"https:\/\/gozu.zone\/?product=set-de-tokens-avec-rangement-star-wars-unlimited#breadcrumb","itemListElement":[{"@type":"ListItem","position":1,"name":"Accueil","item":"https:\/\/gozu.zone\/"},{"@type":"ListItem","position":2,"name":"BOUTIQUE","item":"https:\/\/gozu.zone\/?page_id=308"},{"@type":"ListItem","position":3,"name":"Set de tokens avec rangement &#8211; Star Wars Unlimited"}]},{"@type":"WebSite","@id":"https:\/\/gozu.zone\/#website","url":"https:\/\/gozu.zone\/","name":"GOZU ZONE","description":"Toujours plus pour vos jeux","potentialAction":[{"@type":"SearchAction","target":{"@type":"EntryPoint","urlTemplate":"https:\/\/gozu.zone\/?s={search_term_string}"},"query-input":{"@type":"PropertyValueSpecification","valueRequired":true,"valueName":"search_term_string"}}],"inLanguage":"fr-FR"}]}},"_links":{"self":[{"href":"https:\/\/gozu.zone\/index.php?rest_route=\/wp\/v2\/product\/18893","targetHints":{"allow":["GET"]}}],"collection":[{"href":"https:\/\/gozu.zone\/index.php?rest_route=\/wp\/v2\/product"}],"about":[{"href":"https:\/\/gozu.zone\/index.php?rest_route=\/wp\/v2\/types\/product"}],"replies":[{"embeddable":true,"href":"https:\/\/gozu.zone\/index.php?rest_route=%2Fwp%2Fv2%2Fcomments&post=18893"}],"wp:featuredmedia":[{"embeddable":true,"href":"https:\/\/gozu.zone\/index.php?rest_route=\/wp\/v2\/media\/18894"}],"wp:attachment":[{"href":"https:\/\/gozu.zone\/index.php?rest_route=%2Fwp%2Fv2%2Fmedia&parent=18893"}],"wp:term":[{"taxonomy":"product_brand","embeddable":true,"href":"https:\/\/gozu.zone\/index.php?rest_route=%2Fwp%2Fv2%2Fproduct_brand&post=18893"},{"taxonomy":"product_cat","embeddable":true,"href":"https:\/\/gozu.zone\/index.php?rest_route=%2Fwp%2Fv2%2Fproduct_cat&post=18893"},{"taxonomy":"product_tag","embeddable":true,"href":"https:\/\/gozu.zone\/index.php?rest_route=%2Fwp%2Fv2%2Fproduct_tag&post=18893"}],"curies":[{"name":"wp","href":"https:\/\/api.w.org\/{rel}","templated":true}]}}