{"id":18920,"date":"2024-07-03T18:06:20","date_gmt":"2024-07-03T18:06:20","guid":{"rendered":"https:\/\/gozu.zone\/?post_type=product&#038;p=18920"},"modified":"2024-07-04T12:18:22","modified_gmt":"2024-07-04T12:18:22","slug":"rangement-pioche-far-away","status":"publish","type":"product","link":"https:\/\/gozu.zone\/?product=rangement-pioche-far-away","title":{"rendered":"Rangement \/ Pioche &#8211; Faraway"},"content":{"rendered":"  <div id=\"page-header-1180225345\" class=\"page-header-wrapper\">\n  <div class=\"page-title dark featured-title has-parallax\">\n\n        <div class=\"page-title-bg\">\n      <div class=\"title-bg fill bg-fill\"\n        data-parallax-container=\".page-title\"\n        data-parallax-background\n        data-parallax=\"-8\">\n      <\/div>\n      <div class=\"title-overlay fill\"><\/div>\n    <\/div>\n    \n    <div class=\"page-title-inner container align-center flex-row medium-flex-wrap\" >\n              <div class=\"title-wrapper flex-col text-left medium-text-center\">\n          <h1 class=\"entry-title mb-0\">\n            Rangement \/ Pioche &#8211; Faraway          <\/h1>\n        <\/div>\n                    <div class=\"title-content flex-col flex-right text-right medium-text-center\">\n        <div class=\"title-breadcrumbs pb-half pt-half\"><\/div>      <\/div>\n    <\/div>\n\n     \n<style>\n#page-header-1180225345 .title-bg {\n  background-image: url(https:\/\/gozu.zone\/wp-content\/uploads\/2024\/07\/FARAWAY-INSERT-GOZU-ZONE-1-bg.png);\n}\n<\/style>\n  <\/div>\n    <\/div>\n  \r\n<hr \/>\r\n<div>\r\n<div>Rangement compatible avec l&rsquo;AS d&rsquo;OR 2024 Initi\u00e9\u00a0<strong>Faraway<\/strong>\u00a0pour une mise en place rapide et rangement optimis\u00e9.<br \/><br \/>Les cartes sous pochette ont la f\u00e2cheuse tendance \u00e0 glisser et s&rsquo;\u00e9parpiller sur la table de jeu.\u00a0<br \/><br \/>C&rsquo;est pour cela que Gozu Zone vous propose ce rangement permettant \u00e0 la fois de stocker les cartes du jeu mais \u00e9galement de servir de pioche pour que vos cartes sleev\u00e9es restent en place.<\/div>\r\n<div><br \/><strong>Contenu de l\u2019insert imprim\u00e9 en 3D pour Faraway<\/strong><\/div>\r\n<ul>\r\n<li>1 distributeurs pour cartes sleev\u00e9es. Utilisable en partie.\u00a0<\/li>\r\n<li>1 module pour caler l&rsquo;ensemble.<\/li>\r\n<\/ul>\r\n<div>\u00a0<\/div>\r\n<div><strong>REMARQUES :<\/strong><\/div>\r\n<ul>\r\n<li>Sp\u00e9cialement con\u00e7u pour les joueurs sleevant les cartes.<\/li>\r\n<\/ul>\r\n<div>\u00a0<\/div>\r\n<\/div>\r\n\r\n\r\n<hr \/>\r\n<div>\u00a0<\/div>\r\n<div>\r\n<div><strong>Faraway<\/strong>\u00a0est un jeu \u00e9dit\u00e9 par Catch Up Games.\u00a0<strong>Gozu Zone<\/strong>\u00a0propose de sa propre initiative un rangement compatible avec ce jeu, qui demeurent la propri\u00e9t\u00e9 de l&rsquo;\u00e9diteur. Ce dernier n&rsquo;assume aucune responsabilit\u00e9 quant \u00e0 nos produits.<\/div>\r\n<div>\u00a0<\/div>\r\n<div>Ce produit est\u00a0<strong>fabriqu\u00e9 en France<\/strong>.\u00a0<\/div>\r\n<\/div>","protected":false},"excerpt":{"rendered":"<p>Ce rangement tr\u00e8s simple et l\u00e9ger permet de stocker les cartes pochet\u00e9es de<strong> Faraway<\/strong>. Pr\u00e9vu pour cartes avec pochette, il permet de cr\u00e9er une pioche stable utilisable en partie.<\/p>\n","protected":false},"featured_media":18922,"comment_status":"open","ping_status":"closed","template":"","meta":{"_acf_changed":false},"product_brand":[],"product_cat":[311],"product_tag":[294,259],"class_list":{"0":"post-18920","1":"product","2":"type-product","3":"status-publish","4":"has-post-thumbnail","6":"product_cat-organiseurs","7":"product_tag-organiseur","8":"product_tag-rangements","9":"product_shipping_class-livraisonstandard_colis","11":"first","12":"instock","13":"featured","14":"taxable","15":"shipping-taxable","16":"purchasable","17":"product-type-variable"},"acf":[],"yoast_head":"<!-- This site is optimized with the Yoast SEO plugin v25.3 - https:\/\/yoast.com\/wordpress\/plugins\/seo\/ -->\n<title>Acheter Rangement \/ Pioche - Faraway - GOZU ZONE - Jeux et Accessoires<\/title>\n<meta name=\"description\" content=\"Rangement compatible avec le jeu Faraway !\u00a0 Mise en place rapide et rangement optimis\u00e9.\" \/>\n<meta name=\"robots\" content=\"index, follow, max-snippet:-1, max-image-preview:large, max-video-preview:-1\" \/>\n<link rel=\"canonical\" href=\"https:\/\/gozu.zone\/?product=rangement-pioche-far-away\" \/>\n<meta property=\"og:locale\" content=\"fr_FR\" \/>\n<meta property=\"og:type\" content=\"article\" \/>\n<meta property=\"og:title\" content=\"Acheter Rangement \/ Pioche - Faraway - GOZU ZONE - Jeux et Accessoires\" \/>\n<meta property=\"og:description\" content=\"Rangement compatible avec le jeu Faraway !\u00a0 Mise en place rapide et rangement optimis\u00e9.\" \/>\n<meta property=\"og:url\" content=\"https:\/\/gozu.zone\/?product=rangement-pioche-far-away\" \/>\n<meta property=\"og:site_name\" content=\"GOZU ZONE\" \/>\n<meta property=\"article:publisher\" content=\"https:\/\/www.facebook.com\/gozuzone\/\" \/>\n<meta property=\"article:modified_time\" content=\"2024-07-04T12:18:22+00:00\" \/>\n<meta property=\"og:image\" content=\"https:\/\/gozu.zone\/wp-content\/uploads\/2024\/07\/FARAWAY-INSERT-GOZU-ZONE-1-bg.png\" \/>\n\t<meta property=\"og:image:width\" content=\"1367\" \/>\n\t<meta property=\"og:image:height\" content=\"1367\" \/>\n\t<meta property=\"og:image:type\" content=\"image\/png\" \/>\n<meta name=\"twitter:card\" content=\"summary_large_image\" \/>\n<meta name=\"twitter:site\" content=\"@gozuzone\" \/>\n<meta name=\"twitter:label1\" content=\"Dur\u00e9e de lecture estim\u00e9e\" \/>\n\t<meta name=\"twitter:data1\" content=\"1 minute\" \/>\n<script type=\"application\/ld+json\" class=\"yoast-schema-graph\">{\"@context\":\"https:\/\/schema.org\",\"@graph\":[{\"@type\":\"WebPage\",\"@id\":\"https:\/\/gozu.zone\/?product=rangement-pioche-far-away\",\"url\":\"https:\/\/gozu.zone\/?product=rangement-pioche-far-away\",\"name\":\"Acheter Rangement \/ Pioche - Faraway - GOZU ZONE - Jeux et Accessoires\",\"isPartOf\":{\"@id\":\"https:\/\/gozu.zone\/#website\"},\"primaryImageOfPage\":{\"@id\":\"https:\/\/gozu.zone\/?product=rangement-pioche-far-away#primaryimage\"},\"image\":{\"@id\":\"https:\/\/gozu.zone\/?product=rangement-pioche-far-away#primaryimage\"},\"thumbnailUrl\":\"https:\/\/gozu.zone\/wp-content\/uploads\/2024\/07\/FARAWAY-INSERT-GOZU-ZONE-1-bg.png\",\"datePublished\":\"2024-07-03T18:06:20+00:00\",\"dateModified\":\"2024-07-04T12:18:22+00:00\",\"description\":\"Rangement compatible avec le jeu Faraway !\u00a0 Mise en place rapide et rangement optimis\u00e9.\",\"breadcrumb\":{\"@id\":\"https:\/\/gozu.zone\/?product=rangement-pioche-far-away#breadcrumb\"},\"inLanguage\":\"fr-FR\",\"potentialAction\":[{\"@type\":\"ReadAction\",\"target\":[\"https:\/\/gozu.zone\/?product=rangement-pioche-far-away\"]}]},{\"@type\":\"ImageObject\",\"inLanguage\":\"fr-FR\",\"@id\":\"https:\/\/gozu.zone\/?product=rangement-pioche-far-away#primaryimage\",\"url\":\"https:\/\/gozu.zone\/wp-content\/uploads\/2024\/07\/FARAWAY-INSERT-GOZU-ZONE-1-bg.png\",\"contentUrl\":\"https:\/\/gozu.zone\/wp-content\/uploads\/2024\/07\/FARAWAY-INSERT-GOZU-ZONE-1-bg.png\",\"width\":1367,\"height\":1367},{\"@type\":\"BreadcrumbList\",\"@id\":\"https:\/\/gozu.zone\/?product=rangement-pioche-far-away#breadcrumb\",\"itemListElement\":[{\"@type\":\"ListItem\",\"position\":1,\"name\":\"Accueil\",\"item\":\"https:\/\/gozu.zone\/\"},{\"@type\":\"ListItem\",\"position\":2,\"name\":\"BOUTIQUE\",\"item\":\"https:\/\/gozu.zone\/?page_id=308\"},{\"@type\":\"ListItem\",\"position\":3,\"name\":\"Rangement \/ Pioche &#8211; Faraway\"}]},{\"@type\":\"WebSite\",\"@id\":\"https:\/\/gozu.zone\/#website\",\"url\":\"https:\/\/gozu.zone\/\",\"name\":\"GOZU ZONE\",\"description\":\"Toujours plus pour vos jeux\",\"potentialAction\":[{\"@type\":\"SearchAction\",\"target\":{\"@type\":\"EntryPoint\",\"urlTemplate\":\"https:\/\/gozu.zone\/?s={search_term_string}\"},\"query-input\":{\"@type\":\"PropertyValueSpecification\",\"valueRequired\":true,\"valueName\":\"search_term_string\"}}],\"inLanguage\":\"fr-FR\"}]}<\/script>\n<!-- \/ Yoast SEO plugin. -->","yoast_head_json":{"title":"Acheter Rangement \/ Pioche - Faraway - GOZU ZONE - Jeux et Accessoires","description":"Rangement compatible avec le jeu Faraway !\u00a0 Mise en place rapide et rangement optimis\u00e9.","robots":{"index":"index","follow":"follow","max-snippet":"max-snippet:-1","max-image-preview":"max-image-preview:large","max-video-preview":"max-video-preview:-1"},"canonical":"https:\/\/gozu.zone\/?product=rangement-pioche-far-away","og_locale":"fr_FR","og_type":"article","og_title":"Acheter Rangement \/ Pioche - Faraway - GOZU ZONE - Jeux et Accessoires","og_description":"Rangement compatible avec le jeu Faraway !\u00a0 Mise en place rapide et rangement optimis\u00e9.","og_url":"https:\/\/gozu.zone\/?product=rangement-pioche-far-away","og_site_name":"GOZU ZONE","article_publisher":"https:\/\/www.facebook.com\/gozuzone\/","article_modified_time":"2024-07-04T12:18:22+00:00","og_image":[{"width":1367,"height":1367,"url":"https:\/\/gozu.zone\/wp-content\/uploads\/2024\/07\/FARAWAY-INSERT-GOZU-ZONE-1-bg.png","type":"image\/png"}],"twitter_card":"summary_large_image","twitter_site":"@gozuzone","twitter_misc":{"Dur\u00e9e de lecture estim\u00e9e":"1 minute"},"schema":{"@context":"https:\/\/schema.org","@graph":[{"@type":"WebPage","@id":"https:\/\/gozu.zone\/?product=rangement-pioche-far-away","url":"https:\/\/gozu.zone\/?product=rangement-pioche-far-away","name":"Acheter Rangement \/ Pioche - Faraway - GOZU ZONE - Jeux et Accessoires","isPartOf":{"@id":"https:\/\/gozu.zone\/#website"},"primaryImageOfPage":{"@id":"https:\/\/gozu.zone\/?product=rangement-pioche-far-away#primaryimage"},"image":{"@id":"https:\/\/gozu.zone\/?product=rangement-pioche-far-away#primaryimage"},"thumbnailUrl":"https:\/\/gozu.zone\/wp-content\/uploads\/2024\/07\/FARAWAY-INSERT-GOZU-ZONE-1-bg.png","datePublished":"2024-07-03T18:06:20+00:00","dateModified":"2024-07-04T12:18:22+00:00","description":"Rangement compatible avec le jeu Faraway !\u00a0 Mise en place rapide et rangement optimis\u00e9.","breadcrumb":{"@id":"https:\/\/gozu.zone\/?product=rangement-pioche-far-away#breadcrumb"},"inLanguage":"fr-FR","potentialAction":[{"@type":"ReadAction","target":["https:\/\/gozu.zone\/?product=rangement-pioche-far-away"]}]},{"@type":"ImageObject","inLanguage":"fr-FR","@id":"https:\/\/gozu.zone\/?product=rangement-pioche-far-away#primaryimage","url":"https:\/\/gozu.zone\/wp-content\/uploads\/2024\/07\/FARAWAY-INSERT-GOZU-ZONE-1-bg.png","contentUrl":"https:\/\/gozu.zone\/wp-content\/uploads\/2024\/07\/FARAWAY-INSERT-GOZU-ZONE-1-bg.png","width":1367,"height":1367},{"@type":"BreadcrumbList","@id":"https:\/\/gozu.zone\/?product=rangement-pioche-far-away#breadcrumb","itemListElement":[{"@type":"ListItem","position":1,"name":"Accueil","item":"https:\/\/gozu.zone\/"},{"@type":"ListItem","position":2,"name":"BOUTIQUE","item":"https:\/\/gozu.zone\/?page_id=308"},{"@type":"ListItem","position":3,"name":"Rangement \/ Pioche &#8211; Faraway"}]},{"@type":"WebSite","@id":"https:\/\/gozu.zone\/#website","url":"https:\/\/gozu.zone\/","name":"GOZU ZONE","description":"Toujours plus pour vos jeux","potentialAction":[{"@type":"SearchAction","target":{"@type":"EntryPoint","urlTemplate":"https:\/\/gozu.zone\/?s={search_term_string}"},"query-input":{"@type":"PropertyValueSpecification","valueRequired":true,"valueName":"search_term_string"}}],"inLanguage":"fr-FR"}]}},"_links":{"self":[{"href":"https:\/\/gozu.zone\/index.php?rest_route=\/wp\/v2\/product\/18920","targetHints":{"allow":["GET"]}}],"collection":[{"href":"https:\/\/gozu.zone\/index.php?rest_route=\/wp\/v2\/product"}],"about":[{"href":"https:\/\/gozu.zone\/index.php?rest_route=\/wp\/v2\/types\/product"}],"replies":[{"embeddable":true,"href":"https:\/\/gozu.zone\/index.php?rest_route=%2Fwp%2Fv2%2Fcomments&post=18920"}],"wp:featuredmedia":[{"embeddable":true,"href":"https:\/\/gozu.zone\/index.php?rest_route=\/wp\/v2\/media\/18922"}],"wp:attachment":[{"href":"https:\/\/gozu.zone\/index.php?rest_route=%2Fwp%2Fv2%2Fmedia&parent=18920"}],"wp:term":[{"taxonomy":"product_brand","embeddable":true,"href":"https:\/\/gozu.zone\/index.php?rest_route=%2Fwp%2Fv2%2Fproduct_brand&post=18920"},{"taxonomy":"product_cat","embeddable":true,"href":"https:\/\/gozu.zone\/index.php?rest_route=%2Fwp%2Fv2%2Fproduct_cat&post=18920"},{"taxonomy":"product_tag","embeddable":true,"href":"https:\/\/gozu.zone\/index.php?rest_route=%2Fwp%2Fv2%2Fproduct_tag&post=18920"}],"curies":[{"name":"wp","href":"https:\/\/api.w.org\/{rel}","templated":true}]}}