{"id":19461,"date":"2025-03-24T20:32:30","date_gmt":"2025-03-24T20:32:30","guid":{"rendered":"https:\/\/gozu.zone\/?post_type=product&#038;p=19461"},"modified":"2025-03-24T20:59:34","modified_gmt":"2025-03-24T20:59:34","slug":"pochettes-gamegenic-prime-sand-90-dixit-mysterium-sleeves-81-x-122-mm","status":"publish","type":"product","link":"https:\/\/gozu.zone\/?product=pochettes-gamegenic-prime-sand-90-dixit-mysterium-sleeves-81-x-122-mm","title":{"rendered":"Pochettes \u2013 GAMEGENIC \u2013 PRIME SAND \u2013 90 DIXIT\/MYSTERIUM Sleeves \u2013 81 x 122 mm"},"content":{"rendered":"<div>Ces pochettes con\u00e7us pour les jeux de soci\u00e9t\u00e9s garantissent une protection de premier ordre tout en conservant une excellente sensation de m\u00e9lange. Le mat\u00e9riau polypropyl\u00e8ne extra clair pr\u00e9sente toutes les cartes de mani\u00e8re 100% translucide et claire. L&rsquo;\u00e9paisseur renforc\u00e9e de 100 microns ajoute du poids et de la r\u00e9sistance \u00e0 toutes les cartes et leur conf\u00e8re un aspect haut de gamme.<\/div>\n","protected":false},"excerpt":{"rendered":"<div id=\"short_description_block\">\n<div id=\"short_description_content\" class=\"rte align_justify hide-smartphone\">Ce pack contient 90 prot\u00e8ges cartes au format DIXIT\/MYSTERIUM: 81&#215;122 mm.<\/div>\n<\/div>\n<div id=\"_tablet_ukooreviews_product_extra_left_column\" class=\"block hide-smartphone\">\n<div id=\"blockukooreviews-product-extra-left\"><\/div>\n<\/div>\n","protected":false},"featured_media":19462,"comment_status":"open","ping_status":"closed","template":"","meta":{"_acf_changed":false},"product_brand":[771],"product_cat":[308,465,479],"product_tag":[762,764,210,138,137,136],"class_list":{"0":"post-19461","1":"product","2":"type-product","3":"status-publish","4":"has-post-thumbnail","6":"product_brand-gamegenic","7":"product_cat-proteges-cartes","8":"product_cat-par-format","9":"product_cat-format-speciaux","10":"product_tag-gamegenic","11":"product_tag-mini-europeen","12":"product_tag-pochettes","13":"product_tag-protection","14":"product_tag-protege-carte","15":"product_tag-sleeves","16":"product_shipping_class-livraisonstandard_colis","18":"first","19":"instock","20":"taxable","21":"shipping-taxable","22":"purchasable","23":"product-type-simple"},"acf":[],"yoast_head":"<!-- This site is optimized with the Yoast SEO plugin v25.3 - https:\/\/yoast.com\/wordpress\/plugins\/seo\/ -->\n<title>Acheter Pochettes \u2013 GAMEGENIC \u2013 PRIME SAND \u2013 90 DIXIT\/MYSTERIUM Sleeves \u2013 81 x 122 mm - GOZU ZONE<\/title>\n<meta name=\"description\" content=\"Ce pack contient 90 prot\u00e8ges cartes au format DIXIT\/MYSTERIUM: 81x122 mm.\" \/>\n<meta name=\"robots\" content=\"index, follow, max-snippet:-1, max-image-preview:large, max-video-preview:-1\" \/>\n<link rel=\"canonical\" href=\"https:\/\/gozu.zone\/?product=pochettes-gamegenic-prime-sand-90-dixit-mysterium-sleeves-81-x-122-mm\" \/>\n<meta property=\"og:locale\" content=\"fr_FR\" \/>\n<meta property=\"og:type\" content=\"article\" \/>\n<meta property=\"og:title\" content=\"Acheter Pochettes \u2013 GAMEGENIC \u2013 PRIME SAND \u2013 90 DIXIT\/MYSTERIUM Sleeves \u2013 81 x 122 mm - GOZU ZONE\" \/>\n<meta property=\"og:description\" content=\"Ce pack contient 90 prot\u00e8ges cartes au format DIXIT\/MYSTERIUM: 81x122 mm.\" \/>\n<meta property=\"og:url\" content=\"https:\/\/gozu.zone\/?product=pochettes-gamegenic-prime-sand-90-dixit-mysterium-sleeves-81-x-122-mm\" \/>\n<meta property=\"og:site_name\" content=\"GOZU ZONE\" \/>\n<meta property=\"article:publisher\" content=\"https:\/\/www.facebook.com\/gozuzone\/\" \/>\n<meta property=\"article:modified_time\" content=\"2025-03-24T20:59:34+00:00\" \/>\n<meta property=\"og:image\" content=\"https:\/\/gozu.zone\/wp-content\/uploads\/2025\/03\/Pochettes-GAMEGENIC-PRIME-SAND-90-dixit-Sleeves-81x122mm.png\" \/>\n\t<meta property=\"og:image:width\" content=\"1000\" \/>\n\t<meta property=\"og:image:height\" content=\"1000\" \/>\n\t<meta property=\"og:image:type\" content=\"image\/png\" \/>\n<meta name=\"twitter:card\" content=\"summary_large_image\" \/>\n<meta name=\"twitter:site\" content=\"@gozuzone\" \/>\n<meta name=\"twitter:label1\" content=\"Dur\u00e9e de lecture estim\u00e9e\" \/>\n\t<meta name=\"twitter:data1\" content=\"1 minute\" \/>\n<script type=\"application\/ld+json\" class=\"yoast-schema-graph\">{\"@context\":\"https:\/\/schema.org\",\"@graph\":[{\"@type\":\"WebPage\",\"@id\":\"https:\/\/gozu.zone\/?product=pochettes-gamegenic-prime-sand-90-dixit-mysterium-sleeves-81-x-122-mm\",\"url\":\"https:\/\/gozu.zone\/?product=pochettes-gamegenic-prime-sand-90-dixit-mysterium-sleeves-81-x-122-mm\",\"name\":\"Acheter Pochettes \u2013 GAMEGENIC \u2013 PRIME SAND \u2013 90 DIXIT\/MYSTERIUM Sleeves \u2013 81 x 122 mm - GOZU ZONE\",\"isPartOf\":{\"@id\":\"https:\/\/gozu.zone\/#website\"},\"primaryImageOfPage\":{\"@id\":\"https:\/\/gozu.zone\/?product=pochettes-gamegenic-prime-sand-90-dixit-mysterium-sleeves-81-x-122-mm#primaryimage\"},\"image\":{\"@id\":\"https:\/\/gozu.zone\/?product=pochettes-gamegenic-prime-sand-90-dixit-mysterium-sleeves-81-x-122-mm#primaryimage\"},\"thumbnailUrl\":\"https:\/\/gozu.zone\/wp-content\/uploads\/2025\/03\/Pochettes-GAMEGENIC-PRIME-SAND-90-dixit-Sleeves-81x122mm.png\",\"datePublished\":\"2025-03-24T20:32:30+00:00\",\"dateModified\":\"2025-03-24T20:59:34+00:00\",\"description\":\"Ce pack contient 90 prot\u00e8ges cartes au format DIXIT\/MYSTERIUM: 81x122 mm.\",\"breadcrumb\":{\"@id\":\"https:\/\/gozu.zone\/?product=pochettes-gamegenic-prime-sand-90-dixit-mysterium-sleeves-81-x-122-mm#breadcrumb\"},\"inLanguage\":\"fr-FR\",\"potentialAction\":[{\"@type\":\"ReadAction\",\"target\":[\"https:\/\/gozu.zone\/?product=pochettes-gamegenic-prime-sand-90-dixit-mysterium-sleeves-81-x-122-mm\"]}]},{\"@type\":\"ImageObject\",\"inLanguage\":\"fr-FR\",\"@id\":\"https:\/\/gozu.zone\/?product=pochettes-gamegenic-prime-sand-90-dixit-mysterium-sleeves-81-x-122-mm#primaryimage\",\"url\":\"https:\/\/gozu.zone\/wp-content\/uploads\/2025\/03\/Pochettes-GAMEGENIC-PRIME-SAND-90-dixit-Sleeves-81x122mm.png\",\"contentUrl\":\"https:\/\/gozu.zone\/wp-content\/uploads\/2025\/03\/Pochettes-GAMEGENIC-PRIME-SAND-90-dixit-Sleeves-81x122mm.png\",\"width\":1000,\"height\":1000},{\"@type\":\"BreadcrumbList\",\"@id\":\"https:\/\/gozu.zone\/?product=pochettes-gamegenic-prime-sand-90-dixit-mysterium-sleeves-81-x-122-mm#breadcrumb\",\"itemListElement\":[{\"@type\":\"ListItem\",\"position\":1,\"name\":\"Accueil\",\"item\":\"https:\/\/gozu.zone\/\"},{\"@type\":\"ListItem\",\"position\":2,\"name\":\"BOUTIQUE\",\"item\":\"https:\/\/gozu.zone\/?page_id=308\"},{\"@type\":\"ListItem\",\"position\":3,\"name\":\"Pochettes \u2013 GAMEGENIC \u2013 PRIME SAND \u2013 90 DIXIT\/MYSTERIUM Sleeves \u2013 81 x 122 mm\"}]},{\"@type\":\"WebSite\",\"@id\":\"https:\/\/gozu.zone\/#website\",\"url\":\"https:\/\/gozu.zone\/\",\"name\":\"GOZU ZONE\",\"description\":\"Toujours plus pour vos jeux\",\"potentialAction\":[{\"@type\":\"SearchAction\",\"target\":{\"@type\":\"EntryPoint\",\"urlTemplate\":\"https:\/\/gozu.zone\/?s={search_term_string}\"},\"query-input\":{\"@type\":\"PropertyValueSpecification\",\"valueRequired\":true,\"valueName\":\"search_term_string\"}}],\"inLanguage\":\"fr-FR\"}]}<\/script>\n<!-- \/ Yoast SEO plugin. -->","yoast_head_json":{"title":"Acheter Pochettes \u2013 GAMEGENIC \u2013 PRIME SAND \u2013 90 DIXIT\/MYSTERIUM Sleeves \u2013 81 x 122 mm - GOZU ZONE","description":"Ce pack contient 90 prot\u00e8ges cartes au format DIXIT\/MYSTERIUM: 81x122 mm.","robots":{"index":"index","follow":"follow","max-snippet":"max-snippet:-1","max-image-preview":"max-image-preview:large","max-video-preview":"max-video-preview:-1"},"canonical":"https:\/\/gozu.zone\/?product=pochettes-gamegenic-prime-sand-90-dixit-mysterium-sleeves-81-x-122-mm","og_locale":"fr_FR","og_type":"article","og_title":"Acheter Pochettes \u2013 GAMEGENIC \u2013 PRIME SAND \u2013 90 DIXIT\/MYSTERIUM Sleeves \u2013 81 x 122 mm - GOZU ZONE","og_description":"Ce pack contient 90 prot\u00e8ges cartes au format DIXIT\/MYSTERIUM: 81x122 mm.","og_url":"https:\/\/gozu.zone\/?product=pochettes-gamegenic-prime-sand-90-dixit-mysterium-sleeves-81-x-122-mm","og_site_name":"GOZU ZONE","article_publisher":"https:\/\/www.facebook.com\/gozuzone\/","article_modified_time":"2025-03-24T20:59:34+00:00","og_image":[{"width":1000,"height":1000,"url":"https:\/\/gozu.zone\/wp-content\/uploads\/2025\/03\/Pochettes-GAMEGENIC-PRIME-SAND-90-dixit-Sleeves-81x122mm.png","type":"image\/png"}],"twitter_card":"summary_large_image","twitter_site":"@gozuzone","twitter_misc":{"Dur\u00e9e de lecture estim\u00e9e":"1 minute"},"schema":{"@context":"https:\/\/schema.org","@graph":[{"@type":"WebPage","@id":"https:\/\/gozu.zone\/?product=pochettes-gamegenic-prime-sand-90-dixit-mysterium-sleeves-81-x-122-mm","url":"https:\/\/gozu.zone\/?product=pochettes-gamegenic-prime-sand-90-dixit-mysterium-sleeves-81-x-122-mm","name":"Acheter Pochettes \u2013 GAMEGENIC \u2013 PRIME SAND \u2013 90 DIXIT\/MYSTERIUM Sleeves \u2013 81 x 122 mm - GOZU ZONE","isPartOf":{"@id":"https:\/\/gozu.zone\/#website"},"primaryImageOfPage":{"@id":"https:\/\/gozu.zone\/?product=pochettes-gamegenic-prime-sand-90-dixit-mysterium-sleeves-81-x-122-mm#primaryimage"},"image":{"@id":"https:\/\/gozu.zone\/?product=pochettes-gamegenic-prime-sand-90-dixit-mysterium-sleeves-81-x-122-mm#primaryimage"},"thumbnailUrl":"https:\/\/gozu.zone\/wp-content\/uploads\/2025\/03\/Pochettes-GAMEGENIC-PRIME-SAND-90-dixit-Sleeves-81x122mm.png","datePublished":"2025-03-24T20:32:30+00:00","dateModified":"2025-03-24T20:59:34+00:00","description":"Ce pack contient 90 prot\u00e8ges cartes au format DIXIT\/MYSTERIUM: 81x122 mm.","breadcrumb":{"@id":"https:\/\/gozu.zone\/?product=pochettes-gamegenic-prime-sand-90-dixit-mysterium-sleeves-81-x-122-mm#breadcrumb"},"inLanguage":"fr-FR","potentialAction":[{"@type":"ReadAction","target":["https:\/\/gozu.zone\/?product=pochettes-gamegenic-prime-sand-90-dixit-mysterium-sleeves-81-x-122-mm"]}]},{"@type":"ImageObject","inLanguage":"fr-FR","@id":"https:\/\/gozu.zone\/?product=pochettes-gamegenic-prime-sand-90-dixit-mysterium-sleeves-81-x-122-mm#primaryimage","url":"https:\/\/gozu.zone\/wp-content\/uploads\/2025\/03\/Pochettes-GAMEGENIC-PRIME-SAND-90-dixit-Sleeves-81x122mm.png","contentUrl":"https:\/\/gozu.zone\/wp-content\/uploads\/2025\/03\/Pochettes-GAMEGENIC-PRIME-SAND-90-dixit-Sleeves-81x122mm.png","width":1000,"height":1000},{"@type":"BreadcrumbList","@id":"https:\/\/gozu.zone\/?product=pochettes-gamegenic-prime-sand-90-dixit-mysterium-sleeves-81-x-122-mm#breadcrumb","itemListElement":[{"@type":"ListItem","position":1,"name":"Accueil","item":"https:\/\/gozu.zone\/"},{"@type":"ListItem","position":2,"name":"BOUTIQUE","item":"https:\/\/gozu.zone\/?page_id=308"},{"@type":"ListItem","position":3,"name":"Pochettes \u2013 GAMEGENIC \u2013 PRIME SAND \u2013 90 DIXIT\/MYSTERIUM Sleeves \u2013 81 x 122 mm"}]},{"@type":"WebSite","@id":"https:\/\/gozu.zone\/#website","url":"https:\/\/gozu.zone\/","name":"GOZU ZONE","description":"Toujours plus pour vos jeux","potentialAction":[{"@type":"SearchAction","target":{"@type":"EntryPoint","urlTemplate":"https:\/\/gozu.zone\/?s={search_term_string}"},"query-input":{"@type":"PropertyValueSpecification","valueRequired":true,"valueName":"search_term_string"}}],"inLanguage":"fr-FR"}]}},"_links":{"self":[{"href":"https:\/\/gozu.zone\/index.php?rest_route=\/wp\/v2\/product\/19461","targetHints":{"allow":["GET"]}}],"collection":[{"href":"https:\/\/gozu.zone\/index.php?rest_route=\/wp\/v2\/product"}],"about":[{"href":"https:\/\/gozu.zone\/index.php?rest_route=\/wp\/v2\/types\/product"}],"replies":[{"embeddable":true,"href":"https:\/\/gozu.zone\/index.php?rest_route=%2Fwp%2Fv2%2Fcomments&post=19461"}],"wp:featuredmedia":[{"embeddable":true,"href":"https:\/\/gozu.zone\/index.php?rest_route=\/wp\/v2\/media\/19462"}],"wp:attachment":[{"href":"https:\/\/gozu.zone\/index.php?rest_route=%2Fwp%2Fv2%2Fmedia&parent=19461"}],"wp:term":[{"taxonomy":"product_brand","embeddable":true,"href":"https:\/\/gozu.zone\/index.php?rest_route=%2Fwp%2Fv2%2Fproduct_brand&post=19461"},{"taxonomy":"product_cat","embeddable":true,"href":"https:\/\/gozu.zone\/index.php?rest_route=%2Fwp%2Fv2%2Fproduct_cat&post=19461"},{"taxonomy":"product_tag","embeddable":true,"href":"https:\/\/gozu.zone\/index.php?rest_route=%2Fwp%2Fv2%2Fproduct_tag&post=19461"}],"curies":[{"name":"wp","href":"https:\/\/api.w.org\/{rel}","templated":true}]}}