{"id":2259,"date":"2015-08-07T09:48:20","date_gmt":"2015-08-07T09:48:20","guid":{"rendered":"http:\/\/gozu.zone\/?product=module-de-rangement-jce-pour-cartes-non-pochetees"},"modified":"2018-02-09T16:24:02","modified_gmt":"2018-02-09T16:24:02","slug":"module-de-rangement-jce-pour-cartes-non-pochetees","status":"publish","type":"product","link":"https:\/\/gozu.zone\/?product=module-de-rangement-jce-pour-cartes-non-pochetees","title":{"rendered":"Module de rangement JCE pour cartes non-pochet\u00e9es"},"content":{"rendered":"<ul>\n<li>Ce module peut accueillir jusqu&rsquo;\u00e0 <strong>420<\/strong> cartes non pochet\u00e9es. Il est possible d&rsquo;en placer jusqu&rsquo;\u00e0 <strong>6 par bo\u00eete de base<\/strong> d&rsquo;un JCE. Cela donne une capacit\u00e9 de stockage maximal de <strong>2520 cartes.<\/strong><\/li>\n<li>Une bande dans le fond du module retient les cartes;<\/li>\n<li>Les cartes peuvent \u00eatre couch\u00e9es ou plac\u00e9es \u00e0 la verticale;<\/li>\n<li>Un module pr\u00eat \u00e0 l&#8217;emploi et sans montage n\u00e9cessaire !<\/li>\n<\/ul>\n<h5><strong>Merci \u00e0 La communaut\u00e9 des joueurs de SDA, Tr\u00f4ne de Fer, Invasion, Star Wars JCE, Appel de Cthulhu&#8230;!<\/strong><\/h5>\n<p>&nbsp;<\/p>\n<p>&nbsp;<\/p>\n","protected":false},"excerpt":{"rendered":"<p>Le rangement parfait pour le stockage de masse de vos jeux de cartes \u00e9volutifs et \u00e0 collectionner.<\/p>\n","protected":false},"featured_media":2265,"comment_status":"open","ping_status":"closed","template":"","meta":{"_acf_changed":false},"product_brand":[],"product_cat":[309],"product_tag":[262],"class_list":{"0":"post-2259","1":"product","2":"type-product","3":"status-publish","4":"has-post-thumbnail","6":"product_cat-modules","7":"product_tag-rangements-jce","8":"product_shipping_class-livraisonstandard_colis","10":"first","11":"instock","12":"taxable","13":"shipping-taxable","14":"purchasable","15":"product-type-simple"},"acf":[],"yoast_head":"<!-- This site is optimized with the Yoast SEO plugin v25.3 - https:\/\/yoast.com\/wordpress\/plugins\/seo\/ -->\n<title>Acheter Module de rangement JCE pour cartes non-pochet\u00e9es - GOZU ZONE - Jeux et Accessoires<\/title>\n<meta name=\"robots\" content=\"index, follow, max-snippet:-1, max-image-preview:large, max-video-preview:-1\" \/>\n<link rel=\"canonical\" href=\"https:\/\/gozu.zone\/?product=module-de-rangement-jce-pour-cartes-non-pochetees\" \/>\n<meta property=\"og:locale\" content=\"fr_FR\" \/>\n<meta property=\"og:type\" content=\"article\" \/>\n<meta property=\"og:title\" content=\"Acheter Module de rangement JCE pour cartes non-pochet\u00e9es - GOZU ZONE - Jeux et Accessoires\" \/>\n<meta property=\"og:description\" content=\"Le rangement parfait pour le stockage de masse de vos jeux de cartes \u00e9volutifs et \u00e0 collectionner.\" \/>\n<meta property=\"og:url\" content=\"https:\/\/gozu.zone\/?product=module-de-rangement-jce-pour-cartes-non-pochetees\" \/>\n<meta property=\"og:site_name\" content=\"GOZU ZONE\" \/>\n<meta property=\"article:publisher\" content=\"https:\/\/www.facebook.com\/gozuzone\/\" \/>\n<meta property=\"article:modified_time\" content=\"2018-02-09T16:24:02+00:00\" \/>\n<meta property=\"og:image\" content=\"https:\/\/gozu.zone\/wp-content\/uploads\/2015\/08\/module-jce-rangement-cartes-non-pochetees-gozu-zone.jpg\" \/>\n\t<meta property=\"og:image:width\" content=\"1024\" \/>\n\t<meta property=\"og:image:height\" content=\"1024\" \/>\n\t<meta property=\"og:image:type\" content=\"image\/jpeg\" \/>\n<meta name=\"twitter:card\" content=\"summary_large_image\" \/>\n<meta name=\"twitter:site\" content=\"@gozuzone\" \/>\n<script type=\"application\/ld+json\" class=\"yoast-schema-graph\">{\"@context\":\"https:\/\/schema.org\",\"@graph\":[{\"@type\":\"WebPage\",\"@id\":\"https:\/\/gozu.zone\/?product=module-de-rangement-jce-pour-cartes-non-pochetees\",\"url\":\"https:\/\/gozu.zone\/?product=module-de-rangement-jce-pour-cartes-non-pochetees\",\"name\":\"Acheter Module de rangement JCE pour cartes non-pochet\u00e9es - GOZU ZONE - Jeux et Accessoires\",\"isPartOf\":{\"@id\":\"https:\/\/gozu.zone\/#website\"},\"primaryImageOfPage\":{\"@id\":\"https:\/\/gozu.zone\/?product=module-de-rangement-jce-pour-cartes-non-pochetees#primaryimage\"},\"image\":{\"@id\":\"https:\/\/gozu.zone\/?product=module-de-rangement-jce-pour-cartes-non-pochetees#primaryimage\"},\"thumbnailUrl\":\"https:\/\/gozu.zone\/wp-content\/uploads\/2015\/08\/module-jce-rangement-cartes-non-pochetees-gozu-zone.jpg\",\"datePublished\":\"2015-08-07T09:48:20+00:00\",\"dateModified\":\"2018-02-09T16:24:02+00:00\",\"breadcrumb\":{\"@id\":\"https:\/\/gozu.zone\/?product=module-de-rangement-jce-pour-cartes-non-pochetees#breadcrumb\"},\"inLanguage\":\"fr-FR\",\"potentialAction\":[{\"@type\":\"ReadAction\",\"target\":[\"https:\/\/gozu.zone\/?product=module-de-rangement-jce-pour-cartes-non-pochetees\"]}]},{\"@type\":\"ImageObject\",\"inLanguage\":\"fr-FR\",\"@id\":\"https:\/\/gozu.zone\/?product=module-de-rangement-jce-pour-cartes-non-pochetees#primaryimage\",\"url\":\"https:\/\/gozu.zone\/wp-content\/uploads\/2015\/08\/module-jce-rangement-cartes-non-pochetees-gozu-zone.jpg\",\"contentUrl\":\"https:\/\/gozu.zone\/wp-content\/uploads\/2015\/08\/module-jce-rangement-cartes-non-pochetees-gozu-zone.jpg\",\"width\":1024,\"height\":1024,\"caption\":\"module-jce-rangement-cartes-non-pochetees-gozu-zone\"},{\"@type\":\"BreadcrumbList\",\"@id\":\"https:\/\/gozu.zone\/?product=module-de-rangement-jce-pour-cartes-non-pochetees#breadcrumb\",\"itemListElement\":[{\"@type\":\"ListItem\",\"position\":1,\"name\":\"Accueil\",\"item\":\"https:\/\/gozu.zone\/\"},{\"@type\":\"ListItem\",\"position\":2,\"name\":\"BOUTIQUE\",\"item\":\"https:\/\/gozu.zone\/?page_id=308\"},{\"@type\":\"ListItem\",\"position\":3,\"name\":\"Module de rangement JCE pour cartes non-pochet\u00e9es\"}]},{\"@type\":\"WebSite\",\"@id\":\"https:\/\/gozu.zone\/#website\",\"url\":\"https:\/\/gozu.zone\/\",\"name\":\"GOZU ZONE\",\"description\":\"Toujours plus pour vos jeux\",\"potentialAction\":[{\"@type\":\"SearchAction\",\"target\":{\"@type\":\"EntryPoint\",\"urlTemplate\":\"https:\/\/gozu.zone\/?s={search_term_string}\"},\"query-input\":{\"@type\":\"PropertyValueSpecification\",\"valueRequired\":true,\"valueName\":\"search_term_string\"}}],\"inLanguage\":\"fr-FR\"}]}<\/script>\n<!-- \/ Yoast SEO plugin. -->","yoast_head_json":{"title":"Acheter Module de rangement JCE pour cartes non-pochet\u00e9es - GOZU ZONE - Jeux et Accessoires","robots":{"index":"index","follow":"follow","max-snippet":"max-snippet:-1","max-image-preview":"max-image-preview:large","max-video-preview":"max-video-preview:-1"},"canonical":"https:\/\/gozu.zone\/?product=module-de-rangement-jce-pour-cartes-non-pochetees","og_locale":"fr_FR","og_type":"article","og_title":"Acheter Module de rangement JCE pour cartes non-pochet\u00e9es - GOZU ZONE - Jeux et Accessoires","og_description":"Le rangement parfait pour le stockage de masse de vos jeux de cartes \u00e9volutifs et \u00e0 collectionner.","og_url":"https:\/\/gozu.zone\/?product=module-de-rangement-jce-pour-cartes-non-pochetees","og_site_name":"GOZU ZONE","article_publisher":"https:\/\/www.facebook.com\/gozuzone\/","article_modified_time":"2018-02-09T16:24:02+00:00","og_image":[{"width":1024,"height":1024,"url":"https:\/\/gozu.zone\/wp-content\/uploads\/2015\/08\/module-jce-rangement-cartes-non-pochetees-gozu-zone.jpg","type":"image\/jpeg"}],"twitter_card":"summary_large_image","twitter_site":"@gozuzone","schema":{"@context":"https:\/\/schema.org","@graph":[{"@type":"WebPage","@id":"https:\/\/gozu.zone\/?product=module-de-rangement-jce-pour-cartes-non-pochetees","url":"https:\/\/gozu.zone\/?product=module-de-rangement-jce-pour-cartes-non-pochetees","name":"Acheter Module de rangement JCE pour cartes non-pochet\u00e9es - GOZU ZONE - Jeux et Accessoires","isPartOf":{"@id":"https:\/\/gozu.zone\/#website"},"primaryImageOfPage":{"@id":"https:\/\/gozu.zone\/?product=module-de-rangement-jce-pour-cartes-non-pochetees#primaryimage"},"image":{"@id":"https:\/\/gozu.zone\/?product=module-de-rangement-jce-pour-cartes-non-pochetees#primaryimage"},"thumbnailUrl":"https:\/\/gozu.zone\/wp-content\/uploads\/2015\/08\/module-jce-rangement-cartes-non-pochetees-gozu-zone.jpg","datePublished":"2015-08-07T09:48:20+00:00","dateModified":"2018-02-09T16:24:02+00:00","breadcrumb":{"@id":"https:\/\/gozu.zone\/?product=module-de-rangement-jce-pour-cartes-non-pochetees#breadcrumb"},"inLanguage":"fr-FR","potentialAction":[{"@type":"ReadAction","target":["https:\/\/gozu.zone\/?product=module-de-rangement-jce-pour-cartes-non-pochetees"]}]},{"@type":"ImageObject","inLanguage":"fr-FR","@id":"https:\/\/gozu.zone\/?product=module-de-rangement-jce-pour-cartes-non-pochetees#primaryimage","url":"https:\/\/gozu.zone\/wp-content\/uploads\/2015\/08\/module-jce-rangement-cartes-non-pochetees-gozu-zone.jpg","contentUrl":"https:\/\/gozu.zone\/wp-content\/uploads\/2015\/08\/module-jce-rangement-cartes-non-pochetees-gozu-zone.jpg","width":1024,"height":1024,"caption":"module-jce-rangement-cartes-non-pochetees-gozu-zone"},{"@type":"BreadcrumbList","@id":"https:\/\/gozu.zone\/?product=module-de-rangement-jce-pour-cartes-non-pochetees#breadcrumb","itemListElement":[{"@type":"ListItem","position":1,"name":"Accueil","item":"https:\/\/gozu.zone\/"},{"@type":"ListItem","position":2,"name":"BOUTIQUE","item":"https:\/\/gozu.zone\/?page_id=308"},{"@type":"ListItem","position":3,"name":"Module de rangement JCE pour cartes non-pochet\u00e9es"}]},{"@type":"WebSite","@id":"https:\/\/gozu.zone\/#website","url":"https:\/\/gozu.zone\/","name":"GOZU ZONE","description":"Toujours plus pour vos jeux","potentialAction":[{"@type":"SearchAction","target":{"@type":"EntryPoint","urlTemplate":"https:\/\/gozu.zone\/?s={search_term_string}"},"query-input":{"@type":"PropertyValueSpecification","valueRequired":true,"valueName":"search_term_string"}}],"inLanguage":"fr-FR"}]}},"_links":{"self":[{"href":"https:\/\/gozu.zone\/index.php?rest_route=\/wp\/v2\/product\/2259","targetHints":{"allow":["GET"]}}],"collection":[{"href":"https:\/\/gozu.zone\/index.php?rest_route=\/wp\/v2\/product"}],"about":[{"href":"https:\/\/gozu.zone\/index.php?rest_route=\/wp\/v2\/types\/product"}],"replies":[{"embeddable":true,"href":"https:\/\/gozu.zone\/index.php?rest_route=%2Fwp%2Fv2%2Fcomments&post=2259"}],"wp:featuredmedia":[{"embeddable":true,"href":"https:\/\/gozu.zone\/index.php?rest_route=\/wp\/v2\/media\/2265"}],"wp:attachment":[{"href":"https:\/\/gozu.zone\/index.php?rest_route=%2Fwp%2Fv2%2Fmedia&parent=2259"}],"wp:term":[{"taxonomy":"product_brand","embeddable":true,"href":"https:\/\/gozu.zone\/index.php?rest_route=%2Fwp%2Fv2%2Fproduct_brand&post=2259"},{"taxonomy":"product_cat","embeddable":true,"href":"https:\/\/gozu.zone\/index.php?rest_route=%2Fwp%2Fv2%2Fproduct_cat&post=2259"},{"taxonomy":"product_tag","embeddable":true,"href":"https:\/\/gozu.zone\/index.php?rest_route=%2Fwp%2Fv2%2Fproduct_tag&post=2259"}],"curies":[{"name":"wp","href":"https:\/\/api.w.org\/{rel}","templated":true}]}}