{"id":2330,"date":"2015-08-07T14:11:10","date_gmt":"2015-08-07T14:11:10","guid":{"rendered":"http:\/\/gozu.zone\/?post_type=product&#038;p=2330"},"modified":"2022-10-25T13:05:16","modified_gmt":"2022-10-25T13:05:16","slug":"citadelles-rangements","status":"publish","type":"product","link":"https:\/\/gozu.zone\/?product=citadelles-rangements","title":{"rendered":"Rangements &#8211; Citadelles\u2122"},"content":{"rendered":"<ul>\n<li>Module de rangement d&rsquo;un paquet qui peut accepter des cartes pochet\u00e9es fines (Mayday games non premium).<\/li>\n<\/ul>\n<p>&nbsp;<\/p>\n<h2><strong>CONTENU:<\/strong><\/h2>\n<ul>\n<li>2X Blocs de rangements pour 1x paquet de cartes chacun, le jeu de base.<\/li>\n<li>En option : +1x paquet pour une extension.<\/li>\n<\/ul>\n<p class=\"disclaimer\">Citadelles\u2122 est un jeu \u00e9dit\u00e9 par EDGE. Gozu Zone propose de sa propre initiative des rangements compatibles avec ce jeu et ses extensions, qui demeurent la propri\u00e9t\u00e9 de l&rsquo;\u00e9diteur. Ce dernier n&rsquo;assume aucune responsabilit\u00e9 quant \u00e0 nos produits.<\/p>\n","protected":false},"excerpt":{"rendered":"<p><strong>Prot\u00e9gez vos classiques!<\/strong><\/p>\n","protected":false},"featured_media":17951,"comment_status":"open","ping_status":"closed","template":"","meta":{"_acf_changed":false},"product_brand":[],"product_cat":[311],"product_tag":[294,259,459],"class_list":{"0":"post-2330","1":"product","2":"type-product","3":"status-publish","4":"has-post-thumbnail","6":"product_cat-organiseurs","7":"product_tag-organiseur","8":"product_tag-rangements","9":"product_tag-rangements-j2s","10":"product_shipping_class-livraisonstandard_colis","12":"first","13":"instock","14":"taxable","15":"shipping-taxable","16":"purchasable","17":"product-type-variable","18":"has-default-attributes"},"acf":[],"yoast_head":"<!-- This site is optimized with the Yoast SEO plugin v25.3 - https:\/\/yoast.com\/wordpress\/plugins\/seo\/ -->\n<title>Acheter Rangements - Citadelles\u2122 - GOZU ZONE - Jeux et Accessoires<\/title>\n<meta name=\"robots\" content=\"index, follow, max-snippet:-1, max-image-preview:large, max-video-preview:-1\" \/>\n<link rel=\"canonical\" href=\"https:\/\/gozu.zone\/?product=citadelles-rangements\" \/>\n<meta property=\"og:locale\" content=\"fr_FR\" \/>\n<meta property=\"og:type\" content=\"article\" \/>\n<meta property=\"og:title\" content=\"Acheter Rangements - Citadelles\u2122 - GOZU ZONE - Jeux et Accessoires\" \/>\n<meta property=\"og:description\" content=\"Prot\u00e9gez vos classiques!\" \/>\n<meta property=\"og:url\" content=\"https:\/\/gozu.zone\/?product=citadelles-rangements\" \/>\n<meta property=\"og:site_name\" content=\"GOZU ZONE\" \/>\n<meta property=\"article:publisher\" content=\"https:\/\/www.facebook.com\/gozuzone\/\" \/>\n<meta property=\"article:modified_time\" content=\"2022-10-25T13:05:16+00:00\" \/>\n<meta property=\"og:image\" content=\"https:\/\/gozu.zone\/wp-content\/uploads\/2015\/08\/citadelle-box-rangement-gozu-zone.jpeg\" \/>\n\t<meta property=\"og:image:width\" content=\"1024\" \/>\n\t<meta property=\"og:image:height\" content=\"1024\" \/>\n\t<meta property=\"og:image:type\" content=\"image\/jpeg\" \/>\n<meta name=\"twitter:card\" content=\"summary_large_image\" \/>\n<meta name=\"twitter:site\" content=\"@gozuzone\" \/>\n<meta name=\"twitter:label1\" content=\"Dur\u00e9e de lecture estim\u00e9e\" \/>\n\t<meta name=\"twitter:data1\" content=\"1 minute\" \/>\n<script type=\"application\/ld+json\" class=\"yoast-schema-graph\">{\"@context\":\"https:\/\/schema.org\",\"@graph\":[{\"@type\":\"WebPage\",\"@id\":\"https:\/\/gozu.zone\/?product=citadelles-rangements\",\"url\":\"https:\/\/gozu.zone\/?product=citadelles-rangements\",\"name\":\"Acheter Rangements - Citadelles\u2122 - GOZU ZONE - Jeux et Accessoires\",\"isPartOf\":{\"@id\":\"https:\/\/gozu.zone\/#website\"},\"primaryImageOfPage\":{\"@id\":\"https:\/\/gozu.zone\/?product=citadelles-rangements#primaryimage\"},\"image\":{\"@id\":\"https:\/\/gozu.zone\/?product=citadelles-rangements#primaryimage\"},\"thumbnailUrl\":\"https:\/\/gozu.zone\/wp-content\/uploads\/2015\/08\/citadelle-box-rangement-gozu-zone.jpeg\",\"datePublished\":\"2015-08-07T14:11:10+00:00\",\"dateModified\":\"2022-10-25T13:05:16+00:00\",\"breadcrumb\":{\"@id\":\"https:\/\/gozu.zone\/?product=citadelles-rangements#breadcrumb\"},\"inLanguage\":\"fr-FR\",\"potentialAction\":[{\"@type\":\"ReadAction\",\"target\":[\"https:\/\/gozu.zone\/?product=citadelles-rangements\"]}]},{\"@type\":\"ImageObject\",\"inLanguage\":\"fr-FR\",\"@id\":\"https:\/\/gozu.zone\/?product=citadelles-rangements#primaryimage\",\"url\":\"https:\/\/gozu.zone\/wp-content\/uploads\/2015\/08\/citadelle-box-rangement-gozu-zone.jpeg\",\"contentUrl\":\"https:\/\/gozu.zone\/wp-content\/uploads\/2015\/08\/citadelle-box-rangement-gozu-zone.jpeg\",\"width\":1024,\"height\":1024},{\"@type\":\"BreadcrumbList\",\"@id\":\"https:\/\/gozu.zone\/?product=citadelles-rangements#breadcrumb\",\"itemListElement\":[{\"@type\":\"ListItem\",\"position\":1,\"name\":\"Accueil\",\"item\":\"https:\/\/gozu.zone\/\"},{\"@type\":\"ListItem\",\"position\":2,\"name\":\"BOUTIQUE\",\"item\":\"https:\/\/gozu.zone\/?page_id=308\"},{\"@type\":\"ListItem\",\"position\":3,\"name\":\"Rangements &#8211; Citadelles\u2122\"}]},{\"@type\":\"WebSite\",\"@id\":\"https:\/\/gozu.zone\/#website\",\"url\":\"https:\/\/gozu.zone\/\",\"name\":\"GOZU ZONE\",\"description\":\"Toujours plus pour vos jeux\",\"potentialAction\":[{\"@type\":\"SearchAction\",\"target\":{\"@type\":\"EntryPoint\",\"urlTemplate\":\"https:\/\/gozu.zone\/?s={search_term_string}\"},\"query-input\":{\"@type\":\"PropertyValueSpecification\",\"valueRequired\":true,\"valueName\":\"search_term_string\"}}],\"inLanguage\":\"fr-FR\"}]}<\/script>\n<!-- \/ Yoast SEO plugin. -->","yoast_head_json":{"title":"Acheter Rangements - Citadelles\u2122 - GOZU ZONE - Jeux et Accessoires","robots":{"index":"index","follow":"follow","max-snippet":"max-snippet:-1","max-image-preview":"max-image-preview:large","max-video-preview":"max-video-preview:-1"},"canonical":"https:\/\/gozu.zone\/?product=citadelles-rangements","og_locale":"fr_FR","og_type":"article","og_title":"Acheter Rangements - Citadelles\u2122 - GOZU ZONE - Jeux et Accessoires","og_description":"Prot\u00e9gez vos classiques!","og_url":"https:\/\/gozu.zone\/?product=citadelles-rangements","og_site_name":"GOZU ZONE","article_publisher":"https:\/\/www.facebook.com\/gozuzone\/","article_modified_time":"2022-10-25T13:05:16+00:00","og_image":[{"width":1024,"height":1024,"url":"https:\/\/gozu.zone\/wp-content\/uploads\/2015\/08\/citadelle-box-rangement-gozu-zone.jpeg","type":"image\/jpeg"}],"twitter_card":"summary_large_image","twitter_site":"@gozuzone","twitter_misc":{"Dur\u00e9e de lecture estim\u00e9e":"1 minute"},"schema":{"@context":"https:\/\/schema.org","@graph":[{"@type":"WebPage","@id":"https:\/\/gozu.zone\/?product=citadelles-rangements","url":"https:\/\/gozu.zone\/?product=citadelles-rangements","name":"Acheter Rangements - Citadelles\u2122 - GOZU ZONE - Jeux et Accessoires","isPartOf":{"@id":"https:\/\/gozu.zone\/#website"},"primaryImageOfPage":{"@id":"https:\/\/gozu.zone\/?product=citadelles-rangements#primaryimage"},"image":{"@id":"https:\/\/gozu.zone\/?product=citadelles-rangements#primaryimage"},"thumbnailUrl":"https:\/\/gozu.zone\/wp-content\/uploads\/2015\/08\/citadelle-box-rangement-gozu-zone.jpeg","datePublished":"2015-08-07T14:11:10+00:00","dateModified":"2022-10-25T13:05:16+00:00","breadcrumb":{"@id":"https:\/\/gozu.zone\/?product=citadelles-rangements#breadcrumb"},"inLanguage":"fr-FR","potentialAction":[{"@type":"ReadAction","target":["https:\/\/gozu.zone\/?product=citadelles-rangements"]}]},{"@type":"ImageObject","inLanguage":"fr-FR","@id":"https:\/\/gozu.zone\/?product=citadelles-rangements#primaryimage","url":"https:\/\/gozu.zone\/wp-content\/uploads\/2015\/08\/citadelle-box-rangement-gozu-zone.jpeg","contentUrl":"https:\/\/gozu.zone\/wp-content\/uploads\/2015\/08\/citadelle-box-rangement-gozu-zone.jpeg","width":1024,"height":1024},{"@type":"BreadcrumbList","@id":"https:\/\/gozu.zone\/?product=citadelles-rangements#breadcrumb","itemListElement":[{"@type":"ListItem","position":1,"name":"Accueil","item":"https:\/\/gozu.zone\/"},{"@type":"ListItem","position":2,"name":"BOUTIQUE","item":"https:\/\/gozu.zone\/?page_id=308"},{"@type":"ListItem","position":3,"name":"Rangements &#8211; Citadelles\u2122"}]},{"@type":"WebSite","@id":"https:\/\/gozu.zone\/#website","url":"https:\/\/gozu.zone\/","name":"GOZU ZONE","description":"Toujours plus pour vos jeux","potentialAction":[{"@type":"SearchAction","target":{"@type":"EntryPoint","urlTemplate":"https:\/\/gozu.zone\/?s={search_term_string}"},"query-input":{"@type":"PropertyValueSpecification","valueRequired":true,"valueName":"search_term_string"}}],"inLanguage":"fr-FR"}]}},"_links":{"self":[{"href":"https:\/\/gozu.zone\/index.php?rest_route=\/wp\/v2\/product\/2330","targetHints":{"allow":["GET"]}}],"collection":[{"href":"https:\/\/gozu.zone\/index.php?rest_route=\/wp\/v2\/product"}],"about":[{"href":"https:\/\/gozu.zone\/index.php?rest_route=\/wp\/v2\/types\/product"}],"replies":[{"embeddable":true,"href":"https:\/\/gozu.zone\/index.php?rest_route=%2Fwp%2Fv2%2Fcomments&post=2330"}],"wp:featuredmedia":[{"embeddable":true,"href":"https:\/\/gozu.zone\/index.php?rest_route=\/wp\/v2\/media\/17951"}],"wp:attachment":[{"href":"https:\/\/gozu.zone\/index.php?rest_route=%2Fwp%2Fv2%2Fmedia&parent=2330"}],"wp:term":[{"taxonomy":"product_brand","embeddable":true,"href":"https:\/\/gozu.zone\/index.php?rest_route=%2Fwp%2Fv2%2Fproduct_brand&post=2330"},{"taxonomy":"product_cat","embeddable":true,"href":"https:\/\/gozu.zone\/index.php?rest_route=%2Fwp%2Fv2%2Fproduct_cat&post=2330"},{"taxonomy":"product_tag","embeddable":true,"href":"https:\/\/gozu.zone\/index.php?rest_route=%2Fwp%2Fv2%2Fproduct_tag&post=2330"}],"curies":[{"name":"wp","href":"https:\/\/api.w.org\/{rel}","templated":true}]}}