{"id":2516,"date":"2015-09-14T09:41:31","date_gmt":"2015-09-14T09:41:31","guid":{"rendered":"http:\/\/gozu.zone\/?product=rangements-7-wonders-et-ses-extensions"},"modified":"2025-03-26T08:56:46","modified_gmt":"2025-03-26T08:56:46","slug":"rangements-7-wonders-extensions","status":"publish","type":"product","link":"https:\/\/gozu.zone\/?product=rangements-7-wonders-extensions","title":{"rendered":"Rangements 7 wonders \u2122 et ses extensions ( Ancienne \u00e9dition )"},"content":{"rendered":"<p>Offrez un \u00e9crin \u00e0 votre jeu favori avec ces rangements 7 Wonders \u2122 !\u00a0Cet ensemble vous permettra d&rsquo;organiser, de prot\u00e9ger et de ranger le jeu o\u00f9 l&rsquo;on construit ses merveilles et qui a su devenir un classique indispensable dans votre ludoth\u00e8que!<\/p>\r\n<hr class=\"wp-block-separator\" \/>\r\n\r\n\r\n<p>&nbsp;<\/p>\r\n<p><strong><span style=\"color: #ff0000;\">ATTENTION<\/span> : ce produit n&rsquo;est compatible que pour l&rsquo;Edition ant\u00e9rieure \u00e0 2020 ( voir visuel )<\/strong><\/p>\r\n<p><br \/>Ce rangement vous permettra de ranger, <strong>dans la bo\u00eete du jeu de\u00a0base :<\/strong><\/p>\r\n\r\n\r\n\r\n<ul class=\"wp-block-list\">\r\n<li>\u00a0<strong>Le jeu de base : 7 Wonders \u2122<\/strong><\/li>\r\n<li>Cities \u2122<\/li>\r\n<li>Leaders \u2122<\/li>\r\n<li>Babel \u2122<\/li>\r\n<li>Wonder Pack \u2122<\/li>\r\n<li>Armada \u2122<\/li>\r\n<li>Cities \u2013 Anniversary Pack \u2122<\/li>\r\n<li>Leaders\u2013 Anniversary Pack \u2122<\/li>\r\n<\/ul>\r\n<p>&nbsp;<\/p>\r\n\r\n\r\n<hr class=\"wp-block-separator\" \/>\r\n<h3>\u00a0<\/h3>\r\n<h3>Contenu du rangement 7 wonders :<\/h3>\r\n\r\n<ul class=\"wp-block-list\">\r\n<li><strong>1\u00a0module<\/strong>\u00a0pour les cartes des diff\u00e9rents \u00c2ges, avec s\u00e9parateur et adapt\u00e9s pour placer des cartes prot\u00e9g\u00e9es (sleev\u00e9es).<\/li>\r\n<li><strong>1\u00a0module<\/strong>\u00a0pour les cartes Leader, Merveilles, Armada (sleev\u00e9es).<\/li>\r\n<li><strong>7 modules amovibles\u00a0<\/strong>de rangements des pions, tuiles et autres pi\u00e8ces.<\/li>\r\n<\/ul>\r\n\r\n<p>&nbsp;<\/p>\r\n<hr class=\"wp-block-separator\" \/>\r\n\r\n\r\n<p>&nbsp;<\/p>\r\n<p><strong>REMARQUE\u00a0:<\/strong><\/p>\r\n<ul>\r\n<li><em>Les cartes ont \u00e9t\u00e9 prot\u00e9g\u00e9es avec des pochettes <a href=\"https:\/\/gozu.zone\/?product=50-pochettes-ultra-pro-board-game-65x100-7-wonders\">Ultra-Pro<\/a>.<\/em><\/li>\r\n<li>Rangement sur la tranche possible<\/li>\r\n<\/ul>\r\n\r\n\r\n<hr class=\"wp-block-separator\" \/>\r\n<p>&nbsp;<\/p>\r\n\r\n<p><strong> 7 Wonders<\/strong>\u2122 et ses extensions sont des jeux \u00e9dit\u00e9s par <strong>Repos Production<\/strong>. <strong>Gozu Zone <\/strong>propose de sa propre initiative des rangements compatibles avec ce jeu et ses extensions, qui demeurent la propri\u00e9t\u00e9 de l&rsquo;\u00e9diteur. Ce dernier n&rsquo;assume aucune responsabilit\u00e9 quant \u00e0 nos produits.<\/p>\r\n","protected":false},"excerpt":{"rendered":"<p>Trouvez une solution au rangement de 7 Wonders<span class=\"st\"><em>\u2122<\/em><\/span> , la merveille des jeux de soci\u00e9t\u00e9<strong> !\u00a0<\/strong><\/p>\n","protected":false},"featured_media":15813,"comment_status":"open","ping_status":"closed","template":"","meta":{"_acf_changed":false},"product_brand":[],"product_cat":[311],"product_tag":[294,259,459],"class_list":{"0":"post-2516","1":"product","2":"type-product","3":"status-publish","4":"has-post-thumbnail","6":"product_cat-organiseurs","7":"product_tag-organiseur","8":"product_tag-rangements","9":"product_tag-rangements-j2s","10":"product_shipping_class-livraisonstandard_colis","12":"first","13":"instock","14":"taxable","15":"shipping-taxable","16":"purchasable","17":"product-type-simple"},"acf":[],"yoast_head":"<!-- This site is optimized with the Yoast SEO plugin v25.3 - https:\/\/yoast.com\/wordpress\/plugins\/seo\/ -->\n<title>Acheter Rangements 7 wonders \u2122 et ses extensions ( Ancienne \u00e9dition ) - GOZU ZONE - Jeux et Accessoires<\/title>\n<meta name=\"robots\" content=\"index, follow, max-snippet:-1, max-image-preview:large, max-video-preview:-1\" \/>\n<link rel=\"canonical\" href=\"https:\/\/gozu.zone\/?product=rangements-7-wonders-extensions\" \/>\n<meta property=\"og:locale\" content=\"fr_FR\" \/>\n<meta property=\"og:type\" content=\"article\" \/>\n<meta property=\"og:title\" content=\"Acheter Rangements 7 wonders \u2122 et ses extensions ( Ancienne \u00e9dition ) - GOZU ZONE - Jeux et Accessoires\" \/>\n<meta property=\"og:description\" content=\"Trouvez une solution au rangement de 7 Wonders\u2122 , la merveille des jeux de soci\u00e9t\u00e9 !\u00a0\" \/>\n<meta property=\"og:url\" content=\"https:\/\/gozu.zone\/?product=rangements-7-wonders-extensions\" \/>\n<meta property=\"og:site_name\" content=\"GOZU ZONE\" \/>\n<meta property=\"article:publisher\" content=\"https:\/\/www.facebook.com\/gozuzone\/\" \/>\n<meta property=\"article:modified_time\" content=\"2025-03-26T08:56:46+00:00\" \/>\n<meta property=\"og:image\" content=\"https:\/\/gozu.zone\/wp-content\/uploads\/2015\/09\/rangement-7wonders-1.jpg\" \/>\n\t<meta property=\"og:image:width\" content=\"1024\" \/>\n\t<meta property=\"og:image:height\" content=\"1024\" \/>\n\t<meta property=\"og:image:type\" content=\"image\/jpeg\" \/>\n<meta name=\"twitter:card\" content=\"summary_large_image\" \/>\n<meta name=\"twitter:site\" content=\"@gozuzone\" \/>\n<meta name=\"twitter:label1\" content=\"Dur\u00e9e de lecture estim\u00e9e\" \/>\n\t<meta name=\"twitter:data1\" content=\"2 minutes\" \/>\n<script type=\"application\/ld+json\" class=\"yoast-schema-graph\">{\"@context\":\"https:\/\/schema.org\",\"@graph\":[{\"@type\":\"WebPage\",\"@id\":\"https:\/\/gozu.zone\/?product=rangements-7-wonders-extensions\",\"url\":\"https:\/\/gozu.zone\/?product=rangements-7-wonders-extensions\",\"name\":\"Acheter Rangements 7 wonders \u2122 et ses extensions ( Ancienne \u00e9dition ) - GOZU ZONE - Jeux et Accessoires\",\"isPartOf\":{\"@id\":\"https:\/\/gozu.zone\/#website\"},\"primaryImageOfPage\":{\"@id\":\"https:\/\/gozu.zone\/?product=rangements-7-wonders-extensions#primaryimage\"},\"image\":{\"@id\":\"https:\/\/gozu.zone\/?product=rangements-7-wonders-extensions#primaryimage\"},\"thumbnailUrl\":\"https:\/\/gozu.zone\/wp-content\/uploads\/2015\/09\/rangement-7wonders-1.jpg\",\"datePublished\":\"2015-09-14T09:41:31+00:00\",\"dateModified\":\"2025-03-26T08:56:46+00:00\",\"breadcrumb\":{\"@id\":\"https:\/\/gozu.zone\/?product=rangements-7-wonders-extensions#breadcrumb\"},\"inLanguage\":\"fr-FR\",\"potentialAction\":[{\"@type\":\"ReadAction\",\"target\":[\"https:\/\/gozu.zone\/?product=rangements-7-wonders-extensions\"]}]},{\"@type\":\"ImageObject\",\"inLanguage\":\"fr-FR\",\"@id\":\"https:\/\/gozu.zone\/?product=rangements-7-wonders-extensions#primaryimage\",\"url\":\"https:\/\/gozu.zone\/wp-content\/uploads\/2015\/09\/rangement-7wonders-1.jpg\",\"contentUrl\":\"https:\/\/gozu.zone\/wp-content\/uploads\/2015\/09\/rangement-7wonders-1.jpg\",\"width\":1024,\"height\":1024,\"caption\":\"rangement-7wonders\"},{\"@type\":\"BreadcrumbList\",\"@id\":\"https:\/\/gozu.zone\/?product=rangements-7-wonders-extensions#breadcrumb\",\"itemListElement\":[{\"@type\":\"ListItem\",\"position\":1,\"name\":\"Accueil\",\"item\":\"https:\/\/gozu.zone\/\"},{\"@type\":\"ListItem\",\"position\":2,\"name\":\"BOUTIQUE\",\"item\":\"https:\/\/gozu.zone\/?page_id=308\"},{\"@type\":\"ListItem\",\"position\":3,\"name\":\"Rangements 7 wonders \u2122 et ses extensions ( Ancienne \u00e9dition )\"}]},{\"@type\":\"WebSite\",\"@id\":\"https:\/\/gozu.zone\/#website\",\"url\":\"https:\/\/gozu.zone\/\",\"name\":\"GOZU ZONE\",\"description\":\"Toujours plus pour vos jeux\",\"potentialAction\":[{\"@type\":\"SearchAction\",\"target\":{\"@type\":\"EntryPoint\",\"urlTemplate\":\"https:\/\/gozu.zone\/?s={search_term_string}\"},\"query-input\":{\"@type\":\"PropertyValueSpecification\",\"valueRequired\":true,\"valueName\":\"search_term_string\"}}],\"inLanguage\":\"fr-FR\"}]}<\/script>\n<!-- \/ Yoast SEO plugin. -->","yoast_head_json":{"title":"Acheter Rangements 7 wonders \u2122 et ses extensions ( Ancienne \u00e9dition ) - GOZU ZONE - Jeux et Accessoires","robots":{"index":"index","follow":"follow","max-snippet":"max-snippet:-1","max-image-preview":"max-image-preview:large","max-video-preview":"max-video-preview:-1"},"canonical":"https:\/\/gozu.zone\/?product=rangements-7-wonders-extensions","og_locale":"fr_FR","og_type":"article","og_title":"Acheter Rangements 7 wonders \u2122 et ses extensions ( Ancienne \u00e9dition ) - GOZU ZONE - Jeux et Accessoires","og_description":"Trouvez une solution au rangement de 7 Wonders\u2122 , la merveille des jeux de soci\u00e9t\u00e9 !\u00a0","og_url":"https:\/\/gozu.zone\/?product=rangements-7-wonders-extensions","og_site_name":"GOZU ZONE","article_publisher":"https:\/\/www.facebook.com\/gozuzone\/","article_modified_time":"2025-03-26T08:56:46+00:00","og_image":[{"width":1024,"height":1024,"url":"https:\/\/gozu.zone\/wp-content\/uploads\/2015\/09\/rangement-7wonders-1.jpg","type":"image\/jpeg"}],"twitter_card":"summary_large_image","twitter_site":"@gozuzone","twitter_misc":{"Dur\u00e9e de lecture estim\u00e9e":"2 minutes"},"schema":{"@context":"https:\/\/schema.org","@graph":[{"@type":"WebPage","@id":"https:\/\/gozu.zone\/?product=rangements-7-wonders-extensions","url":"https:\/\/gozu.zone\/?product=rangements-7-wonders-extensions","name":"Acheter Rangements 7 wonders \u2122 et ses extensions ( Ancienne \u00e9dition ) - GOZU ZONE - Jeux et Accessoires","isPartOf":{"@id":"https:\/\/gozu.zone\/#website"},"primaryImageOfPage":{"@id":"https:\/\/gozu.zone\/?product=rangements-7-wonders-extensions#primaryimage"},"image":{"@id":"https:\/\/gozu.zone\/?product=rangements-7-wonders-extensions#primaryimage"},"thumbnailUrl":"https:\/\/gozu.zone\/wp-content\/uploads\/2015\/09\/rangement-7wonders-1.jpg","datePublished":"2015-09-14T09:41:31+00:00","dateModified":"2025-03-26T08:56:46+00:00","breadcrumb":{"@id":"https:\/\/gozu.zone\/?product=rangements-7-wonders-extensions#breadcrumb"},"inLanguage":"fr-FR","potentialAction":[{"@type":"ReadAction","target":["https:\/\/gozu.zone\/?product=rangements-7-wonders-extensions"]}]},{"@type":"ImageObject","inLanguage":"fr-FR","@id":"https:\/\/gozu.zone\/?product=rangements-7-wonders-extensions#primaryimage","url":"https:\/\/gozu.zone\/wp-content\/uploads\/2015\/09\/rangement-7wonders-1.jpg","contentUrl":"https:\/\/gozu.zone\/wp-content\/uploads\/2015\/09\/rangement-7wonders-1.jpg","width":1024,"height":1024,"caption":"rangement-7wonders"},{"@type":"BreadcrumbList","@id":"https:\/\/gozu.zone\/?product=rangements-7-wonders-extensions#breadcrumb","itemListElement":[{"@type":"ListItem","position":1,"name":"Accueil","item":"https:\/\/gozu.zone\/"},{"@type":"ListItem","position":2,"name":"BOUTIQUE","item":"https:\/\/gozu.zone\/?page_id=308"},{"@type":"ListItem","position":3,"name":"Rangements 7 wonders \u2122 et ses extensions ( Ancienne \u00e9dition )"}]},{"@type":"WebSite","@id":"https:\/\/gozu.zone\/#website","url":"https:\/\/gozu.zone\/","name":"GOZU ZONE","description":"Toujours plus pour vos jeux","potentialAction":[{"@type":"SearchAction","target":{"@type":"EntryPoint","urlTemplate":"https:\/\/gozu.zone\/?s={search_term_string}"},"query-input":{"@type":"PropertyValueSpecification","valueRequired":true,"valueName":"search_term_string"}}],"inLanguage":"fr-FR"}]}},"_links":{"self":[{"href":"https:\/\/gozu.zone\/index.php?rest_route=\/wp\/v2\/product\/2516","targetHints":{"allow":["GET"]}}],"collection":[{"href":"https:\/\/gozu.zone\/index.php?rest_route=\/wp\/v2\/product"}],"about":[{"href":"https:\/\/gozu.zone\/index.php?rest_route=\/wp\/v2\/types\/product"}],"replies":[{"embeddable":true,"href":"https:\/\/gozu.zone\/index.php?rest_route=%2Fwp%2Fv2%2Fcomments&post=2516"}],"wp:featuredmedia":[{"embeddable":true,"href":"https:\/\/gozu.zone\/index.php?rest_route=\/wp\/v2\/media\/15813"}],"wp:attachment":[{"href":"https:\/\/gozu.zone\/index.php?rest_route=%2Fwp%2Fv2%2Fmedia&parent=2516"}],"wp:term":[{"taxonomy":"product_brand","embeddable":true,"href":"https:\/\/gozu.zone\/index.php?rest_route=%2Fwp%2Fv2%2Fproduct_brand&post=2516"},{"taxonomy":"product_cat","embeddable":true,"href":"https:\/\/gozu.zone\/index.php?rest_route=%2Fwp%2Fv2%2Fproduct_cat&post=2516"},{"taxonomy":"product_tag","embeddable":true,"href":"https:\/\/gozu.zone\/index.php?rest_route=%2Fwp%2Fv2%2Fproduct_tag&post=2516"}],"curies":[{"name":"wp","href":"https:\/\/api.w.org\/{rel}","templated":true}]}}