{"id":2538,"date":"2015-09-18T14:06:39","date_gmt":"2015-09-18T14:06:39","guid":{"rendered":"http:\/\/gozu.zone\/?product=rangements-carcassonne-et-extensions"},"modified":"2025-03-26T09:14:04","modified_gmt":"2025-03-26T09:14:04","slug":"rangements-carcassonne-et-extensions","status":"publish","type":"product","link":"https:\/\/gozu.zone\/?product=rangements-carcassonne-et-extensions","title":{"rendered":"Rangements &#8211; Carcassonne\u2122 et extensions"},"content":{"rendered":"<p>&nbsp;<\/p>\n<p><strong>Offrez un \u00e9crin \u00e0 votre jeu favori avec ces rangements pour le\u00a0classique des classiques Carcassonne\u2122! Cet ensemble vous permettra d&rsquo;organiser, de prot\u00e9ger et de ranger ce jeu\u00a0qui sans nul doute\u00a0tr\u00f4ne\u00a0dans votre ludoth\u00e8que.<\/strong><\/p>\n<p>&nbsp;<\/p>\n<p>Ce rangement vous permettra de ranger, <strong>dans la bo\u00eete de base de Carcassonne\u2122:<\/strong><\/p>\n<ul>\n<li>Capacit\u00e9 Maximale de 352 tuiles<\/li>\n<li>Test\u00e9 avec le jeu de base, 6 mini-extensions et les extensions Auberges et Cath\u00e9drales,\u00a0Marchands et B\u00e2tisseurs,\u00a0Princesse et Dragons,\u00a0La Tour ( sans la tour ),\u00a0Maire et Clo\u00eetres et il reste de la place pour d&rsquo;autres !<\/li>\n<\/ul>\n<p>&nbsp;<\/p>\n<h2>Contenu de l&rsquo;organiseur :<\/h2>\n<ul>\n<li><strong>4X modules\u00a0<\/strong>de rangements pour les tuiles carr\u00e9s ( 88 tuiles par modules )<\/li>\n<li><strong>2X modules\u00a0<\/strong>de\u00a0rangements \u00a0pour les meeples standards<\/li>\n<li><strong>2X modules<\/strong> de stockage pour les meeples provenant des extensions<\/li>\n<li><strong>2X modules <\/strong>de rangement pour les tours en bois<\/li>\n<\/ul>\n<p>&nbsp;<\/p>\n<h2>Contributeur :<\/h2>\n<p>Un grand merci \u00e0 <strong>Fr\u00e9d\u00e9ric<\/strong>, <span class=\"st\">qui nous a pr\u00eat\u00e9 Carcassonne<em>\u2122<\/em> et ses extensions pour travailler sur les rangements !<\/span><\/p>\n<p>&nbsp;<\/p>\n<hr \/>\n<p>&nbsp;<\/p>\n<p class=\"disclaimer\"><strong>Carcassonne\u2122<\/strong> et ses extensions sont des jeux \u00e9dit\u00e9s par <strong>Filosofia<\/strong>. <strong>Gozu Zone<\/strong> propose de sa propre initiative des rangements compatibles avec ce jeu et ses extensions, qui demeurent la propri\u00e9t\u00e9 de l&rsquo;\u00e9diteur. Ce dernier n&rsquo;assume aucune responsabilit\u00e9 quant \u00e0 nos produits.<\/p>\n","protected":false},"excerpt":{"rendered":"<p>Trouvez une solution au rangement de Carcassonne et des ses multiples extensions<span class=\"st\"><em>\u2122<\/em><\/span> !<strong><em><br \/>\n<\/em><\/strong><\/p>\n<p>&nbsp;<\/p>\n","protected":false},"featured_media":15812,"comment_status":"open","ping_status":"closed","template":"","meta":{"_acf_changed":false},"product_brand":[],"product_cat":[311],"product_tag":[294,259,459],"class_list":{"0":"post-2538","1":"product","2":"type-product","3":"status-publish","4":"has-post-thumbnail","6":"product_cat-organiseurs","7":"product_tag-organiseur","8":"product_tag-rangements","9":"product_tag-rangements-j2s","10":"product_shipping_class-livraisonstandard_colis","12":"first","13":"instock","14":"taxable","15":"shipping-taxable","16":"purchasable","17":"product-type-simple"},"acf":[],"yoast_head":"<!-- This site is optimized with the Yoast SEO plugin v25.3 - https:\/\/yoast.com\/wordpress\/plugins\/seo\/ -->\n<title>Acheter Rangements - Carcassonne\u2122 et extensions - GOZU ZONE - Jeux et Accessoires<\/title>\n<meta name=\"robots\" content=\"index, follow, max-snippet:-1, max-image-preview:large, max-video-preview:-1\" \/>\n<link rel=\"canonical\" href=\"https:\/\/gozu.zone\/?product=rangements-carcassonne-et-extensions\" \/>\n<meta property=\"og:locale\" content=\"fr_FR\" \/>\n<meta property=\"og:type\" content=\"article\" \/>\n<meta property=\"og:title\" content=\"Acheter Rangements - Carcassonne\u2122 et extensions - GOZU ZONE - Jeux et Accessoires\" \/>\n<meta property=\"og:description\" content=\"Trouvez une solution au rangement de Carcassonne et des ses multiples extensions\u2122 !   &nbsp;\" \/>\n<meta property=\"og:url\" content=\"https:\/\/gozu.zone\/?product=rangements-carcassonne-et-extensions\" \/>\n<meta property=\"og:site_name\" content=\"GOZU ZONE\" \/>\n<meta property=\"article:publisher\" content=\"https:\/\/www.facebook.com\/gozuzone\/\" \/>\n<meta property=\"article:modified_time\" content=\"2025-03-26T09:14:04+00:00\" \/>\n<meta property=\"og:image\" content=\"https:\/\/gozu.zone\/wp-content\/uploads\/2015\/09\/carcassonne-rangements-gozu-zone.jpg\" \/>\n\t<meta property=\"og:image:width\" content=\"1024\" \/>\n\t<meta property=\"og:image:height\" content=\"1024\" \/>\n\t<meta property=\"og:image:type\" content=\"image\/jpeg\" \/>\n<meta name=\"twitter:card\" content=\"summary_large_image\" \/>\n<meta name=\"twitter:site\" content=\"@gozuzone\" \/>\n<meta name=\"twitter:label1\" content=\"Dur\u00e9e de lecture estim\u00e9e\" \/>\n\t<meta name=\"twitter:data1\" content=\"2 minutes\" \/>\n<script type=\"application\/ld+json\" class=\"yoast-schema-graph\">{\"@context\":\"https:\/\/schema.org\",\"@graph\":[{\"@type\":\"WebPage\",\"@id\":\"https:\/\/gozu.zone\/?product=rangements-carcassonne-et-extensions\",\"url\":\"https:\/\/gozu.zone\/?product=rangements-carcassonne-et-extensions\",\"name\":\"Acheter Rangements - Carcassonne\u2122 et extensions - GOZU ZONE - Jeux et Accessoires\",\"isPartOf\":{\"@id\":\"https:\/\/gozu.zone\/#website\"},\"primaryImageOfPage\":{\"@id\":\"https:\/\/gozu.zone\/?product=rangements-carcassonne-et-extensions#primaryimage\"},\"image\":{\"@id\":\"https:\/\/gozu.zone\/?product=rangements-carcassonne-et-extensions#primaryimage\"},\"thumbnailUrl\":\"https:\/\/gozu.zone\/wp-content\/uploads\/2015\/09\/carcassonne-rangements-gozu-zone.jpg\",\"datePublished\":\"2015-09-18T14:06:39+00:00\",\"dateModified\":\"2025-03-26T09:14:04+00:00\",\"breadcrumb\":{\"@id\":\"https:\/\/gozu.zone\/?product=rangements-carcassonne-et-extensions#breadcrumb\"},\"inLanguage\":\"fr-FR\",\"potentialAction\":[{\"@type\":\"ReadAction\",\"target\":[\"https:\/\/gozu.zone\/?product=rangements-carcassonne-et-extensions\"]}]},{\"@type\":\"ImageObject\",\"inLanguage\":\"fr-FR\",\"@id\":\"https:\/\/gozu.zone\/?product=rangements-carcassonne-et-extensions#primaryimage\",\"url\":\"https:\/\/gozu.zone\/wp-content\/uploads\/2015\/09\/carcassonne-rangements-gozu-zone.jpg\",\"contentUrl\":\"https:\/\/gozu.zone\/wp-content\/uploads\/2015\/09\/carcassonne-rangements-gozu-zone.jpg\",\"width\":1024,\"height\":1024,\"caption\":\"carcassonne-rangements-gozu-zone\"},{\"@type\":\"BreadcrumbList\",\"@id\":\"https:\/\/gozu.zone\/?product=rangements-carcassonne-et-extensions#breadcrumb\",\"itemListElement\":[{\"@type\":\"ListItem\",\"position\":1,\"name\":\"Accueil\",\"item\":\"https:\/\/gozu.zone\/\"},{\"@type\":\"ListItem\",\"position\":2,\"name\":\"BOUTIQUE\",\"item\":\"https:\/\/gozu.zone\/?page_id=308\"},{\"@type\":\"ListItem\",\"position\":3,\"name\":\"Rangements &#8211; Carcassonne\u2122 et extensions\"}]},{\"@type\":\"WebSite\",\"@id\":\"https:\/\/gozu.zone\/#website\",\"url\":\"https:\/\/gozu.zone\/\",\"name\":\"GOZU ZONE\",\"description\":\"Toujours plus pour vos jeux\",\"potentialAction\":[{\"@type\":\"SearchAction\",\"target\":{\"@type\":\"EntryPoint\",\"urlTemplate\":\"https:\/\/gozu.zone\/?s={search_term_string}\"},\"query-input\":{\"@type\":\"PropertyValueSpecification\",\"valueRequired\":true,\"valueName\":\"search_term_string\"}}],\"inLanguage\":\"fr-FR\"}]}<\/script>\n<!-- \/ Yoast SEO plugin. -->","yoast_head_json":{"title":"Acheter Rangements - Carcassonne\u2122 et extensions - GOZU ZONE - Jeux et Accessoires","robots":{"index":"index","follow":"follow","max-snippet":"max-snippet:-1","max-image-preview":"max-image-preview:large","max-video-preview":"max-video-preview:-1"},"canonical":"https:\/\/gozu.zone\/?product=rangements-carcassonne-et-extensions","og_locale":"fr_FR","og_type":"article","og_title":"Acheter Rangements - Carcassonne\u2122 et extensions - GOZU ZONE - Jeux et Accessoires","og_description":"Trouvez une solution au rangement de Carcassonne et des ses multiples extensions\u2122 !   &nbsp;","og_url":"https:\/\/gozu.zone\/?product=rangements-carcassonne-et-extensions","og_site_name":"GOZU ZONE","article_publisher":"https:\/\/www.facebook.com\/gozuzone\/","article_modified_time":"2025-03-26T09:14:04+00:00","og_image":[{"width":1024,"height":1024,"url":"https:\/\/gozu.zone\/wp-content\/uploads\/2015\/09\/carcassonne-rangements-gozu-zone.jpg","type":"image\/jpeg"}],"twitter_card":"summary_large_image","twitter_site":"@gozuzone","twitter_misc":{"Dur\u00e9e de lecture estim\u00e9e":"2 minutes"},"schema":{"@context":"https:\/\/schema.org","@graph":[{"@type":"WebPage","@id":"https:\/\/gozu.zone\/?product=rangements-carcassonne-et-extensions","url":"https:\/\/gozu.zone\/?product=rangements-carcassonne-et-extensions","name":"Acheter Rangements - Carcassonne\u2122 et extensions - GOZU ZONE - Jeux et Accessoires","isPartOf":{"@id":"https:\/\/gozu.zone\/#website"},"primaryImageOfPage":{"@id":"https:\/\/gozu.zone\/?product=rangements-carcassonne-et-extensions#primaryimage"},"image":{"@id":"https:\/\/gozu.zone\/?product=rangements-carcassonne-et-extensions#primaryimage"},"thumbnailUrl":"https:\/\/gozu.zone\/wp-content\/uploads\/2015\/09\/carcassonne-rangements-gozu-zone.jpg","datePublished":"2015-09-18T14:06:39+00:00","dateModified":"2025-03-26T09:14:04+00:00","breadcrumb":{"@id":"https:\/\/gozu.zone\/?product=rangements-carcassonne-et-extensions#breadcrumb"},"inLanguage":"fr-FR","potentialAction":[{"@type":"ReadAction","target":["https:\/\/gozu.zone\/?product=rangements-carcassonne-et-extensions"]}]},{"@type":"ImageObject","inLanguage":"fr-FR","@id":"https:\/\/gozu.zone\/?product=rangements-carcassonne-et-extensions#primaryimage","url":"https:\/\/gozu.zone\/wp-content\/uploads\/2015\/09\/carcassonne-rangements-gozu-zone.jpg","contentUrl":"https:\/\/gozu.zone\/wp-content\/uploads\/2015\/09\/carcassonne-rangements-gozu-zone.jpg","width":1024,"height":1024,"caption":"carcassonne-rangements-gozu-zone"},{"@type":"BreadcrumbList","@id":"https:\/\/gozu.zone\/?product=rangements-carcassonne-et-extensions#breadcrumb","itemListElement":[{"@type":"ListItem","position":1,"name":"Accueil","item":"https:\/\/gozu.zone\/"},{"@type":"ListItem","position":2,"name":"BOUTIQUE","item":"https:\/\/gozu.zone\/?page_id=308"},{"@type":"ListItem","position":3,"name":"Rangements &#8211; Carcassonne\u2122 et extensions"}]},{"@type":"WebSite","@id":"https:\/\/gozu.zone\/#website","url":"https:\/\/gozu.zone\/","name":"GOZU ZONE","description":"Toujours plus pour vos jeux","potentialAction":[{"@type":"SearchAction","target":{"@type":"EntryPoint","urlTemplate":"https:\/\/gozu.zone\/?s={search_term_string}"},"query-input":{"@type":"PropertyValueSpecification","valueRequired":true,"valueName":"search_term_string"}}],"inLanguage":"fr-FR"}]}},"_links":{"self":[{"href":"https:\/\/gozu.zone\/index.php?rest_route=\/wp\/v2\/product\/2538","targetHints":{"allow":["GET"]}}],"collection":[{"href":"https:\/\/gozu.zone\/index.php?rest_route=\/wp\/v2\/product"}],"about":[{"href":"https:\/\/gozu.zone\/index.php?rest_route=\/wp\/v2\/types\/product"}],"replies":[{"embeddable":true,"href":"https:\/\/gozu.zone\/index.php?rest_route=%2Fwp%2Fv2%2Fcomments&post=2538"}],"wp:featuredmedia":[{"embeddable":true,"href":"https:\/\/gozu.zone\/index.php?rest_route=\/wp\/v2\/media\/15812"}],"wp:attachment":[{"href":"https:\/\/gozu.zone\/index.php?rest_route=%2Fwp%2Fv2%2Fmedia&parent=2538"}],"wp:term":[{"taxonomy":"product_brand","embeddable":true,"href":"https:\/\/gozu.zone\/index.php?rest_route=%2Fwp%2Fv2%2Fproduct_brand&post=2538"},{"taxonomy":"product_cat","embeddable":true,"href":"https:\/\/gozu.zone\/index.php?rest_route=%2Fwp%2Fv2%2Fproduct_cat&post=2538"},{"taxonomy":"product_tag","embeddable":true,"href":"https:\/\/gozu.zone\/index.php?rest_route=%2Fwp%2Fv2%2Fproduct_tag&post=2538"}],"curies":[{"name":"wp","href":"https:\/\/api.w.org\/{rel}","templated":true}]}}