{"id":2583,"date":"2015-10-09T15:42:59","date_gmt":"2015-10-09T15:42:59","guid":{"rendered":"http:\/\/gozu.zone\/?product=rangements-imperial-assault"},"modified":"2025-03-26T09:20:17","modified_gmt":"2025-03-26T09:20:17","slug":"rangements-assaut-lempire","status":"publish","type":"product","link":"https:\/\/gozu.zone\/?product=rangements-assaut-lempire","title":{"rendered":"Rangements &#8211; Assaut sur l&#8217;empire \u2122"},"content":{"rendered":"<p><strong>Offrez un \u00e9crin \u00e0 votre jeu favori avec ces rangements pour Assaut sur l&#8217;empire \u2122! Cet ensemble vous permettra d&rsquo;organiser, de prot\u00e9ger et de ranger ce jeu &#8230;<\/strong><\/p>\n<p>&nbsp;<\/p>\n<h2>CONTENU du kit pour assaut sur l&#8217;empire \u2122:<\/h2>\n<ul>\n<li><strong>1x module<\/strong> pour les tuiles de terrain ( compos\u00e9 de 2 pi\u00e8ces \u00e0 assembler )<\/li>\n<li><strong>1x module<\/strong> pour les d\u00e9s et tokens.<\/li>\n<li><strong>1x module<\/strong> pour les cartes sleev\u00e9es au format mini-american.<\/li>\n<li><strong>1x module<\/strong> pour les cartes sleev\u00e9es au format standard.<\/li>\n<li><strong>3x modules<\/strong> pour les figurines.<\/li>\n<\/ul>\n<p>&nbsp;<\/p>\n<p style=\"text-align: left;\"><a href=\"http:\/\/arsenus.blogspot.fr\/2015\/11\/gozu-zone-rangement-de-star-wars-assaut.html?spref=fb\">Un article d&rsquo;Arsenus Lupenus sur notre organiseur<\/a><a href=\"http:\/\/arsenus.blogspot.fr\/2015\/11\/gozu-zone-rangement-de-star-wars-assaut.html?spref=fb\">\u00a0ici !<\/a><\/p>\n<hr \/>\n<p class=\"disclaimer\"><strong>Imperial Assault \u2122<\/strong> et ses extensions sont des jeux \u00e9dit\u00e9s par <strong>EDGE<\/strong>. <strong>Gozu Zone<\/strong> propose de sa propre initiative des rangements compatibles avec ce jeu et ses extensions, qui demeurent la propri\u00e9t\u00e9 de l&rsquo;\u00e9diteur. Ce dernier n&rsquo;assume aucune responsabilit\u00e9 quant \u00e0 nos produits.<\/p>\n<p class=\"disclaimer\"><strong>Remarque<\/strong> : Ce rangement est propos\u00e9 en couleur\u00a0<strong>noire\u00a0<\/strong>par d\u00e9faut. Si vous souhaitez un coloris personnalis\u00e9, merci de contacter l&rsquo;\u00e9quipe via le chat en bas \u00e0 droite ! Nous nous ferons un plaisir d&rsquo;\u00e9tudier votre demande et nous vous r\u00e9pondrons\u00a0dans les plus brefs d\u00e9lais.<\/p>\n<p>Ce produit est <strong>fabriqu\u00e9 en France<\/strong>. Si vous souhaitez en savoir un peu plus sur notre proc\u00e9d\u00e9 de fabrication, nous sommes dispos\u00e9s \u00e0 r\u00e9pondre \u00e0 toutes vos questions !<\/p>\n","protected":false},"excerpt":{"rendered":"<p>Trouvez une solution au rangement d&rsquo;Assaut sur l&#8217;empire\u00a0<span class=\"st\">\u2122<\/span> !<strong><em><br \/>\n<\/em><\/strong><\/p>\n","protected":false},"featured_media":15811,"comment_status":"open","ping_status":"closed","template":"","meta":{"_acf_changed":false},"product_brand":[],"product_cat":[311],"product_tag":[281,293,294,259,459],"class_list":{"0":"post-2583","1":"product","2":"type-product","3":"status-publish","4":"has-post-thumbnail","6":"product_cat-organiseurs","7":"product_tag-assaut-sur-lempire","8":"product_tag-imperial-assault","9":"product_tag-organiseur","10":"product_tag-rangements","11":"product_tag-rangements-j2s","12":"product_shipping_class-livraisonstandard_colis","14":"first","15":"instock","16":"taxable","17":"shipping-taxable","18":"purchasable","19":"product-type-simple"},"acf":[],"yoast_head":"<!-- This site is optimized with the Yoast SEO plugin v25.3 - https:\/\/yoast.com\/wordpress\/plugins\/seo\/ -->\n<title>Acheter Rangements - Assaut sur l&#039;empire \u2122 - GOZU ZONE - Jeux et Accessoires<\/title>\n<meta name=\"description\" content=\"Trouvez une solution au rangement d&#039; Assaut sur l&#039;empire \u2122 !\" \/>\n<meta name=\"robots\" content=\"index, follow, max-snippet:-1, max-image-preview:large, max-video-preview:-1\" \/>\n<link rel=\"canonical\" href=\"https:\/\/gozu.zone\/?product=rangements-assaut-lempire\" \/>\n<meta property=\"og:locale\" content=\"fr_FR\" \/>\n<meta property=\"og:type\" content=\"article\" \/>\n<meta property=\"og:title\" content=\"Acheter Rangements - Assaut sur l&#039;empire \u2122 - GOZU ZONE - Jeux et Accessoires\" \/>\n<meta property=\"og:description\" content=\"Trouvez une solution au rangement d&#039; Assaut sur l&#039;empire \u2122 !\" \/>\n<meta property=\"og:url\" content=\"https:\/\/gozu.zone\/?product=rangements-assaut-lempire\" \/>\n<meta property=\"og:site_name\" content=\"GOZU ZONE\" \/>\n<meta property=\"article:publisher\" content=\"https:\/\/www.facebook.com\/gozuzone\/\" \/>\n<meta property=\"article:modified_time\" content=\"2025-03-26T09:20:17+00:00\" \/>\n<meta property=\"og:image\" content=\"https:\/\/gozu.zone\/wp-content\/uploads\/2015\/10\/rangement-imperial-assault-gozu-zone.jpg\" \/>\n\t<meta property=\"og:image:width\" content=\"1024\" \/>\n\t<meta property=\"og:image:height\" content=\"1024\" \/>\n\t<meta property=\"og:image:type\" content=\"image\/jpeg\" \/>\n<meta name=\"twitter:card\" content=\"summary_large_image\" \/>\n<meta name=\"twitter:site\" content=\"@gozuzone\" \/>\n<meta name=\"twitter:label1\" content=\"Dur\u00e9e de lecture estim\u00e9e\" \/>\n\t<meta name=\"twitter:data1\" content=\"2 minutes\" \/>\n<script type=\"application\/ld+json\" class=\"yoast-schema-graph\">{\"@context\":\"https:\/\/schema.org\",\"@graph\":[{\"@type\":\"WebPage\",\"@id\":\"https:\/\/gozu.zone\/?product=rangements-assaut-lempire\",\"url\":\"https:\/\/gozu.zone\/?product=rangements-assaut-lempire\",\"name\":\"Acheter Rangements - Assaut sur l'empire \u2122 - GOZU ZONE - Jeux et Accessoires\",\"isPartOf\":{\"@id\":\"https:\/\/gozu.zone\/#website\"},\"primaryImageOfPage\":{\"@id\":\"https:\/\/gozu.zone\/?product=rangements-assaut-lempire#primaryimage\"},\"image\":{\"@id\":\"https:\/\/gozu.zone\/?product=rangements-assaut-lempire#primaryimage\"},\"thumbnailUrl\":\"https:\/\/gozu.zone\/wp-content\/uploads\/2015\/10\/rangement-imperial-assault-gozu-zone.jpg\",\"datePublished\":\"2015-10-09T15:42:59+00:00\",\"dateModified\":\"2025-03-26T09:20:17+00:00\",\"description\":\"Trouvez une solution au rangement d' Assaut sur l'empire \u2122 !\",\"breadcrumb\":{\"@id\":\"https:\/\/gozu.zone\/?product=rangements-assaut-lempire#breadcrumb\"},\"inLanguage\":\"fr-FR\",\"potentialAction\":[{\"@type\":\"ReadAction\",\"target\":[\"https:\/\/gozu.zone\/?product=rangements-assaut-lempire\"]}]},{\"@type\":\"ImageObject\",\"inLanguage\":\"fr-FR\",\"@id\":\"https:\/\/gozu.zone\/?product=rangements-assaut-lempire#primaryimage\",\"url\":\"https:\/\/gozu.zone\/wp-content\/uploads\/2015\/10\/rangement-imperial-assault-gozu-zone.jpg\",\"contentUrl\":\"https:\/\/gozu.zone\/wp-content\/uploads\/2015\/10\/rangement-imperial-assault-gozu-zone.jpg\",\"width\":1024,\"height\":1024,\"caption\":\"rangement assaut sur l'empire gozu-zone\"},{\"@type\":\"BreadcrumbList\",\"@id\":\"https:\/\/gozu.zone\/?product=rangements-assaut-lempire#breadcrumb\",\"itemListElement\":[{\"@type\":\"ListItem\",\"position\":1,\"name\":\"Accueil\",\"item\":\"https:\/\/gozu.zone\/\"},{\"@type\":\"ListItem\",\"position\":2,\"name\":\"BOUTIQUE\",\"item\":\"https:\/\/gozu.zone\/?page_id=308\"},{\"@type\":\"ListItem\",\"position\":3,\"name\":\"Rangements &#8211; Assaut sur l&#8217;empire \u2122\"}]},{\"@type\":\"WebSite\",\"@id\":\"https:\/\/gozu.zone\/#website\",\"url\":\"https:\/\/gozu.zone\/\",\"name\":\"GOZU ZONE\",\"description\":\"Toujours plus pour vos jeux\",\"potentialAction\":[{\"@type\":\"SearchAction\",\"target\":{\"@type\":\"EntryPoint\",\"urlTemplate\":\"https:\/\/gozu.zone\/?s={search_term_string}\"},\"query-input\":{\"@type\":\"PropertyValueSpecification\",\"valueRequired\":true,\"valueName\":\"search_term_string\"}}],\"inLanguage\":\"fr-FR\"}]}<\/script>\n<!-- \/ Yoast SEO plugin. -->","yoast_head_json":{"title":"Acheter Rangements - Assaut sur l'empire \u2122 - GOZU ZONE - Jeux et Accessoires","description":"Trouvez une solution au rangement d' Assaut sur l'empire \u2122 !","robots":{"index":"index","follow":"follow","max-snippet":"max-snippet:-1","max-image-preview":"max-image-preview:large","max-video-preview":"max-video-preview:-1"},"canonical":"https:\/\/gozu.zone\/?product=rangements-assaut-lempire","og_locale":"fr_FR","og_type":"article","og_title":"Acheter Rangements - Assaut sur l'empire \u2122 - GOZU ZONE - Jeux et Accessoires","og_description":"Trouvez une solution au rangement d' Assaut sur l'empire \u2122 !","og_url":"https:\/\/gozu.zone\/?product=rangements-assaut-lempire","og_site_name":"GOZU ZONE","article_publisher":"https:\/\/www.facebook.com\/gozuzone\/","article_modified_time":"2025-03-26T09:20:17+00:00","og_image":[{"width":1024,"height":1024,"url":"https:\/\/gozu.zone\/wp-content\/uploads\/2015\/10\/rangement-imperial-assault-gozu-zone.jpg","type":"image\/jpeg"}],"twitter_card":"summary_large_image","twitter_site":"@gozuzone","twitter_misc":{"Dur\u00e9e de lecture estim\u00e9e":"2 minutes"},"schema":{"@context":"https:\/\/schema.org","@graph":[{"@type":"WebPage","@id":"https:\/\/gozu.zone\/?product=rangements-assaut-lempire","url":"https:\/\/gozu.zone\/?product=rangements-assaut-lempire","name":"Acheter Rangements - Assaut sur l'empire \u2122 - GOZU ZONE - Jeux et Accessoires","isPartOf":{"@id":"https:\/\/gozu.zone\/#website"},"primaryImageOfPage":{"@id":"https:\/\/gozu.zone\/?product=rangements-assaut-lempire#primaryimage"},"image":{"@id":"https:\/\/gozu.zone\/?product=rangements-assaut-lempire#primaryimage"},"thumbnailUrl":"https:\/\/gozu.zone\/wp-content\/uploads\/2015\/10\/rangement-imperial-assault-gozu-zone.jpg","datePublished":"2015-10-09T15:42:59+00:00","dateModified":"2025-03-26T09:20:17+00:00","description":"Trouvez une solution au rangement d' Assaut sur l'empire \u2122 !","breadcrumb":{"@id":"https:\/\/gozu.zone\/?product=rangements-assaut-lempire#breadcrumb"},"inLanguage":"fr-FR","potentialAction":[{"@type":"ReadAction","target":["https:\/\/gozu.zone\/?product=rangements-assaut-lempire"]}]},{"@type":"ImageObject","inLanguage":"fr-FR","@id":"https:\/\/gozu.zone\/?product=rangements-assaut-lempire#primaryimage","url":"https:\/\/gozu.zone\/wp-content\/uploads\/2015\/10\/rangement-imperial-assault-gozu-zone.jpg","contentUrl":"https:\/\/gozu.zone\/wp-content\/uploads\/2015\/10\/rangement-imperial-assault-gozu-zone.jpg","width":1024,"height":1024,"caption":"rangement assaut sur l'empire gozu-zone"},{"@type":"BreadcrumbList","@id":"https:\/\/gozu.zone\/?product=rangements-assaut-lempire#breadcrumb","itemListElement":[{"@type":"ListItem","position":1,"name":"Accueil","item":"https:\/\/gozu.zone\/"},{"@type":"ListItem","position":2,"name":"BOUTIQUE","item":"https:\/\/gozu.zone\/?page_id=308"},{"@type":"ListItem","position":3,"name":"Rangements &#8211; Assaut sur l&#8217;empire \u2122"}]},{"@type":"WebSite","@id":"https:\/\/gozu.zone\/#website","url":"https:\/\/gozu.zone\/","name":"GOZU ZONE","description":"Toujours plus pour vos jeux","potentialAction":[{"@type":"SearchAction","target":{"@type":"EntryPoint","urlTemplate":"https:\/\/gozu.zone\/?s={search_term_string}"},"query-input":{"@type":"PropertyValueSpecification","valueRequired":true,"valueName":"search_term_string"}}],"inLanguage":"fr-FR"}]}},"_links":{"self":[{"href":"https:\/\/gozu.zone\/index.php?rest_route=\/wp\/v2\/product\/2583","targetHints":{"allow":["GET"]}}],"collection":[{"href":"https:\/\/gozu.zone\/index.php?rest_route=\/wp\/v2\/product"}],"about":[{"href":"https:\/\/gozu.zone\/index.php?rest_route=\/wp\/v2\/types\/product"}],"replies":[{"embeddable":true,"href":"https:\/\/gozu.zone\/index.php?rest_route=%2Fwp%2Fv2%2Fcomments&post=2583"}],"wp:featuredmedia":[{"embeddable":true,"href":"https:\/\/gozu.zone\/index.php?rest_route=\/wp\/v2\/media\/15811"}],"wp:attachment":[{"href":"https:\/\/gozu.zone\/index.php?rest_route=%2Fwp%2Fv2%2Fmedia&parent=2583"}],"wp:term":[{"taxonomy":"product_brand","embeddable":true,"href":"https:\/\/gozu.zone\/index.php?rest_route=%2Fwp%2Fv2%2Fproduct_brand&post=2583"},{"taxonomy":"product_cat","embeddable":true,"href":"https:\/\/gozu.zone\/index.php?rest_route=%2Fwp%2Fv2%2Fproduct_cat&post=2583"},{"taxonomy":"product_tag","embeddable":true,"href":"https:\/\/gozu.zone\/index.php?rest_route=%2Fwp%2Fv2%2Fproduct_tag&post=2583"}],"curies":[{"name":"wp","href":"https:\/\/api.w.org\/{rel}","templated":true}]}}