{"id":2971,"date":"2016-01-22T22:13:51","date_gmt":"2016-01-22T22:13:51","guid":{"rendered":"http:\/\/gozu.zone\/?product=rangements-pour-extension-imperial-assault"},"modified":"2022-01-27T13:17:01","modified_gmt":"2022-01-27T13:17:01","slug":"rangements-pour-extension-imperial-assault","status":"publish","type":"product","link":"https:\/\/gozu.zone\/?product=rangements-pour-extension-imperial-assault","title":{"rendered":"Rangements pour extension &#8211; Imperial Assault\u2122"},"content":{"rendered":"<p><strong>Offrez un \u00e9crin \u00e0 votre jeu favori avec ces rangements pour Imperial Assault\u2122! Cet ensemble vous permettra d&rsquo;organiser, de prot\u00e9ger et de ranger ce jeu &#8230;<\/strong><\/p>\n<p>Ce rangement vient compl\u00e9ter l&rsquo;organiser existant ou peut \u00eatre acquis de mani\u00e8re autonome. Il permet de ranger et de prot\u00e9ger:<\/p>\n<ul>\n<li><strong>Ally Packs<\/strong>\n<ul>\n<li>Chewbacca<\/li>\n<li>Han Solo<\/li>\n<li>Rebel Saboteurs<\/li>\n<li>Rebel Troopers<\/li>\n<li>&#8230;<\/li>\n<\/ul>\n<p><strong>Villain Packs<\/strong><\/p>\n<ul>\n<li>IG-88<\/li>\n<li>Royal Guard Champion<\/li>\n<li>&#8230;<\/li>\n<\/ul>\n<\/li>\n<\/ul>\n<p>&nbsp;<\/p>\n<p>Comme toujours, ces rangements visent \u00e0:<\/p>\n<ul>\n<li><strong>Prot\u00e9ger et conserver le jeu<\/strong> dans le temps;<\/li>\n<li><strong>Gagner du temps <\/strong>pour le rangement et l&rsquo;organisation de la partie;<\/li>\n<li><strong>\u00c9conomiser\u00a0de l&rsquo;espace <\/strong>en rangeant toutes les extensions dans la bo\u00eete de base.<\/li>\n<li><strong>Servir d&rsquo;\u00e9crin<\/strong> \u00e0 votre jeu favori, lui offrant toute la valeur qu&rsquo;il m\u00e9rite;<\/li>\n<li><strong>Etre un beau cadeau<\/strong> pour un de vos amis qui a \u00ab\u00a0tout\u00a0\u00bb. Vous \u00eates ainsi s\u00fbr de le surprendre;<\/li>\n<\/ul>\n<p>&nbsp;<\/p>\n<p><strong>Jusqu&rsquo;\u00e0 deux modules de figurines peuvent \u00eatre plac\u00e9s dans la bo\u00eete de base, avec l&rsquo;organiser Gozu Zone, et en incluant l&rsquo;extension g\u00e9n\u00e9ral Weiss&#8230;<\/strong><\/p>\n<p>&nbsp;<\/p>\n<h4><strong>CONTENU:<\/strong><\/h4>\n<ul>\n<li><strong>1x module<\/strong>\u00a0de 15 cases pour les figurines compatibles d\u00e9crites plus haut. Il s&rsquo;agit d&rsquo;un des modules de figurines, qui se trouve \u00e0 la troisi\u00e8me rang\u00e9e.<\/li>\n<\/ul>\n<p><a href=\"http:\/\/arsenus.blogspot.fr\/2015\/11\/gozu-zone-rangement-de-star-wars-assaut.html?spref=fb\">Un article d&rsquo;Arsenus Lupenus sur notre organizer<\/a><a href=\"http:\/\/arsenus.blogspot.fr\/2015\/11\/gozu-zone-rangement-de-star-wars-assaut.html?spref=fb\">\u00a0ici !<\/a><\/p>\n<p><strong>VERSIONS :<\/strong><\/p>\n<p>V1 &#8211; lanc\u00e9e le 22.01.16<\/p>\n<p>&nbsp;<\/p>\n<p><em>Imperial Assault \u2122 et ses extensions sont des jeux \u00e9dit\u00e9s par EDGE. Gozu Zone propose de sa propre initiative des rangements compatibles avec ce jeu et ses extensions, qui demeurent la propri\u00e9t\u00e9 de l&rsquo;\u00e9diteur. Ce dernier n&rsquo;assume aucune responsabilit\u00e9 quant \u00e0 nos produits.<\/em><\/p>\n<h4><\/h4>\n<h4><\/h4>\n","protected":false},"excerpt":{"rendered":"<p><strong>Trouvez une solution au rangement d&rsquo;Imperial Assault<\/strong><strong><span class=\"st\"><em>\u2122<\/em><\/span> !<em><br \/>\n<\/em><\/strong><\/p>\n<p>Module d&rsquo;extension de 15 cases pour\u00a0Han Solo,\u00a0IG-88,\u00a0le champion de la garde royale, les Soldats rebelles<\/p>\n","protected":false},"featured_media":3514,"comment_status":"open","ping_status":"closed","template":"","meta":{"_acf_changed":false},"product_brand":[],"product_cat":[439,309],"product_tag":[281,293,294,259],"class_list":{"0":"post-2971","1":"product","2":"type-product","3":"status-publish","4":"has-post-thumbnail","6":"product_cat-accessoires","7":"product_cat-modules","8":"product_tag-assaut-sur-lempire","9":"product_tag-imperial-assault","10":"product_tag-organiseur","11":"product_tag-rangements","12":"product_shipping_class-livraisonstandard_colis","14":"first","15":"instock","16":"taxable","17":"shipping-taxable","18":"purchasable","19":"product-type-simple"},"acf":[],"yoast_head":"<!-- This site is optimized with the Yoast SEO plugin v25.3 - https:\/\/yoast.com\/wordpress\/plugins\/seo\/ -->\n<title>Acheter Rangements pour extension - Imperial Assault\u2122 - GOZU ZONE - Jeux et Accessoires<\/title>\n<meta name=\"robots\" content=\"index, follow, max-snippet:-1, max-image-preview:large, max-video-preview:-1\" \/>\n<link rel=\"canonical\" href=\"https:\/\/gozu.zone\/?product=rangements-pour-extension-imperial-assault\" \/>\n<meta property=\"og:locale\" content=\"fr_FR\" \/>\n<meta property=\"og:type\" content=\"article\" \/>\n<meta property=\"og:title\" content=\"Acheter Rangements pour extension - Imperial Assault\u2122 - GOZU ZONE - Jeux et Accessoires\" \/>\n<meta property=\"og:description\" content=\"Trouvez une solution au rangement d&#039;Imperial Assault\u2122 !   Module d&#039;extension de 15 cases pour\u00a0Han Solo,\u00a0IG-88,\u00a0le champion de la garde royale, les Soldats rebelles\" \/>\n<meta property=\"og:url\" content=\"https:\/\/gozu.zone\/?product=rangements-pour-extension-imperial-assault\" \/>\n<meta property=\"og:site_name\" content=\"GOZU ZONE\" \/>\n<meta property=\"article:publisher\" content=\"https:\/\/www.facebook.com\/gozuzone\/\" \/>\n<meta property=\"article:modified_time\" content=\"2022-01-27T13:17:01+00:00\" \/>\n<meta property=\"og:image\" content=\"https:\/\/gozu.zone\/wp-content\/uploads\/2016\/01\/module-imperial-assault-figurines-gozu-zone.jpg\" \/>\n\t<meta property=\"og:image:width\" content=\"640\" \/>\n\t<meta property=\"og:image:height\" content=\"640\" \/>\n\t<meta property=\"og:image:type\" content=\"image\/jpeg\" \/>\n<meta name=\"twitter:card\" content=\"summary_large_image\" \/>\n<meta name=\"twitter:site\" content=\"@gozuzone\" \/>\n<meta name=\"twitter:label1\" content=\"Dur\u00e9e de lecture estim\u00e9e\" \/>\n\t<meta name=\"twitter:data1\" content=\"1 minute\" \/>\n<script type=\"application\/ld+json\" class=\"yoast-schema-graph\">{\"@context\":\"https:\/\/schema.org\",\"@graph\":[{\"@type\":\"WebPage\",\"@id\":\"https:\/\/gozu.zone\/?product=rangements-pour-extension-imperial-assault\",\"url\":\"https:\/\/gozu.zone\/?product=rangements-pour-extension-imperial-assault\",\"name\":\"Acheter Rangements pour extension - Imperial Assault\u2122 - GOZU ZONE - Jeux et Accessoires\",\"isPartOf\":{\"@id\":\"https:\/\/gozu.zone\/#website\"},\"primaryImageOfPage\":{\"@id\":\"https:\/\/gozu.zone\/?product=rangements-pour-extension-imperial-assault#primaryimage\"},\"image\":{\"@id\":\"https:\/\/gozu.zone\/?product=rangements-pour-extension-imperial-assault#primaryimage\"},\"thumbnailUrl\":\"https:\/\/gozu.zone\/wp-content\/uploads\/2016\/01\/module-imperial-assault-figurines-gozu-zone.jpg\",\"datePublished\":\"2016-01-22T22:13:51+00:00\",\"dateModified\":\"2022-01-27T13:17:01+00:00\",\"breadcrumb\":{\"@id\":\"https:\/\/gozu.zone\/?product=rangements-pour-extension-imperial-assault#breadcrumb\"},\"inLanguage\":\"fr-FR\",\"potentialAction\":[{\"@type\":\"ReadAction\",\"target\":[\"https:\/\/gozu.zone\/?product=rangements-pour-extension-imperial-assault\"]}]},{\"@type\":\"ImageObject\",\"inLanguage\":\"fr-FR\",\"@id\":\"https:\/\/gozu.zone\/?product=rangements-pour-extension-imperial-assault#primaryimage\",\"url\":\"https:\/\/gozu.zone\/wp-content\/uploads\/2016\/01\/module-imperial-assault-figurines-gozu-zone.jpg\",\"contentUrl\":\"https:\/\/gozu.zone\/wp-content\/uploads\/2016\/01\/module-imperial-assault-figurines-gozu-zone.jpg\",\"width\":640,\"height\":640,\"caption\":\"module-imperial-assault-figurines-gozu-zone\"},{\"@type\":\"BreadcrumbList\",\"@id\":\"https:\/\/gozu.zone\/?product=rangements-pour-extension-imperial-assault#breadcrumb\",\"itemListElement\":[{\"@type\":\"ListItem\",\"position\":1,\"name\":\"Accueil\",\"item\":\"https:\/\/gozu.zone\/\"},{\"@type\":\"ListItem\",\"position\":2,\"name\":\"BOUTIQUE\",\"item\":\"https:\/\/gozu.zone\/?page_id=308\"},{\"@type\":\"ListItem\",\"position\":3,\"name\":\"Rangements pour extension &#8211; Imperial Assault\u2122\"}]},{\"@type\":\"WebSite\",\"@id\":\"https:\/\/gozu.zone\/#website\",\"url\":\"https:\/\/gozu.zone\/\",\"name\":\"GOZU ZONE\",\"description\":\"Toujours plus pour vos jeux\",\"potentialAction\":[{\"@type\":\"SearchAction\",\"target\":{\"@type\":\"EntryPoint\",\"urlTemplate\":\"https:\/\/gozu.zone\/?s={search_term_string}\"},\"query-input\":{\"@type\":\"PropertyValueSpecification\",\"valueRequired\":true,\"valueName\":\"search_term_string\"}}],\"inLanguage\":\"fr-FR\"}]}<\/script>\n<!-- \/ Yoast SEO plugin. -->","yoast_head_json":{"title":"Acheter Rangements pour extension - Imperial Assault\u2122 - GOZU ZONE - Jeux et Accessoires","robots":{"index":"index","follow":"follow","max-snippet":"max-snippet:-1","max-image-preview":"max-image-preview:large","max-video-preview":"max-video-preview:-1"},"canonical":"https:\/\/gozu.zone\/?product=rangements-pour-extension-imperial-assault","og_locale":"fr_FR","og_type":"article","og_title":"Acheter Rangements pour extension - Imperial Assault\u2122 - GOZU ZONE - Jeux et Accessoires","og_description":"Trouvez une solution au rangement d'Imperial Assault\u2122 !   Module d'extension de 15 cases pour\u00a0Han Solo,\u00a0IG-88,\u00a0le champion de la garde royale, les Soldats rebelles","og_url":"https:\/\/gozu.zone\/?product=rangements-pour-extension-imperial-assault","og_site_name":"GOZU ZONE","article_publisher":"https:\/\/www.facebook.com\/gozuzone\/","article_modified_time":"2022-01-27T13:17:01+00:00","og_image":[{"width":640,"height":640,"url":"https:\/\/gozu.zone\/wp-content\/uploads\/2016\/01\/module-imperial-assault-figurines-gozu-zone.jpg","type":"image\/jpeg"}],"twitter_card":"summary_large_image","twitter_site":"@gozuzone","twitter_misc":{"Dur\u00e9e de lecture estim\u00e9e":"1 minute"},"schema":{"@context":"https:\/\/schema.org","@graph":[{"@type":"WebPage","@id":"https:\/\/gozu.zone\/?product=rangements-pour-extension-imperial-assault","url":"https:\/\/gozu.zone\/?product=rangements-pour-extension-imperial-assault","name":"Acheter Rangements pour extension - Imperial Assault\u2122 - GOZU ZONE - Jeux et Accessoires","isPartOf":{"@id":"https:\/\/gozu.zone\/#website"},"primaryImageOfPage":{"@id":"https:\/\/gozu.zone\/?product=rangements-pour-extension-imperial-assault#primaryimage"},"image":{"@id":"https:\/\/gozu.zone\/?product=rangements-pour-extension-imperial-assault#primaryimage"},"thumbnailUrl":"https:\/\/gozu.zone\/wp-content\/uploads\/2016\/01\/module-imperial-assault-figurines-gozu-zone.jpg","datePublished":"2016-01-22T22:13:51+00:00","dateModified":"2022-01-27T13:17:01+00:00","breadcrumb":{"@id":"https:\/\/gozu.zone\/?product=rangements-pour-extension-imperial-assault#breadcrumb"},"inLanguage":"fr-FR","potentialAction":[{"@type":"ReadAction","target":["https:\/\/gozu.zone\/?product=rangements-pour-extension-imperial-assault"]}]},{"@type":"ImageObject","inLanguage":"fr-FR","@id":"https:\/\/gozu.zone\/?product=rangements-pour-extension-imperial-assault#primaryimage","url":"https:\/\/gozu.zone\/wp-content\/uploads\/2016\/01\/module-imperial-assault-figurines-gozu-zone.jpg","contentUrl":"https:\/\/gozu.zone\/wp-content\/uploads\/2016\/01\/module-imperial-assault-figurines-gozu-zone.jpg","width":640,"height":640,"caption":"module-imperial-assault-figurines-gozu-zone"},{"@type":"BreadcrumbList","@id":"https:\/\/gozu.zone\/?product=rangements-pour-extension-imperial-assault#breadcrumb","itemListElement":[{"@type":"ListItem","position":1,"name":"Accueil","item":"https:\/\/gozu.zone\/"},{"@type":"ListItem","position":2,"name":"BOUTIQUE","item":"https:\/\/gozu.zone\/?page_id=308"},{"@type":"ListItem","position":3,"name":"Rangements pour extension &#8211; Imperial Assault\u2122"}]},{"@type":"WebSite","@id":"https:\/\/gozu.zone\/#website","url":"https:\/\/gozu.zone\/","name":"GOZU ZONE","description":"Toujours plus pour vos jeux","potentialAction":[{"@type":"SearchAction","target":{"@type":"EntryPoint","urlTemplate":"https:\/\/gozu.zone\/?s={search_term_string}"},"query-input":{"@type":"PropertyValueSpecification","valueRequired":true,"valueName":"search_term_string"}}],"inLanguage":"fr-FR"}]}},"_links":{"self":[{"href":"https:\/\/gozu.zone\/index.php?rest_route=\/wp\/v2\/product\/2971","targetHints":{"allow":["GET"]}}],"collection":[{"href":"https:\/\/gozu.zone\/index.php?rest_route=\/wp\/v2\/product"}],"about":[{"href":"https:\/\/gozu.zone\/index.php?rest_route=\/wp\/v2\/types\/product"}],"replies":[{"embeddable":true,"href":"https:\/\/gozu.zone\/index.php?rest_route=%2Fwp%2Fv2%2Fcomments&post=2971"}],"wp:featuredmedia":[{"embeddable":true,"href":"https:\/\/gozu.zone\/index.php?rest_route=\/wp\/v2\/media\/3514"}],"wp:attachment":[{"href":"https:\/\/gozu.zone\/index.php?rest_route=%2Fwp%2Fv2%2Fmedia&parent=2971"}],"wp:term":[{"taxonomy":"product_brand","embeddable":true,"href":"https:\/\/gozu.zone\/index.php?rest_route=%2Fwp%2Fv2%2Fproduct_brand&post=2971"},{"taxonomy":"product_cat","embeddable":true,"href":"https:\/\/gozu.zone\/index.php?rest_route=%2Fwp%2Fv2%2Fproduct_cat&post=2971"},{"taxonomy":"product_tag","embeddable":true,"href":"https:\/\/gozu.zone\/index.php?rest_route=%2Fwp%2Fv2%2Fproduct_tag&post=2971"}],"curies":[{"name":"wp","href":"https:\/\/api.w.org\/{rel}","templated":true}]}}