{"id":3561,"date":"2016-05-16T19:51:04","date_gmt":"2016-05-16T19:51:04","guid":{"rendered":"http:\/\/gozu.zone\/?product=rangements-4-decks-tokens-trone-de-fer-v2"},"modified":"2025-03-26T10:01:52","modified_gmt":"2025-03-26T10:01:52","slug":"rangements-4-decks-tokens-trone-de-fer-v2","status":"publish","type":"product","link":"https:\/\/gozu.zone\/?product=rangements-4-decks-tokens-trone-de-fer-v2","title":{"rendered":"Rangements &#8211; 4 decks + Tokens &#8211;  Tr\u00f4ne de Fer V2\u2122"},"content":{"rendered":"<p>Cet ensemble vous permettra d&#8217;emporter avec vous 4 decks ainsi que vos tokens Tr\u00f4ne de Fer\u00a0<span class=\"st\">\u2122 v2 dans le format compact des bo\u00eetes d&rsquo;extensions deluxes.<\/span><\/p>\n<p>Pratique pour les tournois ou les d\u00e9placements chez les amis !<\/p>\n<p>&nbsp;<\/p>\n<p><strong>CONTENU:<\/strong><\/p>\n<ul>\n<li><b>4 deckboxes pouvant contenir jusqu&rsquo;\u00e0 67 cartes pochet\u00e9es*<\/b><\/li>\n<li><strong>2\u00a0<\/strong><b>r\u00e9servoirs \u00e0 tokens<\/b><\/li>\n<\/ul>\n<table>\n<tbody>\n<tr>\n<td><a href=\"https:\/\/gozu.zone\/wp-content\/uploads\/2016\/05\/rangement-token-trone-de-fer-gozu-zone.png\"><img loading=\"lazy\" decoding=\"async\" class=\"aligncenter wp-image-3558\" src=\"http:\/\/pro.gozu.zone\/wp-content\/uploads\/2016\/05\/rangement-token-trone-de-fer-gozu-zone.png\" alt=\"rangement-token-trone-de-fer-gozu-zone\" width=\"200\" height=\"200\" srcset=\"https:\/\/gozu.zone\/wp-content\/uploads\/2016\/05\/rangement-token-trone-de-fer-gozu-zone.png 380w, https:\/\/gozu.zone\/wp-content\/uploads\/2016\/05\/rangement-token-trone-de-fer-gozu-zone-247x247.png 247w, https:\/\/gozu.zone\/wp-content\/uploads\/2016\/05\/rangement-token-trone-de-fer-gozu-zone-100x100.png 100w, https:\/\/gozu.zone\/wp-content\/uploads\/2016\/05\/rangement-token-trone-de-fer-gozu-zone-150x150.png 150w, https:\/\/gozu.zone\/wp-content\/uploads\/2016\/05\/rangement-token-trone-de-fer-gozu-zone-300x300.png 300w, https:\/\/gozu.zone\/wp-content\/uploads\/2016\/05\/rangement-token-trone-de-fer-gozu-zone-350x350.png 350w, https:\/\/gozu.zone\/wp-content\/uploads\/2016\/05\/rangement-token-trone-de-fer-gozu-zone-60x60.png 60w\" sizes=\"auto, (max-width: 200px) 100vw, 200px\" \/><\/a><\/td>\n<td><a href=\"https:\/\/gozu.zone\/wp-content\/uploads\/2016\/05\/DSC2024.png\"><img loading=\"lazy\" decoding=\"async\" class=\"aligncenter wp-image-3557\" src=\"http:\/\/pro.gozu.zone\/wp-content\/uploads\/2016\/05\/DSC2024.png\" alt=\"rangement-token-trone-de-fer-gozu-zone\" width=\"292\" height=\"200\" srcset=\"https:\/\/gozu.zone\/wp-content\/uploads\/2016\/05\/DSC2024.png 380w, https:\/\/gozu.zone\/wp-content\/uploads\/2016\/05\/DSC2024-300x205.png 300w\" sizes=\"auto, (max-width: 292px) 100vw, 292px\" \/><\/a><\/td>\n<\/tr>\n<\/tbody>\n<\/table>\n<p><em>* les pochettes utilis\u00e9es sont de la marque Arcane Tinmen : <a href=\"https:\/\/gozu.zone\/?product=arcane-tinmen-100-standard-board-game-sleeves-63x88m\">voir le produit<\/a><\/em><\/p>\n<p>&nbsp;<\/p>\n<p><span style=\"text-decoration: underline;\"><strong>ATTENTION<\/strong> <\/span>:\u00a0<strong>Pour des pochettes FFG, la capacit\u00e9 est plus proche de 60 cartes&#8230; Il est pr\u00e9vu de faire une version plus large pour les possesseurs de sleeves plus \u00e9paisses.<\/strong><\/p>\n<p>&nbsp;<\/p>\n<p class=\"disclaimer\">Tr\u00f4ne de Fer V2 \u2122 et ses extensions sont des jeux \u00e9dit\u00e9s par EDGE. Gozu Zone propose de sa propre initiative des rangements compatibles avec ce jeu et ses extensions, qui demeurent la propri\u00e9t\u00e9 de l&rsquo;\u00e9diteur. Ce dernier n&rsquo;assume aucune responsabilit\u00e9 quant \u00e0 nos produits.<\/p>\n","protected":false},"excerpt":{"rendered":"<p><strong>Pratique pour les d\u00e9placements\u00a0!<em><br \/>\n<\/em><\/strong><\/p>\n","protected":false},"featured_media":17949,"comment_status":"open","ping_status":"closed","template":"","meta":{"_acf_changed":false},"product_brand":[],"product_cat":[311],"product_tag":[318,294,259,262,239],"class_list":{"0":"post-3561","1":"product","2":"type-product","3":"status-publish","4":"has-post-thumbnail","6":"product_cat-organiseurs","7":"product_tag-deplacement","8":"product_tag-organiseur","9":"product_tag-rangements","10":"product_tag-rangements-jce","11":"product_tag-trone-de-fer-jce","12":"product_shipping_class-livraisonstandard_colis","14":"first","15":"instock","16":"taxable","17":"shipping-taxable","18":"purchasable","19":"product-type-variable"},"acf":[],"yoast_head":"<!-- This site is optimized with the Yoast SEO plugin v25.3 - https:\/\/yoast.com\/wordpress\/plugins\/seo\/ -->\n<title>Acheter Rangements - 4 decks + Tokens - Tr\u00f4ne de Fer V2\u2122 - GOZU ZONE - Jeux et Accessoires<\/title>\n<meta name=\"robots\" content=\"index, follow, max-snippet:-1, max-image-preview:large, max-video-preview:-1\" \/>\n<link rel=\"canonical\" href=\"https:\/\/gozu.zone\/?product=rangements-4-decks-tokens-trone-de-fer-v2\" \/>\n<meta property=\"og:locale\" content=\"fr_FR\" \/>\n<meta property=\"og:type\" content=\"article\" \/>\n<meta property=\"og:title\" content=\"Acheter Rangements - 4 decks + Tokens - Tr\u00f4ne de Fer V2\u2122 - GOZU ZONE - Jeux et Accessoires\" \/>\n<meta property=\"og:description\" content=\"Pratique pour les d\u00e9placements\u00a0!\" \/>\n<meta property=\"og:url\" content=\"https:\/\/gozu.zone\/?product=rangements-4-decks-tokens-trone-de-fer-v2\" \/>\n<meta property=\"og:site_name\" content=\"GOZU ZONE\" \/>\n<meta property=\"article:publisher\" content=\"https:\/\/www.facebook.com\/gozuzone\/\" \/>\n<meta property=\"article:modified_time\" content=\"2025-03-26T10:01:52+00:00\" \/>\n<meta property=\"og:image\" content=\"https:\/\/gozu.zone\/wp-content\/uploads\/2016\/05\/rangement-tournois-cartes-trone-de-fer-gozu-zone.jpeg\" \/>\n\t<meta property=\"og:image:width\" content=\"1024\" \/>\n\t<meta property=\"og:image:height\" content=\"1024\" \/>\n\t<meta property=\"og:image:type\" content=\"image\/jpeg\" \/>\n<meta name=\"twitter:card\" content=\"summary_large_image\" \/>\n<meta name=\"twitter:site\" content=\"@gozuzone\" \/>\n<meta name=\"twitter:label1\" content=\"Dur\u00e9e de lecture estim\u00e9e\" \/>\n\t<meta name=\"twitter:data1\" content=\"2 minutes\" \/>\n<script type=\"application\/ld+json\" class=\"yoast-schema-graph\">{\"@context\":\"https:\/\/schema.org\",\"@graph\":[{\"@type\":\"WebPage\",\"@id\":\"https:\/\/gozu.zone\/?product=rangements-4-decks-tokens-trone-de-fer-v2\",\"url\":\"https:\/\/gozu.zone\/?product=rangements-4-decks-tokens-trone-de-fer-v2\",\"name\":\"Acheter Rangements - 4 decks + Tokens - Tr\u00f4ne de Fer V2\u2122 - GOZU ZONE - Jeux et Accessoires\",\"isPartOf\":{\"@id\":\"https:\/\/gozu.zone\/#website\"},\"primaryImageOfPage\":{\"@id\":\"https:\/\/gozu.zone\/?product=rangements-4-decks-tokens-trone-de-fer-v2#primaryimage\"},\"image\":{\"@id\":\"https:\/\/gozu.zone\/?product=rangements-4-decks-tokens-trone-de-fer-v2#primaryimage\"},\"thumbnailUrl\":\"https:\/\/gozu.zone\/wp-content\/uploads\/2016\/05\/rangement-tournois-cartes-trone-de-fer-gozu-zone.jpeg\",\"datePublished\":\"2016-05-16T19:51:04+00:00\",\"dateModified\":\"2025-03-26T10:01:52+00:00\",\"breadcrumb\":{\"@id\":\"https:\/\/gozu.zone\/?product=rangements-4-decks-tokens-trone-de-fer-v2#breadcrumb\"},\"inLanguage\":\"fr-FR\",\"potentialAction\":[{\"@type\":\"ReadAction\",\"target\":[\"https:\/\/gozu.zone\/?product=rangements-4-decks-tokens-trone-de-fer-v2\"]}]},{\"@type\":\"ImageObject\",\"inLanguage\":\"fr-FR\",\"@id\":\"https:\/\/gozu.zone\/?product=rangements-4-decks-tokens-trone-de-fer-v2#primaryimage\",\"url\":\"https:\/\/gozu.zone\/wp-content\/uploads\/2016\/05\/rangement-tournois-cartes-trone-de-fer-gozu-zone.jpeg\",\"contentUrl\":\"https:\/\/gozu.zone\/wp-content\/uploads\/2016\/05\/rangement-tournois-cartes-trone-de-fer-gozu-zone.jpeg\",\"width\":1024,\"height\":1024,\"caption\":\"rangement-tournois-cartes-trone-de-fer-gozu-zone\"},{\"@type\":\"BreadcrumbList\",\"@id\":\"https:\/\/gozu.zone\/?product=rangements-4-decks-tokens-trone-de-fer-v2#breadcrumb\",\"itemListElement\":[{\"@type\":\"ListItem\",\"position\":1,\"name\":\"Accueil\",\"item\":\"https:\/\/gozu.zone\/\"},{\"@type\":\"ListItem\",\"position\":2,\"name\":\"BOUTIQUE\",\"item\":\"https:\/\/gozu.zone\/?page_id=308\"},{\"@type\":\"ListItem\",\"position\":3,\"name\":\"Rangements &#8211; 4 decks + Tokens &#8211; Tr\u00f4ne de Fer V2\u2122\"}]},{\"@type\":\"WebSite\",\"@id\":\"https:\/\/gozu.zone\/#website\",\"url\":\"https:\/\/gozu.zone\/\",\"name\":\"GOZU ZONE\",\"description\":\"Toujours plus pour vos jeux\",\"potentialAction\":[{\"@type\":\"SearchAction\",\"target\":{\"@type\":\"EntryPoint\",\"urlTemplate\":\"https:\/\/gozu.zone\/?s={search_term_string}\"},\"query-input\":{\"@type\":\"PropertyValueSpecification\",\"valueRequired\":true,\"valueName\":\"search_term_string\"}}],\"inLanguage\":\"fr-FR\"}]}<\/script>\n<!-- \/ Yoast SEO plugin. -->","yoast_head_json":{"title":"Acheter Rangements - 4 decks + Tokens - Tr\u00f4ne de Fer V2\u2122 - GOZU ZONE - Jeux et Accessoires","robots":{"index":"index","follow":"follow","max-snippet":"max-snippet:-1","max-image-preview":"max-image-preview:large","max-video-preview":"max-video-preview:-1"},"canonical":"https:\/\/gozu.zone\/?product=rangements-4-decks-tokens-trone-de-fer-v2","og_locale":"fr_FR","og_type":"article","og_title":"Acheter Rangements - 4 decks + Tokens - Tr\u00f4ne de Fer V2\u2122 - GOZU ZONE - Jeux et Accessoires","og_description":"Pratique pour les d\u00e9placements\u00a0!","og_url":"https:\/\/gozu.zone\/?product=rangements-4-decks-tokens-trone-de-fer-v2","og_site_name":"GOZU ZONE","article_publisher":"https:\/\/www.facebook.com\/gozuzone\/","article_modified_time":"2025-03-26T10:01:52+00:00","og_image":[{"width":1024,"height":1024,"url":"https:\/\/gozu.zone\/wp-content\/uploads\/2016\/05\/rangement-tournois-cartes-trone-de-fer-gozu-zone.jpeg","type":"image\/jpeg"}],"twitter_card":"summary_large_image","twitter_site":"@gozuzone","twitter_misc":{"Dur\u00e9e de lecture estim\u00e9e":"2 minutes"},"schema":{"@context":"https:\/\/schema.org","@graph":[{"@type":"WebPage","@id":"https:\/\/gozu.zone\/?product=rangements-4-decks-tokens-trone-de-fer-v2","url":"https:\/\/gozu.zone\/?product=rangements-4-decks-tokens-trone-de-fer-v2","name":"Acheter Rangements - 4 decks + Tokens - Tr\u00f4ne de Fer V2\u2122 - GOZU ZONE - Jeux et Accessoires","isPartOf":{"@id":"https:\/\/gozu.zone\/#website"},"primaryImageOfPage":{"@id":"https:\/\/gozu.zone\/?product=rangements-4-decks-tokens-trone-de-fer-v2#primaryimage"},"image":{"@id":"https:\/\/gozu.zone\/?product=rangements-4-decks-tokens-trone-de-fer-v2#primaryimage"},"thumbnailUrl":"https:\/\/gozu.zone\/wp-content\/uploads\/2016\/05\/rangement-tournois-cartes-trone-de-fer-gozu-zone.jpeg","datePublished":"2016-05-16T19:51:04+00:00","dateModified":"2025-03-26T10:01:52+00:00","breadcrumb":{"@id":"https:\/\/gozu.zone\/?product=rangements-4-decks-tokens-trone-de-fer-v2#breadcrumb"},"inLanguage":"fr-FR","potentialAction":[{"@type":"ReadAction","target":["https:\/\/gozu.zone\/?product=rangements-4-decks-tokens-trone-de-fer-v2"]}]},{"@type":"ImageObject","inLanguage":"fr-FR","@id":"https:\/\/gozu.zone\/?product=rangements-4-decks-tokens-trone-de-fer-v2#primaryimage","url":"https:\/\/gozu.zone\/wp-content\/uploads\/2016\/05\/rangement-tournois-cartes-trone-de-fer-gozu-zone.jpeg","contentUrl":"https:\/\/gozu.zone\/wp-content\/uploads\/2016\/05\/rangement-tournois-cartes-trone-de-fer-gozu-zone.jpeg","width":1024,"height":1024,"caption":"rangement-tournois-cartes-trone-de-fer-gozu-zone"},{"@type":"BreadcrumbList","@id":"https:\/\/gozu.zone\/?product=rangements-4-decks-tokens-trone-de-fer-v2#breadcrumb","itemListElement":[{"@type":"ListItem","position":1,"name":"Accueil","item":"https:\/\/gozu.zone\/"},{"@type":"ListItem","position":2,"name":"BOUTIQUE","item":"https:\/\/gozu.zone\/?page_id=308"},{"@type":"ListItem","position":3,"name":"Rangements &#8211; 4 decks + Tokens &#8211; Tr\u00f4ne de Fer V2\u2122"}]},{"@type":"WebSite","@id":"https:\/\/gozu.zone\/#website","url":"https:\/\/gozu.zone\/","name":"GOZU ZONE","description":"Toujours plus pour vos jeux","potentialAction":[{"@type":"SearchAction","target":{"@type":"EntryPoint","urlTemplate":"https:\/\/gozu.zone\/?s={search_term_string}"},"query-input":{"@type":"PropertyValueSpecification","valueRequired":true,"valueName":"search_term_string"}}],"inLanguage":"fr-FR"}]}},"_links":{"self":[{"href":"https:\/\/gozu.zone\/index.php?rest_route=\/wp\/v2\/product\/3561","targetHints":{"allow":["GET"]}}],"collection":[{"href":"https:\/\/gozu.zone\/index.php?rest_route=\/wp\/v2\/product"}],"about":[{"href":"https:\/\/gozu.zone\/index.php?rest_route=\/wp\/v2\/types\/product"}],"replies":[{"embeddable":true,"href":"https:\/\/gozu.zone\/index.php?rest_route=%2Fwp%2Fv2%2Fcomments&post=3561"}],"wp:featuredmedia":[{"embeddable":true,"href":"https:\/\/gozu.zone\/index.php?rest_route=\/wp\/v2\/media\/17949"}],"wp:attachment":[{"href":"https:\/\/gozu.zone\/index.php?rest_route=%2Fwp%2Fv2%2Fmedia&parent=3561"}],"wp:term":[{"taxonomy":"product_brand","embeddable":true,"href":"https:\/\/gozu.zone\/index.php?rest_route=%2Fwp%2Fv2%2Fproduct_brand&post=3561"},{"taxonomy":"product_cat","embeddable":true,"href":"https:\/\/gozu.zone\/index.php?rest_route=%2Fwp%2Fv2%2Fproduct_cat&post=3561"},{"taxonomy":"product_tag","embeddable":true,"href":"https:\/\/gozu.zone\/index.php?rest_route=%2Fwp%2Fv2%2Fproduct_tag&post=3561"}],"curies":[{"name":"wp","href":"https:\/\/api.w.org\/{rel}","templated":true}]}}