{"id":3563,"date":"2016-05-16T20:12:13","date_gmt":"2016-05-16T20:12:13","guid":{"rendered":"http:\/\/gozu.zone\/?product=rangements-cavetroll"},"modified":"2025-03-26T09:44:42","modified_gmt":"2025-03-26T09:44:42","slug":"rangements-cavetroll","status":"publish","type":"product","link":"https:\/\/gozu.zone\/?product=rangements-cavetroll","title":{"rendered":"Rangements &#8211; Cavetroll\u2122"},"content":{"rendered":"<p>Cet ensemble vous permettra d&rsquo;organiser, de prot\u00e9ger et de ranger Cavetroll <span class=\"st\">\u2122<\/span><\/p>\n<p><strong>CONTENU:<\/strong><\/p>\n<ul>\n<li><strong>1 Module pour ranger les cartes mini-americaines et les pions<\/strong><em>\u00a0 ( remarque : les cartes artefacts sont \u00e0 positionner en dehors de ce module. Voir photo )<\/em><\/li>\n<li><strong>2 Modules pour ranger les figurines<\/strong><\/li>\n<\/ul>\n<p><em>* les pochettes utilis\u00e9es sont de la marque Arcane Tinmen : <a href=\"https:\/\/gozu.zone\/?product=arcane-tinmen-100-standard-board-game-sleeves-63x88m\">voir le produit<\/a><\/em><\/p>\n<p class=\"disclaimer\">Cavetroll\u2122\u00a0est un jeu \u00e9dit\u00e9 par EDGE. Gozu Zone propose de sa propre initiative des rangements compatibles avec ce jeu et ses extensions, qui demeurent la propri\u00e9t\u00e9 de l&rsquo;\u00e9diteur. Ce dernier n&rsquo;assume aucune responsabilit\u00e9 quant \u00e0 nos produits.<\/p>\n","protected":false},"excerpt":{"rendered":"<p>Prot\u00e9gez votre mat\u00e9riel et gagnez du temps pour installer vos parties de Cavetroll\u2122 !<strong><em><br \/>\n<\/em><\/strong><\/p>\n","protected":false},"featured_media":17948,"comment_status":"open","ping_status":"closed","template":"","meta":{"_acf_changed":false},"product_brand":[],"product_cat":[311],"product_tag":[294,259,459],"class_list":{"0":"post-3563","1":"product","2":"type-product","3":"status-publish","4":"has-post-thumbnail","6":"product_cat-organiseurs","7":"product_tag-organiseur","8":"product_tag-rangements","9":"product_tag-rangements-j2s","10":"product_shipping_class-livraisonstandard_colis","12":"first","13":"instock","14":"taxable","15":"shipping-taxable","16":"purchasable","17":"product-type-simple"},"acf":[],"yoast_head":"<!-- This site is optimized with the Yoast SEO plugin v25.3 - https:\/\/yoast.com\/wordpress\/plugins\/seo\/ -->\n<title>Acheter Rangements - Cavetroll\u2122 - GOZU ZONE - Jeux et Accessoires<\/title>\n<meta name=\"description\" content=\"Prot\u00e9gez votre mat\u00e9riel et gagnez du temps pour installer vos parties avec ce rangement cavetroll \u2122 !\" \/>\n<meta name=\"robots\" content=\"index, follow, max-snippet:-1, max-image-preview:large, max-video-preview:-1\" \/>\n<link rel=\"canonical\" href=\"https:\/\/gozu.zone\/?product=rangements-cavetroll\" \/>\n<meta property=\"og:locale\" content=\"fr_FR\" \/>\n<meta property=\"og:type\" content=\"article\" \/>\n<meta property=\"og:title\" content=\"Acheter Rangements - Cavetroll\u2122 - GOZU ZONE - Jeux et Accessoires\" \/>\n<meta property=\"og:description\" content=\"Prot\u00e9gez votre mat\u00e9riel et gagnez du temps pour installer vos parties avec ce rangement cavetroll \u2122 !\" \/>\n<meta property=\"og:url\" content=\"https:\/\/gozu.zone\/?product=rangements-cavetroll\" \/>\n<meta property=\"og:site_name\" content=\"GOZU ZONE\" \/>\n<meta property=\"article:publisher\" content=\"https:\/\/www.facebook.com\/gozuzone\/\" \/>\n<meta property=\"article:modified_time\" content=\"2025-03-26T09:44:42+00:00\" \/>\n<meta property=\"og:image\" content=\"https:\/\/gozu.zone\/wp-content\/uploads\/2016\/05\/rangement-cavetroll-gozu-zone.jpeg\" \/>\n\t<meta property=\"og:image:width\" content=\"1024\" \/>\n\t<meta property=\"og:image:height\" content=\"1024\" \/>\n\t<meta property=\"og:image:type\" content=\"image\/jpeg\" \/>\n<meta name=\"twitter:card\" content=\"summary_large_image\" \/>\n<meta name=\"twitter:site\" content=\"@gozuzone\" \/>\n<meta name=\"twitter:label1\" content=\"Dur\u00e9e de lecture estim\u00e9e\" \/>\n\t<meta name=\"twitter:data1\" content=\"1 minute\" \/>\n<script type=\"application\/ld+json\" class=\"yoast-schema-graph\">{\"@context\":\"https:\/\/schema.org\",\"@graph\":[{\"@type\":\"WebPage\",\"@id\":\"https:\/\/gozu.zone\/?product=rangements-cavetroll\",\"url\":\"https:\/\/gozu.zone\/?product=rangements-cavetroll\",\"name\":\"Acheter Rangements - Cavetroll\u2122 - GOZU ZONE - Jeux et Accessoires\",\"isPartOf\":{\"@id\":\"https:\/\/gozu.zone\/#website\"},\"primaryImageOfPage\":{\"@id\":\"https:\/\/gozu.zone\/?product=rangements-cavetroll#primaryimage\"},\"image\":{\"@id\":\"https:\/\/gozu.zone\/?product=rangements-cavetroll#primaryimage\"},\"thumbnailUrl\":\"https:\/\/gozu.zone\/wp-content\/uploads\/2016\/05\/rangement-cavetroll-gozu-zone.jpeg\",\"datePublished\":\"2016-05-16T20:12:13+00:00\",\"dateModified\":\"2025-03-26T09:44:42+00:00\",\"description\":\"Prot\u00e9gez votre mat\u00e9riel et gagnez du temps pour installer vos parties avec ce rangement cavetroll \u2122 !\",\"breadcrumb\":{\"@id\":\"https:\/\/gozu.zone\/?product=rangements-cavetroll#breadcrumb\"},\"inLanguage\":\"fr-FR\",\"potentialAction\":[{\"@type\":\"ReadAction\",\"target\":[\"https:\/\/gozu.zone\/?product=rangements-cavetroll\"]}]},{\"@type\":\"ImageObject\",\"inLanguage\":\"fr-FR\",\"@id\":\"https:\/\/gozu.zone\/?product=rangements-cavetroll#primaryimage\",\"url\":\"https:\/\/gozu.zone\/wp-content\/uploads\/2016\/05\/rangement-cavetroll-gozu-zone.jpeg\",\"contentUrl\":\"https:\/\/gozu.zone\/wp-content\/uploads\/2016\/05\/rangement-cavetroll-gozu-zone.jpeg\",\"width\":1024,\"height\":1024,\"caption\":\"rangement-cavetroll-gozu-zone\"},{\"@type\":\"BreadcrumbList\",\"@id\":\"https:\/\/gozu.zone\/?product=rangements-cavetroll#breadcrumb\",\"itemListElement\":[{\"@type\":\"ListItem\",\"position\":1,\"name\":\"Accueil\",\"item\":\"https:\/\/gozu.zone\/\"},{\"@type\":\"ListItem\",\"position\":2,\"name\":\"BOUTIQUE\",\"item\":\"https:\/\/gozu.zone\/?page_id=308\"},{\"@type\":\"ListItem\",\"position\":3,\"name\":\"Rangements &#8211; Cavetroll\u2122\"}]},{\"@type\":\"WebSite\",\"@id\":\"https:\/\/gozu.zone\/#website\",\"url\":\"https:\/\/gozu.zone\/\",\"name\":\"GOZU ZONE\",\"description\":\"Toujours plus pour vos jeux\",\"potentialAction\":[{\"@type\":\"SearchAction\",\"target\":{\"@type\":\"EntryPoint\",\"urlTemplate\":\"https:\/\/gozu.zone\/?s={search_term_string}\"},\"query-input\":{\"@type\":\"PropertyValueSpecification\",\"valueRequired\":true,\"valueName\":\"search_term_string\"}}],\"inLanguage\":\"fr-FR\"}]}<\/script>\n<!-- \/ Yoast SEO plugin. -->","yoast_head_json":{"title":"Acheter Rangements - Cavetroll\u2122 - GOZU ZONE - Jeux et Accessoires","description":"Prot\u00e9gez votre mat\u00e9riel et gagnez du temps pour installer vos parties avec ce rangement cavetroll \u2122 !","robots":{"index":"index","follow":"follow","max-snippet":"max-snippet:-1","max-image-preview":"max-image-preview:large","max-video-preview":"max-video-preview:-1"},"canonical":"https:\/\/gozu.zone\/?product=rangements-cavetroll","og_locale":"fr_FR","og_type":"article","og_title":"Acheter Rangements - Cavetroll\u2122 - GOZU ZONE - Jeux et Accessoires","og_description":"Prot\u00e9gez votre mat\u00e9riel et gagnez du temps pour installer vos parties avec ce rangement cavetroll \u2122 !","og_url":"https:\/\/gozu.zone\/?product=rangements-cavetroll","og_site_name":"GOZU ZONE","article_publisher":"https:\/\/www.facebook.com\/gozuzone\/","article_modified_time":"2025-03-26T09:44:42+00:00","og_image":[{"width":1024,"height":1024,"url":"https:\/\/gozu.zone\/wp-content\/uploads\/2016\/05\/rangement-cavetroll-gozu-zone.jpeg","type":"image\/jpeg"}],"twitter_card":"summary_large_image","twitter_site":"@gozuzone","twitter_misc":{"Dur\u00e9e de lecture estim\u00e9e":"1 minute"},"schema":{"@context":"https:\/\/schema.org","@graph":[{"@type":"WebPage","@id":"https:\/\/gozu.zone\/?product=rangements-cavetroll","url":"https:\/\/gozu.zone\/?product=rangements-cavetroll","name":"Acheter Rangements - Cavetroll\u2122 - GOZU ZONE - Jeux et Accessoires","isPartOf":{"@id":"https:\/\/gozu.zone\/#website"},"primaryImageOfPage":{"@id":"https:\/\/gozu.zone\/?product=rangements-cavetroll#primaryimage"},"image":{"@id":"https:\/\/gozu.zone\/?product=rangements-cavetroll#primaryimage"},"thumbnailUrl":"https:\/\/gozu.zone\/wp-content\/uploads\/2016\/05\/rangement-cavetroll-gozu-zone.jpeg","datePublished":"2016-05-16T20:12:13+00:00","dateModified":"2025-03-26T09:44:42+00:00","description":"Prot\u00e9gez votre mat\u00e9riel et gagnez du temps pour installer vos parties avec ce rangement cavetroll \u2122 !","breadcrumb":{"@id":"https:\/\/gozu.zone\/?product=rangements-cavetroll#breadcrumb"},"inLanguage":"fr-FR","potentialAction":[{"@type":"ReadAction","target":["https:\/\/gozu.zone\/?product=rangements-cavetroll"]}]},{"@type":"ImageObject","inLanguage":"fr-FR","@id":"https:\/\/gozu.zone\/?product=rangements-cavetroll#primaryimage","url":"https:\/\/gozu.zone\/wp-content\/uploads\/2016\/05\/rangement-cavetroll-gozu-zone.jpeg","contentUrl":"https:\/\/gozu.zone\/wp-content\/uploads\/2016\/05\/rangement-cavetroll-gozu-zone.jpeg","width":1024,"height":1024,"caption":"rangement-cavetroll-gozu-zone"},{"@type":"BreadcrumbList","@id":"https:\/\/gozu.zone\/?product=rangements-cavetroll#breadcrumb","itemListElement":[{"@type":"ListItem","position":1,"name":"Accueil","item":"https:\/\/gozu.zone\/"},{"@type":"ListItem","position":2,"name":"BOUTIQUE","item":"https:\/\/gozu.zone\/?page_id=308"},{"@type":"ListItem","position":3,"name":"Rangements &#8211; Cavetroll\u2122"}]},{"@type":"WebSite","@id":"https:\/\/gozu.zone\/#website","url":"https:\/\/gozu.zone\/","name":"GOZU ZONE","description":"Toujours plus pour vos jeux","potentialAction":[{"@type":"SearchAction","target":{"@type":"EntryPoint","urlTemplate":"https:\/\/gozu.zone\/?s={search_term_string}"},"query-input":{"@type":"PropertyValueSpecification","valueRequired":true,"valueName":"search_term_string"}}],"inLanguage":"fr-FR"}]}},"_links":{"self":[{"href":"https:\/\/gozu.zone\/index.php?rest_route=\/wp\/v2\/product\/3563","targetHints":{"allow":["GET"]}}],"collection":[{"href":"https:\/\/gozu.zone\/index.php?rest_route=\/wp\/v2\/product"}],"about":[{"href":"https:\/\/gozu.zone\/index.php?rest_route=\/wp\/v2\/types\/product"}],"replies":[{"embeddable":true,"href":"https:\/\/gozu.zone\/index.php?rest_route=%2Fwp%2Fv2%2Fcomments&post=3563"}],"wp:featuredmedia":[{"embeddable":true,"href":"https:\/\/gozu.zone\/index.php?rest_route=\/wp\/v2\/media\/17948"}],"wp:attachment":[{"href":"https:\/\/gozu.zone\/index.php?rest_route=%2Fwp%2Fv2%2Fmedia&parent=3563"}],"wp:term":[{"taxonomy":"product_brand","embeddable":true,"href":"https:\/\/gozu.zone\/index.php?rest_route=%2Fwp%2Fv2%2Fproduct_brand&post=3563"},{"taxonomy":"product_cat","embeddable":true,"href":"https:\/\/gozu.zone\/index.php?rest_route=%2Fwp%2Fv2%2Fproduct_cat&post=3563"},{"taxonomy":"product_tag","embeddable":true,"href":"https:\/\/gozu.zone\/index.php?rest_route=%2Fwp%2Fv2%2Fproduct_tag&post=3563"}],"curies":[{"name":"wp","href":"https:\/\/api.w.org\/{rel}","templated":true}]}}