{"id":3618,"date":"2016-06-04T17:15:17","date_gmt":"2016-06-04T17:15:17","guid":{"rendered":"http:\/\/gozu.zone\/?product=rangements-blood-bowl-team-manager"},"modified":"2025-03-26T08:49:52","modified_gmt":"2025-03-26T08:49:52","slug":"rangements-blood-bowl-team-manager","status":"publish","type":"product","link":"https:\/\/gozu.zone\/?product=rangements-blood-bowl-team-manager","title":{"rendered":"Rangements &#8211; Blood Bowl &#8211; Team manager\u2122"},"content":{"rendered":"<p>Cet ensemble vous permettra d&rsquo;organiser, de prot\u00e9ger et de ranger <strong><em>Blood Bowl\u00a0<\/em><\/strong><span class=\"st\">\u2122 et ses extensions !<\/span><\/p>\n<p><strong>CONTENU:<\/strong><\/p>\n<ul>\n<li><strong>2 modules pour ranger les cartes au format Standard American<\/strong><\/li>\n<li><strong>1 module pour les pions\u00a0\u00e9quipes\u00a0et d\u00e9s avec un casier amovible pour les pions triches<\/strong><\/li>\n<li><strong>1 module pour les cartes au format mini American avec de multiple compartiment pour trier les cartes.<\/strong><\/li>\n<li><strong>1 module pour cartes et pions avec deux casiers amovibles<\/strong><\/li>\n<\/ul>\n<p>&nbsp;<\/p>\n<p><em>* les pochettes utilis\u00e9es sont de la marque Arcane Tinmen : <a href=\"https:\/\/gozu.zone\/?product=pochettes-100-medium-standard-american-sleeves-57x89mm\">voir le produit<\/a><\/em><\/p>\n<p class=\"disclaimer\"><strong>Remarque<\/strong> : Ce rangement est propos\u00e9 en couleur\u00a0<strong>rouge\u00a0<\/strong>par d\u00e9faut. Si vous souhaitez un coloris personnalis\u00e9, merci de contacter l&rsquo;\u00e9quipe via le chat en bas \u00e0 droite ! Nous nous ferons un plaisir d&rsquo;\u00e9tudier votre demande et nous vous r\u00e9pondrons\u00a0dans les plus brefs d\u00e9lais.<\/p>\n<p class=\"disclaimer\"><strong>Blood Bowl<\/strong><span class=\"st\">\u2122 <\/span> est un jeu \u00e9dit\u00e9 par EDGE. Gozu Zone propose de sa propre initiative des rangements compatibles avec ce jeu et ses extensions, qui demeurent la propri\u00e9t\u00e9 de l&rsquo;\u00e9diteur. Ce dernier n&rsquo;assume aucune responsabilit\u00e9 quant \u00e0 nos produits.<\/p>\n<p>Ce produit est fabriqu\u00e9 en France. Si vous souhaitez en savoir un peu plus sur notre proc\u00e9d\u00e9 de fabrication, nous sommes dispos\u00e9s \u00e0 r\u00e9pondre \u00e0 toutes vos questions !<\/p>\n","protected":false},"excerpt":{"rendered":"<p><strong>Ranger le mat\u00e9riel de Blood Bowl\u2122 + coups bas \u2122+ mort subit\u2122 dans la bo\u00eete de base, prot\u00e9gez le et gagnez du temps pour vos parties !<br \/>\n<\/strong><\/p>\n","protected":false},"featured_media":17947,"comment_status":"open","ping_status":"closed","template":"","meta":{"_acf_changed":false},"product_brand":[],"product_cat":[311],"product_tag":[294,259,459],"class_list":{"0":"post-3618","1":"product","2":"type-product","3":"status-publish","4":"has-post-thumbnail","6":"product_cat-organiseurs","7":"product_tag-organiseur","8":"product_tag-rangements","9":"product_tag-rangements-j2s","10":"product_shipping_class-livraisonstandard_colis","12":"first","13":"instock","14":"taxable","15":"shipping-taxable","16":"purchasable","17":"product-type-simple"},"acf":[],"yoast_head":"<!-- This site is optimized with the Yoast SEO plugin v25.3 - https:\/\/yoast.com\/wordpress\/plugins\/seo\/ -->\n<title>Acheter Rangements - Blood Bowl - Team manager\u2122 - GOZU ZONE - Jeux et Accessoires<\/title>\n<meta name=\"description\" content=\"Ranger le mat\u00e9riel de Blood Bowl \u2122 + coups bas \u2122+ mort subit\u2122 dans la bo\u00eete de base, prot\u00e9gez le et gagnez du temps pour vos parties !\" \/>\n<meta name=\"robots\" content=\"index, follow, max-snippet:-1, max-image-preview:large, max-video-preview:-1\" \/>\n<link rel=\"canonical\" href=\"https:\/\/gozu.zone\/?product=rangements-blood-bowl-team-manager\" \/>\n<meta property=\"og:locale\" content=\"fr_FR\" \/>\n<meta property=\"og:type\" content=\"article\" \/>\n<meta property=\"og:title\" content=\"Acheter Rangements - Blood Bowl - Team manager\u2122 - GOZU ZONE - Jeux et Accessoires\" \/>\n<meta property=\"og:description\" content=\"Ranger le mat\u00e9riel de Blood Bowl \u2122 + coups bas \u2122+ mort subit\u2122 dans la bo\u00eete de base, prot\u00e9gez le et gagnez du temps pour vos parties !\" \/>\n<meta property=\"og:url\" content=\"https:\/\/gozu.zone\/?product=rangements-blood-bowl-team-manager\" \/>\n<meta property=\"og:site_name\" content=\"GOZU ZONE\" \/>\n<meta property=\"article:publisher\" content=\"https:\/\/www.facebook.com\/gozuzone\/\" \/>\n<meta property=\"article:modified_time\" content=\"2025-03-26T08:49:52+00:00\" \/>\n<meta property=\"og:image\" content=\"https:\/\/gozu.zone\/wp-content\/uploads\/2016\/06\/blood-bowl-team-manager-rangement-gozu-zone.jpeg\" \/>\n\t<meta property=\"og:image:width\" content=\"1024\" \/>\n\t<meta property=\"og:image:height\" content=\"1024\" \/>\n\t<meta property=\"og:image:type\" content=\"image\/jpeg\" \/>\n<meta name=\"twitter:card\" content=\"summary_large_image\" \/>\n<meta name=\"twitter:site\" content=\"@gozuzone\" \/>\n<meta name=\"twitter:label1\" content=\"Dur\u00e9e de lecture estim\u00e9e\" \/>\n\t<meta name=\"twitter:data1\" content=\"2 minutes\" \/>\n<script type=\"application\/ld+json\" class=\"yoast-schema-graph\">{\"@context\":\"https:\/\/schema.org\",\"@graph\":[{\"@type\":\"WebPage\",\"@id\":\"https:\/\/gozu.zone\/?product=rangements-blood-bowl-team-manager\",\"url\":\"https:\/\/gozu.zone\/?product=rangements-blood-bowl-team-manager\",\"name\":\"Acheter Rangements - Blood Bowl - Team manager\u2122 - GOZU ZONE - Jeux et Accessoires\",\"isPartOf\":{\"@id\":\"https:\/\/gozu.zone\/#website\"},\"primaryImageOfPage\":{\"@id\":\"https:\/\/gozu.zone\/?product=rangements-blood-bowl-team-manager#primaryimage\"},\"image\":{\"@id\":\"https:\/\/gozu.zone\/?product=rangements-blood-bowl-team-manager#primaryimage\"},\"thumbnailUrl\":\"https:\/\/gozu.zone\/wp-content\/uploads\/2016\/06\/blood-bowl-team-manager-rangement-gozu-zone.jpeg\",\"datePublished\":\"2016-06-04T17:15:17+00:00\",\"dateModified\":\"2025-03-26T08:49:52+00:00\",\"description\":\"Ranger le mat\u00e9riel de Blood Bowl \u2122 + coups bas \u2122+ mort subit\u2122 dans la bo\u00eete de base, prot\u00e9gez le et gagnez du temps pour vos parties !\",\"breadcrumb\":{\"@id\":\"https:\/\/gozu.zone\/?product=rangements-blood-bowl-team-manager#breadcrumb\"},\"inLanguage\":\"fr-FR\",\"potentialAction\":[{\"@type\":\"ReadAction\",\"target\":[\"https:\/\/gozu.zone\/?product=rangements-blood-bowl-team-manager\"]}]},{\"@type\":\"ImageObject\",\"inLanguage\":\"fr-FR\",\"@id\":\"https:\/\/gozu.zone\/?product=rangements-blood-bowl-team-manager#primaryimage\",\"url\":\"https:\/\/gozu.zone\/wp-content\/uploads\/2016\/06\/blood-bowl-team-manager-rangement-gozu-zone.jpeg\",\"contentUrl\":\"https:\/\/gozu.zone\/wp-content\/uploads\/2016\/06\/blood-bowl-team-manager-rangement-gozu-zone.jpeg\",\"width\":1024,\"height\":1024},{\"@type\":\"BreadcrumbList\",\"@id\":\"https:\/\/gozu.zone\/?product=rangements-blood-bowl-team-manager#breadcrumb\",\"itemListElement\":[{\"@type\":\"ListItem\",\"position\":1,\"name\":\"Accueil\",\"item\":\"https:\/\/gozu.zone\/\"},{\"@type\":\"ListItem\",\"position\":2,\"name\":\"BOUTIQUE\",\"item\":\"https:\/\/gozu.zone\/?page_id=308\"},{\"@type\":\"ListItem\",\"position\":3,\"name\":\"Rangements &#8211; Blood Bowl &#8211; Team manager\u2122\"}]},{\"@type\":\"WebSite\",\"@id\":\"https:\/\/gozu.zone\/#website\",\"url\":\"https:\/\/gozu.zone\/\",\"name\":\"GOZU ZONE\",\"description\":\"Toujours plus pour vos jeux\",\"potentialAction\":[{\"@type\":\"SearchAction\",\"target\":{\"@type\":\"EntryPoint\",\"urlTemplate\":\"https:\/\/gozu.zone\/?s={search_term_string}\"},\"query-input\":{\"@type\":\"PropertyValueSpecification\",\"valueRequired\":true,\"valueName\":\"search_term_string\"}}],\"inLanguage\":\"fr-FR\"}]}<\/script>\n<!-- \/ Yoast SEO plugin. -->","yoast_head_json":{"title":"Acheter Rangements - Blood Bowl - Team manager\u2122 - GOZU ZONE - Jeux et Accessoires","description":"Ranger le mat\u00e9riel de Blood Bowl \u2122 + coups bas \u2122+ mort subit\u2122 dans la bo\u00eete de base, prot\u00e9gez le et gagnez du temps pour vos parties !","robots":{"index":"index","follow":"follow","max-snippet":"max-snippet:-1","max-image-preview":"max-image-preview:large","max-video-preview":"max-video-preview:-1"},"canonical":"https:\/\/gozu.zone\/?product=rangements-blood-bowl-team-manager","og_locale":"fr_FR","og_type":"article","og_title":"Acheter Rangements - Blood Bowl - Team manager\u2122 - GOZU ZONE - Jeux et Accessoires","og_description":"Ranger le mat\u00e9riel de Blood Bowl \u2122 + coups bas \u2122+ mort subit\u2122 dans la bo\u00eete de base, prot\u00e9gez le et gagnez du temps pour vos parties !","og_url":"https:\/\/gozu.zone\/?product=rangements-blood-bowl-team-manager","og_site_name":"GOZU ZONE","article_publisher":"https:\/\/www.facebook.com\/gozuzone\/","article_modified_time":"2025-03-26T08:49:52+00:00","og_image":[{"width":1024,"height":1024,"url":"https:\/\/gozu.zone\/wp-content\/uploads\/2016\/06\/blood-bowl-team-manager-rangement-gozu-zone.jpeg","type":"image\/jpeg"}],"twitter_card":"summary_large_image","twitter_site":"@gozuzone","twitter_misc":{"Dur\u00e9e de lecture estim\u00e9e":"2 minutes"},"schema":{"@context":"https:\/\/schema.org","@graph":[{"@type":"WebPage","@id":"https:\/\/gozu.zone\/?product=rangements-blood-bowl-team-manager","url":"https:\/\/gozu.zone\/?product=rangements-blood-bowl-team-manager","name":"Acheter Rangements - Blood Bowl - Team manager\u2122 - GOZU ZONE - Jeux et Accessoires","isPartOf":{"@id":"https:\/\/gozu.zone\/#website"},"primaryImageOfPage":{"@id":"https:\/\/gozu.zone\/?product=rangements-blood-bowl-team-manager#primaryimage"},"image":{"@id":"https:\/\/gozu.zone\/?product=rangements-blood-bowl-team-manager#primaryimage"},"thumbnailUrl":"https:\/\/gozu.zone\/wp-content\/uploads\/2016\/06\/blood-bowl-team-manager-rangement-gozu-zone.jpeg","datePublished":"2016-06-04T17:15:17+00:00","dateModified":"2025-03-26T08:49:52+00:00","description":"Ranger le mat\u00e9riel de Blood Bowl \u2122 + coups bas \u2122+ mort subit\u2122 dans la bo\u00eete de base, prot\u00e9gez le et gagnez du temps pour vos parties !","breadcrumb":{"@id":"https:\/\/gozu.zone\/?product=rangements-blood-bowl-team-manager#breadcrumb"},"inLanguage":"fr-FR","potentialAction":[{"@type":"ReadAction","target":["https:\/\/gozu.zone\/?product=rangements-blood-bowl-team-manager"]}]},{"@type":"ImageObject","inLanguage":"fr-FR","@id":"https:\/\/gozu.zone\/?product=rangements-blood-bowl-team-manager#primaryimage","url":"https:\/\/gozu.zone\/wp-content\/uploads\/2016\/06\/blood-bowl-team-manager-rangement-gozu-zone.jpeg","contentUrl":"https:\/\/gozu.zone\/wp-content\/uploads\/2016\/06\/blood-bowl-team-manager-rangement-gozu-zone.jpeg","width":1024,"height":1024},{"@type":"BreadcrumbList","@id":"https:\/\/gozu.zone\/?product=rangements-blood-bowl-team-manager#breadcrumb","itemListElement":[{"@type":"ListItem","position":1,"name":"Accueil","item":"https:\/\/gozu.zone\/"},{"@type":"ListItem","position":2,"name":"BOUTIQUE","item":"https:\/\/gozu.zone\/?page_id=308"},{"@type":"ListItem","position":3,"name":"Rangements &#8211; Blood Bowl &#8211; Team manager\u2122"}]},{"@type":"WebSite","@id":"https:\/\/gozu.zone\/#website","url":"https:\/\/gozu.zone\/","name":"GOZU ZONE","description":"Toujours plus pour vos jeux","potentialAction":[{"@type":"SearchAction","target":{"@type":"EntryPoint","urlTemplate":"https:\/\/gozu.zone\/?s={search_term_string}"},"query-input":{"@type":"PropertyValueSpecification","valueRequired":true,"valueName":"search_term_string"}}],"inLanguage":"fr-FR"}]}},"_links":{"self":[{"href":"https:\/\/gozu.zone\/index.php?rest_route=\/wp\/v2\/product\/3618","targetHints":{"allow":["GET"]}}],"collection":[{"href":"https:\/\/gozu.zone\/index.php?rest_route=\/wp\/v2\/product"}],"about":[{"href":"https:\/\/gozu.zone\/index.php?rest_route=\/wp\/v2\/types\/product"}],"replies":[{"embeddable":true,"href":"https:\/\/gozu.zone\/index.php?rest_route=%2Fwp%2Fv2%2Fcomments&post=3618"}],"wp:featuredmedia":[{"embeddable":true,"href":"https:\/\/gozu.zone\/index.php?rest_route=\/wp\/v2\/media\/17947"}],"wp:attachment":[{"href":"https:\/\/gozu.zone\/index.php?rest_route=%2Fwp%2Fv2%2Fmedia&parent=3618"}],"wp:term":[{"taxonomy":"product_brand","embeddable":true,"href":"https:\/\/gozu.zone\/index.php?rest_route=%2Fwp%2Fv2%2Fproduct_brand&post=3618"},{"taxonomy":"product_cat","embeddable":true,"href":"https:\/\/gozu.zone\/index.php?rest_route=%2Fwp%2Fv2%2Fproduct_cat&post=3618"},{"taxonomy":"product_tag","embeddable":true,"href":"https:\/\/gozu.zone\/index.php?rest_route=%2Fwp%2Fv2%2Fproduct_tag&post=3618"}],"curies":[{"name":"wp","href":"https:\/\/api.w.org\/{rel}","templated":true}]}}