{"id":3627,"date":"2016-06-04T18:30:10","date_gmt":"2016-06-04T18:30:10","guid":{"rendered":"http:\/\/gozu.zone\/?product=rangements-seigneur-des-anneaux-jce"},"modified":"2025-03-26T09:09:34","modified_gmt":"2025-03-26T09:09:34","slug":"rangements-seigneur-des-anneaux-jce","status":"publish","type":"product","link":"https:\/\/gozu.zone\/?product=rangements-seigneur-des-anneaux-jce","title":{"rendered":"Rangements &#8211; Seigneur des Anneaux &#8211; JCE\u2122 &#8211; ancienne \u00e9dition"},"content":{"rendered":"<p>&nbsp;<\/p>\n<p>Cet ensemble vous permettra d&rsquo;organiser, de prot\u00e9ger et de ranger vos cartes du\u00a0Seigneur des Anneaux\u00a0le jeu de cartes<span class=\"st\">\u00a0!<\/span><\/p>\n<p>&nbsp;<\/p>\n<h2>Contenu de l&rsquo;organiseur :<\/h2>\n<ul>\n<li>2 casiers de 2 compartiments pour ranger les\u00a0tokens<\/li>\n<li>3\u00a0modules permettant de\u00a0ranger chacun 375 cartes pochet\u00e9es * ( test r\u00e9alis\u00e9 avec les sleeves Arcane Tinmen )<\/li>\n<li>1 module permettant de ranger 290 cartes pochet\u00e9es * ( test r\u00e9alis\u00e9 avec les sleeves Arcane Tinmen )<\/li>\n<\/ul>\n<p>&nbsp;<\/p>\n<div class=\"sketchfab-embed-wrapper\">\n<p><iframe loading=\"lazy\" src=\"https:\/\/sketchfab.com\/models\/f2d8416b17784d6aa379b45cfd1adfa7\/embed\" width=\"640\" height=\"480\" frameborder=\"0\" allowfullscreen=\"allowfullscreen\"><\/iframe><\/p>\n<p style=\"font-size: 13px; font-weight: normal; margin: 5px; color: #4a4a4a;\"><a style=\"font-weight: bold; color: #1caad9;\" href=\"https:\/\/sketchfab.com\/models\/f2d8416b17784d6aa379b45cfd1adfa7?utm_medium=embed&amp;utm_source=website&amp;utm_campain=share-popup\" target=\"_blank\" rel=\"noopener noreferrer\">Rangement JCE &#8211; Seigneur des Anneaux<\/a><br \/>\nby <a style=\"font-weight: bold; color: #1caad9;\" href=\"https:\/\/sketchfab.com\/gozu_zone?utm_medium=embed&amp;utm_source=website&amp;utm_campain=share-popup\" target=\"_blank\" rel=\"noopener noreferrer\">gozu_zone<\/a><br \/>\non <a style=\"font-weight: bold; color: #1caad9;\" href=\"https:\/\/sketchfab.com?utm_medium=embed&amp;utm_source=website&amp;utm_campain=share-popup\" target=\"_blank\" rel=\"noopener noreferrer\">Sketchfab<\/a><\/p>\n<\/div>\n<p>&nbsp;<\/p>\n<table>\n<thead>\n<tr>\n<th class=\"txt-center\" colspan=\"3\">Capacit\u00e9 Totale<\/th>\n<\/tr>\n<\/thead>\n<tbody>\n<tr>\n<td style=\"text-align: center;\">Sans pochette<\/td>\n<td style=\"text-align: center;\">Arcane Tinmen (80 microns)<\/td>\n<td style=\"text-align: center;\">ffg (100 microns)<\/td>\n<\/tr>\n<tr>\n<td style=\"text-align: center;\">2740 cartes(estimation)<\/td>\n<td style=\"text-align: center;\">1415\u00a0cartes<\/td>\n<td style=\"text-align: center;\">1132 cartes ffg (estimation)<\/td>\n<\/tr>\n<\/tbody>\n<\/table>\n<p><span style=\"font-size: 90%;\"><em>* les pochettes utilis\u00e9es sont de la marque Arcane Tinmen : <a href=\"http:\/\/pro.gozu.zone\/?product=arcane-tinmen-100-standard-board-game-sleeves-63x88m\">voir le produit<\/a><\/em><\/span><\/p>\n<p>&nbsp;<\/p>\n<hr \/>\n<p>&nbsp;<\/p>\n<p class=\"disclaimer\"><strong>Le Seigneur des Anneaux JCE<\/strong><span class=\"st\">\u2122 <\/span> est un jeu \u00e9dit\u00e9 par EDGE. Gozu Zone propose de sa propre initiative des rangements compatibles avec ce jeu et ses extensions, qui demeurent la propri\u00e9t\u00e9 de l&rsquo;\u00e9diteur. Ce dernier n&rsquo;assume aucune responsabilit\u00e9 quant \u00e0 nos produits.<\/p>\n<p class=\"disclaimer\"><strong>Remarque<\/strong> : Ce rangement est propos\u00e9 en couleur\u00a0<strong>noire\u00a0<\/strong>par d\u00e9faut. Si vous souhaitez un coloris personnalis\u00e9, merci de contacter l&rsquo;\u00e9quipe via le chat en bas \u00e0 droite ! Nous nous ferons un plaisir d&rsquo;\u00e9tudier votre demande et nous vous r\u00e9pondrons\u00a0dans les plus brefs d\u00e9lais<\/p>\n<p>Ce produit est <strong>fabriqu\u00e9 en France<\/strong>. Si vous souhaitez en savoir un peu plus sur notre proc\u00e9d\u00e9 de fabrication, nous sommes dispos\u00e9s \u00e0 r\u00e9pondre \u00e0 toutes vos questions !<\/p>\n","protected":false},"excerpt":{"rendered":"<p>Stocker massivement vos cartes et tokens du Seigneur des anneaux le Jeu de cartes\u00a0dans la bo\u00eete de base !<\/p>\n","protected":false},"featured_media":17946,"comment_status":"open","ping_status":"closed","template":"","meta":{"_acf_changed":false},"product_brand":[],"product_cat":[311],"product_tag":[294,259,262],"class_list":{"0":"post-3627","1":"product","2":"type-product","3":"status-publish","4":"has-post-thumbnail","6":"product_cat-organiseurs","7":"product_tag-organiseur","8":"product_tag-rangements","9":"product_tag-rangements-jce","10":"product_shipping_class-livraisonstandard_colis","12":"first","13":"instock","14":"taxable","15":"shipping-taxable","16":"purchasable","17":"product-type-simple"},"acf":[],"yoast_head":"<!-- This site is optimized with the Yoast SEO plugin v25.3 - https:\/\/yoast.com\/wordpress\/plugins\/seo\/ -->\n<title>Acheter Rangements - Seigneur des Anneaux - JCE\u2122 - ancienne \u00e9dition - GOZU ZONE - Jeux et Accessoires<\/title>\n<meta name=\"robots\" content=\"index, follow, max-snippet:-1, max-image-preview:large, max-video-preview:-1\" \/>\n<link rel=\"canonical\" href=\"https:\/\/gozu.zone\/?product=rangements-seigneur-des-anneaux-jce\" \/>\n<meta property=\"og:locale\" content=\"fr_FR\" \/>\n<meta property=\"og:type\" content=\"article\" \/>\n<meta property=\"og:title\" content=\"Acheter Rangements - Seigneur des Anneaux - JCE\u2122 - ancienne \u00e9dition - GOZU ZONE - Jeux et Accessoires\" \/>\n<meta property=\"og:description\" content=\"Stocker massivement vos cartes et tokens du Seigneur des anneaux le Jeu de cartes\u00a0dans la bo\u00eete de base !\" \/>\n<meta property=\"og:url\" content=\"https:\/\/gozu.zone\/?product=rangements-seigneur-des-anneaux-jce\" \/>\n<meta property=\"og:site_name\" content=\"GOZU ZONE\" \/>\n<meta property=\"article:publisher\" content=\"https:\/\/www.facebook.com\/gozuzone\/\" \/>\n<meta property=\"article:modified_time\" content=\"2025-03-26T09:09:34+00:00\" \/>\n<meta property=\"og:image\" content=\"https:\/\/gozu.zone\/wp-content\/uploads\/2016\/06\/rangement-seigneur-des-anneaux-gozu-zone.jpeg\" \/>\n\t<meta property=\"og:image:width\" content=\"1024\" \/>\n\t<meta property=\"og:image:height\" content=\"1024\" \/>\n\t<meta property=\"og:image:type\" content=\"image\/jpeg\" \/>\n<meta name=\"twitter:card\" content=\"summary_large_image\" \/>\n<meta name=\"twitter:site\" content=\"@gozuzone\" \/>\n<meta name=\"twitter:label1\" content=\"Dur\u00e9e de lecture estim\u00e9e\" \/>\n\t<meta name=\"twitter:data1\" content=\"2 minutes\" \/>\n<script type=\"application\/ld+json\" class=\"yoast-schema-graph\">{\"@context\":\"https:\/\/schema.org\",\"@graph\":[{\"@type\":\"WebPage\",\"@id\":\"https:\/\/gozu.zone\/?product=rangements-seigneur-des-anneaux-jce\",\"url\":\"https:\/\/gozu.zone\/?product=rangements-seigneur-des-anneaux-jce\",\"name\":\"Acheter Rangements - Seigneur des Anneaux - JCE\u2122 - ancienne \u00e9dition - GOZU ZONE - Jeux et Accessoires\",\"isPartOf\":{\"@id\":\"https:\/\/gozu.zone\/#website\"},\"primaryImageOfPage\":{\"@id\":\"https:\/\/gozu.zone\/?product=rangements-seigneur-des-anneaux-jce#primaryimage\"},\"image\":{\"@id\":\"https:\/\/gozu.zone\/?product=rangements-seigneur-des-anneaux-jce#primaryimage\"},\"thumbnailUrl\":\"https:\/\/gozu.zone\/wp-content\/uploads\/2016\/06\/rangement-seigneur-des-anneaux-gozu-zone.jpeg\",\"datePublished\":\"2016-06-04T18:30:10+00:00\",\"dateModified\":\"2025-03-26T09:09:34+00:00\",\"breadcrumb\":{\"@id\":\"https:\/\/gozu.zone\/?product=rangements-seigneur-des-anneaux-jce#breadcrumb\"},\"inLanguage\":\"fr-FR\",\"potentialAction\":[{\"@type\":\"ReadAction\",\"target\":[\"https:\/\/gozu.zone\/?product=rangements-seigneur-des-anneaux-jce\"]}]},{\"@type\":\"ImageObject\",\"inLanguage\":\"fr-FR\",\"@id\":\"https:\/\/gozu.zone\/?product=rangements-seigneur-des-anneaux-jce#primaryimage\",\"url\":\"https:\/\/gozu.zone\/wp-content\/uploads\/2016\/06\/rangement-seigneur-des-anneaux-gozu-zone.jpeg\",\"contentUrl\":\"https:\/\/gozu.zone\/wp-content\/uploads\/2016\/06\/rangement-seigneur-des-anneaux-gozu-zone.jpeg\",\"width\":1024,\"height\":1024},{\"@type\":\"BreadcrumbList\",\"@id\":\"https:\/\/gozu.zone\/?product=rangements-seigneur-des-anneaux-jce#breadcrumb\",\"itemListElement\":[{\"@type\":\"ListItem\",\"position\":1,\"name\":\"Accueil\",\"item\":\"https:\/\/gozu.zone\/\"},{\"@type\":\"ListItem\",\"position\":2,\"name\":\"BOUTIQUE\",\"item\":\"https:\/\/gozu.zone\/?page_id=308\"},{\"@type\":\"ListItem\",\"position\":3,\"name\":\"Rangements &#8211; Seigneur des Anneaux &#8211; JCE\u2122 &#8211; ancienne \u00e9dition\"}]},{\"@type\":\"WebSite\",\"@id\":\"https:\/\/gozu.zone\/#website\",\"url\":\"https:\/\/gozu.zone\/\",\"name\":\"GOZU ZONE\",\"description\":\"Toujours plus pour vos jeux\",\"potentialAction\":[{\"@type\":\"SearchAction\",\"target\":{\"@type\":\"EntryPoint\",\"urlTemplate\":\"https:\/\/gozu.zone\/?s={search_term_string}\"},\"query-input\":{\"@type\":\"PropertyValueSpecification\",\"valueRequired\":true,\"valueName\":\"search_term_string\"}}],\"inLanguage\":\"fr-FR\"}]}<\/script>\n<!-- \/ Yoast SEO plugin. -->","yoast_head_json":{"title":"Acheter Rangements - Seigneur des Anneaux - JCE\u2122 - ancienne \u00e9dition - GOZU ZONE - Jeux et Accessoires","robots":{"index":"index","follow":"follow","max-snippet":"max-snippet:-1","max-image-preview":"max-image-preview:large","max-video-preview":"max-video-preview:-1"},"canonical":"https:\/\/gozu.zone\/?product=rangements-seigneur-des-anneaux-jce","og_locale":"fr_FR","og_type":"article","og_title":"Acheter Rangements - Seigneur des Anneaux - JCE\u2122 - ancienne \u00e9dition - GOZU ZONE - Jeux et Accessoires","og_description":"Stocker massivement vos cartes et tokens du Seigneur des anneaux le Jeu de cartes\u00a0dans la bo\u00eete de base !","og_url":"https:\/\/gozu.zone\/?product=rangements-seigneur-des-anneaux-jce","og_site_name":"GOZU ZONE","article_publisher":"https:\/\/www.facebook.com\/gozuzone\/","article_modified_time":"2025-03-26T09:09:34+00:00","og_image":[{"width":1024,"height":1024,"url":"https:\/\/gozu.zone\/wp-content\/uploads\/2016\/06\/rangement-seigneur-des-anneaux-gozu-zone.jpeg","type":"image\/jpeg"}],"twitter_card":"summary_large_image","twitter_site":"@gozuzone","twitter_misc":{"Dur\u00e9e de lecture estim\u00e9e":"2 minutes"},"schema":{"@context":"https:\/\/schema.org","@graph":[{"@type":"WebPage","@id":"https:\/\/gozu.zone\/?product=rangements-seigneur-des-anneaux-jce","url":"https:\/\/gozu.zone\/?product=rangements-seigneur-des-anneaux-jce","name":"Acheter Rangements - Seigneur des Anneaux - JCE\u2122 - ancienne \u00e9dition - GOZU ZONE - Jeux et Accessoires","isPartOf":{"@id":"https:\/\/gozu.zone\/#website"},"primaryImageOfPage":{"@id":"https:\/\/gozu.zone\/?product=rangements-seigneur-des-anneaux-jce#primaryimage"},"image":{"@id":"https:\/\/gozu.zone\/?product=rangements-seigneur-des-anneaux-jce#primaryimage"},"thumbnailUrl":"https:\/\/gozu.zone\/wp-content\/uploads\/2016\/06\/rangement-seigneur-des-anneaux-gozu-zone.jpeg","datePublished":"2016-06-04T18:30:10+00:00","dateModified":"2025-03-26T09:09:34+00:00","breadcrumb":{"@id":"https:\/\/gozu.zone\/?product=rangements-seigneur-des-anneaux-jce#breadcrumb"},"inLanguage":"fr-FR","potentialAction":[{"@type":"ReadAction","target":["https:\/\/gozu.zone\/?product=rangements-seigneur-des-anneaux-jce"]}]},{"@type":"ImageObject","inLanguage":"fr-FR","@id":"https:\/\/gozu.zone\/?product=rangements-seigneur-des-anneaux-jce#primaryimage","url":"https:\/\/gozu.zone\/wp-content\/uploads\/2016\/06\/rangement-seigneur-des-anneaux-gozu-zone.jpeg","contentUrl":"https:\/\/gozu.zone\/wp-content\/uploads\/2016\/06\/rangement-seigneur-des-anneaux-gozu-zone.jpeg","width":1024,"height":1024},{"@type":"BreadcrumbList","@id":"https:\/\/gozu.zone\/?product=rangements-seigneur-des-anneaux-jce#breadcrumb","itemListElement":[{"@type":"ListItem","position":1,"name":"Accueil","item":"https:\/\/gozu.zone\/"},{"@type":"ListItem","position":2,"name":"BOUTIQUE","item":"https:\/\/gozu.zone\/?page_id=308"},{"@type":"ListItem","position":3,"name":"Rangements &#8211; Seigneur des Anneaux &#8211; JCE\u2122 &#8211; ancienne \u00e9dition"}]},{"@type":"WebSite","@id":"https:\/\/gozu.zone\/#website","url":"https:\/\/gozu.zone\/","name":"GOZU ZONE","description":"Toujours plus pour vos jeux","potentialAction":[{"@type":"SearchAction","target":{"@type":"EntryPoint","urlTemplate":"https:\/\/gozu.zone\/?s={search_term_string}"},"query-input":{"@type":"PropertyValueSpecification","valueRequired":true,"valueName":"search_term_string"}}],"inLanguage":"fr-FR"}]}},"_links":{"self":[{"href":"https:\/\/gozu.zone\/index.php?rest_route=\/wp\/v2\/product\/3627","targetHints":{"allow":["GET"]}}],"collection":[{"href":"https:\/\/gozu.zone\/index.php?rest_route=\/wp\/v2\/product"}],"about":[{"href":"https:\/\/gozu.zone\/index.php?rest_route=\/wp\/v2\/types\/product"}],"replies":[{"embeddable":true,"href":"https:\/\/gozu.zone\/index.php?rest_route=%2Fwp%2Fv2%2Fcomments&post=3627"}],"wp:featuredmedia":[{"embeddable":true,"href":"https:\/\/gozu.zone\/index.php?rest_route=\/wp\/v2\/media\/17946"}],"wp:attachment":[{"href":"https:\/\/gozu.zone\/index.php?rest_route=%2Fwp%2Fv2%2Fmedia&parent=3627"}],"wp:term":[{"taxonomy":"product_brand","embeddable":true,"href":"https:\/\/gozu.zone\/index.php?rest_route=%2Fwp%2Fv2%2Fproduct_brand&post=3627"},{"taxonomy":"product_cat","embeddable":true,"href":"https:\/\/gozu.zone\/index.php?rest_route=%2Fwp%2Fv2%2Fproduct_cat&post=3627"},{"taxonomy":"product_tag","embeddable":true,"href":"https:\/\/gozu.zone\/index.php?rest_route=%2Fwp%2Fv2%2Fproduct_tag&post=3627"}],"curies":[{"name":"wp","href":"https:\/\/api.w.org\/{rel}","templated":true}]}}