{"id":3688,"date":"2016-07-14T20:43:25","date_gmt":"2016-07-14T20:43:25","guid":{"rendered":"http:\/\/gozu.zone\/?product=rangements-minivilles"},"modified":"2025-03-26T09:21:42","modified_gmt":"2025-03-26T09:21:42","slug":"rangements-minivilles","status":"publish","type":"product","link":"https:\/\/gozu.zone\/?product=rangements-minivilles","title":{"rendered":"Rangement &#8211; Minivilles \u2122 et extensions"},"content":{"rendered":"<p>Vous avez achet\u00e9 <strong>Minivilles<\/strong> \u2122, vous aimez ce jeu et donc naturellement vous avez d\u00e9cid\u00e9 de prendre les extensions. En plus quand vous aimez un jeu vous le prot\u00e9ger, vous avez donc \u00e9galement achet\u00e9 des pochettes !<\/p>\n<p>Alors \u00e7a devient l\u00e9g\u00e8rement le chaos dans la boite de base&#8230; \u00a0C&rsquo;est pour cela que<strong> Gozu Zone<\/strong> a con\u00e7u\u00a0pour vous : l&rsquo;organiseur <strong>Minivilles<\/strong> \u2122 !<\/p>\n<p>Cet ensemble vous permettra donc d&rsquo;organiser, de prot\u00e9ger et de ranger <strong>Minivilles<\/strong> \u2122 et ses extensions<span class=\"st\">\u00a0!<\/span><\/p>\n<p>Voici la liste des \u00e9l\u00e9ments que vous pouvez ranger sans probl\u00e8mes gr\u00e2ce \u00e0 notre rangement :<\/p>\n<ul>\n<li><strong>Minivilles<\/strong> \u2122 : bo\u00eete de base<\/li>\n<li>Marina ( extension 1 )<\/li>\n<li>Green Valley ( extension 2 )<\/li>\n<li>5 \u00e0 6 Joueurs ( extension 3 )<\/li>\n<\/ul>\n<h2>Contenu du kit :<\/h2>\n<p>5 pi\u00e8ces plastiques imprim\u00e9s en 3D dont<\/p>\n<ul>\n<li>1\u00a0casier amovible vous permettant de\u00a0ranger les pi\u00e8ces et de les utiliser en partie.<\/li>\n<li>2\u00a0modules vous permettant de\u00a0ranger les nombreuses cartes\u00a0pochet\u00e9es * ( fonctionne \u00e9galement si vos cartes n&rsquo;ont pas \u00e9t\u00e9 prot\u00e9g\u00e9es<\/li>\n<li>2 \u00e9l\u00e9ments marqu\u00e9s <strong>GOZU ZONE<\/strong> vous permettant de rehausser le casier pour les pi\u00e8ces. ( voir vid\u00e9o )<\/li>\n<\/ul>\n<p><span style=\"font-size: 90%;\"><em>* les pochettes utilis\u00e9es sont de la marque Arcane Tinmen : <a href=\"https:\/\/gozu.zone\/?product=pochettes-100-medium-standard-american-sleeves-57x89mm\">voir le produit<\/a><\/em><\/span><\/p>\n<hr \/>\n<p class=\"disclaimer\"><strong>Minivilles<\/strong><span class=\"st\">\u2122 <\/span> est un jeu \u00e9dit\u00e9 par <a title=\"Moonster Games\" href=\"https:\/\/www.trictrac.net\/repertoire\/industry\/moonster-games\">Moonster Games<\/a>. Gozu Zone propose de sa propre initiative des rangements compatibles avec ce jeu et ses extensions, qui demeurent la propri\u00e9t\u00e9 de l&rsquo;\u00e9diteur. Ce dernier n&rsquo;assume aucune responsabilit\u00e9 quant \u00e0 nos produits.<\/p>\n<p class=\"disclaimer\"><strong>Remarque<\/strong> : Ce rangement est propos\u00e9 en couleur\u00a0<strong>argent\u00e9e\u00a0<\/strong>par d\u00e9faut. Si vous souhaitez un coloris personnalis\u00e9, merci de contacter l&rsquo;\u00e9quipe via le chat en bas \u00e0 droite ! Nous nous ferons un plaisir d&rsquo;\u00e9tudier votre demande et nous vous r\u00e9pondrons\u00a0dans les plus brefs d\u00e9lais.<\/p>\n<p>Ce produit est <strong>fabriqu\u00e9 en France<\/strong>. Si vous souhaitez en savoir un peu plus sur notre proc\u00e9d\u00e9 de fabrication, nous sommes dispos\u00e9s \u00e0 r\u00e9pondre \u00e0 toutes vos questions !<\/p>\n","protected":false},"excerpt":{"rendered":"<p>Pour ranger Minivilles \u2122 et ses extensions dans la boite de base !<\/p>\n","protected":false},"featured_media":15823,"comment_status":"open","ping_status":"closed","template":"","meta":{"_acf_changed":false},"product_brand":[],"product_cat":[311],"product_tag":[294,259,459],"class_list":{"0":"post-3688","1":"product","2":"type-product","3":"status-publish","4":"has-post-thumbnail","6":"product_cat-organiseurs","7":"product_tag-organiseur","8":"product_tag-rangements","9":"product_tag-rangements-j2s","10":"product_shipping_class-livraisonstandard_colis","12":"first","13":"instock","14":"taxable","15":"shipping-taxable","16":"purchasable","17":"product-type-simple"},"acf":[],"yoast_head":"<!-- This site is optimized with the Yoast SEO plugin v25.3 - https:\/\/yoast.com\/wordpress\/plugins\/seo\/ -->\n<title>Acheter Rangement - Minivilles \u2122 et extensions - GOZU ZONE - Jeux et Accessoires<\/title>\n<meta name=\"description\" content=\"Pour organiser votre jeu Minivilles avec ses extensions dans la boites de base et ainsi prot\u00e9ger votre jeu favoris et gagner du temps lors de l&#039;installation\" \/>\n<meta name=\"robots\" content=\"index, follow, max-snippet:-1, max-image-preview:large, max-video-preview:-1\" \/>\n<link rel=\"canonical\" href=\"http:\/\/pro.gozu.zone\/?product=rangements-minivilles\" \/>\n<meta property=\"og:locale\" content=\"fr_FR\" \/>\n<meta property=\"og:type\" content=\"article\" \/>\n<meta property=\"og:title\" content=\"Rangement Minivilles et extensions\" \/>\n<meta property=\"og:description\" content=\"Pour organiser votre jeu Minivilles avec ses extensions dans la boites de base.\" \/>\n<meta property=\"og:url\" content=\"http:\/\/pro.gozu.zone\/?product=rangements-minivilles\" \/>\n<meta property=\"og:site_name\" content=\"GOZU ZONE\" \/>\n<meta property=\"article:publisher\" content=\"https:\/\/www.facebook.com\/gozuzone\/\" \/>\n<meta property=\"article:modified_time\" content=\"2025-03-26T09:21:42+00:00\" \/>\n<meta property=\"og:image\" content=\"https:\/\/gozu.zone\/wp-content\/uploads\/2016\/07\/rangement-minivilles-extensions-gozu-zone.jpg\" \/>\n\t<meta property=\"og:image:width\" content=\"860\" \/>\n\t<meta property=\"og:image:height\" content=\"860\" \/>\n\t<meta property=\"og:image:type\" content=\"image\/jpeg\" \/>\n<meta name=\"twitter:card\" content=\"summary_large_image\" \/>\n<meta name=\"twitter:title\" content=\"Rangement Minivilles et extensions\" \/>\n<meta name=\"twitter:description\" content=\"Pour organiser votre jeu Minivilles avec ses extensions dans la boites de base.\" \/>\n<meta name=\"twitter:image\" content=\"http:\/\/pro.gozu.zone\/wp-content\/uploads\/2016\/07\/rangement-minivilles-extensions-gozu-zone.jpg\" \/>\n<meta name=\"twitter:site\" content=\"@gozuzone\" \/>\n<meta name=\"twitter:label1\" content=\"Dur\u00e9e de lecture estim\u00e9e\" \/>\n\t<meta name=\"twitter:data1\" content=\"2 minutes\" \/>\n<script type=\"application\/ld+json\" class=\"yoast-schema-graph\">{\"@context\":\"https:\/\/schema.org\",\"@graph\":[{\"@type\":\"WebPage\",\"@id\":\"https:\/\/gozu.zone\/?product=rangements-minivilles\",\"url\":\"http:\/\/pro.gozu.zone\/?product=rangements-minivilles\",\"name\":\"Acheter Rangement - Minivilles \u2122 et extensions - GOZU ZONE - Jeux et Accessoires\",\"isPartOf\":{\"@id\":\"https:\/\/gozu.zone\/#website\"},\"primaryImageOfPage\":{\"@id\":\"http:\/\/pro.gozu.zone\/?product=rangements-minivilles#primaryimage\"},\"image\":{\"@id\":\"http:\/\/pro.gozu.zone\/?product=rangements-minivilles#primaryimage\"},\"thumbnailUrl\":\"https:\/\/gozu.zone\/wp-content\/uploads\/2016\/07\/rangement-minivilles-extensions-gozu-zone-1.jpg\",\"datePublished\":\"2016-07-14T20:43:25+00:00\",\"dateModified\":\"2025-03-26T09:21:42+00:00\",\"description\":\"Pour organiser votre jeu Minivilles avec ses extensions dans la boites de base et ainsi prot\u00e9ger votre jeu favoris et gagner du temps lors de l'installation\",\"breadcrumb\":{\"@id\":\"http:\/\/pro.gozu.zone\/?product=rangements-minivilles#breadcrumb\"},\"inLanguage\":\"fr-FR\",\"potentialAction\":[{\"@type\":\"ReadAction\",\"target\":[\"http:\/\/pro.gozu.zone\/?product=rangements-minivilles\"]}]},{\"@type\":\"ImageObject\",\"inLanguage\":\"fr-FR\",\"@id\":\"http:\/\/pro.gozu.zone\/?product=rangements-minivilles#primaryimage\",\"url\":\"https:\/\/gozu.zone\/wp-content\/uploads\/2016\/07\/rangement-minivilles-extensions-gozu-zone-1.jpg\",\"contentUrl\":\"https:\/\/gozu.zone\/wp-content\/uploads\/2016\/07\/rangement-minivilles-extensions-gozu-zone-1.jpg\",\"width\":860,\"height\":860,\"caption\":\"rangement-minivilles-extensions-gozu-zone\"},{\"@type\":\"BreadcrumbList\",\"@id\":\"http:\/\/pro.gozu.zone\/?product=rangements-minivilles#breadcrumb\",\"itemListElement\":[{\"@type\":\"ListItem\",\"position\":1,\"name\":\"Accueil\",\"item\":\"https:\/\/gozu.zone\/\"},{\"@type\":\"ListItem\",\"position\":2,\"name\":\"BOUTIQUE\",\"item\":\"https:\/\/gozu.zone\/?page_id=308\"},{\"@type\":\"ListItem\",\"position\":3,\"name\":\"Rangement &#8211; Minivilles \u2122 et extensions\"}]},{\"@type\":\"WebSite\",\"@id\":\"https:\/\/gozu.zone\/#website\",\"url\":\"https:\/\/gozu.zone\/\",\"name\":\"GOZU ZONE\",\"description\":\"Toujours plus pour vos jeux\",\"potentialAction\":[{\"@type\":\"SearchAction\",\"target\":{\"@type\":\"EntryPoint\",\"urlTemplate\":\"https:\/\/gozu.zone\/?s={search_term_string}\"},\"query-input\":{\"@type\":\"PropertyValueSpecification\",\"valueRequired\":true,\"valueName\":\"search_term_string\"}}],\"inLanguage\":\"fr-FR\"}]}<\/script>\n<!-- \/ Yoast SEO plugin. -->","yoast_head_json":{"title":"Acheter Rangement - Minivilles \u2122 et extensions - GOZU ZONE - Jeux et Accessoires","description":"Pour organiser votre jeu Minivilles avec ses extensions dans la boites de base et ainsi prot\u00e9ger votre jeu favoris et gagner du temps lors de l'installation","robots":{"index":"index","follow":"follow","max-snippet":"max-snippet:-1","max-image-preview":"max-image-preview:large","max-video-preview":"max-video-preview:-1"},"canonical":"http:\/\/pro.gozu.zone\/?product=rangements-minivilles","og_locale":"fr_FR","og_type":"article","og_title":"Rangement Minivilles et extensions","og_description":"Pour organiser votre jeu Minivilles avec ses extensions dans la boites de base.","og_url":"http:\/\/pro.gozu.zone\/?product=rangements-minivilles","og_site_name":"GOZU ZONE","article_publisher":"https:\/\/www.facebook.com\/gozuzone\/","article_modified_time":"2025-03-26T09:21:42+00:00","og_image":[{"width":860,"height":860,"url":"https:\/\/gozu.zone\/wp-content\/uploads\/2016\/07\/rangement-minivilles-extensions-gozu-zone.jpg","type":"image\/jpeg"}],"twitter_card":"summary_large_image","twitter_title":"Rangement Minivilles et extensions","twitter_description":"Pour organiser votre jeu Minivilles avec ses extensions dans la boites de base.","twitter_image":"http:\/\/pro.gozu.zone\/wp-content\/uploads\/2016\/07\/rangement-minivilles-extensions-gozu-zone.jpg","twitter_site":"@gozuzone","twitter_misc":{"Dur\u00e9e de lecture estim\u00e9e":"2 minutes"},"schema":{"@context":"https:\/\/schema.org","@graph":[{"@type":"WebPage","@id":"https:\/\/gozu.zone\/?product=rangements-minivilles","url":"http:\/\/pro.gozu.zone\/?product=rangements-minivilles","name":"Acheter Rangement - Minivilles \u2122 et extensions - GOZU ZONE - Jeux et Accessoires","isPartOf":{"@id":"https:\/\/gozu.zone\/#website"},"primaryImageOfPage":{"@id":"http:\/\/pro.gozu.zone\/?product=rangements-minivilles#primaryimage"},"image":{"@id":"http:\/\/pro.gozu.zone\/?product=rangements-minivilles#primaryimage"},"thumbnailUrl":"https:\/\/gozu.zone\/wp-content\/uploads\/2016\/07\/rangement-minivilles-extensions-gozu-zone-1.jpg","datePublished":"2016-07-14T20:43:25+00:00","dateModified":"2025-03-26T09:21:42+00:00","description":"Pour organiser votre jeu Minivilles avec ses extensions dans la boites de base et ainsi prot\u00e9ger votre jeu favoris et gagner du temps lors de l'installation","breadcrumb":{"@id":"http:\/\/pro.gozu.zone\/?product=rangements-minivilles#breadcrumb"},"inLanguage":"fr-FR","potentialAction":[{"@type":"ReadAction","target":["http:\/\/pro.gozu.zone\/?product=rangements-minivilles"]}]},{"@type":"ImageObject","inLanguage":"fr-FR","@id":"http:\/\/pro.gozu.zone\/?product=rangements-minivilles#primaryimage","url":"https:\/\/gozu.zone\/wp-content\/uploads\/2016\/07\/rangement-minivilles-extensions-gozu-zone-1.jpg","contentUrl":"https:\/\/gozu.zone\/wp-content\/uploads\/2016\/07\/rangement-minivilles-extensions-gozu-zone-1.jpg","width":860,"height":860,"caption":"rangement-minivilles-extensions-gozu-zone"},{"@type":"BreadcrumbList","@id":"http:\/\/pro.gozu.zone\/?product=rangements-minivilles#breadcrumb","itemListElement":[{"@type":"ListItem","position":1,"name":"Accueil","item":"https:\/\/gozu.zone\/"},{"@type":"ListItem","position":2,"name":"BOUTIQUE","item":"https:\/\/gozu.zone\/?page_id=308"},{"@type":"ListItem","position":3,"name":"Rangement &#8211; Minivilles \u2122 et extensions"}]},{"@type":"WebSite","@id":"https:\/\/gozu.zone\/#website","url":"https:\/\/gozu.zone\/","name":"GOZU ZONE","description":"Toujours plus pour vos jeux","potentialAction":[{"@type":"SearchAction","target":{"@type":"EntryPoint","urlTemplate":"https:\/\/gozu.zone\/?s={search_term_string}"},"query-input":{"@type":"PropertyValueSpecification","valueRequired":true,"valueName":"search_term_string"}}],"inLanguage":"fr-FR"}]}},"_links":{"self":[{"href":"https:\/\/gozu.zone\/index.php?rest_route=\/wp\/v2\/product\/3688","targetHints":{"allow":["GET"]}}],"collection":[{"href":"https:\/\/gozu.zone\/index.php?rest_route=\/wp\/v2\/product"}],"about":[{"href":"https:\/\/gozu.zone\/index.php?rest_route=\/wp\/v2\/types\/product"}],"replies":[{"embeddable":true,"href":"https:\/\/gozu.zone\/index.php?rest_route=%2Fwp%2Fv2%2Fcomments&post=3688"}],"wp:featuredmedia":[{"embeddable":true,"href":"https:\/\/gozu.zone\/index.php?rest_route=\/wp\/v2\/media\/15823"}],"wp:attachment":[{"href":"https:\/\/gozu.zone\/index.php?rest_route=%2Fwp%2Fv2%2Fmedia&parent=3688"}],"wp:term":[{"taxonomy":"product_brand","embeddable":true,"href":"https:\/\/gozu.zone\/index.php?rest_route=%2Fwp%2Fv2%2Fproduct_brand&post=3688"},{"taxonomy":"product_cat","embeddable":true,"href":"https:\/\/gozu.zone\/index.php?rest_route=%2Fwp%2Fv2%2Fproduct_cat&post=3688"},{"taxonomy":"product_tag","embeddable":true,"href":"https:\/\/gozu.zone\/index.php?rest_route=%2Fwp%2Fv2%2Fproduct_tag&post=3688"}],"curies":[{"name":"wp","href":"https:\/\/api.w.org\/{rel}","templated":true}]}}