{"id":3751,"date":"2016-07-17T19:08:36","date_gmt":"2016-07-17T19:08:36","guid":{"rendered":"http:\/\/gozu.zone\/?product=zik"},"modified":"2017-07-14T10:24:06","modified_gmt":"2017-07-14T10:24:06","slug":"zik","status":"publish","type":"product","link":"https:\/\/gozu.zone\/?product=zik","title":{"rendered":"Zik"},"content":{"rendered":"<p><a href=\"http:\/\/pro.gozu.zone\/wp-content\/uploads\/2016\/07\/logo-2-u6576.png\"><img loading=\"lazy\" decoding=\"async\" class=\"aligncenter wp-image-3753\" src=\"http:\/\/pro.gozu.zone\/wp-content\/uploads\/2016\/07\/logo-2-u6576.png\" alt=\"logo-zik\" width=\"359\" height=\"206\" srcset=\"https:\/\/gozu.zone\/wp-content\/uploads\/2016\/07\/logo-2-u6576.png 436w, https:\/\/gozu.zone\/wp-content\/uploads\/2016\/07\/logo-2-u6576-300x172.png 300w\" sizes=\"auto, (max-width: 359px) 100vw, 359px\" \/><\/a><\/p>\n<p>&nbsp;<\/p>\n<p style=\"text-align: center;\">Des tubes et des sons ! Qui reconna\u00eetra la chanson ?<br \/>\nUn jeu pr\u00eat \u00e0 ravir le grand public ! Se joue exclusivement dans la bonne humeur. Un carton plein pour vos soir\u00e9es : ambiance garantie. Avec l&rsquo;aide des onomatop\u00e9es, fa\u00eetes deviner pr\u00e8s de 400 chansons. De \u00ab\u00a0Fr\u00e8re Jacques\u00a0\u00bb \u00e0 \u00ab\u00a0Papaoutai\u00a0\u00bb&#8230; vous n&rsquo;avez pas fini de vous rem\u00e9morer les grands classiques et chantonner les nouveaux tubes.<\/p>\n<h3><\/h3>\n<div class=\"disclaimer material\">\n<h3>Contenu du jeu<\/h3>\n<ul>\n<li>54\u00a0cartes<\/li>\n<li>1 livret de r\u00e8gles<\/li>\n<\/ul>\n<\/div>\n","protected":false},"excerpt":{"rendered":"<ul>\n<li>\u00c2ge : 10\u00a0ans et +<\/li>\n<li>Dur\u00e9e : 20\u00a0min<\/li>\n<li>Joueurs : 3\u00a0\u00e0 16<\/li>\n<\/ul>\n","protected":false},"featured_media":3754,"comment_status":"open","ping_status":"closed","template":"","meta":{"_acf_changed":false},"product_brand":[],"product_cat":[560,323,339],"product_tag":[356,328,340],"class_list":{"0":"post-3751","1":"product","2":"type-product","3":"status-publish","4":"has-post-thumbnail","6":"product_cat-destockage","7":"product_cat-jeux","8":"product_cat-petits","9":"product_tag-ambiance","10":"product_tag-jeux","11":"product_tag-petit","12":"product_shipping_class-livraisonstandard_colis","14":"first","15":"instock","16":"sale","17":"taxable","18":"shipping-taxable","19":"purchasable","20":"product-type-simple"},"acf":[],"yoast_head":"<!-- This site is optimized with the Yoast SEO plugin v25.3 - https:\/\/yoast.com\/wordpress\/plugins\/seo\/ -->\n<title>Acheter Zik - Boutique GOZU ZONE - Jeux et Accessoires<\/title>\n<meta name=\"robots\" content=\"index, follow, max-snippet:-1, max-image-preview:large, max-video-preview:-1\" \/>\n<link rel=\"canonical\" href=\"https:\/\/gozu.zone\/?product=zik\" \/>\n<meta property=\"og:locale\" content=\"fr_FR\" \/>\n<meta property=\"og:type\" content=\"article\" \/>\n<meta property=\"og:title\" content=\"Acheter Zik - Boutique GOZU ZONE - Jeux et Accessoires\" \/>\n<meta property=\"og:description\" content=\"\u00c2ge : 10\u00a0ans et +  Dur\u00e9e : 20\u00a0min  Joueurs : 3\u00a0\u00e0 16\" \/>\n<meta property=\"og:url\" content=\"https:\/\/gozu.zone\/?product=zik\" \/>\n<meta property=\"og:site_name\" content=\"GOZU ZONE\" \/>\n<meta property=\"article:publisher\" content=\"https:\/\/www.facebook.com\/gozuzone\/\" \/>\n<meta property=\"article:modified_time\" content=\"2017-07-14T10:24:06+00:00\" \/>\n<meta property=\"og:image\" content=\"https:\/\/gozu.zone\/wp-content\/uploads\/2016\/07\/zik-gozu-zone.jpg\" \/>\n\t<meta property=\"og:image:width\" content=\"480\" \/>\n\t<meta property=\"og:image:height\" content=\"480\" \/>\n\t<meta property=\"og:image:type\" content=\"image\/jpeg\" \/>\n<meta name=\"twitter:card\" content=\"summary_large_image\" \/>\n<meta name=\"twitter:site\" content=\"@gozuzone\" \/>\n<script type=\"application\/ld+json\" class=\"yoast-schema-graph\">{\"@context\":\"https:\/\/schema.org\",\"@graph\":[{\"@type\":\"WebPage\",\"@id\":\"https:\/\/gozu.zone\/?product=zik\",\"url\":\"https:\/\/gozu.zone\/?product=zik\",\"name\":\"Acheter Zik - Boutique GOZU ZONE - Jeux et Accessoires\",\"isPartOf\":{\"@id\":\"https:\/\/gozu.zone\/#website\"},\"primaryImageOfPage\":{\"@id\":\"https:\/\/gozu.zone\/?product=zik#primaryimage\"},\"image\":{\"@id\":\"https:\/\/gozu.zone\/?product=zik#primaryimage\"},\"thumbnailUrl\":\"https:\/\/gozu.zone\/wp-content\/uploads\/2016\/07\/zik-gozu-zone.jpg\",\"datePublished\":\"2016-07-17T19:08:36+00:00\",\"dateModified\":\"2017-07-14T10:24:06+00:00\",\"breadcrumb\":{\"@id\":\"https:\/\/gozu.zone\/?product=zik#breadcrumb\"},\"inLanguage\":\"fr-FR\",\"potentialAction\":[{\"@type\":\"ReadAction\",\"target\":[\"https:\/\/gozu.zone\/?product=zik\"]}]},{\"@type\":\"ImageObject\",\"inLanguage\":\"fr-FR\",\"@id\":\"https:\/\/gozu.zone\/?product=zik#primaryimage\",\"url\":\"https:\/\/gozu.zone\/wp-content\/uploads\/2016\/07\/zik-gozu-zone.jpg\",\"contentUrl\":\"https:\/\/gozu.zone\/wp-content\/uploads\/2016\/07\/zik-gozu-zone.jpg\",\"width\":480,\"height\":480,\"caption\":\"zik-gozu-zone\"},{\"@type\":\"BreadcrumbList\",\"@id\":\"https:\/\/gozu.zone\/?product=zik#breadcrumb\",\"itemListElement\":[{\"@type\":\"ListItem\",\"position\":1,\"name\":\"Accueil\",\"item\":\"https:\/\/gozu.zone\/\"},{\"@type\":\"ListItem\",\"position\":2,\"name\":\"BOUTIQUE\",\"item\":\"https:\/\/gozu.zone\/?page_id=308\"},{\"@type\":\"ListItem\",\"position\":3,\"name\":\"Zik\"}]},{\"@type\":\"WebSite\",\"@id\":\"https:\/\/gozu.zone\/#website\",\"url\":\"https:\/\/gozu.zone\/\",\"name\":\"GOZU ZONE\",\"description\":\"Toujours plus pour vos jeux\",\"potentialAction\":[{\"@type\":\"SearchAction\",\"target\":{\"@type\":\"EntryPoint\",\"urlTemplate\":\"https:\/\/gozu.zone\/?s={search_term_string}\"},\"query-input\":{\"@type\":\"PropertyValueSpecification\",\"valueRequired\":true,\"valueName\":\"search_term_string\"}}],\"inLanguage\":\"fr-FR\"}]}<\/script>\n<!-- \/ Yoast SEO plugin. -->","yoast_head_json":{"title":"Acheter Zik - Boutique GOZU ZONE - Jeux et Accessoires","robots":{"index":"index","follow":"follow","max-snippet":"max-snippet:-1","max-image-preview":"max-image-preview:large","max-video-preview":"max-video-preview:-1"},"canonical":"https:\/\/gozu.zone\/?product=zik","og_locale":"fr_FR","og_type":"article","og_title":"Acheter Zik - Boutique GOZU ZONE - Jeux et Accessoires","og_description":"\u00c2ge : 10\u00a0ans et +  Dur\u00e9e : 20\u00a0min  Joueurs : 3\u00a0\u00e0 16","og_url":"https:\/\/gozu.zone\/?product=zik","og_site_name":"GOZU ZONE","article_publisher":"https:\/\/www.facebook.com\/gozuzone\/","article_modified_time":"2017-07-14T10:24:06+00:00","og_image":[{"width":480,"height":480,"url":"https:\/\/gozu.zone\/wp-content\/uploads\/2016\/07\/zik-gozu-zone.jpg","type":"image\/jpeg"}],"twitter_card":"summary_large_image","twitter_site":"@gozuzone","schema":{"@context":"https:\/\/schema.org","@graph":[{"@type":"WebPage","@id":"https:\/\/gozu.zone\/?product=zik","url":"https:\/\/gozu.zone\/?product=zik","name":"Acheter Zik - Boutique GOZU ZONE - Jeux et Accessoires","isPartOf":{"@id":"https:\/\/gozu.zone\/#website"},"primaryImageOfPage":{"@id":"https:\/\/gozu.zone\/?product=zik#primaryimage"},"image":{"@id":"https:\/\/gozu.zone\/?product=zik#primaryimage"},"thumbnailUrl":"https:\/\/gozu.zone\/wp-content\/uploads\/2016\/07\/zik-gozu-zone.jpg","datePublished":"2016-07-17T19:08:36+00:00","dateModified":"2017-07-14T10:24:06+00:00","breadcrumb":{"@id":"https:\/\/gozu.zone\/?product=zik#breadcrumb"},"inLanguage":"fr-FR","potentialAction":[{"@type":"ReadAction","target":["https:\/\/gozu.zone\/?product=zik"]}]},{"@type":"ImageObject","inLanguage":"fr-FR","@id":"https:\/\/gozu.zone\/?product=zik#primaryimage","url":"https:\/\/gozu.zone\/wp-content\/uploads\/2016\/07\/zik-gozu-zone.jpg","contentUrl":"https:\/\/gozu.zone\/wp-content\/uploads\/2016\/07\/zik-gozu-zone.jpg","width":480,"height":480,"caption":"zik-gozu-zone"},{"@type":"BreadcrumbList","@id":"https:\/\/gozu.zone\/?product=zik#breadcrumb","itemListElement":[{"@type":"ListItem","position":1,"name":"Accueil","item":"https:\/\/gozu.zone\/"},{"@type":"ListItem","position":2,"name":"BOUTIQUE","item":"https:\/\/gozu.zone\/?page_id=308"},{"@type":"ListItem","position":3,"name":"Zik"}]},{"@type":"WebSite","@id":"https:\/\/gozu.zone\/#website","url":"https:\/\/gozu.zone\/","name":"GOZU ZONE","description":"Toujours plus pour vos jeux","potentialAction":[{"@type":"SearchAction","target":{"@type":"EntryPoint","urlTemplate":"https:\/\/gozu.zone\/?s={search_term_string}"},"query-input":{"@type":"PropertyValueSpecification","valueRequired":true,"valueName":"search_term_string"}}],"inLanguage":"fr-FR"}]}},"_links":{"self":[{"href":"https:\/\/gozu.zone\/index.php?rest_route=\/wp\/v2\/product\/3751","targetHints":{"allow":["GET"]}}],"collection":[{"href":"https:\/\/gozu.zone\/index.php?rest_route=\/wp\/v2\/product"}],"about":[{"href":"https:\/\/gozu.zone\/index.php?rest_route=\/wp\/v2\/types\/product"}],"replies":[{"embeddable":true,"href":"https:\/\/gozu.zone\/index.php?rest_route=%2Fwp%2Fv2%2Fcomments&post=3751"}],"wp:featuredmedia":[{"embeddable":true,"href":"https:\/\/gozu.zone\/index.php?rest_route=\/wp\/v2\/media\/3754"}],"wp:attachment":[{"href":"https:\/\/gozu.zone\/index.php?rest_route=%2Fwp%2Fv2%2Fmedia&parent=3751"}],"wp:term":[{"taxonomy":"product_brand","embeddable":true,"href":"https:\/\/gozu.zone\/index.php?rest_route=%2Fwp%2Fv2%2Fproduct_brand&post=3751"},{"taxonomy":"product_cat","embeddable":true,"href":"https:\/\/gozu.zone\/index.php?rest_route=%2Fwp%2Fv2%2Fproduct_cat&post=3751"},{"taxonomy":"product_tag","embeddable":true,"href":"https:\/\/gozu.zone\/index.php?rest_route=%2Fwp%2Fv2%2Fproduct_tag&post=3751"}],"curies":[{"name":"wp","href":"https:\/\/api.w.org\/{rel}","templated":true}]}}