{"id":3755,"date":"2016-07-17T19:49:10","date_gmt":"2016-07-17T19:49:10","guid":{"rendered":"http:\/\/gozu.zone\/?product=garcon-en-delire"},"modified":"2017-07-14T10:24:31","modified_gmt":"2017-07-14T10:24:31","slug":"garcon-en-delire","status":"publish","type":"product","link":"https:\/\/gozu.zone\/?product=garcon-en-delire","title":{"rendered":"Gar\u00e7on en D\u00e9lire !"},"content":{"rendered":"<p>&nbsp;<\/p>\n<p><a href=\"http:\/\/pro.gozu.zone\/wp-content\/uploads\/2016\/07\/logo-garcon-en-delire-u6503.png\"><img loading=\"lazy\" decoding=\"async\" class=\"aligncenter wp-image-3756\" src=\"http:\/\/pro.gozu.zone\/wp-content\/uploads\/2016\/07\/logo-garcon-en-delire-u6503.png\" alt=\"logo garcon en delire\" width=\"375\" height=\"207\" srcset=\"https:\/\/gozu.zone\/wp-content\/uploads\/2016\/07\/logo-garcon-en-delire-u6503.png 550w, https:\/\/gozu.zone\/wp-content\/uploads\/2016\/07\/logo-garcon-en-delire-u6503-510x281.png 510w, https:\/\/gozu.zone\/wp-content\/uploads\/2016\/07\/logo-garcon-en-delire-u6503-300x165.png 300w\" sizes=\"auto, (max-width: 375px) 100vw, 375px\" \/><\/a><\/p>\n<p style=\"text-align: center;\">Devenez, pour le temps d&rsquo;une partie un des serveurs de la Taverne des Illumin\u00e9s ! Pour cela, m\u00e9morisez des commandes plus farfelues les unes que les autres, servez les et empochez plus de pourboires que vos adversaires.<\/p>\n<h3><\/h3>\n<div class=\"disclaimer material\">\n<h3>Contenu du jeu<\/h3>\n<ul>\n<li>55 cartes<\/li>\n<li>1 livret de r\u00e8gles<\/li>\n<\/ul>\n<\/div>\n","protected":false},"excerpt":{"rendered":"<ul>\n<li>\u00c2ge : 7\u00a0ans et +<\/li>\n<li>Dur\u00e9e : 15\u00a0min<\/li>\n<li>Joueurs : 3\u00a0\u00e0\u00a010<\/li>\n<\/ul>\n","protected":false},"featured_media":3757,"comment_status":"open","ping_status":"closed","template":"","meta":{"_acf_changed":false},"product_brand":[],"product_cat":[560,323,339],"product_tag":[356,328,358,340],"class_list":{"0":"post-3755","1":"product","2":"type-product","3":"status-publish","4":"has-post-thumbnail","6":"product_cat-destockage","7":"product_cat-jeux","8":"product_cat-petits","9":"product_tag-ambiance","10":"product_tag-jeux","11":"product_tag-memoire","12":"product_tag-petit","13":"product_shipping_class-livraisonstandard_enveloppe-fr","15":"first","16":"instock","17":"sale","18":"taxable","19":"shipping-taxable","20":"purchasable","21":"product-type-simple"},"acf":[],"yoast_head":"<!-- This site is optimized with the Yoast SEO plugin v25.3 - https:\/\/yoast.com\/wordpress\/plugins\/seo\/ -->\n<title>Acheter Gar\u00e7on en D\u00e9lire ! - Boutique GOZU ZONE - Jeux et Accessoires<\/title>\n<meta name=\"robots\" content=\"index, follow, max-snippet:-1, max-image-preview:large, max-video-preview:-1\" \/>\n<link rel=\"canonical\" href=\"https:\/\/gozu.zone\/?product=garcon-en-delire\" \/>\n<meta property=\"og:locale\" content=\"fr_FR\" \/>\n<meta property=\"og:type\" content=\"article\" \/>\n<meta property=\"og:title\" content=\"Acheter Gar\u00e7on en D\u00e9lire ! - Boutique GOZU ZONE - Jeux et Accessoires\" \/>\n<meta property=\"og:description\" content=\"\u00c2ge : 7\u00a0ans et +  Dur\u00e9e : 15\u00a0min  Joueurs : 3\u00a0\u00e0\u00a010\" \/>\n<meta property=\"og:url\" content=\"https:\/\/gozu.zone\/?product=garcon-en-delire\" \/>\n<meta property=\"og:site_name\" content=\"GOZU ZONE\" \/>\n<meta property=\"article:publisher\" content=\"https:\/\/www.facebook.com\/gozuzone\/\" \/>\n<meta property=\"article:modified_time\" content=\"2017-07-14T10:24:31+00:00\" \/>\n<meta property=\"og:image\" content=\"https:\/\/gozu.zone\/wp-content\/uploads\/2016\/07\/gar\u00e7on-en-d\u00e9lire-gozu-zone.jpg\" \/>\n\t<meta property=\"og:image:width\" content=\"480\" \/>\n\t<meta property=\"og:image:height\" content=\"480\" \/>\n\t<meta property=\"og:image:type\" content=\"image\/jpeg\" \/>\n<meta name=\"twitter:card\" content=\"summary_large_image\" \/>\n<meta name=\"twitter:site\" content=\"@gozuzone\" \/>\n<script type=\"application\/ld+json\" class=\"yoast-schema-graph\">{\"@context\":\"https:\/\/schema.org\",\"@graph\":[{\"@type\":\"WebPage\",\"@id\":\"https:\/\/gozu.zone\/?product=garcon-en-delire\",\"url\":\"https:\/\/gozu.zone\/?product=garcon-en-delire\",\"name\":\"Acheter Gar\u00e7on en D\u00e9lire ! - Boutique GOZU ZONE - Jeux et Accessoires\",\"isPartOf\":{\"@id\":\"https:\/\/gozu.zone\/#website\"},\"primaryImageOfPage\":{\"@id\":\"https:\/\/gozu.zone\/?product=garcon-en-delire#primaryimage\"},\"image\":{\"@id\":\"https:\/\/gozu.zone\/?product=garcon-en-delire#primaryimage\"},\"thumbnailUrl\":\"https:\/\/gozu.zone\/wp-content\/uploads\/2016\/07\/gar\u00e7on-en-d\u00e9lire-gozu-zone.jpg\",\"datePublished\":\"2016-07-17T19:49:10+00:00\",\"dateModified\":\"2017-07-14T10:24:31+00:00\",\"breadcrumb\":{\"@id\":\"https:\/\/gozu.zone\/?product=garcon-en-delire#breadcrumb\"},\"inLanguage\":\"fr-FR\",\"potentialAction\":[{\"@type\":\"ReadAction\",\"target\":[\"https:\/\/gozu.zone\/?product=garcon-en-delire\"]}]},{\"@type\":\"ImageObject\",\"inLanguage\":\"fr-FR\",\"@id\":\"https:\/\/gozu.zone\/?product=garcon-en-delire#primaryimage\",\"url\":\"https:\/\/gozu.zone\/wp-content\/uploads\/2016\/07\/gar\u00e7on-en-d\u00e9lire-gozu-zone.jpg\",\"contentUrl\":\"https:\/\/gozu.zone\/wp-content\/uploads\/2016\/07\/gar\u00e7on-en-d\u00e9lire-gozu-zone.jpg\",\"width\":480,\"height\":480,\"caption\":\"gar\u00e7on-en-d\u00e9lire-gozu-zone\"},{\"@type\":\"BreadcrumbList\",\"@id\":\"https:\/\/gozu.zone\/?product=garcon-en-delire#breadcrumb\",\"itemListElement\":[{\"@type\":\"ListItem\",\"position\":1,\"name\":\"Accueil\",\"item\":\"https:\/\/gozu.zone\/\"},{\"@type\":\"ListItem\",\"position\":2,\"name\":\"BOUTIQUE\",\"item\":\"https:\/\/gozu.zone\/?page_id=308\"},{\"@type\":\"ListItem\",\"position\":3,\"name\":\"Gar\u00e7on en D\u00e9lire !\"}]},{\"@type\":\"WebSite\",\"@id\":\"https:\/\/gozu.zone\/#website\",\"url\":\"https:\/\/gozu.zone\/\",\"name\":\"GOZU ZONE\",\"description\":\"Toujours plus pour vos jeux\",\"potentialAction\":[{\"@type\":\"SearchAction\",\"target\":{\"@type\":\"EntryPoint\",\"urlTemplate\":\"https:\/\/gozu.zone\/?s={search_term_string}\"},\"query-input\":{\"@type\":\"PropertyValueSpecification\",\"valueRequired\":true,\"valueName\":\"search_term_string\"}}],\"inLanguage\":\"fr-FR\"}]}<\/script>\n<!-- \/ Yoast SEO plugin. -->","yoast_head_json":{"title":"Acheter Gar\u00e7on en D\u00e9lire ! - Boutique GOZU ZONE - Jeux et Accessoires","robots":{"index":"index","follow":"follow","max-snippet":"max-snippet:-1","max-image-preview":"max-image-preview:large","max-video-preview":"max-video-preview:-1"},"canonical":"https:\/\/gozu.zone\/?product=garcon-en-delire","og_locale":"fr_FR","og_type":"article","og_title":"Acheter Gar\u00e7on en D\u00e9lire ! - Boutique GOZU ZONE - Jeux et Accessoires","og_description":"\u00c2ge : 7\u00a0ans et +  Dur\u00e9e : 15\u00a0min  Joueurs : 3\u00a0\u00e0\u00a010","og_url":"https:\/\/gozu.zone\/?product=garcon-en-delire","og_site_name":"GOZU ZONE","article_publisher":"https:\/\/www.facebook.com\/gozuzone\/","article_modified_time":"2017-07-14T10:24:31+00:00","og_image":[{"width":480,"height":480,"url":"https:\/\/gozu.zone\/wp-content\/uploads\/2016\/07\/gar\u00e7on-en-d\u00e9lire-gozu-zone.jpg","type":"image\/jpeg"}],"twitter_card":"summary_large_image","twitter_site":"@gozuzone","schema":{"@context":"https:\/\/schema.org","@graph":[{"@type":"WebPage","@id":"https:\/\/gozu.zone\/?product=garcon-en-delire","url":"https:\/\/gozu.zone\/?product=garcon-en-delire","name":"Acheter Gar\u00e7on en D\u00e9lire ! - Boutique GOZU ZONE - Jeux et Accessoires","isPartOf":{"@id":"https:\/\/gozu.zone\/#website"},"primaryImageOfPage":{"@id":"https:\/\/gozu.zone\/?product=garcon-en-delire#primaryimage"},"image":{"@id":"https:\/\/gozu.zone\/?product=garcon-en-delire#primaryimage"},"thumbnailUrl":"https:\/\/gozu.zone\/wp-content\/uploads\/2016\/07\/gar\u00e7on-en-d\u00e9lire-gozu-zone.jpg","datePublished":"2016-07-17T19:49:10+00:00","dateModified":"2017-07-14T10:24:31+00:00","breadcrumb":{"@id":"https:\/\/gozu.zone\/?product=garcon-en-delire#breadcrumb"},"inLanguage":"fr-FR","potentialAction":[{"@type":"ReadAction","target":["https:\/\/gozu.zone\/?product=garcon-en-delire"]}]},{"@type":"ImageObject","inLanguage":"fr-FR","@id":"https:\/\/gozu.zone\/?product=garcon-en-delire#primaryimage","url":"https:\/\/gozu.zone\/wp-content\/uploads\/2016\/07\/gar\u00e7on-en-d\u00e9lire-gozu-zone.jpg","contentUrl":"https:\/\/gozu.zone\/wp-content\/uploads\/2016\/07\/gar\u00e7on-en-d\u00e9lire-gozu-zone.jpg","width":480,"height":480,"caption":"gar\u00e7on-en-d\u00e9lire-gozu-zone"},{"@type":"BreadcrumbList","@id":"https:\/\/gozu.zone\/?product=garcon-en-delire#breadcrumb","itemListElement":[{"@type":"ListItem","position":1,"name":"Accueil","item":"https:\/\/gozu.zone\/"},{"@type":"ListItem","position":2,"name":"BOUTIQUE","item":"https:\/\/gozu.zone\/?page_id=308"},{"@type":"ListItem","position":3,"name":"Gar\u00e7on en D\u00e9lire !"}]},{"@type":"WebSite","@id":"https:\/\/gozu.zone\/#website","url":"https:\/\/gozu.zone\/","name":"GOZU ZONE","description":"Toujours plus pour vos jeux","potentialAction":[{"@type":"SearchAction","target":{"@type":"EntryPoint","urlTemplate":"https:\/\/gozu.zone\/?s={search_term_string}"},"query-input":{"@type":"PropertyValueSpecification","valueRequired":true,"valueName":"search_term_string"}}],"inLanguage":"fr-FR"}]}},"_links":{"self":[{"href":"https:\/\/gozu.zone\/index.php?rest_route=\/wp\/v2\/product\/3755","targetHints":{"allow":["GET"]}}],"collection":[{"href":"https:\/\/gozu.zone\/index.php?rest_route=\/wp\/v2\/product"}],"about":[{"href":"https:\/\/gozu.zone\/index.php?rest_route=\/wp\/v2\/types\/product"}],"replies":[{"embeddable":true,"href":"https:\/\/gozu.zone\/index.php?rest_route=%2Fwp%2Fv2%2Fcomments&post=3755"}],"wp:featuredmedia":[{"embeddable":true,"href":"https:\/\/gozu.zone\/index.php?rest_route=\/wp\/v2\/media\/3757"}],"wp:attachment":[{"href":"https:\/\/gozu.zone\/index.php?rest_route=%2Fwp%2Fv2%2Fmedia&parent=3755"}],"wp:term":[{"taxonomy":"product_brand","embeddable":true,"href":"https:\/\/gozu.zone\/index.php?rest_route=%2Fwp%2Fv2%2Fproduct_brand&post=3755"},{"taxonomy":"product_cat","embeddable":true,"href":"https:\/\/gozu.zone\/index.php?rest_route=%2Fwp%2Fv2%2Fproduct_cat&post=3755"},{"taxonomy":"product_tag","embeddable":true,"href":"https:\/\/gozu.zone\/index.php?rest_route=%2Fwp%2Fv2%2Fproduct_tag&post=3755"}],"curies":[{"name":"wp","href":"https:\/\/api.w.org\/{rel}","templated":true}]}}