{"id":3842,"date":"2016-07-20T11:24:25","date_gmt":"2016-07-20T11:24:25","guid":{"rendered":"http:\/\/gozu.zone\/?product=chimere"},"modified":"2025-12-24T09:37:44","modified_gmt":"2025-12-24T09:37:44","slug":"chimere","status":"publish","type":"product","link":"https:\/\/gozu.zone\/?product=chimere","title":{"rendered":"Chim\u00e8re"},"content":{"rendered":"<p><a href=\"http:\/\/pro.gozu.zone\/wp-content\/uploads\/2016\/07\/titre-chimere-web.png\"><img loading=\"lazy\" decoding=\"async\" class=\"aligncenter wp-image-3847\" src=\"http:\/\/pro.gozu.zone\/wp-content\/uploads\/2016\/07\/titre-chimere-web.png\" alt=\"titre-chimere-web\" width=\"458\" height=\"206\" srcset=\"https:\/\/gozu.zone\/wp-content\/uploads\/2016\/07\/titre-chimere-web.png 562w, https:\/\/gozu.zone\/wp-content\/uploads\/2016\/07\/titre-chimere-web-510x230.png 510w, https:\/\/gozu.zone\/wp-content\/uploads\/2016\/07\/titre-chimere-web-300x135.png 300w\" sizes=\"auto, (max-width: 458px) 100vw, 458px\" \/><\/a><\/p>\n<p style=\"text-align: center;\"><strong>chim\u00e8re &#8211; Le royaume a besoin d&rsquo;une mascotte !<\/strong><\/p>\n<p style=\"text-align: center;\">Venez participer au grand tournoi de magie du roi ! Il cherche le meilleur magicien capable de lui fabriquer une nouvelle mascotte digne de son royaume.<\/p>\n<p style=\"text-align: center;\">Prouvez que vous \u00eates celui ou celle qui ma\u00eetrise le mieux l&rsquo;art subtil de la cr\u00e9ation de chim\u00e8res, ce qui consiste \u00e0 m\u00e9langer trois animaux r\u00e9els pour former des cr\u00e9atures fabuleuses aux propri\u00e9t\u00e9s exceptionnelles..<\/p>\n<p style=\"text-align: center;\">Affrontez-vous pendant les trois ann\u00e9es du tournoi dans les concours de chaque saison. Mais pr\u00e9parez aussi votre \u00e9loquence pour d\u00e9fendre vos cr\u00e9ations et remporter le \u00abPrix de la Reine\u00bb qui r\u00e9compensera une cr\u00e9ation unique sur le vote des magiciens.<\/p>\n<div class=\"disclaimer material\">\n<h2>Contenu du jeu Chim\u00e8re<a href=\"http:\/\/pro.gozu.zone\/wp-content\/uploads\/2016\/07\/chimere-materiel.png\"><img loading=\"lazy\" decoding=\"async\" class=\" wp-image-3846 alignright\" src=\"http:\/\/pro.gozu.zone\/wp-content\/uploads\/2016\/07\/chimere-materiel.png\" alt=\"chimere-materiel\" width=\"332\" height=\"248\" srcset=\"https:\/\/gozu.zone\/wp-content\/uploads\/2016\/07\/chimere-materiel.png 734w, https:\/\/gozu.zone\/wp-content\/uploads\/2016\/07\/chimere-materiel-510x380.png 510w, https:\/\/gozu.zone\/wp-content\/uploads\/2016\/07\/chimere-materiel-300x224.png 300w, https:\/\/gozu.zone\/wp-content\/uploads\/2016\/07\/chimere-materiel-570x425.png 570w\" sizes=\"auto, (max-width: 332px) 100vw, 332px\" \/><\/a><\/h2>\n<ul>\n<li>1 plateau Concours<\/li>\n<li>20 plateaux Saisons<\/li>\n<li>40 tuiles T\u00eate d\u2019animaux<\/li>\n<li>40 tuiles Corps d\u2019animaux<\/li>\n<li>40 tuiles Queue d\u2019animaux<\/li>\n<li>15 tuiles Concours Majeur<\/li>\n<li>15 tuiles Concours Mineur<\/li>\n<li>10 tuiles Prix de la Reine<\/li>\n<li>1 sablier<\/li>\n<li>1 r\u00e8gle du jeu<\/li>\n<\/ul>\n<\/div>\n","protected":false},"excerpt":{"rendered":"<p>Dans Chim\u00e8re, prouvez au roi que vous \u00eates le magicien qui ma\u00eetrise le mieux l&#039;art subtil de la cr\u00e9ation de chim\u00e8res !<\/p>\n<ul>\n<li><strong>\u00c2ge<\/strong> : 8\u00a0ans et +<\/li>\n<li><strong>Dur\u00e9e<\/strong> : 30 min<\/li>\n<li><strong>Joueurs<\/strong> : 2 \u00e0 5<\/li>\n<\/ul>\n<p>&nbsp;<\/p>\n","protected":false},"featured_media":3848,"comment_status":"open","ping_status":"closed","template":"","meta":{"_acf_changed":false},"product_brand":[],"product_cat":[323,361],"product_tag":[336,355,383,352,328],"class_list":{"0":"post-3842","1":"product","2":"type-product","3":"status-publish","4":"has-post-thumbnail","6":"product_cat-jeux","7":"product_cat-familiaux","8":"product_tag-affrontement","9":"product_tag-animaux","10":"product_tag-combinaison","11":"product_tag-fantastique","12":"product_tag-jeux","13":"product_shipping_class-livraisonstandard_colis","15":"first","16":"outofstock","17":"sale","18":"taxable","19":"shipping-taxable","20":"purchasable","21":"product-type-simple"},"acf":[],"yoast_head":"<!-- This site is optimized with the Yoast SEO plugin v25.3 - https:\/\/yoast.com\/wordpress\/plugins\/seo\/ -->\n<title>Acheter Chim\u00e8re - Boutique GOZU ZONE - Jeux et Accessoires<\/title>\n<meta name=\"description\" content=\"Dans Chim\u00e8re, prouvez au roi que vous \u00eates le magicien ou la magicienne ma\u00eetrisant au mieux l&#039;art subtil de la cr\u00e9ation de chim\u00e8res !\" \/>\n<meta name=\"robots\" content=\"index, follow, max-snippet:-1, max-image-preview:large, max-video-preview:-1\" \/>\n<link rel=\"canonical\" href=\"http:\/\/pro.gozu.zone\/?product=chimere\" \/>\n<meta property=\"og:locale\" content=\"fr_FR\" \/>\n<meta property=\"og:type\" content=\"article\" \/>\n<meta property=\"og:title\" content=\"Acheter Chim\u00e8re - Boutique GOZU ZONE - Jeux et Accessoires\" \/>\n<meta property=\"og:description\" content=\"Dans Chim\u00e8re, prouvez au roi que vous \u00eates le magicien ou la magicienne ma\u00eetrisant au mieux l&#039;art subtil de la cr\u00e9ation de chim\u00e8res !\" \/>\n<meta property=\"og:url\" content=\"http:\/\/pro.gozu.zone\/?product=chimere\" \/>\n<meta property=\"og:site_name\" content=\"GOZU ZONE\" \/>\n<meta property=\"article:publisher\" content=\"https:\/\/www.facebook.com\/gozuzone\/\" \/>\n<meta property=\"article:modified_time\" content=\"2025-12-24T09:37:44+00:00\" \/>\n<meta property=\"og:image\" content=\"https:\/\/gozu.zone\/wp-content\/uploads\/2016\/07\/chimere-gozu-zone.jpg\" \/>\n\t<meta property=\"og:image:width\" content=\"480\" \/>\n\t<meta property=\"og:image:height\" content=\"480\" \/>\n\t<meta property=\"og:image:type\" content=\"image\/jpeg\" \/>\n<meta name=\"twitter:card\" content=\"summary_large_image\" \/>\n<meta name=\"twitter:image\" content=\"http:\/\/pro.gozu.zone\/wp-content\/uploads\/2016\/07\/chimere-gozu-zone.jpg\" \/>\n<meta name=\"twitter:site\" content=\"@gozuzone\" \/>\n<meta name=\"twitter:label1\" content=\"Dur\u00e9e de lecture estim\u00e9e\" \/>\n\t<meta name=\"twitter:data1\" content=\"1 minute\" \/>\n<script type=\"application\/ld+json\" class=\"yoast-schema-graph\">{\"@context\":\"https:\/\/schema.org\",\"@graph\":[{\"@type\":\"WebPage\",\"@id\":\"https:\/\/gozu.zone\/?product=chimere\",\"url\":\"http:\/\/pro.gozu.zone\/?product=chimere\",\"name\":\"Acheter Chim\u00e8re - Boutique GOZU ZONE - Jeux et Accessoires\",\"isPartOf\":{\"@id\":\"https:\/\/gozu.zone\/#website\"},\"primaryImageOfPage\":{\"@id\":\"http:\/\/pro.gozu.zone\/?product=chimere#primaryimage\"},\"image\":{\"@id\":\"http:\/\/pro.gozu.zone\/?product=chimere#primaryimage\"},\"thumbnailUrl\":\"https:\/\/gozu.zone\/wp-content\/uploads\/2016\/07\/chimere-gozu-zone.jpg\",\"datePublished\":\"2016-07-20T11:24:25+00:00\",\"dateModified\":\"2025-12-24T09:37:44+00:00\",\"description\":\"Dans Chim\u00e8re, prouvez au roi que vous \u00eates le magicien ou la magicienne ma\u00eetrisant au mieux l'art subtil de la cr\u00e9ation de chim\u00e8res !\",\"breadcrumb\":{\"@id\":\"http:\/\/pro.gozu.zone\/?product=chimere#breadcrumb\"},\"inLanguage\":\"fr-FR\",\"potentialAction\":[{\"@type\":\"ReadAction\",\"target\":[\"http:\/\/pro.gozu.zone\/?product=chimere\"]}]},{\"@type\":\"ImageObject\",\"inLanguage\":\"fr-FR\",\"@id\":\"http:\/\/pro.gozu.zone\/?product=chimere#primaryimage\",\"url\":\"https:\/\/gozu.zone\/wp-content\/uploads\/2016\/07\/chimere-gozu-zone.jpg\",\"contentUrl\":\"https:\/\/gozu.zone\/wp-content\/uploads\/2016\/07\/chimere-gozu-zone.jpg\",\"width\":480,\"height\":480,\"caption\":\"chimere-gozu-zone\"},{\"@type\":\"BreadcrumbList\",\"@id\":\"http:\/\/pro.gozu.zone\/?product=chimere#breadcrumb\",\"itemListElement\":[{\"@type\":\"ListItem\",\"position\":1,\"name\":\"Accueil\",\"item\":\"https:\/\/gozu.zone\/\"},{\"@type\":\"ListItem\",\"position\":2,\"name\":\"BOUTIQUE\",\"item\":\"https:\/\/gozu.zone\/?page_id=308\"},{\"@type\":\"ListItem\",\"position\":3,\"name\":\"Chim\u00e8re\"}]},{\"@type\":\"WebSite\",\"@id\":\"https:\/\/gozu.zone\/#website\",\"url\":\"https:\/\/gozu.zone\/\",\"name\":\"GOZU ZONE\",\"description\":\"Toujours plus pour vos jeux\",\"potentialAction\":[{\"@type\":\"SearchAction\",\"target\":{\"@type\":\"EntryPoint\",\"urlTemplate\":\"https:\/\/gozu.zone\/?s={search_term_string}\"},\"query-input\":{\"@type\":\"PropertyValueSpecification\",\"valueRequired\":true,\"valueName\":\"search_term_string\"}}],\"inLanguage\":\"fr-FR\"}]}<\/script>\n<!-- \/ Yoast SEO plugin. -->","yoast_head_json":{"title":"Acheter Chim\u00e8re - Boutique GOZU ZONE - Jeux et Accessoires","description":"Dans Chim\u00e8re, prouvez au roi que vous \u00eates le magicien ou la magicienne ma\u00eetrisant au mieux l'art subtil de la cr\u00e9ation de chim\u00e8res !","robots":{"index":"index","follow":"follow","max-snippet":"max-snippet:-1","max-image-preview":"max-image-preview:large","max-video-preview":"max-video-preview:-1"},"canonical":"http:\/\/pro.gozu.zone\/?product=chimere","og_locale":"fr_FR","og_type":"article","og_title":"Acheter Chim\u00e8re - Boutique GOZU ZONE - Jeux et Accessoires","og_description":"Dans Chim\u00e8re, prouvez au roi que vous \u00eates le magicien ou la magicienne ma\u00eetrisant au mieux l'art subtil de la cr\u00e9ation de chim\u00e8res !","og_url":"http:\/\/pro.gozu.zone\/?product=chimere","og_site_name":"GOZU ZONE","article_publisher":"https:\/\/www.facebook.com\/gozuzone\/","article_modified_time":"2025-12-24T09:37:44+00:00","og_image":[{"width":480,"height":480,"url":"https:\/\/gozu.zone\/wp-content\/uploads\/2016\/07\/chimere-gozu-zone.jpg","type":"image\/jpeg"}],"twitter_card":"summary_large_image","twitter_image":"http:\/\/pro.gozu.zone\/wp-content\/uploads\/2016\/07\/chimere-gozu-zone.jpg","twitter_site":"@gozuzone","twitter_misc":{"Dur\u00e9e de lecture estim\u00e9e":"1 minute"},"schema":{"@context":"https:\/\/schema.org","@graph":[{"@type":"WebPage","@id":"https:\/\/gozu.zone\/?product=chimere","url":"http:\/\/pro.gozu.zone\/?product=chimere","name":"Acheter Chim\u00e8re - Boutique GOZU ZONE - Jeux et Accessoires","isPartOf":{"@id":"https:\/\/gozu.zone\/#website"},"primaryImageOfPage":{"@id":"http:\/\/pro.gozu.zone\/?product=chimere#primaryimage"},"image":{"@id":"http:\/\/pro.gozu.zone\/?product=chimere#primaryimage"},"thumbnailUrl":"https:\/\/gozu.zone\/wp-content\/uploads\/2016\/07\/chimere-gozu-zone.jpg","datePublished":"2016-07-20T11:24:25+00:00","dateModified":"2025-12-24T09:37:44+00:00","description":"Dans Chim\u00e8re, prouvez au roi que vous \u00eates le magicien ou la magicienne ma\u00eetrisant au mieux l'art subtil de la cr\u00e9ation de chim\u00e8res !","breadcrumb":{"@id":"http:\/\/pro.gozu.zone\/?product=chimere#breadcrumb"},"inLanguage":"fr-FR","potentialAction":[{"@type":"ReadAction","target":["http:\/\/pro.gozu.zone\/?product=chimere"]}]},{"@type":"ImageObject","inLanguage":"fr-FR","@id":"http:\/\/pro.gozu.zone\/?product=chimere#primaryimage","url":"https:\/\/gozu.zone\/wp-content\/uploads\/2016\/07\/chimere-gozu-zone.jpg","contentUrl":"https:\/\/gozu.zone\/wp-content\/uploads\/2016\/07\/chimere-gozu-zone.jpg","width":480,"height":480,"caption":"chimere-gozu-zone"},{"@type":"BreadcrumbList","@id":"http:\/\/pro.gozu.zone\/?product=chimere#breadcrumb","itemListElement":[{"@type":"ListItem","position":1,"name":"Accueil","item":"https:\/\/gozu.zone\/"},{"@type":"ListItem","position":2,"name":"BOUTIQUE","item":"https:\/\/gozu.zone\/?page_id=308"},{"@type":"ListItem","position":3,"name":"Chim\u00e8re"}]},{"@type":"WebSite","@id":"https:\/\/gozu.zone\/#website","url":"https:\/\/gozu.zone\/","name":"GOZU ZONE","description":"Toujours plus pour vos jeux","potentialAction":[{"@type":"SearchAction","target":{"@type":"EntryPoint","urlTemplate":"https:\/\/gozu.zone\/?s={search_term_string}"},"query-input":{"@type":"PropertyValueSpecification","valueRequired":true,"valueName":"search_term_string"}}],"inLanguage":"fr-FR"}]}},"_links":{"self":[{"href":"https:\/\/gozu.zone\/index.php?rest_route=\/wp\/v2\/product\/3842","targetHints":{"allow":["GET"]}}],"collection":[{"href":"https:\/\/gozu.zone\/index.php?rest_route=\/wp\/v2\/product"}],"about":[{"href":"https:\/\/gozu.zone\/index.php?rest_route=\/wp\/v2\/types\/product"}],"replies":[{"embeddable":true,"href":"https:\/\/gozu.zone\/index.php?rest_route=%2Fwp%2Fv2%2Fcomments&post=3842"}],"wp:featuredmedia":[{"embeddable":true,"href":"https:\/\/gozu.zone\/index.php?rest_route=\/wp\/v2\/media\/3848"}],"wp:attachment":[{"href":"https:\/\/gozu.zone\/index.php?rest_route=%2Fwp%2Fv2%2Fmedia&parent=3842"}],"wp:term":[{"taxonomy":"product_brand","embeddable":true,"href":"https:\/\/gozu.zone\/index.php?rest_route=%2Fwp%2Fv2%2Fproduct_brand&post=3842"},{"taxonomy":"product_cat","embeddable":true,"href":"https:\/\/gozu.zone\/index.php?rest_route=%2Fwp%2Fv2%2Fproduct_cat&post=3842"},{"taxonomy":"product_tag","embeddable":true,"href":"https:\/\/gozu.zone\/index.php?rest_route=%2Fwp%2Fv2%2Fproduct_tag&post=3842"}],"curies":[{"name":"wp","href":"https:\/\/api.w.org\/{rel}","templated":true}]}}