{"id":3919,"date":"2016-08-01T20:51:22","date_gmt":"2016-08-01T20:51:22","guid":{"rendered":"http:\/\/gozu.zone\/?product=viceroy"},"modified":"2017-07-14T15:39:17","modified_gmt":"2017-07-14T15:39:17","slug":"viceroy","status":"publish","type":"product","link":"https:\/\/gozu.zone\/?product=viceroy","title":{"rendered":"Viceroy"},"content":{"rendered":"<p style=\"text-align: center;\">Dans Viceroy, incarnez des hommes et femmes de pouvoir qui luttent pour \u00eatre les plus influents du Monde de Laar. Le jeu se d\u00e9roule en 12 tours, correspondant \u00e0 48 cartes Personnage qui sont propos\u00e9es aux joueurs au cours de la partie. Avec ces cartes ainsi que les cartes lois r\u00e9cup\u00e9r\u00e9es, construisez votre pyramide de Pouvoir (jusqu\u2019\u00e0 5 \u00e9tages) afin de r\u00e9colter diverses r\u00e9compenses (gemmes, points de victoire, jetons etc.)!<\/p>\n<p>&nbsp;<\/p>\n<p style=\"text-align: center;\"><iframe loading=\"lazy\" src=\"https:\/\/www.trictrac.tv\/video\/iframe\/Viceroy_de_le_comment_ca_marche\" width=\"640\" height=\"360\" frameborder=\"0\" allowfullscreen=\"allowfullscreen\"><\/iframe><\/p>\n<div class=\"disclaimer material\">\n<h2>Contenu du jeu\u00a0Viceroy<\/h2>\n<ul>\n<li>64 cartes Personnage<\/li>\n<li>24 cartes Loi<\/li>\n<li>4 cartes Ench\u00e8re<\/li>\n<li>64 Gemmes<\/li>\n<li>33 jetons Magie\/Science<\/li>\n<li>17 jetons Attaque\/D\u00e9fense<\/li>\n<li>54 jetons Pouvoir<\/li>\n<li>36 jetons Bonus<\/li>\n<\/ul>\n<\/div>\n","protected":false},"excerpt":{"rendered":"<p>Votre nom restera grav\u00e9 dans l&rsquo;histoire du monde de Laar.<\/p>\n<ul>\n<li><strong>\u00c2ge<\/strong> : 12\u00a0ans et +<\/li>\n<li><strong>Dur\u00e9e<\/strong> : 45-60 minutes<\/li>\n<li><strong>Joueurs<\/strong> : 1 \u00e0 4<\/li>\n<\/ul>\n","protected":false},"featured_media":3924,"comment_status":"open","ping_status":"closed","template":"","meta":{"_acf_changed":false},"product_brand":[],"product_cat":[560,323,324],"product_tag":[399,383,337,352,328,398],"class_list":{"0":"post-3919","1":"product","2":"type-product","3":"status-publish","4":"has-post-thumbnail","6":"product_cat-destockage","7":"product_cat-jeux","8":"product_cat-experts","9":"product_tag-collection","10":"product_tag-combinaison","11":"product_tag-encheres","12":"product_tag-fantastique","13":"product_tag-jeux","14":"product_tag-medieval","16":"first","17":"instock","18":"sale","19":"taxable","20":"shipping-taxable","21":"purchasable","22":"product-type-simple"},"acf":[],"yoast_head":"<!-- This site is optimized with the Yoast SEO plugin v25.3 - https:\/\/yoast.com\/wordpress\/plugins\/seo\/ -->\n<title>Acheter Viceroy - Boutique GOZU ZONE - Jeux et Accessoires<\/title>\n<meta name=\"description\" content=\"Viceroy - 1 \u00e0 4 joueurs \u00e0 partir de 12 ans. Dur\u00e9e : 45 \u00e0 60 minutes. Un jeu de Yuri Zhuravlev\" \/>\n<meta name=\"robots\" content=\"index, follow, max-snippet:-1, max-image-preview:large, max-video-preview:-1\" \/>\n<link rel=\"canonical\" href=\"https:\/\/gozu.zone\/?product=viceroy\" \/>\n<meta property=\"og:locale\" content=\"fr_FR\" \/>\n<meta property=\"og:type\" content=\"article\" \/>\n<meta property=\"og:title\" content=\"Acheter Viceroy - Boutique GOZU ZONE - Jeux et Accessoires\" \/>\n<meta property=\"og:description\" content=\"Viceroy - 1 \u00e0 4 joueurs \u00e0 partir de 12 ans. Dur\u00e9e : 45 \u00e0 60 minutes. Un jeu de Yuri Zhuravlev\" \/>\n<meta property=\"og:url\" content=\"https:\/\/gozu.zone\/?product=viceroy\" \/>\n<meta property=\"og:site_name\" content=\"GOZU ZONE\" \/>\n<meta property=\"article:publisher\" content=\"https:\/\/www.facebook.com\/gozuzone\/\" \/>\n<meta property=\"article:modified_time\" content=\"2017-07-14T15:39:17+00:00\" \/>\n<meta property=\"og:image\" content=\"https:\/\/gozu.zone\/wp-content\/uploads\/2016\/08\/viceroy-gozu-zone.png\" \/>\n\t<meta property=\"og:image:width\" content=\"400\" \/>\n\t<meta property=\"og:image:height\" content=\"400\" \/>\n\t<meta property=\"og:image:type\" content=\"image\/png\" \/>\n<meta name=\"twitter:card\" content=\"summary_large_image\" \/>\n<meta name=\"twitter:site\" content=\"@gozuzone\" \/>\n<script type=\"application\/ld+json\" class=\"yoast-schema-graph\">{\"@context\":\"https:\/\/schema.org\",\"@graph\":[{\"@type\":\"WebPage\",\"@id\":\"https:\/\/gozu.zone\/?product=viceroy\",\"url\":\"https:\/\/gozu.zone\/?product=viceroy\",\"name\":\"Acheter Viceroy - Boutique GOZU ZONE - Jeux et Accessoires\",\"isPartOf\":{\"@id\":\"https:\/\/gozu.zone\/#website\"},\"primaryImageOfPage\":{\"@id\":\"https:\/\/gozu.zone\/?product=viceroy#primaryimage\"},\"image\":{\"@id\":\"https:\/\/gozu.zone\/?product=viceroy#primaryimage\"},\"thumbnailUrl\":\"https:\/\/gozu.zone\/wp-content\/uploads\/2016\/08\/viceroy-gozu-zone.png\",\"datePublished\":\"2016-08-01T20:51:22+00:00\",\"dateModified\":\"2017-07-14T15:39:17+00:00\",\"description\":\"Viceroy - 1 \u00e0 4 joueurs \u00e0 partir de 12 ans. Dur\u00e9e : 45 \u00e0 60 minutes. Un jeu de Yuri Zhuravlev\",\"breadcrumb\":{\"@id\":\"https:\/\/gozu.zone\/?product=viceroy#breadcrumb\"},\"inLanguage\":\"fr-FR\",\"potentialAction\":[{\"@type\":\"ReadAction\",\"target\":[\"https:\/\/gozu.zone\/?product=viceroy\"]}]},{\"@type\":\"ImageObject\",\"inLanguage\":\"fr-FR\",\"@id\":\"https:\/\/gozu.zone\/?product=viceroy#primaryimage\",\"url\":\"https:\/\/gozu.zone\/wp-content\/uploads\/2016\/08\/viceroy-gozu-zone.png\",\"contentUrl\":\"https:\/\/gozu.zone\/wp-content\/uploads\/2016\/08\/viceroy-gozu-zone.png\",\"width\":400,\"height\":400,\"caption\":\"Viceroy\"},{\"@type\":\"BreadcrumbList\",\"@id\":\"https:\/\/gozu.zone\/?product=viceroy#breadcrumb\",\"itemListElement\":[{\"@type\":\"ListItem\",\"position\":1,\"name\":\"Accueil\",\"item\":\"https:\/\/gozu.zone\/\"},{\"@type\":\"ListItem\",\"position\":2,\"name\":\"BOUTIQUE\",\"item\":\"https:\/\/gozu.zone\/?page_id=308\"},{\"@type\":\"ListItem\",\"position\":3,\"name\":\"Viceroy\"}]},{\"@type\":\"WebSite\",\"@id\":\"https:\/\/gozu.zone\/#website\",\"url\":\"https:\/\/gozu.zone\/\",\"name\":\"GOZU ZONE\",\"description\":\"Toujours plus pour vos jeux\",\"potentialAction\":[{\"@type\":\"SearchAction\",\"target\":{\"@type\":\"EntryPoint\",\"urlTemplate\":\"https:\/\/gozu.zone\/?s={search_term_string}\"},\"query-input\":{\"@type\":\"PropertyValueSpecification\",\"valueRequired\":true,\"valueName\":\"search_term_string\"}}],\"inLanguage\":\"fr-FR\"}]}<\/script>\n<!-- \/ Yoast SEO plugin. -->","yoast_head_json":{"title":"Acheter Viceroy - Boutique GOZU ZONE - Jeux et Accessoires","description":"Viceroy - 1 \u00e0 4 joueurs \u00e0 partir de 12 ans. Dur\u00e9e : 45 \u00e0 60 minutes. Un jeu de Yuri Zhuravlev","robots":{"index":"index","follow":"follow","max-snippet":"max-snippet:-1","max-image-preview":"max-image-preview:large","max-video-preview":"max-video-preview:-1"},"canonical":"https:\/\/gozu.zone\/?product=viceroy","og_locale":"fr_FR","og_type":"article","og_title":"Acheter Viceroy - Boutique GOZU ZONE - Jeux et Accessoires","og_description":"Viceroy - 1 \u00e0 4 joueurs \u00e0 partir de 12 ans. Dur\u00e9e : 45 \u00e0 60 minutes. Un jeu de Yuri Zhuravlev","og_url":"https:\/\/gozu.zone\/?product=viceroy","og_site_name":"GOZU ZONE","article_publisher":"https:\/\/www.facebook.com\/gozuzone\/","article_modified_time":"2017-07-14T15:39:17+00:00","og_image":[{"width":400,"height":400,"url":"https:\/\/gozu.zone\/wp-content\/uploads\/2016\/08\/viceroy-gozu-zone.png","type":"image\/png"}],"twitter_card":"summary_large_image","twitter_site":"@gozuzone","schema":{"@context":"https:\/\/schema.org","@graph":[{"@type":"WebPage","@id":"https:\/\/gozu.zone\/?product=viceroy","url":"https:\/\/gozu.zone\/?product=viceroy","name":"Acheter Viceroy - Boutique GOZU ZONE - Jeux et Accessoires","isPartOf":{"@id":"https:\/\/gozu.zone\/#website"},"primaryImageOfPage":{"@id":"https:\/\/gozu.zone\/?product=viceroy#primaryimage"},"image":{"@id":"https:\/\/gozu.zone\/?product=viceroy#primaryimage"},"thumbnailUrl":"https:\/\/gozu.zone\/wp-content\/uploads\/2016\/08\/viceroy-gozu-zone.png","datePublished":"2016-08-01T20:51:22+00:00","dateModified":"2017-07-14T15:39:17+00:00","description":"Viceroy - 1 \u00e0 4 joueurs \u00e0 partir de 12 ans. Dur\u00e9e : 45 \u00e0 60 minutes. Un jeu de Yuri Zhuravlev","breadcrumb":{"@id":"https:\/\/gozu.zone\/?product=viceroy#breadcrumb"},"inLanguage":"fr-FR","potentialAction":[{"@type":"ReadAction","target":["https:\/\/gozu.zone\/?product=viceroy"]}]},{"@type":"ImageObject","inLanguage":"fr-FR","@id":"https:\/\/gozu.zone\/?product=viceroy#primaryimage","url":"https:\/\/gozu.zone\/wp-content\/uploads\/2016\/08\/viceroy-gozu-zone.png","contentUrl":"https:\/\/gozu.zone\/wp-content\/uploads\/2016\/08\/viceroy-gozu-zone.png","width":400,"height":400,"caption":"Viceroy"},{"@type":"BreadcrumbList","@id":"https:\/\/gozu.zone\/?product=viceroy#breadcrumb","itemListElement":[{"@type":"ListItem","position":1,"name":"Accueil","item":"https:\/\/gozu.zone\/"},{"@type":"ListItem","position":2,"name":"BOUTIQUE","item":"https:\/\/gozu.zone\/?page_id=308"},{"@type":"ListItem","position":3,"name":"Viceroy"}]},{"@type":"WebSite","@id":"https:\/\/gozu.zone\/#website","url":"https:\/\/gozu.zone\/","name":"GOZU ZONE","description":"Toujours plus pour vos jeux","potentialAction":[{"@type":"SearchAction","target":{"@type":"EntryPoint","urlTemplate":"https:\/\/gozu.zone\/?s={search_term_string}"},"query-input":{"@type":"PropertyValueSpecification","valueRequired":true,"valueName":"search_term_string"}}],"inLanguage":"fr-FR"}]}},"_links":{"self":[{"href":"https:\/\/gozu.zone\/index.php?rest_route=\/wp\/v2\/product\/3919","targetHints":{"allow":["GET"]}}],"collection":[{"href":"https:\/\/gozu.zone\/index.php?rest_route=\/wp\/v2\/product"}],"about":[{"href":"https:\/\/gozu.zone\/index.php?rest_route=\/wp\/v2\/types\/product"}],"replies":[{"embeddable":true,"href":"https:\/\/gozu.zone\/index.php?rest_route=%2Fwp%2Fv2%2Fcomments&post=3919"}],"wp:featuredmedia":[{"embeddable":true,"href":"https:\/\/gozu.zone\/index.php?rest_route=\/wp\/v2\/media\/3924"}],"wp:attachment":[{"href":"https:\/\/gozu.zone\/index.php?rest_route=%2Fwp%2Fv2%2Fmedia&parent=3919"}],"wp:term":[{"taxonomy":"product_brand","embeddable":true,"href":"https:\/\/gozu.zone\/index.php?rest_route=%2Fwp%2Fv2%2Fproduct_brand&post=3919"},{"taxonomy":"product_cat","embeddable":true,"href":"https:\/\/gozu.zone\/index.php?rest_route=%2Fwp%2Fv2%2Fproduct_cat&post=3919"},{"taxonomy":"product_tag","embeddable":true,"href":"https:\/\/gozu.zone\/index.php?rest_route=%2Fwp%2Fv2%2Fproduct_tag&post=3919"}],"curies":[{"name":"wp","href":"https:\/\/api.w.org\/{rel}","templated":true}]}}