{"id":4057,"date":"2016-09-23T14:16:32","date_gmt":"2016-09-23T14:16:32","guid":{"rendered":"https:\/\/gozu.zone\/?post_type=product&#038;p=4057"},"modified":"2017-10-11T17:59:26","modified_gmt":"2017-10-11T17:59:26","slug":"tokaido","status":"publish","type":"product","link":"https:\/\/gozu.zone\/?product=tokaido","title":{"rendered":"Tokaido"},"content":{"rendered":"<p>Parcourez la c\u00e9l\u00e8bre route du <strong>Tokaido<\/strong> en tentant de faire le plus beau et le plus accompli des voyages.<\/p>\n<p>Nouvelle merveille du d\u00e9sormais c\u00e9l\u00e8bre Antoine Bauza, <strong>Tokaido <\/strong>est un jeu de plateau de parcours et de collections pour 2 \u00e0 5 joueurs.<\/p>\n<p>Dans <strong>Tokaido<\/strong>, les joueurs sont des voyageurs parcourant la route de la mer de l\u2019est en qu\u00eate de d\u00e9couverte et de connaissances.<\/p>\n<p>Chaque voyageur aura de multiples opportunit\u00e9s de s\u2019arr\u00eater dans les stations bordant la route, au sein desquelles il pourra acheter des souvenirs, rencontrer de nouveaux habitants ou itin\u00e9rants, donner de l\u2019argent au temple, d\u00e9couvrir de nombreuses sp\u00e9cialit\u00e9s culinaires, se baigner dans les sources chaudes ou bien m\u00eame peindre de splendides panoramas.<\/p>\n<p>Les joueurs vont se d\u00e9placer dans l\u2019ordre du plus lointain au plus proche du point d\u2019arriv\u00e9e.<\/p>\n<p>Ainsi, l\u2019ordre de d\u00e9placement changera en permanence, tandis que les places disponibles sur chaque station sont tr\u00e8s limit\u00e9es, plongeant les joueurs dans un dilemme permanent.<\/p>\n<p>Les collections de chaque joueur ainsi que les points de chacun \u00e9tant en permanence visibles, il vous faudra savoir lire dans les strat\u00e9gies de chacun et anticiper chaque mouvement en choisissant si vous voulez agir pour servir vos int\u00e9r\u00eats ou bien pour entraver ceux des autres voyageurs<\/p>\n<h2>Explication de Tokaido<\/h2>\n<p style=\"text-align: center;\"><iframe loading=\"lazy\" src=\"https:\/\/player.trictrac.tv\/embed\/Tokaido_de_l_explication\" width=\"640\" height=\"360\" frameborder=\"0\" allowfullscreen=\"allowfullscreen\"><\/iframe><\/p>\n<div class=\"disclaimer material\">\n<h2>Contenu de Tokaido<\/h2>\n<ul>\n<li>1 plateau de jeu<\/li>\n<li>1 livret de r\u00e8gles<\/li>\n<li>5 pions Voyageurs<\/li>\n<li>5 marqueurs Points de Voyage<\/li>\n<li>5 jetons Baluchons<\/li>\n<li>50 pi\u00e8ces de monnaie<\/li>\n<li>10 tuiles Voyageurs<\/li>\n<li>60 cartes Panoramas<\/li>\n<li>12 cartes Sources chaudes<\/li>\n<li>25 cartes Repas<\/li>\n<li>24 cartes Souvenirs<\/li>\n<li>14 cartes Rencontres<\/li>\n<li>7 cartes Accomplissements<\/li>\n<\/ul>\n<\/div>\n","protected":false},"excerpt":{"rendered":"<p>Les joueurs sont des voyageurs du Japon d\u2019autrefois. Ils vont arpenter le prestigieux Tokaido<\/p>\n<ul>\n<li><strong>\u00c2ge<\/strong> : 8\u00a0ans et +<\/li>\n<li><strong>Dur\u00e9e<\/strong> : 30 \u00e0 45 mn<\/li>\n<li><strong>Joueurs<\/strong> : 2\u00a0\u00e0 5 joueurs<\/li>\n<\/ul>\n","protected":false},"featured_media":4059,"comment_status":"open","ping_status":"closed","template":"","meta":{"_acf_changed":false},"product_brand":[],"product_cat":[361],"product_tag":[399,328,408],"class_list":{"0":"post-4057","1":"product","2":"type-product","3":"status-publish","4":"has-post-thumbnail","6":"product_cat-familiaux","7":"product_tag-collection","8":"product_tag-jeux","9":"product_tag-parcours","10":"product_shipping_class-livraisonstandard_colis","12":"first","13":"instock","14":"sale","15":"taxable","16":"shipping-taxable","17":"purchasable","18":"product-type-simple"},"acf":[],"yoast_head":"<!-- This site is optimized with the Yoast SEO plugin v25.3 - https:\/\/yoast.com\/wordpress\/plugins\/seo\/ -->\n<title>Acheter Tokaido - Boutique GOZU ZONE - Jeux et Accessoires<\/title>\n<meta name=\"description\" content=\"Tokaido, un jeu d&#039;Antoine Bauza - 2 \u00e0 5 joueur - 8 ans et + - Les joueurs sont des voyageurs du Japon d\u2019autrefois. Ils vont arpenter le prestigieux Tokaido\" \/>\n<meta name=\"robots\" content=\"index, follow, max-snippet:-1, max-image-preview:large, max-video-preview:-1\" \/>\n<link rel=\"canonical\" href=\"https:\/\/gozu.zone\/?product=tokaido\" \/>\n<meta property=\"og:locale\" content=\"fr_FR\" \/>\n<meta property=\"og:type\" content=\"article\" \/>\n<meta property=\"og:title\" content=\"Acheter Tokaido - Boutique GOZU ZONE - Jeux et Accessoires\" \/>\n<meta property=\"og:description\" content=\"Tokaido, un jeu d&#039;Antoine Bauza - 2 \u00e0 5 joueur - 8 ans et + - Les joueurs sont des voyageurs du Japon d\u2019autrefois. Ils vont arpenter le prestigieux Tokaido\" \/>\n<meta property=\"og:url\" content=\"https:\/\/gozu.zone\/?product=tokaido\" \/>\n<meta property=\"og:site_name\" content=\"GOZU ZONE\" \/>\n<meta property=\"article:publisher\" content=\"https:\/\/www.facebook.com\/gozuzone\/\" \/>\n<meta property=\"article:modified_time\" content=\"2017-10-11T17:59:26+00:00\" \/>\n<meta property=\"og:image\" content=\"https:\/\/gozu.zone\/wp-content\/uploads\/2016\/09\/tokaido.jpg\" \/>\n\t<meta property=\"og:image:width\" content=\"480\" \/>\n\t<meta property=\"og:image:height\" content=\"480\" \/>\n\t<meta property=\"og:image:type\" content=\"image\/jpeg\" \/>\n<meta name=\"twitter:card\" content=\"summary_large_image\" \/>\n<meta name=\"twitter:site\" content=\"@gozuzone\" \/>\n<meta name=\"twitter:label1\" content=\"Dur\u00e9e de lecture estim\u00e9e\" \/>\n\t<meta name=\"twitter:data1\" content=\"1 minute\" \/>\n<script type=\"application\/ld+json\" class=\"yoast-schema-graph\">{\"@context\":\"https:\/\/schema.org\",\"@graph\":[{\"@type\":\"WebPage\",\"@id\":\"https:\/\/gozu.zone\/?product=tokaido\",\"url\":\"https:\/\/gozu.zone\/?product=tokaido\",\"name\":\"Acheter Tokaido - Boutique GOZU ZONE - Jeux et Accessoires\",\"isPartOf\":{\"@id\":\"https:\/\/gozu.zone\/#website\"},\"primaryImageOfPage\":{\"@id\":\"https:\/\/gozu.zone\/?product=tokaido#primaryimage\"},\"image\":{\"@id\":\"https:\/\/gozu.zone\/?product=tokaido#primaryimage\"},\"thumbnailUrl\":\"https:\/\/gozu.zone\/wp-content\/uploads\/2016\/09\/tokaido.jpg\",\"datePublished\":\"2016-09-23T14:16:32+00:00\",\"dateModified\":\"2017-10-11T17:59:26+00:00\",\"description\":\"Tokaido, un jeu d'Antoine Bauza - 2 \u00e0 5 joueur - 8 ans et + - Les joueurs sont des voyageurs du Japon d\u2019autrefois. Ils vont arpenter le prestigieux Tokaido\",\"breadcrumb\":{\"@id\":\"https:\/\/gozu.zone\/?product=tokaido#breadcrumb\"},\"inLanguage\":\"fr-FR\",\"potentialAction\":[{\"@type\":\"ReadAction\",\"target\":[\"https:\/\/gozu.zone\/?product=tokaido\"]}]},{\"@type\":\"ImageObject\",\"inLanguage\":\"fr-FR\",\"@id\":\"https:\/\/gozu.zone\/?product=tokaido#primaryimage\",\"url\":\"https:\/\/gozu.zone\/wp-content\/uploads\/2016\/09\/tokaido.jpg\",\"contentUrl\":\"https:\/\/gozu.zone\/wp-content\/uploads\/2016\/09\/tokaido.jpg\",\"width\":480,\"height\":480,\"caption\":\"Tokaido\"},{\"@type\":\"BreadcrumbList\",\"@id\":\"https:\/\/gozu.zone\/?product=tokaido#breadcrumb\",\"itemListElement\":[{\"@type\":\"ListItem\",\"position\":1,\"name\":\"Accueil\",\"item\":\"https:\/\/gozu.zone\/\"},{\"@type\":\"ListItem\",\"position\":2,\"name\":\"BOUTIQUE\",\"item\":\"https:\/\/gozu.zone\/?page_id=308\"},{\"@type\":\"ListItem\",\"position\":3,\"name\":\"Tokaido\"}]},{\"@type\":\"WebSite\",\"@id\":\"https:\/\/gozu.zone\/#website\",\"url\":\"https:\/\/gozu.zone\/\",\"name\":\"GOZU ZONE\",\"description\":\"Toujours plus pour vos jeux\",\"potentialAction\":[{\"@type\":\"SearchAction\",\"target\":{\"@type\":\"EntryPoint\",\"urlTemplate\":\"https:\/\/gozu.zone\/?s={search_term_string}\"},\"query-input\":{\"@type\":\"PropertyValueSpecification\",\"valueRequired\":true,\"valueName\":\"search_term_string\"}}],\"inLanguage\":\"fr-FR\"}]}<\/script>\n<!-- \/ Yoast SEO plugin. -->","yoast_head_json":{"title":"Acheter Tokaido - Boutique GOZU ZONE - Jeux et Accessoires","description":"Tokaido, un jeu d'Antoine Bauza - 2 \u00e0 5 joueur - 8 ans et + - Les joueurs sont des voyageurs du Japon d\u2019autrefois. Ils vont arpenter le prestigieux Tokaido","robots":{"index":"index","follow":"follow","max-snippet":"max-snippet:-1","max-image-preview":"max-image-preview:large","max-video-preview":"max-video-preview:-1"},"canonical":"https:\/\/gozu.zone\/?product=tokaido","og_locale":"fr_FR","og_type":"article","og_title":"Acheter Tokaido - Boutique GOZU ZONE - Jeux et Accessoires","og_description":"Tokaido, un jeu d'Antoine Bauza - 2 \u00e0 5 joueur - 8 ans et + - Les joueurs sont des voyageurs du Japon d\u2019autrefois. Ils vont arpenter le prestigieux Tokaido","og_url":"https:\/\/gozu.zone\/?product=tokaido","og_site_name":"GOZU ZONE","article_publisher":"https:\/\/www.facebook.com\/gozuzone\/","article_modified_time":"2017-10-11T17:59:26+00:00","og_image":[{"width":480,"height":480,"url":"https:\/\/gozu.zone\/wp-content\/uploads\/2016\/09\/tokaido.jpg","type":"image\/jpeg"}],"twitter_card":"summary_large_image","twitter_site":"@gozuzone","twitter_misc":{"Dur\u00e9e de lecture estim\u00e9e":"1 minute"},"schema":{"@context":"https:\/\/schema.org","@graph":[{"@type":"WebPage","@id":"https:\/\/gozu.zone\/?product=tokaido","url":"https:\/\/gozu.zone\/?product=tokaido","name":"Acheter Tokaido - Boutique GOZU ZONE - Jeux et Accessoires","isPartOf":{"@id":"https:\/\/gozu.zone\/#website"},"primaryImageOfPage":{"@id":"https:\/\/gozu.zone\/?product=tokaido#primaryimage"},"image":{"@id":"https:\/\/gozu.zone\/?product=tokaido#primaryimage"},"thumbnailUrl":"https:\/\/gozu.zone\/wp-content\/uploads\/2016\/09\/tokaido.jpg","datePublished":"2016-09-23T14:16:32+00:00","dateModified":"2017-10-11T17:59:26+00:00","description":"Tokaido, un jeu d'Antoine Bauza - 2 \u00e0 5 joueur - 8 ans et + - Les joueurs sont des voyageurs du Japon d\u2019autrefois. Ils vont arpenter le prestigieux Tokaido","breadcrumb":{"@id":"https:\/\/gozu.zone\/?product=tokaido#breadcrumb"},"inLanguage":"fr-FR","potentialAction":[{"@type":"ReadAction","target":["https:\/\/gozu.zone\/?product=tokaido"]}]},{"@type":"ImageObject","inLanguage":"fr-FR","@id":"https:\/\/gozu.zone\/?product=tokaido#primaryimage","url":"https:\/\/gozu.zone\/wp-content\/uploads\/2016\/09\/tokaido.jpg","contentUrl":"https:\/\/gozu.zone\/wp-content\/uploads\/2016\/09\/tokaido.jpg","width":480,"height":480,"caption":"Tokaido"},{"@type":"BreadcrumbList","@id":"https:\/\/gozu.zone\/?product=tokaido#breadcrumb","itemListElement":[{"@type":"ListItem","position":1,"name":"Accueil","item":"https:\/\/gozu.zone\/"},{"@type":"ListItem","position":2,"name":"BOUTIQUE","item":"https:\/\/gozu.zone\/?page_id=308"},{"@type":"ListItem","position":3,"name":"Tokaido"}]},{"@type":"WebSite","@id":"https:\/\/gozu.zone\/#website","url":"https:\/\/gozu.zone\/","name":"GOZU ZONE","description":"Toujours plus pour vos jeux","potentialAction":[{"@type":"SearchAction","target":{"@type":"EntryPoint","urlTemplate":"https:\/\/gozu.zone\/?s={search_term_string}"},"query-input":{"@type":"PropertyValueSpecification","valueRequired":true,"valueName":"search_term_string"}}],"inLanguage":"fr-FR"}]}},"_links":{"self":[{"href":"https:\/\/gozu.zone\/index.php?rest_route=\/wp\/v2\/product\/4057","targetHints":{"allow":["GET"]}}],"collection":[{"href":"https:\/\/gozu.zone\/index.php?rest_route=\/wp\/v2\/product"}],"about":[{"href":"https:\/\/gozu.zone\/index.php?rest_route=\/wp\/v2\/types\/product"}],"replies":[{"embeddable":true,"href":"https:\/\/gozu.zone\/index.php?rest_route=%2Fwp%2Fv2%2Fcomments&post=4057"}],"wp:featuredmedia":[{"embeddable":true,"href":"https:\/\/gozu.zone\/index.php?rest_route=\/wp\/v2\/media\/4059"}],"wp:attachment":[{"href":"https:\/\/gozu.zone\/index.php?rest_route=%2Fwp%2Fv2%2Fmedia&parent=4057"}],"wp:term":[{"taxonomy":"product_brand","embeddable":true,"href":"https:\/\/gozu.zone\/index.php?rest_route=%2Fwp%2Fv2%2Fproduct_brand&post=4057"},{"taxonomy":"product_cat","embeddable":true,"href":"https:\/\/gozu.zone\/index.php?rest_route=%2Fwp%2Fv2%2Fproduct_cat&post=4057"},{"taxonomy":"product_tag","embeddable":true,"href":"https:\/\/gozu.zone\/index.php?rest_route=%2Fwp%2Fv2%2Fproduct_tag&post=4057"}],"curies":[{"name":"wp","href":"https:\/\/api.w.org\/{rel}","templated":true}]}}