{"id":4145,"date":"2016-11-06T18:07:09","date_gmt":"2016-11-06T18:07:09","guid":{"rendered":"https:\/\/gozu.zone\/?product=animal-a-bord"},"modified":"2019-03-02T09:57:37","modified_gmt":"2019-03-02T09:57:37","slug":"animal-a-bord","status":"publish","type":"product","link":"https:\/\/gozu.zone\/?product=animal-a-bord","title":{"rendered":"Animal \u00e0 Bord"},"content":{"rendered":"<p><a href=\"http:\/\/pro.gozu.zone\/wp-content\/uploads\/2016\/11\/aob_logo_fr.png\"><img loading=\"lazy\" decoding=\"async\" class=\"aligncenter wp-image-4147\" src=\"http:\/\/pro.gozu.zone\/wp-content\/uploads\/2016\/11\/aob_logo_fr.png\" alt=\"aob_logo_fr\" width=\"298\" height=\"167\" srcset=\"https:\/\/gozu.zone\/wp-content\/uploads\/2016\/11\/aob_logo_fr.png 485w, https:\/\/gozu.zone\/wp-content\/uploads\/2016\/11\/aob_logo_fr-300x168.png 300w\" sizes=\"auto, (max-width: 298px) 100vw, 298px\" \/><\/a><\/p>\n<p>Chaque joueur poss\u00e8de sa propre arche et souhaite prendre \u00e0 bord autant d\u2019animaux que possible.<\/p>\n<p>Malheureusement, un gars nomm\u00e9 No\u00e9 d\u00e9cide de s\u2019emparer de toutes les paires d\u2019animaux. Ainsi, les animaux que vous avez en double \u00e0 bord de votre bateau en fin de partie devront \u00eatre d\u00e9fauss\u00e9s.<\/p>\n<p>Toutefois, vous avez la possibilit\u00e9 d\u2019\u00e9viter cela en embarquant trois, quatre ou m\u00eame cinq animaux de la m\u00eame esp\u00e8ce. De tels troupeaux sont tr\u00e8s profitables !<\/p>\n<h3><\/h3>\n<div class=\"disclaimer material\">\n<h3>Contenu du jeu<a href=\"http:\/\/pro.gozu.zone\/wp-content\/uploads\/2016\/11\/aob-tiergruppen.png\"><img loading=\"lazy\" decoding=\"async\" class=\" wp-image-4148 alignright\" src=\"http:\/\/pro.gozu.zone\/wp-content\/uploads\/2016\/11\/aob-tiergruppen-1024x804.png\" alt=\"aob-tiergruppen\" width=\"284\" height=\"223\" srcset=\"https:\/\/gozu.zone\/wp-content\/uploads\/2016\/11\/aob-tiergruppen-1024x804.png 1024w, https:\/\/gozu.zone\/wp-content\/uploads\/2016\/11\/aob-tiergruppen-510x400.png 510w, https:\/\/gozu.zone\/wp-content\/uploads\/2016\/11\/aob-tiergruppen-300x235.png 300w, https:\/\/gozu.zone\/wp-content\/uploads\/2016\/11\/aob-tiergruppen-768x603.png 768w, https:\/\/gozu.zone\/wp-content\/uploads\/2016\/11\/aob-tiergruppen-570x447.png 570w, https:\/\/gozu.zone\/wp-content\/uploads\/2016\/11\/aob-tiergruppen.png 1324w\" sizes=\"auto, (max-width: 284px) 100vw, 284px\" \/><\/a><\/h3>\n<ul>\n<li>20 caisses de nourriture<\/li>\n<li>4 arches<\/li>\n<li>60 tuiles Animal<\/li>\n<li>4 drapeaux \u00ab\u00a0passe\u00a0\u00bb<\/li>\n<li>1 drapeau 1er joueur<\/li>\n<\/ul>\n<\/div>\n<p>&nbsp;<\/p>\n<p>&nbsp;<\/p>\n","protected":false},"excerpt":{"rendered":"<ul>\n<li><strong>\u00c2ge<\/strong> : 8\u00a0ans et +<\/li>\n<li><strong>Dur\u00e9e<\/strong> : 30\u00a0min<\/li>\n<li><strong>Joueurs<\/strong> : 2 \u00e0 4<\/li>\n<\/ul>\n","protected":false},"featured_media":4149,"comment_status":"open","ping_status":"closed","template":"","meta":{"_acf_changed":false},"product_brand":[],"product_cat":[323,361],"product_tag":[355,395],"class_list":{"0":"post-4145","1":"product","2":"type-product","3":"status-publish","4":"has-post-thumbnail","6":"product_cat-jeux","7":"product_cat-familiaux","8":"product_tag-animaux","9":"product_tag-tuiles","10":"product_shipping_class-livraisonstandard_colis","12":"first","13":"instock","14":"sale","15":"taxable","16":"shipping-taxable","17":"purchasable","18":"product-type-simple"},"acf":[],"yoast_head":"<!-- This site is optimized with the Yoast SEO plugin v25.3 - https:\/\/yoast.com\/wordpress\/plugins\/seo\/ -->\n<title>Acheter Animal \u00e0 Bord - GOZU ZONE - Jeux et Accessoires<\/title>\n<meta name=\"robots\" content=\"index, follow, max-snippet:-1, max-image-preview:large, max-video-preview:-1\" \/>\n<link rel=\"canonical\" href=\"https:\/\/gozu.zone\/?product=animal-a-bord\" \/>\n<meta property=\"og:locale\" content=\"fr_FR\" \/>\n<meta property=\"og:type\" content=\"article\" \/>\n<meta property=\"og:title\" content=\"Acheter Animal \u00e0 Bord - GOZU ZONE - Jeux et Accessoires\" \/>\n<meta property=\"og:description\" content=\"\u00c2ge : 8\u00a0ans et +  Dur\u00e9e : 30\u00a0min  Joueurs : 2 \u00e0 4\" \/>\n<meta property=\"og:url\" content=\"https:\/\/gozu.zone\/?product=animal-a-bord\" \/>\n<meta property=\"og:site_name\" content=\"GOZU ZONE\" \/>\n<meta property=\"article:publisher\" content=\"https:\/\/www.facebook.com\/gozuzone\/\" \/>\n<meta property=\"article:modified_time\" content=\"2019-03-02T09:57:37+00:00\" \/>\n<meta property=\"og:image\" content=\"https:\/\/gozu.zone\/wp-content\/uploads\/2016\/11\/animal-a-bord-gozu-zone.jpg\" \/>\n\t<meta property=\"og:image:width\" content=\"480\" \/>\n\t<meta property=\"og:image:height\" content=\"480\" \/>\n\t<meta property=\"og:image:type\" content=\"image\/jpeg\" \/>\n<meta name=\"twitter:card\" content=\"summary_large_image\" \/>\n<meta name=\"twitter:site\" content=\"@gozuzone\" \/>\n<script type=\"application\/ld+json\" class=\"yoast-schema-graph\">{\"@context\":\"https:\/\/schema.org\",\"@graph\":[{\"@type\":\"WebPage\",\"@id\":\"https:\/\/gozu.zone\/?product=animal-a-bord\",\"url\":\"https:\/\/gozu.zone\/?product=animal-a-bord\",\"name\":\"Acheter Animal \u00e0 Bord - GOZU ZONE - Jeux et Accessoires\",\"isPartOf\":{\"@id\":\"https:\/\/gozu.zone\/#website\"},\"primaryImageOfPage\":{\"@id\":\"https:\/\/gozu.zone\/?product=animal-a-bord#primaryimage\"},\"image\":{\"@id\":\"https:\/\/gozu.zone\/?product=animal-a-bord#primaryimage\"},\"thumbnailUrl\":\"https:\/\/gozu.zone\/wp-content\/uploads\/2016\/11\/animal-a-bord-gozu-zone.jpg\",\"datePublished\":\"2016-11-06T18:07:09+00:00\",\"dateModified\":\"2019-03-02T09:57:37+00:00\",\"breadcrumb\":{\"@id\":\"https:\/\/gozu.zone\/?product=animal-a-bord#breadcrumb\"},\"inLanguage\":\"fr-FR\",\"potentialAction\":[{\"@type\":\"ReadAction\",\"target\":[\"https:\/\/gozu.zone\/?product=animal-a-bord\"]}]},{\"@type\":\"ImageObject\",\"inLanguage\":\"fr-FR\",\"@id\":\"https:\/\/gozu.zone\/?product=animal-a-bord#primaryimage\",\"url\":\"https:\/\/gozu.zone\/wp-content\/uploads\/2016\/11\/animal-a-bord-gozu-zone.jpg\",\"contentUrl\":\"https:\/\/gozu.zone\/wp-content\/uploads\/2016\/11\/animal-a-bord-gozu-zone.jpg\",\"width\":480,\"height\":480,\"caption\":\"animal-a-bord-gozu-zone\"},{\"@type\":\"BreadcrumbList\",\"@id\":\"https:\/\/gozu.zone\/?product=animal-a-bord#breadcrumb\",\"itemListElement\":[{\"@type\":\"ListItem\",\"position\":1,\"name\":\"Accueil\",\"item\":\"https:\/\/gozu.zone\/\"},{\"@type\":\"ListItem\",\"position\":2,\"name\":\"BOUTIQUE\",\"item\":\"https:\/\/gozu.zone\/?page_id=308\"},{\"@type\":\"ListItem\",\"position\":3,\"name\":\"Animal \u00e0 Bord\"}]},{\"@type\":\"WebSite\",\"@id\":\"https:\/\/gozu.zone\/#website\",\"url\":\"https:\/\/gozu.zone\/\",\"name\":\"GOZU ZONE\",\"description\":\"Toujours plus pour vos jeux\",\"potentialAction\":[{\"@type\":\"SearchAction\",\"target\":{\"@type\":\"EntryPoint\",\"urlTemplate\":\"https:\/\/gozu.zone\/?s={search_term_string}\"},\"query-input\":{\"@type\":\"PropertyValueSpecification\",\"valueRequired\":true,\"valueName\":\"search_term_string\"}}],\"inLanguage\":\"fr-FR\"}]}<\/script>\n<!-- \/ Yoast SEO plugin. -->","yoast_head_json":{"title":"Acheter Animal \u00e0 Bord - GOZU ZONE - Jeux et Accessoires","robots":{"index":"index","follow":"follow","max-snippet":"max-snippet:-1","max-image-preview":"max-image-preview:large","max-video-preview":"max-video-preview:-1"},"canonical":"https:\/\/gozu.zone\/?product=animal-a-bord","og_locale":"fr_FR","og_type":"article","og_title":"Acheter Animal \u00e0 Bord - GOZU ZONE - Jeux et Accessoires","og_description":"\u00c2ge : 8\u00a0ans et +  Dur\u00e9e : 30\u00a0min  Joueurs : 2 \u00e0 4","og_url":"https:\/\/gozu.zone\/?product=animal-a-bord","og_site_name":"GOZU ZONE","article_publisher":"https:\/\/www.facebook.com\/gozuzone\/","article_modified_time":"2019-03-02T09:57:37+00:00","og_image":[{"width":480,"height":480,"url":"https:\/\/gozu.zone\/wp-content\/uploads\/2016\/11\/animal-a-bord-gozu-zone.jpg","type":"image\/jpeg"}],"twitter_card":"summary_large_image","twitter_site":"@gozuzone","schema":{"@context":"https:\/\/schema.org","@graph":[{"@type":"WebPage","@id":"https:\/\/gozu.zone\/?product=animal-a-bord","url":"https:\/\/gozu.zone\/?product=animal-a-bord","name":"Acheter Animal \u00e0 Bord - GOZU ZONE - Jeux et Accessoires","isPartOf":{"@id":"https:\/\/gozu.zone\/#website"},"primaryImageOfPage":{"@id":"https:\/\/gozu.zone\/?product=animal-a-bord#primaryimage"},"image":{"@id":"https:\/\/gozu.zone\/?product=animal-a-bord#primaryimage"},"thumbnailUrl":"https:\/\/gozu.zone\/wp-content\/uploads\/2016\/11\/animal-a-bord-gozu-zone.jpg","datePublished":"2016-11-06T18:07:09+00:00","dateModified":"2019-03-02T09:57:37+00:00","breadcrumb":{"@id":"https:\/\/gozu.zone\/?product=animal-a-bord#breadcrumb"},"inLanguage":"fr-FR","potentialAction":[{"@type":"ReadAction","target":["https:\/\/gozu.zone\/?product=animal-a-bord"]}]},{"@type":"ImageObject","inLanguage":"fr-FR","@id":"https:\/\/gozu.zone\/?product=animal-a-bord#primaryimage","url":"https:\/\/gozu.zone\/wp-content\/uploads\/2016\/11\/animal-a-bord-gozu-zone.jpg","contentUrl":"https:\/\/gozu.zone\/wp-content\/uploads\/2016\/11\/animal-a-bord-gozu-zone.jpg","width":480,"height":480,"caption":"animal-a-bord-gozu-zone"},{"@type":"BreadcrumbList","@id":"https:\/\/gozu.zone\/?product=animal-a-bord#breadcrumb","itemListElement":[{"@type":"ListItem","position":1,"name":"Accueil","item":"https:\/\/gozu.zone\/"},{"@type":"ListItem","position":2,"name":"BOUTIQUE","item":"https:\/\/gozu.zone\/?page_id=308"},{"@type":"ListItem","position":3,"name":"Animal \u00e0 Bord"}]},{"@type":"WebSite","@id":"https:\/\/gozu.zone\/#website","url":"https:\/\/gozu.zone\/","name":"GOZU ZONE","description":"Toujours plus pour vos jeux","potentialAction":[{"@type":"SearchAction","target":{"@type":"EntryPoint","urlTemplate":"https:\/\/gozu.zone\/?s={search_term_string}"},"query-input":{"@type":"PropertyValueSpecification","valueRequired":true,"valueName":"search_term_string"}}],"inLanguage":"fr-FR"}]}},"_links":{"self":[{"href":"https:\/\/gozu.zone\/index.php?rest_route=\/wp\/v2\/product\/4145","targetHints":{"allow":["GET"]}}],"collection":[{"href":"https:\/\/gozu.zone\/index.php?rest_route=\/wp\/v2\/product"}],"about":[{"href":"https:\/\/gozu.zone\/index.php?rest_route=\/wp\/v2\/types\/product"}],"replies":[{"embeddable":true,"href":"https:\/\/gozu.zone\/index.php?rest_route=%2Fwp%2Fv2%2Fcomments&post=4145"}],"wp:featuredmedia":[{"embeddable":true,"href":"https:\/\/gozu.zone\/index.php?rest_route=\/wp\/v2\/media\/4149"}],"wp:attachment":[{"href":"https:\/\/gozu.zone\/index.php?rest_route=%2Fwp%2Fv2%2Fmedia&parent=4145"}],"wp:term":[{"taxonomy":"product_brand","embeddable":true,"href":"https:\/\/gozu.zone\/index.php?rest_route=%2Fwp%2Fv2%2Fproduct_brand&post=4145"},{"taxonomy":"product_cat","embeddable":true,"href":"https:\/\/gozu.zone\/index.php?rest_route=%2Fwp%2Fv2%2Fproduct_cat&post=4145"},{"taxonomy":"product_tag","embeddable":true,"href":"https:\/\/gozu.zone\/index.php?rest_route=%2Fwp%2Fv2%2Fproduct_tag&post=4145"}],"curies":[{"name":"wp","href":"https:\/\/api.w.org\/{rel}","templated":true}]}}