{"id":4231,"date":"2016-11-24T11:43:59","date_gmt":"2016-11-24T11:43:59","guid":{"rendered":"https:\/\/gozu.zone\/?product=quartermaster"},"modified":"2017-08-18T08:52:59","modified_gmt":"2017-08-18T08:52:59","slug":"quartermaster","status":"publish","type":"product","link":"https:\/\/gozu.zone\/?product=quartermaster","title":{"rendered":"Quartermaster"},"content":{"rendered":"<p><a href=\"http:\/\/pro.gozu.zone\/wp-content\/uploads\/2016\/11\/titre-quartermaster.png\"><img loading=\"lazy\" decoding=\"async\" class=\"aligncenter wp-image-4232 \" src=\"http:\/\/pro.gozu.zone\/wp-content\/uploads\/2016\/11\/titre-quartermaster.png\" width=\"426\" height=\"138\" srcset=\"https:\/\/gozu.zone\/wp-content\/uploads\/2016\/11\/titre-quartermaster.png 710w, https:\/\/gozu.zone\/wp-content\/uploads\/2016\/11\/titre-quartermaster-510x165.png 510w, https:\/\/gozu.zone\/wp-content\/uploads\/2016\/11\/titre-quartermaster-300x97.png 300w, https:\/\/gozu.zone\/wp-content\/uploads\/2016\/11\/titre-quartermaster-570x185.png 570w\" sizes=\"auto, (max-width: 426px) 100vw, 426px\" \/><\/a><\/p>\n<p>&nbsp;<\/p>\n<p>Durant une partie de <strong>Quartermaster<\/strong>, les 6 nations r\u00e9parties en 2 camps s\u2019affrontent. Pour l\u2019Axe : l\u2019Allemagne, le Japon et l\u2019Italie. Pour les Alli\u00e9s : le Royaume-Uni, l\u2019Union Sovi\u00e9tique et les USA. <strong>Quartermaster<\/strong> se joue donc de\u00a02 \u00e0 6 joueurs et vous jouez une ou plusieurs nations en fonction du nombre de joueurs. Chaque nation dispose d\u2019une pioche de cartes de 8 diff\u00e9rents types qui lui permettra de faire des actions \u00e0 court ou moyen terme. Cette pioche\u00a0repr\u00e9sente en outre son potentiel \u00e9conomique et strat\u00e9gique. Une fois sa pioche \u00e9puis\u00e9e, une nation ne pourra plus agir et deviendra un poids mort\u00a0pour son camp.<\/p>\n<p>Dans <strong>Quartermaster<\/strong>, le ravitaillement est essentiel pour maintenir la capacit\u00e9 de combat de vos arm\u00e9es et de vos flottes. D\u00e9truisez les voies de\u00a0communications de vos ennemis et leurs forces se rendront ! A l\u2019issue des 20\u00a0tours de jeu, le camp avec le plus de Points de Victoire (PV) gagne la partie ou\u00a0bien de mani\u00e8re instantan\u00e9e si un camp dispose de 30 PV de plus que l\u2019autre.\u00a0Vous r\u00e9colterez des PV en occupant les zones de ravitaillement marqu\u00e9es\u00a0d\u2019une \u00e9toile ou gr\u00e2ce \u00e0 l\u2019effet de certaines cartes.<\/p>\n<h2><\/h2>\n<p>&nbsp;<\/p>\n<h2>R\u00e8gles du jeu Quartermaster<\/h2>\n<p>&nbsp;<\/p>\n<p style=\"text-align: center;\"><iframe loading=\"lazy\" src=\"https:\/\/player.trictrac.tv\/embed\/Quartermaster_General_le_comment_ca_marche\" width=\"640\" height=\"360\" frameborder=\"0\" allowfullscreen=\"allowfullscreen\"><\/iframe><\/p>\n<p>&nbsp;<\/p>\n<div class=\"disclaimer material\">\n<h3>Contenu du jeu<a href=\"http:\/\/pro.gozu.zone\/wp-content\/uploads\/2016\/11\/qm_materiel1.png\"><img loading=\"lazy\" decoding=\"async\" class=\" wp-image-4234 alignright\" src=\"http:\/\/pro.gozu.zone\/wp-content\/uploads\/2016\/11\/qm_materiel1.png\" alt=\"qm_materiel1\" width=\"280\" height=\"166\" srcset=\"https:\/\/gozu.zone\/wp-content\/uploads\/2016\/11\/qm_materiel1.png 468w, https:\/\/gozu.zone\/wp-content\/uploads\/2016\/11\/qm_materiel1-300x178.png 300w\" sizes=\"auto, (max-width: 280px) 100vw, 280px\" \/><\/a><\/h3>\n<ul>\n<li>Un grand plateau de jeu (75 x 42 cm)<\/li>\n<li>216 cartes<\/li>\n<li>33 arm\u00e9es<\/li>\n<li>22 flottes<\/li>\n<li>1 planche de marqueurs<\/li>\n<li>Les r\u00e8gles du jeu<\/li>\n<li>6 aides de jeu<\/li>\n<li>Casier de rangement<\/li>\n<li>Extension A\u00e9ronavale (incluse) : 54 cartes\u00a0et 11 escadres.<\/li>\n<\/ul>\n<\/div>\n<p>&nbsp;<\/p>\n","protected":false},"excerpt":{"rendered":"<p>Quartermaster est un jeu tr\u00e8s dynamique qui vous place \u00e0 la t\u00eate des principaux protagonistes de la Seconde Guerre Mondiale.<\/p>\n<ul>\n<li><strong>\u00c2ge<\/strong> : 14 ans et +<\/li>\n<li><strong>Dur\u00e9e<\/strong> : 100 min<\/li>\n<li><strong>Joueurs<\/strong> : 2 \u00e0 6<\/li>\n<\/ul>\n","protected":false},"featured_media":4235,"comment_status":"open","ping_status":"closed","template":"","meta":{"_acf_changed":false},"product_brand":[],"product_cat":[323,324],"product_tag":[429,430],"class_list":{"0":"post-4231","1":"product","2":"type-product","3":"status-publish","4":"has-post-thumbnail","6":"product_cat-jeux","7":"product_cat-experts","8":"product_tag-guerre","9":"product_tag-histoire","10":"product_shipping_class-livraisonstandard_colis","12":"first","13":"instock","14":"sale","15":"taxable","16":"shipping-taxable","17":"purchasable","18":"product-type-simple"},"acf":[],"yoast_head":"<!-- This site is optimized with the Yoast SEO plugin v25.3 - https:\/\/yoast.com\/wordpress\/plugins\/seo\/ -->\n<title>Acheter Quartermaster - Boutique GOZU ZONE - Jeux et Accessoires<\/title>\n<meta name=\"description\" content=\"Quartermaster un jeu Asyncron Games de Ian BRODY illustr\u00e9 par Nicolas AVALLONE . De 2 \u00e0 6 joueurs \u00e0 partir de 14 ans. Temps de jeu : environ 100 minutes\" \/>\n<meta name=\"robots\" content=\"index, follow, max-snippet:-1, max-image-preview:large, max-video-preview:-1\" \/>\n<link rel=\"canonical\" href=\"https:\/\/gozu.zone\/?product=quartermaster\" \/>\n<meta property=\"og:locale\" content=\"fr_FR\" \/>\n<meta property=\"og:type\" content=\"article\" \/>\n<meta property=\"og:title\" content=\"Acheter Quartermaster - Boutique GOZU ZONE - Jeux et Accessoires\" \/>\n<meta property=\"og:description\" content=\"Quartermaster un jeu Asyncron Games de Ian BRODY illustr\u00e9 par Nicolas AVALLONE . De 2 \u00e0 6 joueurs \u00e0 partir de 14 ans. Temps de jeu : environ 100 minutes\" \/>\n<meta property=\"og:url\" content=\"https:\/\/gozu.zone\/?product=quartermaster\" \/>\n<meta property=\"og:site_name\" content=\"GOZU ZONE\" \/>\n<meta property=\"article:publisher\" content=\"https:\/\/www.facebook.com\/gozuzone\/\" \/>\n<meta property=\"article:modified_time\" content=\"2017-08-18T08:52:59+00:00\" \/>\n<meta property=\"og:image\" content=\"https:\/\/gozu.zone\/wp-content\/uploads\/2016\/11\/Quartermaster.jpg\" \/>\n\t<meta property=\"og:image:width\" content=\"480\" \/>\n\t<meta property=\"og:image:height\" content=\"480\" \/>\n\t<meta property=\"og:image:type\" content=\"image\/jpeg\" \/>\n<meta name=\"twitter:card\" content=\"summary_large_image\" \/>\n<meta name=\"twitter:image\" content=\"http:\/\/pro.gozu.zone\/wp-content\/uploads\/2016\/07\/captain-sonar-gozu-zone.jpg\" \/>\n<meta name=\"twitter:site\" content=\"@gozuzone\" \/>\n<meta name=\"twitter:label1\" content=\"Dur\u00e9e de lecture estim\u00e9e\" \/>\n\t<meta name=\"twitter:data1\" content=\"1 minute\" \/>\n<script type=\"application\/ld+json\" class=\"yoast-schema-graph\">{\"@context\":\"https:\/\/schema.org\",\"@graph\":[{\"@type\":\"WebPage\",\"@id\":\"https:\/\/gozu.zone\/?product=quartermaster\",\"url\":\"https:\/\/gozu.zone\/?product=quartermaster\",\"name\":\"Acheter Quartermaster - Boutique GOZU ZONE - Jeux et Accessoires\",\"isPartOf\":{\"@id\":\"https:\/\/gozu.zone\/#website\"},\"primaryImageOfPage\":{\"@id\":\"https:\/\/gozu.zone\/?product=quartermaster#primaryimage\"},\"image\":{\"@id\":\"https:\/\/gozu.zone\/?product=quartermaster#primaryimage\"},\"thumbnailUrl\":\"https:\/\/gozu.zone\/wp-content\/uploads\/2016\/11\/Quartermaster.jpg\",\"datePublished\":\"2016-11-24T11:43:59+00:00\",\"dateModified\":\"2017-08-18T08:52:59+00:00\",\"description\":\"Quartermaster un jeu Asyncron Games de Ian BRODY illustr\u00e9 par Nicolas AVALLONE . De 2 \u00e0 6 joueurs \u00e0 partir de 14 ans. Temps de jeu : environ 100 minutes\",\"breadcrumb\":{\"@id\":\"https:\/\/gozu.zone\/?product=quartermaster#breadcrumb\"},\"inLanguage\":\"fr-FR\",\"potentialAction\":[{\"@type\":\"ReadAction\",\"target\":[\"https:\/\/gozu.zone\/?product=quartermaster\"]}]},{\"@type\":\"ImageObject\",\"inLanguage\":\"fr-FR\",\"@id\":\"https:\/\/gozu.zone\/?product=quartermaster#primaryimage\",\"url\":\"https:\/\/gozu.zone\/wp-content\/uploads\/2016\/11\/Quartermaster.jpg\",\"contentUrl\":\"https:\/\/gozu.zone\/wp-content\/uploads\/2016\/11\/Quartermaster.jpg\",\"width\":480,\"height\":480,\"caption\":\"quartermaster\"},{\"@type\":\"BreadcrumbList\",\"@id\":\"https:\/\/gozu.zone\/?product=quartermaster#breadcrumb\",\"itemListElement\":[{\"@type\":\"ListItem\",\"position\":1,\"name\":\"Accueil\",\"item\":\"https:\/\/gozu.zone\/\"},{\"@type\":\"ListItem\",\"position\":2,\"name\":\"BOUTIQUE\",\"item\":\"https:\/\/gozu.zone\/?page_id=308\"},{\"@type\":\"ListItem\",\"position\":3,\"name\":\"Quartermaster\"}]},{\"@type\":\"WebSite\",\"@id\":\"https:\/\/gozu.zone\/#website\",\"url\":\"https:\/\/gozu.zone\/\",\"name\":\"GOZU ZONE\",\"description\":\"Toujours plus pour vos jeux\",\"potentialAction\":[{\"@type\":\"SearchAction\",\"target\":{\"@type\":\"EntryPoint\",\"urlTemplate\":\"https:\/\/gozu.zone\/?s={search_term_string}\"},\"query-input\":{\"@type\":\"PropertyValueSpecification\",\"valueRequired\":true,\"valueName\":\"search_term_string\"}}],\"inLanguage\":\"fr-FR\"}]}<\/script>\n<!-- \/ Yoast SEO plugin. -->","yoast_head_json":{"title":"Acheter Quartermaster - Boutique GOZU ZONE - Jeux et Accessoires","description":"Quartermaster un jeu Asyncron Games de Ian BRODY illustr\u00e9 par Nicolas AVALLONE . De 2 \u00e0 6 joueurs \u00e0 partir de 14 ans. Temps de jeu : environ 100 minutes","robots":{"index":"index","follow":"follow","max-snippet":"max-snippet:-1","max-image-preview":"max-image-preview:large","max-video-preview":"max-video-preview:-1"},"canonical":"https:\/\/gozu.zone\/?product=quartermaster","og_locale":"fr_FR","og_type":"article","og_title":"Acheter Quartermaster - Boutique GOZU ZONE - Jeux et Accessoires","og_description":"Quartermaster un jeu Asyncron Games de Ian BRODY illustr\u00e9 par Nicolas AVALLONE . De 2 \u00e0 6 joueurs \u00e0 partir de 14 ans. Temps de jeu : environ 100 minutes","og_url":"https:\/\/gozu.zone\/?product=quartermaster","og_site_name":"GOZU ZONE","article_publisher":"https:\/\/www.facebook.com\/gozuzone\/","article_modified_time":"2017-08-18T08:52:59+00:00","og_image":[{"width":480,"height":480,"url":"https:\/\/gozu.zone\/wp-content\/uploads\/2016\/11\/Quartermaster.jpg","type":"image\/jpeg"}],"twitter_card":"summary_large_image","twitter_image":"http:\/\/pro.gozu.zone\/wp-content\/uploads\/2016\/07\/captain-sonar-gozu-zone.jpg","twitter_site":"@gozuzone","twitter_misc":{"Dur\u00e9e de lecture estim\u00e9e":"1 minute"},"schema":{"@context":"https:\/\/schema.org","@graph":[{"@type":"WebPage","@id":"https:\/\/gozu.zone\/?product=quartermaster","url":"https:\/\/gozu.zone\/?product=quartermaster","name":"Acheter Quartermaster - Boutique GOZU ZONE - Jeux et Accessoires","isPartOf":{"@id":"https:\/\/gozu.zone\/#website"},"primaryImageOfPage":{"@id":"https:\/\/gozu.zone\/?product=quartermaster#primaryimage"},"image":{"@id":"https:\/\/gozu.zone\/?product=quartermaster#primaryimage"},"thumbnailUrl":"https:\/\/gozu.zone\/wp-content\/uploads\/2016\/11\/Quartermaster.jpg","datePublished":"2016-11-24T11:43:59+00:00","dateModified":"2017-08-18T08:52:59+00:00","description":"Quartermaster un jeu Asyncron Games de Ian BRODY illustr\u00e9 par Nicolas AVALLONE . De 2 \u00e0 6 joueurs \u00e0 partir de 14 ans. Temps de jeu : environ 100 minutes","breadcrumb":{"@id":"https:\/\/gozu.zone\/?product=quartermaster#breadcrumb"},"inLanguage":"fr-FR","potentialAction":[{"@type":"ReadAction","target":["https:\/\/gozu.zone\/?product=quartermaster"]}]},{"@type":"ImageObject","inLanguage":"fr-FR","@id":"https:\/\/gozu.zone\/?product=quartermaster#primaryimage","url":"https:\/\/gozu.zone\/wp-content\/uploads\/2016\/11\/Quartermaster.jpg","contentUrl":"https:\/\/gozu.zone\/wp-content\/uploads\/2016\/11\/Quartermaster.jpg","width":480,"height":480,"caption":"quartermaster"},{"@type":"BreadcrumbList","@id":"https:\/\/gozu.zone\/?product=quartermaster#breadcrumb","itemListElement":[{"@type":"ListItem","position":1,"name":"Accueil","item":"https:\/\/gozu.zone\/"},{"@type":"ListItem","position":2,"name":"BOUTIQUE","item":"https:\/\/gozu.zone\/?page_id=308"},{"@type":"ListItem","position":3,"name":"Quartermaster"}]},{"@type":"WebSite","@id":"https:\/\/gozu.zone\/#website","url":"https:\/\/gozu.zone\/","name":"GOZU ZONE","description":"Toujours plus pour vos jeux","potentialAction":[{"@type":"SearchAction","target":{"@type":"EntryPoint","urlTemplate":"https:\/\/gozu.zone\/?s={search_term_string}"},"query-input":{"@type":"PropertyValueSpecification","valueRequired":true,"valueName":"search_term_string"}}],"inLanguage":"fr-FR"}]}},"_links":{"self":[{"href":"https:\/\/gozu.zone\/index.php?rest_route=\/wp\/v2\/product\/4231","targetHints":{"allow":["GET"]}}],"collection":[{"href":"https:\/\/gozu.zone\/index.php?rest_route=\/wp\/v2\/product"}],"about":[{"href":"https:\/\/gozu.zone\/index.php?rest_route=\/wp\/v2\/types\/product"}],"replies":[{"embeddable":true,"href":"https:\/\/gozu.zone\/index.php?rest_route=%2Fwp%2Fv2%2Fcomments&post=4231"}],"wp:featuredmedia":[{"embeddable":true,"href":"https:\/\/gozu.zone\/index.php?rest_route=\/wp\/v2\/media\/4235"}],"wp:attachment":[{"href":"https:\/\/gozu.zone\/index.php?rest_route=%2Fwp%2Fv2%2Fmedia&parent=4231"}],"wp:term":[{"taxonomy":"product_brand","embeddable":true,"href":"https:\/\/gozu.zone\/index.php?rest_route=%2Fwp%2Fv2%2Fproduct_brand&post=4231"},{"taxonomy":"product_cat","embeddable":true,"href":"https:\/\/gozu.zone\/index.php?rest_route=%2Fwp%2Fv2%2Fproduct_cat&post=4231"},{"taxonomy":"product_tag","embeddable":true,"href":"https:\/\/gozu.zone\/index.php?rest_route=%2Fwp%2Fv2%2Fproduct_tag&post=4231"}],"curies":[{"name":"wp","href":"https:\/\/api.w.org\/{rel}","templated":true}]}}