{"id":4273,"date":"2016-11-27T20:14:24","date_gmt":"2016-11-27T20:14:24","guid":{"rendered":"https:\/\/gozu.zone\/?product=millions-of-dollars"},"modified":"2019-03-02T09:57:38","modified_gmt":"2019-03-02T09:57:38","slug":"millions-of-dollars","status":"publish","type":"product","link":"https:\/\/gozu.zone\/?product=millions-of-dollars","title":{"rendered":"Millions of Dollars"},"content":{"rendered":"<p>&nbsp;<\/p>\n<p>Millions of Dollars est un jeu de bluff, de dissimulation et de n\u00e9gociation qui ne laisse aucune chance au hasard. Les joueurs vont choisir secr\u00e8tement leur r\u00f4le et nouer des alliances \u00e0 court terme. Tous les coups sont permis en compagnie de vos complices, qui seront tr\u00e8s rapidement trahis\u00a0!<\/p>\n<h2><\/h2>\n<h2>R\u00e8gles du jeu Millions of Dollars<\/h2>\n<p>&nbsp;<\/p>\n<p style=\"text-align: center;\"><iframe loading=\"lazy\" src=\"https:\/\/www.trictrac.tv\/video\/iframe\/Millions_Of_Dollars_de_l_explication\" width=\"640\" height=\"360\" frameborder=\"0\" webkitallowfullscreen mozallowfullscreen allowfullscreen><\/iframe><\/p>\n<p>&nbsp;<\/p>\n<div class=\"disclaimer material\">\n<h3>Contenu du jeu<\/h3>\n<ul>\n<li>40 cartes Personnage<\/li>\n<li>40 cartes R\u00f4le<\/li>\n<li>10 cartes Butin<\/li>\n<li>1 carte Leader<\/li>\n<li>8 cartes Intimidation<\/li>\n<li>8 cartes Aide de Jeu<\/li>\n<li>75 billets<\/li>\n<\/ul>\n<\/div>\n<p>&nbsp;<\/p>\n","protected":false},"excerpt":{"rendered":"<p>Braquez des banques et casinos prestigieux, mais surtout assurez-vous d\u2019obtenir la meilleure part du butin\u00a0!<\/p>\n<ul>\n<li><strong>\u00c2ge<\/strong> : 14\u00a0ans et +<\/li>\n<li><strong>Dur\u00e9e<\/strong> : 25\u00a0min<\/li>\n<li><strong>Joueurs<\/strong> :\u00a03 \u00e0 8 joueurs<\/li>\n<\/ul>\n","protected":false},"featured_media":4241,"comment_status":"open","ping_status":"closed","template":"","meta":{"_acf_changed":false},"product_brand":[],"product_cat":[323,324],"product_tag":[350,435,366],"class_list":{"0":"post-4273","1":"product","2":"type-product","3":"status-publish","4":"has-post-thumbnail","6":"product_cat-jeux","7":"product_cat-experts","8":"product_tag-bluff","9":"product_tag-negociations","10":"product_tag-polar","11":"product_shipping_class-livraisonstandard_colis","13":"first","14":"instock","15":"sale","16":"taxable","17":"shipping-taxable","18":"purchasable","19":"product-type-simple"},"acf":[],"yoast_head":"<!-- This site is optimized with the Yoast SEO plugin v25.3 - https:\/\/yoast.com\/wordpress\/plugins\/seo\/ -->\n<title>Acheter Millions of Dollars - GOZU ZONE - Jeux et Accessoires<\/title>\n<meta name=\"robots\" content=\"index, follow, max-snippet:-1, max-image-preview:large, max-video-preview:-1\" \/>\n<link rel=\"canonical\" href=\"https:\/\/gozu.zone\/?product=millions-of-dollars\" \/>\n<meta property=\"og:locale\" content=\"fr_FR\" \/>\n<meta property=\"og:type\" content=\"article\" \/>\n<meta property=\"og:title\" content=\"Acheter Millions of Dollars - GOZU ZONE - Jeux et Accessoires\" \/>\n<meta property=\"og:description\" content=\"Braquez des banques et casinos prestigieux, mais surtout assurez-vous d\u2019obtenir la meilleure part du butin\u00a0!   \u00c2ge : 14\u00a0ans et +  Dur\u00e9e : 25\u00a0min  Joueurs :\u00a03 \u00e0 8 joueurs\" \/>\n<meta property=\"og:url\" content=\"https:\/\/gozu.zone\/?product=millions-of-dollars\" \/>\n<meta property=\"og:site_name\" content=\"GOZU ZONE\" \/>\n<meta property=\"article:publisher\" content=\"https:\/\/www.facebook.com\/gozuzone\/\" \/>\n<meta property=\"article:modified_time\" content=\"2019-03-02T09:57:38+00:00\" \/>\n<meta property=\"og:image\" content=\"https:\/\/gozu.zone\/wp-content\/uploads\/2016\/11\/millions-of-dollars.jpg\" \/>\n\t<meta property=\"og:image:width\" content=\"480\" \/>\n\t<meta property=\"og:image:height\" content=\"480\" \/>\n\t<meta property=\"og:image:type\" content=\"image\/jpeg\" \/>\n<meta name=\"twitter:card\" content=\"summary_large_image\" \/>\n<meta name=\"twitter:site\" content=\"@gozuzone\" \/>\n<script type=\"application\/ld+json\" class=\"yoast-schema-graph\">{\"@context\":\"https:\/\/schema.org\",\"@graph\":[{\"@type\":\"WebPage\",\"@id\":\"https:\/\/gozu.zone\/?product=millions-of-dollars\",\"url\":\"https:\/\/gozu.zone\/?product=millions-of-dollars\",\"name\":\"Acheter Millions of Dollars - GOZU ZONE - Jeux et Accessoires\",\"isPartOf\":{\"@id\":\"https:\/\/gozu.zone\/#website\"},\"primaryImageOfPage\":{\"@id\":\"https:\/\/gozu.zone\/?product=millions-of-dollars#primaryimage\"},\"image\":{\"@id\":\"https:\/\/gozu.zone\/?product=millions-of-dollars#primaryimage\"},\"thumbnailUrl\":\"https:\/\/gozu.zone\/wp-content\/uploads\/2016\/11\/millions-of-dollars.jpg\",\"datePublished\":\"2016-11-27T20:14:24+00:00\",\"dateModified\":\"2019-03-02T09:57:38+00:00\",\"breadcrumb\":{\"@id\":\"https:\/\/gozu.zone\/?product=millions-of-dollars#breadcrumb\"},\"inLanguage\":\"fr-FR\",\"potentialAction\":[{\"@type\":\"ReadAction\",\"target\":[\"https:\/\/gozu.zone\/?product=millions-of-dollars\"]}]},{\"@type\":\"ImageObject\",\"inLanguage\":\"fr-FR\",\"@id\":\"https:\/\/gozu.zone\/?product=millions-of-dollars#primaryimage\",\"url\":\"https:\/\/gozu.zone\/wp-content\/uploads\/2016\/11\/millions-of-dollars.jpg\",\"contentUrl\":\"https:\/\/gozu.zone\/wp-content\/uploads\/2016\/11\/millions-of-dollars.jpg\",\"width\":480,\"height\":480,\"caption\":\"Millions of Dollars\"},{\"@type\":\"BreadcrumbList\",\"@id\":\"https:\/\/gozu.zone\/?product=millions-of-dollars#breadcrumb\",\"itemListElement\":[{\"@type\":\"ListItem\",\"position\":1,\"name\":\"Accueil\",\"item\":\"https:\/\/gozu.zone\/\"},{\"@type\":\"ListItem\",\"position\":2,\"name\":\"BOUTIQUE\",\"item\":\"https:\/\/gozu.zone\/?page_id=308\"},{\"@type\":\"ListItem\",\"position\":3,\"name\":\"Millions of Dollars\"}]},{\"@type\":\"WebSite\",\"@id\":\"https:\/\/gozu.zone\/#website\",\"url\":\"https:\/\/gozu.zone\/\",\"name\":\"GOZU ZONE\",\"description\":\"Toujours plus pour vos jeux\",\"potentialAction\":[{\"@type\":\"SearchAction\",\"target\":{\"@type\":\"EntryPoint\",\"urlTemplate\":\"https:\/\/gozu.zone\/?s={search_term_string}\"},\"query-input\":{\"@type\":\"PropertyValueSpecification\",\"valueRequired\":true,\"valueName\":\"search_term_string\"}}],\"inLanguage\":\"fr-FR\"}]}<\/script>\n<!-- \/ Yoast SEO plugin. -->","yoast_head_json":{"title":"Acheter Millions of Dollars - GOZU ZONE - Jeux et Accessoires","robots":{"index":"index","follow":"follow","max-snippet":"max-snippet:-1","max-image-preview":"max-image-preview:large","max-video-preview":"max-video-preview:-1"},"canonical":"https:\/\/gozu.zone\/?product=millions-of-dollars","og_locale":"fr_FR","og_type":"article","og_title":"Acheter Millions of Dollars - GOZU ZONE - Jeux et Accessoires","og_description":"Braquez des banques et casinos prestigieux, mais surtout assurez-vous d\u2019obtenir la meilleure part du butin\u00a0!   \u00c2ge : 14\u00a0ans et +  Dur\u00e9e : 25\u00a0min  Joueurs :\u00a03 \u00e0 8 joueurs","og_url":"https:\/\/gozu.zone\/?product=millions-of-dollars","og_site_name":"GOZU ZONE","article_publisher":"https:\/\/www.facebook.com\/gozuzone\/","article_modified_time":"2019-03-02T09:57:38+00:00","og_image":[{"width":480,"height":480,"url":"https:\/\/gozu.zone\/wp-content\/uploads\/2016\/11\/millions-of-dollars.jpg","type":"image\/jpeg"}],"twitter_card":"summary_large_image","twitter_site":"@gozuzone","schema":{"@context":"https:\/\/schema.org","@graph":[{"@type":"WebPage","@id":"https:\/\/gozu.zone\/?product=millions-of-dollars","url":"https:\/\/gozu.zone\/?product=millions-of-dollars","name":"Acheter Millions of Dollars - GOZU ZONE - Jeux et Accessoires","isPartOf":{"@id":"https:\/\/gozu.zone\/#website"},"primaryImageOfPage":{"@id":"https:\/\/gozu.zone\/?product=millions-of-dollars#primaryimage"},"image":{"@id":"https:\/\/gozu.zone\/?product=millions-of-dollars#primaryimage"},"thumbnailUrl":"https:\/\/gozu.zone\/wp-content\/uploads\/2016\/11\/millions-of-dollars.jpg","datePublished":"2016-11-27T20:14:24+00:00","dateModified":"2019-03-02T09:57:38+00:00","breadcrumb":{"@id":"https:\/\/gozu.zone\/?product=millions-of-dollars#breadcrumb"},"inLanguage":"fr-FR","potentialAction":[{"@type":"ReadAction","target":["https:\/\/gozu.zone\/?product=millions-of-dollars"]}]},{"@type":"ImageObject","inLanguage":"fr-FR","@id":"https:\/\/gozu.zone\/?product=millions-of-dollars#primaryimage","url":"https:\/\/gozu.zone\/wp-content\/uploads\/2016\/11\/millions-of-dollars.jpg","contentUrl":"https:\/\/gozu.zone\/wp-content\/uploads\/2016\/11\/millions-of-dollars.jpg","width":480,"height":480,"caption":"Millions of Dollars"},{"@type":"BreadcrumbList","@id":"https:\/\/gozu.zone\/?product=millions-of-dollars#breadcrumb","itemListElement":[{"@type":"ListItem","position":1,"name":"Accueil","item":"https:\/\/gozu.zone\/"},{"@type":"ListItem","position":2,"name":"BOUTIQUE","item":"https:\/\/gozu.zone\/?page_id=308"},{"@type":"ListItem","position":3,"name":"Millions of Dollars"}]},{"@type":"WebSite","@id":"https:\/\/gozu.zone\/#website","url":"https:\/\/gozu.zone\/","name":"GOZU ZONE","description":"Toujours plus pour vos jeux","potentialAction":[{"@type":"SearchAction","target":{"@type":"EntryPoint","urlTemplate":"https:\/\/gozu.zone\/?s={search_term_string}"},"query-input":{"@type":"PropertyValueSpecification","valueRequired":true,"valueName":"search_term_string"}}],"inLanguage":"fr-FR"}]}},"_links":{"self":[{"href":"https:\/\/gozu.zone\/index.php?rest_route=\/wp\/v2\/product\/4273","targetHints":{"allow":["GET"]}}],"collection":[{"href":"https:\/\/gozu.zone\/index.php?rest_route=\/wp\/v2\/product"}],"about":[{"href":"https:\/\/gozu.zone\/index.php?rest_route=\/wp\/v2\/types\/product"}],"replies":[{"embeddable":true,"href":"https:\/\/gozu.zone\/index.php?rest_route=%2Fwp%2Fv2%2Fcomments&post=4273"}],"wp:featuredmedia":[{"embeddable":true,"href":"https:\/\/gozu.zone\/index.php?rest_route=\/wp\/v2\/media\/4241"}],"wp:attachment":[{"href":"https:\/\/gozu.zone\/index.php?rest_route=%2Fwp%2Fv2%2Fmedia&parent=4273"}],"wp:term":[{"taxonomy":"product_brand","embeddable":true,"href":"https:\/\/gozu.zone\/index.php?rest_route=%2Fwp%2Fv2%2Fproduct_brand&post=4273"},{"taxonomy":"product_cat","embeddable":true,"href":"https:\/\/gozu.zone\/index.php?rest_route=%2Fwp%2Fv2%2Fproduct_cat&post=4273"},{"taxonomy":"product_tag","embeddable":true,"href":"https:\/\/gozu.zone\/index.php?rest_route=%2Fwp%2Fv2%2Fproduct_tag&post=4273"}],"curies":[{"name":"wp","href":"https:\/\/api.w.org\/{rel}","templated":true}]}}