{"id":4288,"date":"2016-11-30T14:13:38","date_gmt":"2016-11-30T14:13:38","guid":{"rendered":"https:\/\/gozu.zone\/?product=metal-adventures"},"modified":"2019-03-02T09:57:39","modified_gmt":"2019-03-02T09:57:39","slug":"metal-adventures","status":"publish","type":"product","link":"https:\/\/gozu.zone\/?product=metal-adventures","title":{"rendered":"Metal Adventures"},"content":{"rendered":"<p><a href=\"http:\/\/pro.gozu.zone\/wp-content\/uploads\/2016\/11\/logo-metal-adventures.png\"><img loading=\"lazy\" decoding=\"async\" class=\"aligncenter wp-image-4289 \" src=\"http:\/\/pro.gozu.zone\/wp-content\/uploads\/2016\/11\/logo-metal-adventures.png\" width=\"404\" height=\"154\" srcset=\"https:\/\/gozu.zone\/wp-content\/uploads\/2016\/11\/logo-metal-adventures.png 666w, https:\/\/gozu.zone\/wp-content\/uploads\/2016\/11\/logo-metal-adventures-510x195.png 510w, https:\/\/gozu.zone\/wp-content\/uploads\/2016\/11\/logo-metal-adventures-300x114.png 300w, https:\/\/gozu.zone\/wp-content\/uploads\/2016\/11\/logo-metal-adventures-570x217.png 570w\" sizes=\"auto, (max-width: 404px) 100vw, 404px\" \/><\/a><\/p>\n<p>Dans une galaxie domin\u00e9e par des nations stellaires surpuissantes, les pirates de l\u2019espace repr\u00e9sentent la libert\u00e9. Rebelles, flamboyants et t\u00e9m\u00e9raires, ils d\u00e9fient l\u2019autorit\u00e9 et partent \u00e0 l\u2019abordage de vaisseaux improbables. Si leur code de l\u2019honneur est tr\u00e8s strict, sa mise en oeuvre l\u2019est moins&#8230; entre la parole donn\u00e9e et l\u2019app\u00e2t du gain, \u00e0 vous de faire votre choix\u00a0!<\/p>\n<p>&nbsp;<\/p>\n<p>&nbsp;<\/p>\n<h2>R\u00e8gles du jeu Metal Adventures<\/h2>\n<p>&nbsp;<\/p>\n<p style=\"text-align: center;\"><iframe loading=\"lazy\" src=\"https:\/\/www.trictrac.tv\/video\/iframe\/Metal_Aventures_de_le_comment_ca_marche\" width=\"640\" height=\"360\" frameborder=\"0\" allowfullscreen=\"allowfullscreen\"><\/iframe><\/p>\n<p>&nbsp;<\/p>\n<div class=\"disclaimer material\">\n<h3>Contenu du jeu<a href=\"http:\/\/pro.gozu.zone\/wp-content\/uploads\/2016\/11\/materiel-metal-adventure.png\"><img loading=\"lazy\" decoding=\"async\" class=\"wp-image-4290 alignright\" src=\"http:\/\/pro.gozu.zone\/wp-content\/uploads\/2016\/11\/materiel-metal-adventure.png\" width=\"345\" height=\"247\" srcset=\"https:\/\/gozu.zone\/wp-content\/uploads\/2016\/11\/materiel-metal-adventure.png 453w, https:\/\/gozu.zone\/wp-content\/uploads\/2016\/11\/materiel-metal-adventure-300x215.png 300w\" sizes=\"auto, (max-width: 345px) 100vw, 345px\" \/><\/a><\/h3>\n<p>\u2022 1 plateau de jeu<br \/>\n\u2022 6 astrolabes<br \/>\n\u2022 6 cartes vaisseaux de base<br \/>\n\u2022 34 cartes Espace proche<br \/>\n\u2022 34 cartes Espace profond<br \/>\n\u2022 18 cartes Troph\u00e9e<br \/>\n\u2022 24 cartes Am\u00e9lioration<br \/>\n\u2022 16 cartes Aide de jeu<br \/>\n\u2022 50 jetons Cr\u00e9dits galactiques<br \/>\n\u2022 8 d\u00e9s<\/p>\n<\/div>\n<p>&nbsp;<\/p>\n","protected":false},"excerpt":{"rendered":"<p>Metal Adventures est un jeu d\u2019aventure et de n\u00e9gociation.<\/p>\n<ul>\n<li><strong>\u00c2ge<\/strong> : 14\u00a0ans et +<\/li>\n<li><strong>Dur\u00e9e<\/strong> : 60\u00a0min<\/li>\n<li><strong>Joueurs<\/strong> : 3 \u00e0 6<\/li>\n<\/ul>\n","protected":false},"featured_media":4240,"comment_status":"open","ping_status":"closed","template":"","meta":{"_acf_changed":false},"product_brand":[],"product_cat":[323,324],"product_tag":[336],"class_list":{"0":"post-4288","1":"product","2":"type-product","3":"status-publish","4":"has-post-thumbnail","6":"product_cat-jeux","7":"product_cat-experts","8":"product_tag-affrontement","9":"product_shipping_class-livraisonstandard_colis","11":"first","12":"instock","13":"sale","14":"taxable","15":"shipping-taxable","16":"purchasable","17":"product-type-simple"},"acf":[],"yoast_head":"<!-- This site is optimized with the Yoast SEO plugin v25.3 - https:\/\/yoast.com\/wordpress\/plugins\/seo\/ -->\n<title>Acheter Metal Adventures - GOZU ZONE - Jeux et Accessoires<\/title>\n<meta name=\"robots\" content=\"index, follow, max-snippet:-1, max-image-preview:large, max-video-preview:-1\" \/>\n<link rel=\"canonical\" href=\"https:\/\/gozu.zone\/?product=metal-adventures\" \/>\n<meta property=\"og:locale\" content=\"fr_FR\" \/>\n<meta property=\"og:type\" content=\"article\" \/>\n<meta property=\"og:title\" content=\"Acheter Metal Adventures - GOZU ZONE - Jeux et Accessoires\" \/>\n<meta property=\"og:description\" content=\"Metal Adventures est un jeu d\u2019aventure et de n\u00e9gociation.   \u00c2ge : 14\u00a0ans et +  Dur\u00e9e : 60\u00a0min  Joueurs : 3 \u00e0 6\" \/>\n<meta property=\"og:url\" content=\"https:\/\/gozu.zone\/?product=metal-adventures\" \/>\n<meta property=\"og:site_name\" content=\"GOZU ZONE\" \/>\n<meta property=\"article:publisher\" content=\"https:\/\/www.facebook.com\/gozuzone\/\" \/>\n<meta property=\"article:modified_time\" content=\"2019-03-02T09:57:39+00:00\" \/>\n<meta property=\"og:image\" content=\"https:\/\/gozu.zone\/wp-content\/uploads\/2016\/11\/Metal-Adventures.jpg\" \/>\n\t<meta property=\"og:image:width\" content=\"480\" \/>\n\t<meta property=\"og:image:height\" content=\"480\" \/>\n\t<meta property=\"og:image:type\" content=\"image\/jpeg\" \/>\n<meta name=\"twitter:card\" content=\"summary_large_image\" \/>\n<meta name=\"twitter:site\" content=\"@gozuzone\" \/>\n<meta name=\"twitter:label1\" content=\"Dur\u00e9e de lecture estim\u00e9e\" \/>\n\t<meta name=\"twitter:data1\" content=\"1 minute\" \/>\n<script type=\"application\/ld+json\" class=\"yoast-schema-graph\">{\"@context\":\"https:\/\/schema.org\",\"@graph\":[{\"@type\":\"WebPage\",\"@id\":\"https:\/\/gozu.zone\/?product=metal-adventures\",\"url\":\"https:\/\/gozu.zone\/?product=metal-adventures\",\"name\":\"Acheter Metal Adventures - GOZU ZONE - Jeux et Accessoires\",\"isPartOf\":{\"@id\":\"https:\/\/gozu.zone\/#website\"},\"primaryImageOfPage\":{\"@id\":\"https:\/\/gozu.zone\/?product=metal-adventures#primaryimage\"},\"image\":{\"@id\":\"https:\/\/gozu.zone\/?product=metal-adventures#primaryimage\"},\"thumbnailUrl\":\"https:\/\/gozu.zone\/wp-content\/uploads\/2016\/11\/Metal-Adventures.jpg\",\"datePublished\":\"2016-11-30T14:13:38+00:00\",\"dateModified\":\"2019-03-02T09:57:39+00:00\",\"breadcrumb\":{\"@id\":\"https:\/\/gozu.zone\/?product=metal-adventures#breadcrumb\"},\"inLanguage\":\"fr-FR\",\"potentialAction\":[{\"@type\":\"ReadAction\",\"target\":[\"https:\/\/gozu.zone\/?product=metal-adventures\"]}]},{\"@type\":\"ImageObject\",\"inLanguage\":\"fr-FR\",\"@id\":\"https:\/\/gozu.zone\/?product=metal-adventures#primaryimage\",\"url\":\"https:\/\/gozu.zone\/wp-content\/uploads\/2016\/11\/Metal-Adventures.jpg\",\"contentUrl\":\"https:\/\/gozu.zone\/wp-content\/uploads\/2016\/11\/Metal-Adventures.jpg\",\"width\":480,\"height\":480,\"caption\":\"Metal Adventures\"},{\"@type\":\"BreadcrumbList\",\"@id\":\"https:\/\/gozu.zone\/?product=metal-adventures#breadcrumb\",\"itemListElement\":[{\"@type\":\"ListItem\",\"position\":1,\"name\":\"Accueil\",\"item\":\"https:\/\/gozu.zone\/\"},{\"@type\":\"ListItem\",\"position\":2,\"name\":\"BOUTIQUE\",\"item\":\"https:\/\/gozu.zone\/?page_id=308\"},{\"@type\":\"ListItem\",\"position\":3,\"name\":\"Metal Adventures\"}]},{\"@type\":\"WebSite\",\"@id\":\"https:\/\/gozu.zone\/#website\",\"url\":\"https:\/\/gozu.zone\/\",\"name\":\"GOZU ZONE\",\"description\":\"Toujours plus pour vos jeux\",\"potentialAction\":[{\"@type\":\"SearchAction\",\"target\":{\"@type\":\"EntryPoint\",\"urlTemplate\":\"https:\/\/gozu.zone\/?s={search_term_string}\"},\"query-input\":{\"@type\":\"PropertyValueSpecification\",\"valueRequired\":true,\"valueName\":\"search_term_string\"}}],\"inLanguage\":\"fr-FR\"}]}<\/script>\n<!-- \/ Yoast SEO plugin. -->","yoast_head_json":{"title":"Acheter Metal Adventures - GOZU ZONE - Jeux et Accessoires","robots":{"index":"index","follow":"follow","max-snippet":"max-snippet:-1","max-image-preview":"max-image-preview:large","max-video-preview":"max-video-preview:-1"},"canonical":"https:\/\/gozu.zone\/?product=metal-adventures","og_locale":"fr_FR","og_type":"article","og_title":"Acheter Metal Adventures - GOZU ZONE - Jeux et Accessoires","og_description":"Metal Adventures est un jeu d\u2019aventure et de n\u00e9gociation.   \u00c2ge : 14\u00a0ans et +  Dur\u00e9e : 60\u00a0min  Joueurs : 3 \u00e0 6","og_url":"https:\/\/gozu.zone\/?product=metal-adventures","og_site_name":"GOZU ZONE","article_publisher":"https:\/\/www.facebook.com\/gozuzone\/","article_modified_time":"2019-03-02T09:57:39+00:00","og_image":[{"width":480,"height":480,"url":"https:\/\/gozu.zone\/wp-content\/uploads\/2016\/11\/Metal-Adventures.jpg","type":"image\/jpeg"}],"twitter_card":"summary_large_image","twitter_site":"@gozuzone","twitter_misc":{"Dur\u00e9e de lecture estim\u00e9e":"1 minute"},"schema":{"@context":"https:\/\/schema.org","@graph":[{"@type":"WebPage","@id":"https:\/\/gozu.zone\/?product=metal-adventures","url":"https:\/\/gozu.zone\/?product=metal-adventures","name":"Acheter Metal Adventures - GOZU ZONE - Jeux et Accessoires","isPartOf":{"@id":"https:\/\/gozu.zone\/#website"},"primaryImageOfPage":{"@id":"https:\/\/gozu.zone\/?product=metal-adventures#primaryimage"},"image":{"@id":"https:\/\/gozu.zone\/?product=metal-adventures#primaryimage"},"thumbnailUrl":"https:\/\/gozu.zone\/wp-content\/uploads\/2016\/11\/Metal-Adventures.jpg","datePublished":"2016-11-30T14:13:38+00:00","dateModified":"2019-03-02T09:57:39+00:00","breadcrumb":{"@id":"https:\/\/gozu.zone\/?product=metal-adventures#breadcrumb"},"inLanguage":"fr-FR","potentialAction":[{"@type":"ReadAction","target":["https:\/\/gozu.zone\/?product=metal-adventures"]}]},{"@type":"ImageObject","inLanguage":"fr-FR","@id":"https:\/\/gozu.zone\/?product=metal-adventures#primaryimage","url":"https:\/\/gozu.zone\/wp-content\/uploads\/2016\/11\/Metal-Adventures.jpg","contentUrl":"https:\/\/gozu.zone\/wp-content\/uploads\/2016\/11\/Metal-Adventures.jpg","width":480,"height":480,"caption":"Metal Adventures"},{"@type":"BreadcrumbList","@id":"https:\/\/gozu.zone\/?product=metal-adventures#breadcrumb","itemListElement":[{"@type":"ListItem","position":1,"name":"Accueil","item":"https:\/\/gozu.zone\/"},{"@type":"ListItem","position":2,"name":"BOUTIQUE","item":"https:\/\/gozu.zone\/?page_id=308"},{"@type":"ListItem","position":3,"name":"Metal Adventures"}]},{"@type":"WebSite","@id":"https:\/\/gozu.zone\/#website","url":"https:\/\/gozu.zone\/","name":"GOZU ZONE","description":"Toujours plus pour vos jeux","potentialAction":[{"@type":"SearchAction","target":{"@type":"EntryPoint","urlTemplate":"https:\/\/gozu.zone\/?s={search_term_string}"},"query-input":{"@type":"PropertyValueSpecification","valueRequired":true,"valueName":"search_term_string"}}],"inLanguage":"fr-FR"}]}},"_links":{"self":[{"href":"https:\/\/gozu.zone\/index.php?rest_route=\/wp\/v2\/product\/4288","targetHints":{"allow":["GET"]}}],"collection":[{"href":"https:\/\/gozu.zone\/index.php?rest_route=\/wp\/v2\/product"}],"about":[{"href":"https:\/\/gozu.zone\/index.php?rest_route=\/wp\/v2\/types\/product"}],"replies":[{"embeddable":true,"href":"https:\/\/gozu.zone\/index.php?rest_route=%2Fwp%2Fv2%2Fcomments&post=4288"}],"wp:featuredmedia":[{"embeddable":true,"href":"https:\/\/gozu.zone\/index.php?rest_route=\/wp\/v2\/media\/4240"}],"wp:attachment":[{"href":"https:\/\/gozu.zone\/index.php?rest_route=%2Fwp%2Fv2%2Fmedia&parent=4288"}],"wp:term":[{"taxonomy":"product_brand","embeddable":true,"href":"https:\/\/gozu.zone\/index.php?rest_route=%2Fwp%2Fv2%2Fproduct_brand&post=4288"},{"taxonomy":"product_cat","embeddable":true,"href":"https:\/\/gozu.zone\/index.php?rest_route=%2Fwp%2Fv2%2Fproduct_cat&post=4288"},{"taxonomy":"product_tag","embeddable":true,"href":"https:\/\/gozu.zone\/index.php?rest_route=%2Fwp%2Fv2%2Fproduct_tag&post=4288"}],"curies":[{"name":"wp","href":"https:\/\/api.w.org\/{rel}","templated":true}]}}