{"id":4430,"date":"2017-01-12T13:10:04","date_gmt":"2017-01-12T13:10:04","guid":{"rendered":"https:\/\/gozu.zone\/?post_type=product&#038;p=4430"},"modified":"2017-11-20T22:00:59","modified_gmt":"2017-11-20T22:00:59","slug":"cottage-garden","status":"publish","type":"product","link":"https:\/\/gozu.zone\/?product=cottage-garden","title":{"rendered":"Cottage Garden"},"content":{"rendered":"<p><a href=\"http:\/\/pro.gozu.zone\/wp-content\/uploads\/2017\/01\/cg_typo_white-outline-crop-u72855.png\"><img loading=\"lazy\" decoding=\"async\" class=\"aligncenter wp-image-4441\" src=\"http:\/\/pro.gozu.zone\/wp-content\/uploads\/2017\/01\/cg_typo_white-outline-crop-u72855.png\" alt=\"\" width=\"267\" height=\"140\" srcset=\"https:\/\/gozu.zone\/wp-content\/uploads\/2017\/01\/cg_typo_white-outline-crop-u72855.png 477w, https:\/\/gozu.zone\/wp-content\/uploads\/2017\/01\/cg_typo_white-outline-crop-u72855-300x157.png 300w\" sizes=\"auto, (max-width: 267px) 100vw, 267px\" \/><\/a><\/p>\n<p style=\"text-align: center;\">Devant vous s\u2019\u00e9tend une magnifique p\u00e9pini\u00e8re de fleurs bord\u00e9e de murets, travers\u00e9e de chemins et entour\u00e9e de haies. Vous avez pour ambition d\u2019en s\u00e9lectionner les plus harmonieuses compositions qui viendront fleurir vos parterres. Bien s\u00fbr, votre espace de plantation est limit\u00e9 : il faudra vous en accommoder ainsi que des pots et des cloches \u00e0 fleurs qui y tra\u00eenent.<\/p>\n<p style=\"text-align: center;\">Soyez attentifs aux chats qui r\u00f4dent.<\/p>\n<p style=\"text-align: center;\">\n<h2 style=\"text-align: left;\">Contenu du jeu\u00a0<strong>Cottage Garden<a href=\"http:\/\/pro.gozu.zone\/wp-content\/uploads\/2017\/01\/cg_jeu_3d-crop-u72847.png\"><img loading=\"lazy\" decoding=\"async\" class=\"wp-image-4440 alignright\" src=\"http:\/\/pro.gozu.zone\/wp-content\/uploads\/2017\/01\/cg_jeu_3d-crop-u72847-1024x670.png\" alt=\"\" width=\"289\" height=\"189\" srcset=\"https:\/\/gozu.zone\/wp-content\/uploads\/2017\/01\/cg_jeu_3d-crop-u72847-1024x670.png 1024w, https:\/\/gozu.zone\/wp-content\/uploads\/2017\/01\/cg_jeu_3d-crop-u72847-510x334.png 510w, https:\/\/gozu.zone\/wp-content\/uploads\/2017\/01\/cg_jeu_3d-crop-u72847-300x196.png 300w, https:\/\/gozu.zone\/wp-content\/uploads\/2017\/01\/cg_jeu_3d-crop-u72847-768x503.png 768w, https:\/\/gozu.zone\/wp-content\/uploads\/2017\/01\/cg_jeu_3d-crop-u72847-570x373.png 570w, https:\/\/gozu.zone\/wp-content\/uploads\/2017\/01\/cg_jeu_3d-crop-u72847.png 1181w\" sizes=\"auto, (max-width: 289px) 100vw, 289px\" \/><\/a><\/strong><\/h2>\n<div class=\"disclaimer material\">\n<ul class=\"spip\">\n<li>1 plateau P\u00e9pini\u00e8re recto-verso<\/li>\n<li>36 tuiles Fleurs (pi\u00e8ces de puzzle)<\/li>\n<li>9 plateaux Parterres, recto-verso (un c\u00f4t\u00e9 clair et un c\u00f4t\u00e9 sombre)<\/li>\n<li>1 d\u00e9 Jardinier<\/li>\n<li>1\u00a0jeton Parasol<\/li>\n<li>30 jetons Chat<\/li>\n<li>16 jetons Pot de fleurs<\/li>\n<li>2 jetons Ruche<\/li>\n<li>4 pistes de score Plantation en L<\/li>\n<li>12 cubes de score oranges<\/li>\n<li>12 cubes de score bleus<\/li>\n<li>1 Brouette<\/li>\n<li>1 r\u00e8gle de jeu<\/li>\n<\/ul>\n<\/div>\n","protected":false},"excerpt":{"rendered":"<p>Quand le jardinage devient une comp\u00e9tition<\/p>\n<ul>\n<li><strong>\u00c2ge<\/strong> : 8 ans et +<\/li>\n<li><strong>Dur\u00e9e<\/strong> : 45\u00a0min<\/li>\n<li><strong>Joueurs<\/strong> : 1 \u00e0 4 joueurs<\/li>\n<\/ul>\n","protected":false},"featured_media":4442,"comment_status":"open","ping_status":"closed","template":"","meta":{"_acf_changed":false},"product_brand":[],"product_cat":[494,361,333],"product_tag":[406],"class_list":{"0":"post-4430","1":"product","2":"type-product","3":"status-publish","4":"has-post-thumbnail","6":"product_cat-jeux-de-societe","7":"product_cat-familiaux","8":"product_cat-par-types","9":"product_tag-agriculture","11":"first","12":"instock","13":"sale","14":"taxable","15":"shipping-taxable","16":"purchasable","17":"product-type-simple"},"acf":[],"yoast_head":"<!-- This site is optimized with the Yoast SEO plugin v25.3 - https:\/\/yoast.com\/wordpress\/plugins\/seo\/ -->\n<title>Acheter Cottage Garden - Boutique GOZU ZONE - Jeux et Accessoires<\/title>\n<meta name=\"description\" content=\"Cottage Garden un jeu BlackRocks Games de Uwe Rosenberg illustr\u00e9 par Andrea Boeckhoff ! De 1 \u00e0 4 joueurs \u00e0 partir de 8 ans. Dur\u00e9e : 45 minutes\" \/>\n<meta name=\"robots\" content=\"index, follow, max-snippet:-1, max-image-preview:large, max-video-preview:-1\" \/>\n<link rel=\"canonical\" href=\"https:\/\/gozu.zone\/?product=cottage-garden\" \/>\n<meta property=\"og:locale\" content=\"fr_FR\" \/>\n<meta property=\"og:type\" content=\"article\" \/>\n<meta property=\"og:title\" content=\"Acheter Cottage Garden - Boutique GOZU ZONE - Jeux et Accessoires\" \/>\n<meta property=\"og:description\" content=\"Cottage Garden un jeu BlackRocks Games de Uwe Rosenberg illustr\u00e9 par Andrea Boeckhoff ! De 1 \u00e0 4 joueurs \u00e0 partir de 8 ans. Dur\u00e9e : 45 minutes\" \/>\n<meta property=\"og:url\" content=\"https:\/\/gozu.zone\/?product=cottage-garden\" \/>\n<meta property=\"og:site_name\" content=\"GOZU ZONE\" \/>\n<meta property=\"article:publisher\" content=\"https:\/\/www.facebook.com\/gozuzone\/\" \/>\n<meta property=\"article:modified_time\" content=\"2017-11-20T22:00:59+00:00\" \/>\n<meta property=\"og:image\" content=\"https:\/\/gozu.zone\/wp-content\/uploads\/2017\/01\/cottage-garden.jpg\" \/>\n\t<meta property=\"og:image:width\" content=\"480\" \/>\n\t<meta property=\"og:image:height\" content=\"480\" \/>\n\t<meta property=\"og:image:type\" content=\"image\/jpeg\" \/>\n<meta name=\"twitter:card\" content=\"summary_large_image\" \/>\n<meta name=\"twitter:site\" content=\"@gozuzone\" \/>\n<meta name=\"twitter:label1\" content=\"Dur\u00e9e de lecture estim\u00e9e\" \/>\n\t<meta name=\"twitter:data1\" content=\"1 minute\" \/>\n<script type=\"application\/ld+json\" class=\"yoast-schema-graph\">{\"@context\":\"https:\/\/schema.org\",\"@graph\":[{\"@type\":\"WebPage\",\"@id\":\"https:\/\/gozu.zone\/?product=cottage-garden\",\"url\":\"https:\/\/gozu.zone\/?product=cottage-garden\",\"name\":\"Acheter Cottage Garden - Boutique GOZU ZONE - Jeux et Accessoires\",\"isPartOf\":{\"@id\":\"https:\/\/gozu.zone\/#website\"},\"primaryImageOfPage\":{\"@id\":\"https:\/\/gozu.zone\/?product=cottage-garden#primaryimage\"},\"image\":{\"@id\":\"https:\/\/gozu.zone\/?product=cottage-garden#primaryimage\"},\"thumbnailUrl\":\"https:\/\/gozu.zone\/wp-content\/uploads\/2017\/01\/cottage-garden.jpg\",\"datePublished\":\"2017-01-12T13:10:04+00:00\",\"dateModified\":\"2017-11-20T22:00:59+00:00\",\"description\":\"Cottage Garden un jeu BlackRocks Games de Uwe Rosenberg illustr\u00e9 par Andrea Boeckhoff ! De 1 \u00e0 4 joueurs \u00e0 partir de 8 ans. Dur\u00e9e : 45 minutes\",\"breadcrumb\":{\"@id\":\"https:\/\/gozu.zone\/?product=cottage-garden#breadcrumb\"},\"inLanguage\":\"fr-FR\",\"potentialAction\":[{\"@type\":\"ReadAction\",\"target\":[\"https:\/\/gozu.zone\/?product=cottage-garden\"]}]},{\"@type\":\"ImageObject\",\"inLanguage\":\"fr-FR\",\"@id\":\"https:\/\/gozu.zone\/?product=cottage-garden#primaryimage\",\"url\":\"https:\/\/gozu.zone\/wp-content\/uploads\/2017\/01\/cottage-garden.jpg\",\"contentUrl\":\"https:\/\/gozu.zone\/wp-content\/uploads\/2017\/01\/cottage-garden.jpg\",\"width\":480,\"height\":480,\"caption\":\"cottage-garden\"},{\"@type\":\"BreadcrumbList\",\"@id\":\"https:\/\/gozu.zone\/?product=cottage-garden#breadcrumb\",\"itemListElement\":[{\"@type\":\"ListItem\",\"position\":1,\"name\":\"Accueil\",\"item\":\"https:\/\/gozu.zone\/\"},{\"@type\":\"ListItem\",\"position\":2,\"name\":\"BOUTIQUE\",\"item\":\"https:\/\/gozu.zone\/?page_id=308\"},{\"@type\":\"ListItem\",\"position\":3,\"name\":\"Cottage Garden\"}]},{\"@type\":\"WebSite\",\"@id\":\"https:\/\/gozu.zone\/#website\",\"url\":\"https:\/\/gozu.zone\/\",\"name\":\"GOZU ZONE\",\"description\":\"Toujours plus pour vos jeux\",\"potentialAction\":[{\"@type\":\"SearchAction\",\"target\":{\"@type\":\"EntryPoint\",\"urlTemplate\":\"https:\/\/gozu.zone\/?s={search_term_string}\"},\"query-input\":{\"@type\":\"PropertyValueSpecification\",\"valueRequired\":true,\"valueName\":\"search_term_string\"}}],\"inLanguage\":\"fr-FR\"}]}<\/script>\n<!-- \/ Yoast SEO plugin. -->","yoast_head_json":{"title":"Acheter Cottage Garden - Boutique GOZU ZONE - Jeux et Accessoires","description":"Cottage Garden un jeu BlackRocks Games de Uwe Rosenberg illustr\u00e9 par Andrea Boeckhoff ! De 1 \u00e0 4 joueurs \u00e0 partir de 8 ans. Dur\u00e9e : 45 minutes","robots":{"index":"index","follow":"follow","max-snippet":"max-snippet:-1","max-image-preview":"max-image-preview:large","max-video-preview":"max-video-preview:-1"},"canonical":"https:\/\/gozu.zone\/?product=cottage-garden","og_locale":"fr_FR","og_type":"article","og_title":"Acheter Cottage Garden - Boutique GOZU ZONE - Jeux et Accessoires","og_description":"Cottage Garden un jeu BlackRocks Games de Uwe Rosenberg illustr\u00e9 par Andrea Boeckhoff ! De 1 \u00e0 4 joueurs \u00e0 partir de 8 ans. Dur\u00e9e : 45 minutes","og_url":"https:\/\/gozu.zone\/?product=cottage-garden","og_site_name":"GOZU ZONE","article_publisher":"https:\/\/www.facebook.com\/gozuzone\/","article_modified_time":"2017-11-20T22:00:59+00:00","og_image":[{"width":480,"height":480,"url":"https:\/\/gozu.zone\/wp-content\/uploads\/2017\/01\/cottage-garden.jpg","type":"image\/jpeg"}],"twitter_card":"summary_large_image","twitter_site":"@gozuzone","twitter_misc":{"Dur\u00e9e de lecture estim\u00e9e":"1 minute"},"schema":{"@context":"https:\/\/schema.org","@graph":[{"@type":"WebPage","@id":"https:\/\/gozu.zone\/?product=cottage-garden","url":"https:\/\/gozu.zone\/?product=cottage-garden","name":"Acheter Cottage Garden - Boutique GOZU ZONE - Jeux et Accessoires","isPartOf":{"@id":"https:\/\/gozu.zone\/#website"},"primaryImageOfPage":{"@id":"https:\/\/gozu.zone\/?product=cottage-garden#primaryimage"},"image":{"@id":"https:\/\/gozu.zone\/?product=cottage-garden#primaryimage"},"thumbnailUrl":"https:\/\/gozu.zone\/wp-content\/uploads\/2017\/01\/cottage-garden.jpg","datePublished":"2017-01-12T13:10:04+00:00","dateModified":"2017-11-20T22:00:59+00:00","description":"Cottage Garden un jeu BlackRocks Games de Uwe Rosenberg illustr\u00e9 par Andrea Boeckhoff ! De 1 \u00e0 4 joueurs \u00e0 partir de 8 ans. Dur\u00e9e : 45 minutes","breadcrumb":{"@id":"https:\/\/gozu.zone\/?product=cottage-garden#breadcrumb"},"inLanguage":"fr-FR","potentialAction":[{"@type":"ReadAction","target":["https:\/\/gozu.zone\/?product=cottage-garden"]}]},{"@type":"ImageObject","inLanguage":"fr-FR","@id":"https:\/\/gozu.zone\/?product=cottage-garden#primaryimage","url":"https:\/\/gozu.zone\/wp-content\/uploads\/2017\/01\/cottage-garden.jpg","contentUrl":"https:\/\/gozu.zone\/wp-content\/uploads\/2017\/01\/cottage-garden.jpg","width":480,"height":480,"caption":"cottage-garden"},{"@type":"BreadcrumbList","@id":"https:\/\/gozu.zone\/?product=cottage-garden#breadcrumb","itemListElement":[{"@type":"ListItem","position":1,"name":"Accueil","item":"https:\/\/gozu.zone\/"},{"@type":"ListItem","position":2,"name":"BOUTIQUE","item":"https:\/\/gozu.zone\/?page_id=308"},{"@type":"ListItem","position":3,"name":"Cottage Garden"}]},{"@type":"WebSite","@id":"https:\/\/gozu.zone\/#website","url":"https:\/\/gozu.zone\/","name":"GOZU ZONE","description":"Toujours plus pour vos jeux","potentialAction":[{"@type":"SearchAction","target":{"@type":"EntryPoint","urlTemplate":"https:\/\/gozu.zone\/?s={search_term_string}"},"query-input":{"@type":"PropertyValueSpecification","valueRequired":true,"valueName":"search_term_string"}}],"inLanguage":"fr-FR"}]}},"_links":{"self":[{"href":"https:\/\/gozu.zone\/index.php?rest_route=\/wp\/v2\/product\/4430","targetHints":{"allow":["GET"]}}],"collection":[{"href":"https:\/\/gozu.zone\/index.php?rest_route=\/wp\/v2\/product"}],"about":[{"href":"https:\/\/gozu.zone\/index.php?rest_route=\/wp\/v2\/types\/product"}],"replies":[{"embeddable":true,"href":"https:\/\/gozu.zone\/index.php?rest_route=%2Fwp%2Fv2%2Fcomments&post=4430"}],"wp:featuredmedia":[{"embeddable":true,"href":"https:\/\/gozu.zone\/index.php?rest_route=\/wp\/v2\/media\/4442"}],"wp:attachment":[{"href":"https:\/\/gozu.zone\/index.php?rest_route=%2Fwp%2Fv2%2Fmedia&parent=4430"}],"wp:term":[{"taxonomy":"product_brand","embeddable":true,"href":"https:\/\/gozu.zone\/index.php?rest_route=%2Fwp%2Fv2%2Fproduct_brand&post=4430"},{"taxonomy":"product_cat","embeddable":true,"href":"https:\/\/gozu.zone\/index.php?rest_route=%2Fwp%2Fv2%2Fproduct_cat&post=4430"},{"taxonomy":"product_tag","embeddable":true,"href":"https:\/\/gozu.zone\/index.php?rest_route=%2Fwp%2Fv2%2Fproduct_tag&post=4430"}],"curies":[{"name":"wp","href":"https:\/\/api.w.org\/{rel}","templated":true}]}}