{"id":4600,"date":"2017-01-31T21:55:06","date_gmt":"2017-01-31T21:55:06","guid":{"rendered":"https:\/\/gozu.zone\/?product=pochettes-ultra-pro-80-sleeves-standards-pro-matte-eclipse-blanc"},"modified":"2024-06-30T07:48:57","modified_gmt":"2024-06-30T07:48:57","slug":"pochettes-ultra-pro-80-sleeves-standards-pro-matte-eclipse-blanc","status":"publish","type":"product","link":"https:\/\/gozu.zone\/?product=pochettes-ultra-pro-80-sleeves-standards-pro-matte-eclipse-blanc","title":{"rendered":"Pochettes &#8211; ULTRA-PRO &#8211; 80 Sleeves Standards &#8211; Pro Matte Eclipse &#8211; BLANC"},"content":{"rendered":"<p>Les Pochettes &#8211; ULTRA-PRO &#8211; 80 Sleeves Standards &#8211; Pro Matte Eclipse &#8211; BLANC cachent compl\u00e8tement le dos des cartes avec une couche suppl\u00e9mentaire de mati\u00e8re noire opaque.<\/p>\n<p>&nbsp;<\/p>\n<p>Issue\u00a0de la gamme\u00a0PRO-Matte, les sleeves Eclipse utilisent un mat\u00e9riau transparent mat pour montrer la face de la carte tout en minimisant l&rsquo;\u00e9blouissement et offrant ainsi une exp\u00e9rience unique, lisse et professionnelle.<\/p>\n<p>&nbsp;<\/p>\n<p>Chaque pack est livr\u00e9 avec 80 pochettes.<\/p>\n<ul>\n<li>Adapt\u00e9 aux cartes de jeu standard (Magic, Pokemon, Final Fantasy)<\/li>\n<li>La couche noire int\u00e9rieure rend le dos color\u00e9 compl\u00e8tement opaque<\/li>\n<li>La face transparente mate minimise l&rsquo;\u00e9blouissement pour une lecture de jeu ais\u00e9e et une meilleure pr\u00e9sentation pour la prise en photo<\/li>\n<li>Mat\u00e9riaux en polypropyl\u00e8ne\u00a0avec une formulation unique\u00a0permettant de m\u00e9langer les cartes en douceur !<\/li>\n<\/ul>\n","protected":false},"excerpt":{"rendered":"<p>Lot de 80 Prot\u00e8ge Cartes <strong>Ultra-Pro &#8211; Pro-Matte Eclipse<\/strong>\u00a0haut de gamme\u00a0\u00e0 dos <strong>blanc<\/strong> pour prot\u00e9ger vos cartes au Standard : 66mm * 91mm<\/p>\n","protected":false},"featured_media":4603,"comment_status":"open","ping_status":"closed","template":"","meta":{"_acf_changed":false},"product_brand":[],"product_cat":[308,465,468],"product_tag":[210,138,137,136,213,389],"class_list":{"0":"post-4600","1":"product","2":"type-product","3":"status-publish","4":"has-post-thumbnail","6":"product_cat-proteges-cartes","7":"product_cat-par-format","8":"product_cat-format-standard","9":"product_tag-pochettes","10":"product_tag-protection","11":"product_tag-protege-carte","12":"product_tag-sleeves","13":"product_tag-standard","14":"product_tag-ultra-pro","15":"product_shipping_class-livraisonstandard_colis","17":"first","18":"instock","19":"taxable","20":"shipping-taxable","21":"purchasable","22":"product-type-simple"},"acf":[],"yoast_head":"<!-- This site is optimized with the Yoast SEO plugin v25.3 - https:\/\/yoast.com\/wordpress\/plugins\/seo\/ -->\n<title>Pochettes - ULTRA-PRO - 80 Sleeves Standards - Pro Matte Eclipse - BLANC<\/title>\n<meta name=\"description\" content=\"Lot de 80 Prot\u00e8ge Cartes Ultra-Pro - Pro Matte Eclipse - BLANC d&#039;excellente qualit\u00e9 \u00e0 dos blanc pour prot\u00e9ger vos cartes au Standard : 66mm * 91mm\" \/>\n<meta name=\"robots\" content=\"index, follow, max-snippet:-1, max-image-preview:large, max-video-preview:-1\" \/>\n<link rel=\"canonical\" href=\"https:\/\/gozu.zone\/?product=pochettes-ultra-pro-80-sleeves-standards-pro-matte-eclipse-blanc\" \/>\n<meta property=\"og:locale\" content=\"fr_FR\" \/>\n<meta property=\"og:type\" content=\"article\" \/>\n<meta property=\"og:title\" content=\"Pochettes - ULTRA-PRO - 80 Sleeves Standards - Pro Matte Eclipse - BLANC\" \/>\n<meta property=\"og:description\" content=\"Lot de 80 Prot\u00e8ge Cartes Ultra-Pro - Pro Matte Eclipse - BLANC d&#039;excellente qualit\u00e9 \u00e0 dos blanc pour prot\u00e9ger vos cartes au Standard : 66mm * 91mm\" \/>\n<meta property=\"og:url\" content=\"https:\/\/gozu.zone\/?product=pochettes-ultra-pro-80-sleeves-standards-pro-matte-eclipse-blanc\" \/>\n<meta property=\"og:site_name\" content=\"GOZU ZONE\" \/>\n<meta property=\"article:publisher\" content=\"https:\/\/www.facebook.com\/gozuzone\/\" \/>\n<meta property=\"article:modified_time\" content=\"2024-06-30T07:48:57+00:00\" \/>\n<meta property=\"og:image\" content=\"https:\/\/gozu.zone\/wp-content\/uploads\/2017\/01\/Pochettes-ULTRA-PRO-80-Sleeves-Standards-Pro-Matte-Eclipse-BLANC.jpg\" \/>\n\t<meta property=\"og:image:width\" content=\"480\" \/>\n\t<meta property=\"og:image:height\" content=\"480\" \/>\n\t<meta property=\"og:image:type\" content=\"image\/jpeg\" \/>\n<meta name=\"twitter:card\" content=\"summary_large_image\" \/>\n<meta name=\"twitter:site\" content=\"@gozuzone\" \/>\n<meta name=\"twitter:label1\" content=\"Dur\u00e9e de lecture estim\u00e9e\" \/>\n\t<meta name=\"twitter:data1\" content=\"1 minute\" \/>\n<script type=\"application\/ld+json\" class=\"yoast-schema-graph\">{\"@context\":\"https:\/\/schema.org\",\"@graph\":[{\"@type\":\"WebPage\",\"@id\":\"https:\/\/gozu.zone\/?product=pochettes-ultra-pro-80-sleeves-standards-pro-matte-eclipse-blanc\",\"url\":\"https:\/\/gozu.zone\/?product=pochettes-ultra-pro-80-sleeves-standards-pro-matte-eclipse-blanc\",\"name\":\"Pochettes - ULTRA-PRO - 80 Sleeves Standards - Pro Matte Eclipse - BLANC\",\"isPartOf\":{\"@id\":\"https:\/\/gozu.zone\/#website\"},\"primaryImageOfPage\":{\"@id\":\"https:\/\/gozu.zone\/?product=pochettes-ultra-pro-80-sleeves-standards-pro-matte-eclipse-blanc#primaryimage\"},\"image\":{\"@id\":\"https:\/\/gozu.zone\/?product=pochettes-ultra-pro-80-sleeves-standards-pro-matte-eclipse-blanc#primaryimage\"},\"thumbnailUrl\":\"https:\/\/gozu.zone\/wp-content\/uploads\/2017\/01\/Pochettes-ULTRA-PRO-80-Sleeves-Standards-Pro-Matte-Eclipse-BLANC.jpg\",\"datePublished\":\"2017-01-31T21:55:06+00:00\",\"dateModified\":\"2024-06-30T07:48:57+00:00\",\"description\":\"Lot de 80 Prot\u00e8ge Cartes Ultra-Pro - Pro Matte Eclipse - BLANC d'excellente qualit\u00e9 \u00e0 dos blanc pour prot\u00e9ger vos cartes au Standard : 66mm * 91mm\",\"breadcrumb\":{\"@id\":\"https:\/\/gozu.zone\/?product=pochettes-ultra-pro-80-sleeves-standards-pro-matte-eclipse-blanc#breadcrumb\"},\"inLanguage\":\"fr-FR\",\"potentialAction\":[{\"@type\":\"ReadAction\",\"target\":[\"https:\/\/gozu.zone\/?product=pochettes-ultra-pro-80-sleeves-standards-pro-matte-eclipse-blanc\"]}]},{\"@type\":\"ImageObject\",\"inLanguage\":\"fr-FR\",\"@id\":\"https:\/\/gozu.zone\/?product=pochettes-ultra-pro-80-sleeves-standards-pro-matte-eclipse-blanc#primaryimage\",\"url\":\"https:\/\/gozu.zone\/wp-content\/uploads\/2017\/01\/Pochettes-ULTRA-PRO-80-Sleeves-Standards-Pro-Matte-Eclipse-BLANC.jpg\",\"contentUrl\":\"https:\/\/gozu.zone\/wp-content\/uploads\/2017\/01\/Pochettes-ULTRA-PRO-80-Sleeves-Standards-Pro-Matte-Eclipse-BLANC.jpg\",\"width\":480,\"height\":480,\"caption\":\"Pochettes-ULTRA-PRO-80-Sleeves-Standards-Pro-Matte-Eclipse-BLANC\"},{\"@type\":\"BreadcrumbList\",\"@id\":\"https:\/\/gozu.zone\/?product=pochettes-ultra-pro-80-sleeves-standards-pro-matte-eclipse-blanc#breadcrumb\",\"itemListElement\":[{\"@type\":\"ListItem\",\"position\":1,\"name\":\"Accueil\",\"item\":\"https:\/\/gozu.zone\/\"},{\"@type\":\"ListItem\",\"position\":2,\"name\":\"BOUTIQUE\",\"item\":\"https:\/\/gozu.zone\/?page_id=308\"},{\"@type\":\"ListItem\",\"position\":3,\"name\":\"Pochettes &#8211; ULTRA-PRO &#8211; 80 Sleeves Standards &#8211; Pro Matte Eclipse &#8211; BLANC\"}]},{\"@type\":\"WebSite\",\"@id\":\"https:\/\/gozu.zone\/#website\",\"url\":\"https:\/\/gozu.zone\/\",\"name\":\"GOZU ZONE\",\"description\":\"Toujours plus pour vos jeux\",\"potentialAction\":[{\"@type\":\"SearchAction\",\"target\":{\"@type\":\"EntryPoint\",\"urlTemplate\":\"https:\/\/gozu.zone\/?s={search_term_string}\"},\"query-input\":{\"@type\":\"PropertyValueSpecification\",\"valueRequired\":true,\"valueName\":\"search_term_string\"}}],\"inLanguage\":\"fr-FR\"}]}<\/script>\n<!-- \/ Yoast SEO plugin. -->","yoast_head_json":{"title":"Pochettes - ULTRA-PRO - 80 Sleeves Standards - Pro Matte Eclipse - BLANC","description":"Lot de 80 Prot\u00e8ge Cartes Ultra-Pro - Pro Matte Eclipse - BLANC d'excellente qualit\u00e9 \u00e0 dos blanc pour prot\u00e9ger vos cartes au Standard : 66mm * 91mm","robots":{"index":"index","follow":"follow","max-snippet":"max-snippet:-1","max-image-preview":"max-image-preview:large","max-video-preview":"max-video-preview:-1"},"canonical":"https:\/\/gozu.zone\/?product=pochettes-ultra-pro-80-sleeves-standards-pro-matte-eclipse-blanc","og_locale":"fr_FR","og_type":"article","og_title":"Pochettes - ULTRA-PRO - 80 Sleeves Standards - Pro Matte Eclipse - BLANC","og_description":"Lot de 80 Prot\u00e8ge Cartes Ultra-Pro - Pro Matte Eclipse - BLANC d'excellente qualit\u00e9 \u00e0 dos blanc pour prot\u00e9ger vos cartes au Standard : 66mm * 91mm","og_url":"https:\/\/gozu.zone\/?product=pochettes-ultra-pro-80-sleeves-standards-pro-matte-eclipse-blanc","og_site_name":"GOZU ZONE","article_publisher":"https:\/\/www.facebook.com\/gozuzone\/","article_modified_time":"2024-06-30T07:48:57+00:00","og_image":[{"width":480,"height":480,"url":"https:\/\/gozu.zone\/wp-content\/uploads\/2017\/01\/Pochettes-ULTRA-PRO-80-Sleeves-Standards-Pro-Matte-Eclipse-BLANC.jpg","type":"image\/jpeg"}],"twitter_card":"summary_large_image","twitter_site":"@gozuzone","twitter_misc":{"Dur\u00e9e de lecture estim\u00e9e":"1 minute"},"schema":{"@context":"https:\/\/schema.org","@graph":[{"@type":"WebPage","@id":"https:\/\/gozu.zone\/?product=pochettes-ultra-pro-80-sleeves-standards-pro-matte-eclipse-blanc","url":"https:\/\/gozu.zone\/?product=pochettes-ultra-pro-80-sleeves-standards-pro-matte-eclipse-blanc","name":"Pochettes - ULTRA-PRO - 80 Sleeves Standards - Pro Matte Eclipse - BLANC","isPartOf":{"@id":"https:\/\/gozu.zone\/#website"},"primaryImageOfPage":{"@id":"https:\/\/gozu.zone\/?product=pochettes-ultra-pro-80-sleeves-standards-pro-matte-eclipse-blanc#primaryimage"},"image":{"@id":"https:\/\/gozu.zone\/?product=pochettes-ultra-pro-80-sleeves-standards-pro-matte-eclipse-blanc#primaryimage"},"thumbnailUrl":"https:\/\/gozu.zone\/wp-content\/uploads\/2017\/01\/Pochettes-ULTRA-PRO-80-Sleeves-Standards-Pro-Matte-Eclipse-BLANC.jpg","datePublished":"2017-01-31T21:55:06+00:00","dateModified":"2024-06-30T07:48:57+00:00","description":"Lot de 80 Prot\u00e8ge Cartes Ultra-Pro - Pro Matte Eclipse - BLANC d'excellente qualit\u00e9 \u00e0 dos blanc pour prot\u00e9ger vos cartes au Standard : 66mm * 91mm","breadcrumb":{"@id":"https:\/\/gozu.zone\/?product=pochettes-ultra-pro-80-sleeves-standards-pro-matte-eclipse-blanc#breadcrumb"},"inLanguage":"fr-FR","potentialAction":[{"@type":"ReadAction","target":["https:\/\/gozu.zone\/?product=pochettes-ultra-pro-80-sleeves-standards-pro-matte-eclipse-blanc"]}]},{"@type":"ImageObject","inLanguage":"fr-FR","@id":"https:\/\/gozu.zone\/?product=pochettes-ultra-pro-80-sleeves-standards-pro-matte-eclipse-blanc#primaryimage","url":"https:\/\/gozu.zone\/wp-content\/uploads\/2017\/01\/Pochettes-ULTRA-PRO-80-Sleeves-Standards-Pro-Matte-Eclipse-BLANC.jpg","contentUrl":"https:\/\/gozu.zone\/wp-content\/uploads\/2017\/01\/Pochettes-ULTRA-PRO-80-Sleeves-Standards-Pro-Matte-Eclipse-BLANC.jpg","width":480,"height":480,"caption":"Pochettes-ULTRA-PRO-80-Sleeves-Standards-Pro-Matte-Eclipse-BLANC"},{"@type":"BreadcrumbList","@id":"https:\/\/gozu.zone\/?product=pochettes-ultra-pro-80-sleeves-standards-pro-matte-eclipse-blanc#breadcrumb","itemListElement":[{"@type":"ListItem","position":1,"name":"Accueil","item":"https:\/\/gozu.zone\/"},{"@type":"ListItem","position":2,"name":"BOUTIQUE","item":"https:\/\/gozu.zone\/?page_id=308"},{"@type":"ListItem","position":3,"name":"Pochettes &#8211; ULTRA-PRO &#8211; 80 Sleeves Standards &#8211; Pro Matte Eclipse &#8211; BLANC"}]},{"@type":"WebSite","@id":"https:\/\/gozu.zone\/#website","url":"https:\/\/gozu.zone\/","name":"GOZU ZONE","description":"Toujours plus pour vos jeux","potentialAction":[{"@type":"SearchAction","target":{"@type":"EntryPoint","urlTemplate":"https:\/\/gozu.zone\/?s={search_term_string}"},"query-input":{"@type":"PropertyValueSpecification","valueRequired":true,"valueName":"search_term_string"}}],"inLanguage":"fr-FR"}]}},"_links":{"self":[{"href":"https:\/\/gozu.zone\/index.php?rest_route=\/wp\/v2\/product\/4600","targetHints":{"allow":["GET"]}}],"collection":[{"href":"https:\/\/gozu.zone\/index.php?rest_route=\/wp\/v2\/product"}],"about":[{"href":"https:\/\/gozu.zone\/index.php?rest_route=\/wp\/v2\/types\/product"}],"replies":[{"embeddable":true,"href":"https:\/\/gozu.zone\/index.php?rest_route=%2Fwp%2Fv2%2Fcomments&post=4600"}],"wp:featuredmedia":[{"embeddable":true,"href":"https:\/\/gozu.zone\/index.php?rest_route=\/wp\/v2\/media\/4603"}],"wp:attachment":[{"href":"https:\/\/gozu.zone\/index.php?rest_route=%2Fwp%2Fv2%2Fmedia&parent=4600"}],"wp:term":[{"taxonomy":"product_brand","embeddable":true,"href":"https:\/\/gozu.zone\/index.php?rest_route=%2Fwp%2Fv2%2Fproduct_brand&post=4600"},{"taxonomy":"product_cat","embeddable":true,"href":"https:\/\/gozu.zone\/index.php?rest_route=%2Fwp%2Fv2%2Fproduct_cat&post=4600"},{"taxonomy":"product_tag","embeddable":true,"href":"https:\/\/gozu.zone\/index.php?rest_route=%2Fwp%2Fv2%2Fproduct_tag&post=4600"}],"curies":[{"name":"wp","href":"https:\/\/api.w.org\/{rel}","templated":true}]}}