{"id":4747,"date":"2017-02-17T20:28:56","date_gmt":"2017-02-17T20:28:56","guid":{"rendered":"https:\/\/gozu.zone\/?post_type=product&#038;p=4747"},"modified":"2017-02-19T11:20:41","modified_gmt":"2017-02-19T11:20:41","slug":"rangement-star-wars-destiny","status":"publish","type":"product","link":"https:\/\/gozu.zone\/?product=rangement-star-wars-destiny","title":{"rendered":"Rangement D\u00e9s &#8211; Star Wars Destiny \u2122"},"content":{"rendered":"<div class=\"sketchfab-embed-wrapper\">\n<p><iframe loading=\"lazy\" src=\"https:\/\/sketchfab.com\/models\/a317da6f385e4172bfd2ed35caf8bcf5\/embed\" width=\"640\" height=\"480\" frameborder=\"0\" allowfullscreen=\"allowfullscreen\"><\/iframe><\/p>\n<p style=\"font-size: 13px; font-weight: normal; margin: 5px; color: #4a4a4a;\"><a style=\"font-weight: bold; color: #1caad9;\" href=\"https:\/\/sketchfab.com\/models\/a317da6f385e4172bfd2ed35caf8bcf5?utm_medium=embed&amp;utm_source=website&amp;utm_campain=share-popup\" target=\"_blank\">Rangement pour d\u00e9s jaunes &#8211; Star Wars Destiny<\/a><br \/>\nby <a style=\"font-weight: bold; color: #1caad9;\" href=\"https:\/\/sketchfab.com\/gozu_zone?utm_medium=embed&amp;utm_source=website&amp;utm_campain=share-popup\" target=\"_blank\">gozu_zone<\/a><br \/>\non <a style=\"font-weight: bold; color: #1caad9;\" href=\"https:\/\/sketchfab.com?utm_medium=embed&amp;utm_source=website&amp;utm_campain=share-popup\" target=\"_blank\">Sketchfab<\/a><\/p>\n<\/div>\n<div class=\"sketchfab-embed-wrapper\"><iframe loading=\"lazy\" width=\"640\" height=\"480\" src=\"https:\/\/sketchfab.com\/models\/8d4646b84a5f4cc093f232551e9b3b91\/embed\" frameborder=\"0\" allowvr allowfullscreen mozallowfullscreen=\"true\" webkitallowfullscreen=\"true\" onmousewheel=\"\"><\/iframe><\/p>\n<p style=\"font-size: 13px; font-weight: normal; margin: 5px; color: #4A4A4A;\">\n    <a href=\"https:\/\/sketchfab.com\/models\/8d4646b84a5f4cc093f232551e9b3b91?utm_medium=embed&#038;utm_source=website&#038;utm_campain=share-popup\" target=\"_blank\" style=\"font-weight: bold; color: #1CAAD9;\">Rangements d\u00e9s superpos\u00e9s &#8211; Star Wars destiny<\/a><br \/>\n    by <a href=\"https:\/\/sketchfab.com\/gozu_zone?utm_medium=embed&#038;utm_source=website&#038;utm_campain=share-popup\" target=\"_blank\" style=\"font-weight: bold; color: #1CAAD9;\">gozu_zone<\/a><br \/>\n    on <a href=\"https:\/\/sketchfab.com?utm_medium=embed&#038;utm_source=website&#038;utm_campain=share-popup\" target=\"_blank\" style=\"font-weight: bold; color: #1CAAD9;\">Sketchfab<\/a>\n<\/p>\n<\/div>\n","protected":false},"excerpt":{"rendered":"<p>Ranger de mani\u00e8re \u00e9l\u00e9gante vos d\u00e9s pour\u00a0Star Wars Destiny avec ces plaques de rangement superposable.<\/p>\n<p><strong>Compatible avec <a href=\"http:\/\/pro.gozu.zone\/?product=rangement-cartes-tokens-star-wars-destiny\" target=\"_blank\">les rangements pour\u00a0cartes et tokens<\/a><\/strong><\/p>\n<p>&nbsp;<\/p>\n<p>&nbsp;<\/p>\n","protected":false},"featured_media":4760,"comment_status":"open","ping_status":"closed","template":"","meta":{"_acf_changed":false},"product_brand":[],"product_cat":[439,480,481,309,311],"product_tag":[294,107],"class_list":{"0":"post-4747","1":"product","2":"type-product","3":"status-publish","4":"has-post-thumbnail","6":"product_cat-accessoires","7":"product_cat-divers","8":"product_cat-boitiers-cartes-des-jetons","9":"product_cat-modules","10":"product_cat-organiseurs","11":"product_tag-organiseur","12":"product_tag-rangement","13":"product_shipping_class-livraisonstandard_colis","15":"first","16":"instock","17":"taxable","18":"shipping-taxable","19":"purchasable","20":"product-type-variable"},"acf":[],"yoast_head":"<!-- This site is optimized with the Yoast SEO plugin v25.3 - https:\/\/yoast.com\/wordpress\/plugins\/seo\/ -->\n<title>Acheter Rangement D\u00e9s - Star Wars Destiny \u2122 - GOZU ZONE - Jeux et Accessoires<\/title>\n<meta name=\"robots\" content=\"index, follow, max-snippet:-1, max-image-preview:large, max-video-preview:-1\" \/>\n<link rel=\"canonical\" href=\"https:\/\/gozu.zone\/?product=rangement-star-wars-destiny\" \/>\n<meta property=\"og:locale\" content=\"fr_FR\" \/>\n<meta property=\"og:type\" content=\"article\" \/>\n<meta property=\"og:title\" content=\"Acheter Rangement D\u00e9s - Star Wars Destiny \u2122 - GOZU ZONE - Jeux et Accessoires\" \/>\n<meta property=\"og:description\" content=\"Ranger de mani\u00e8re \u00e9l\u00e9gante vos d\u00e9s pour\u00a0Star Wars Destiny avec ces plaques de rangement superposable.  Compatible avec les rangements pour\u00a0cartes et tokens  &nbsp;  &nbsp;\" \/>\n<meta property=\"og:url\" content=\"https:\/\/gozu.zone\/?product=rangement-star-wars-destiny\" \/>\n<meta property=\"og:site_name\" content=\"GOZU ZONE\" \/>\n<meta property=\"article:publisher\" content=\"https:\/\/www.facebook.com\/gozuzone\/\" \/>\n<meta property=\"article:modified_time\" content=\"2017-02-19T11:20:41+00:00\" \/>\n<meta property=\"og:image\" content=\"https:\/\/gozu.zone\/wp-content\/uploads\/2017\/02\/star-wars-destiny-rangement-des-1.jpg\" \/>\n\t<meta property=\"og:image:width\" content=\"400\" \/>\n\t<meta property=\"og:image:height\" content=\"400\" \/>\n\t<meta property=\"og:image:type\" content=\"image\/jpeg\" \/>\n<meta name=\"twitter:card\" content=\"summary_large_image\" \/>\n<meta name=\"twitter:site\" content=\"@gozuzone\" \/>\n<script type=\"application\/ld+json\" class=\"yoast-schema-graph\">{\"@context\":\"https:\/\/schema.org\",\"@graph\":[{\"@type\":\"WebPage\",\"@id\":\"https:\/\/gozu.zone\/?product=rangement-star-wars-destiny\",\"url\":\"https:\/\/gozu.zone\/?product=rangement-star-wars-destiny\",\"name\":\"Acheter Rangement D\u00e9s - Star Wars Destiny \u2122 - GOZU ZONE - Jeux et Accessoires\",\"isPartOf\":{\"@id\":\"https:\/\/gozu.zone\/#website\"},\"primaryImageOfPage\":{\"@id\":\"https:\/\/gozu.zone\/?product=rangement-star-wars-destiny#primaryimage\"},\"image\":{\"@id\":\"https:\/\/gozu.zone\/?product=rangement-star-wars-destiny#primaryimage\"},\"thumbnailUrl\":\"https:\/\/gozu.zone\/wp-content\/uploads\/2017\/02\/star-wars-destiny-rangement-des-1.jpg\",\"datePublished\":\"2017-02-17T20:28:56+00:00\",\"dateModified\":\"2017-02-19T11:20:41+00:00\",\"breadcrumb\":{\"@id\":\"https:\/\/gozu.zone\/?product=rangement-star-wars-destiny#breadcrumb\"},\"inLanguage\":\"fr-FR\",\"potentialAction\":[{\"@type\":\"ReadAction\",\"target\":[\"https:\/\/gozu.zone\/?product=rangement-star-wars-destiny\"]}]},{\"@type\":\"ImageObject\",\"inLanguage\":\"fr-FR\",\"@id\":\"https:\/\/gozu.zone\/?product=rangement-star-wars-destiny#primaryimage\",\"url\":\"https:\/\/gozu.zone\/wp-content\/uploads\/2017\/02\/star-wars-destiny-rangement-des-1.jpg\",\"contentUrl\":\"https:\/\/gozu.zone\/wp-content\/uploads\/2017\/02\/star-wars-destiny-rangement-des-1.jpg\",\"width\":400,\"height\":400,\"caption\":\"star-wars-destiny-rangement-des\"},{\"@type\":\"BreadcrumbList\",\"@id\":\"https:\/\/gozu.zone\/?product=rangement-star-wars-destiny#breadcrumb\",\"itemListElement\":[{\"@type\":\"ListItem\",\"position\":1,\"name\":\"Accueil\",\"item\":\"https:\/\/gozu.zone\/\"},{\"@type\":\"ListItem\",\"position\":2,\"name\":\"BOUTIQUE\",\"item\":\"https:\/\/gozu.zone\/?page_id=308\"},{\"@type\":\"ListItem\",\"position\":3,\"name\":\"Rangement D\u00e9s &#8211; Star Wars Destiny \u2122\"}]},{\"@type\":\"WebSite\",\"@id\":\"https:\/\/gozu.zone\/#website\",\"url\":\"https:\/\/gozu.zone\/\",\"name\":\"GOZU ZONE\",\"description\":\"Toujours plus pour vos jeux\",\"potentialAction\":[{\"@type\":\"SearchAction\",\"target\":{\"@type\":\"EntryPoint\",\"urlTemplate\":\"https:\/\/gozu.zone\/?s={search_term_string}\"},\"query-input\":{\"@type\":\"PropertyValueSpecification\",\"valueRequired\":true,\"valueName\":\"search_term_string\"}}],\"inLanguage\":\"fr-FR\"}]}<\/script>\n<!-- \/ Yoast SEO plugin. -->","yoast_head_json":{"title":"Acheter Rangement D\u00e9s - Star Wars Destiny \u2122 - GOZU ZONE - Jeux et Accessoires","robots":{"index":"index","follow":"follow","max-snippet":"max-snippet:-1","max-image-preview":"max-image-preview:large","max-video-preview":"max-video-preview:-1"},"canonical":"https:\/\/gozu.zone\/?product=rangement-star-wars-destiny","og_locale":"fr_FR","og_type":"article","og_title":"Acheter Rangement D\u00e9s - Star Wars Destiny \u2122 - GOZU ZONE - Jeux et Accessoires","og_description":"Ranger de mani\u00e8re \u00e9l\u00e9gante vos d\u00e9s pour\u00a0Star Wars Destiny avec ces plaques de rangement superposable.  Compatible avec les rangements pour\u00a0cartes et tokens  &nbsp;  &nbsp;","og_url":"https:\/\/gozu.zone\/?product=rangement-star-wars-destiny","og_site_name":"GOZU ZONE","article_publisher":"https:\/\/www.facebook.com\/gozuzone\/","article_modified_time":"2017-02-19T11:20:41+00:00","og_image":[{"width":400,"height":400,"url":"https:\/\/gozu.zone\/wp-content\/uploads\/2017\/02\/star-wars-destiny-rangement-des-1.jpg","type":"image\/jpeg"}],"twitter_card":"summary_large_image","twitter_site":"@gozuzone","schema":{"@context":"https:\/\/schema.org","@graph":[{"@type":"WebPage","@id":"https:\/\/gozu.zone\/?product=rangement-star-wars-destiny","url":"https:\/\/gozu.zone\/?product=rangement-star-wars-destiny","name":"Acheter Rangement D\u00e9s - Star Wars Destiny \u2122 - GOZU ZONE - Jeux et Accessoires","isPartOf":{"@id":"https:\/\/gozu.zone\/#website"},"primaryImageOfPage":{"@id":"https:\/\/gozu.zone\/?product=rangement-star-wars-destiny#primaryimage"},"image":{"@id":"https:\/\/gozu.zone\/?product=rangement-star-wars-destiny#primaryimage"},"thumbnailUrl":"https:\/\/gozu.zone\/wp-content\/uploads\/2017\/02\/star-wars-destiny-rangement-des-1.jpg","datePublished":"2017-02-17T20:28:56+00:00","dateModified":"2017-02-19T11:20:41+00:00","breadcrumb":{"@id":"https:\/\/gozu.zone\/?product=rangement-star-wars-destiny#breadcrumb"},"inLanguage":"fr-FR","potentialAction":[{"@type":"ReadAction","target":["https:\/\/gozu.zone\/?product=rangement-star-wars-destiny"]}]},{"@type":"ImageObject","inLanguage":"fr-FR","@id":"https:\/\/gozu.zone\/?product=rangement-star-wars-destiny#primaryimage","url":"https:\/\/gozu.zone\/wp-content\/uploads\/2017\/02\/star-wars-destiny-rangement-des-1.jpg","contentUrl":"https:\/\/gozu.zone\/wp-content\/uploads\/2017\/02\/star-wars-destiny-rangement-des-1.jpg","width":400,"height":400,"caption":"star-wars-destiny-rangement-des"},{"@type":"BreadcrumbList","@id":"https:\/\/gozu.zone\/?product=rangement-star-wars-destiny#breadcrumb","itemListElement":[{"@type":"ListItem","position":1,"name":"Accueil","item":"https:\/\/gozu.zone\/"},{"@type":"ListItem","position":2,"name":"BOUTIQUE","item":"https:\/\/gozu.zone\/?page_id=308"},{"@type":"ListItem","position":3,"name":"Rangement D\u00e9s &#8211; Star Wars Destiny \u2122"}]},{"@type":"WebSite","@id":"https:\/\/gozu.zone\/#website","url":"https:\/\/gozu.zone\/","name":"GOZU ZONE","description":"Toujours plus pour vos jeux","potentialAction":[{"@type":"SearchAction","target":{"@type":"EntryPoint","urlTemplate":"https:\/\/gozu.zone\/?s={search_term_string}"},"query-input":{"@type":"PropertyValueSpecification","valueRequired":true,"valueName":"search_term_string"}}],"inLanguage":"fr-FR"}]}},"_links":{"self":[{"href":"https:\/\/gozu.zone\/index.php?rest_route=\/wp\/v2\/product\/4747","targetHints":{"allow":["GET"]}}],"collection":[{"href":"https:\/\/gozu.zone\/index.php?rest_route=\/wp\/v2\/product"}],"about":[{"href":"https:\/\/gozu.zone\/index.php?rest_route=\/wp\/v2\/types\/product"}],"replies":[{"embeddable":true,"href":"https:\/\/gozu.zone\/index.php?rest_route=%2Fwp%2Fv2%2Fcomments&post=4747"}],"wp:featuredmedia":[{"embeddable":true,"href":"https:\/\/gozu.zone\/index.php?rest_route=\/wp\/v2\/media\/4760"}],"wp:attachment":[{"href":"https:\/\/gozu.zone\/index.php?rest_route=%2Fwp%2Fv2%2Fmedia&parent=4747"}],"wp:term":[{"taxonomy":"product_brand","embeddable":true,"href":"https:\/\/gozu.zone\/index.php?rest_route=%2Fwp%2Fv2%2Fproduct_brand&post=4747"},{"taxonomy":"product_cat","embeddable":true,"href":"https:\/\/gozu.zone\/index.php?rest_route=%2Fwp%2Fv2%2Fproduct_cat&post=4747"},{"taxonomy":"product_tag","embeddable":true,"href":"https:\/\/gozu.zone\/index.php?rest_route=%2Fwp%2Fv2%2Fproduct_tag&post=4747"}],"curies":[{"name":"wp","href":"https:\/\/api.w.org\/{rel}","templated":true}]}}