{"id":4784,"date":"2017-02-19T13:13:14","date_gmt":"2017-02-19T13:13:14","guid":{"rendered":"https:\/\/gozu.zone\/?product=rangements-7-wonders-duel"},"modified":"2025-03-26T09:04:51","modified_gmt":"2025-03-26T09:04:51","slug":"rangements-7-wonders-duel","status":"publish","type":"product","link":"https:\/\/gozu.zone\/?product=rangements-7-wonders-duel","title":{"rendered":"Rangements \u2013 7 wonders DUEL \u2122"},"content":{"rendered":"<p>Vous souhaitez organiser au mieux votre 7 wonders DUEL \u2122 et son extension Panth\u00e9on dans la m\u00eame bo\u00eete ? Gozu Zone a sp\u00e9cialement con\u00e7u ces deux modules pour vous permettre de r\u00e9utiliser le thermoformage de panth\u00e9on sans vous ruiner !<\/p>\n<p>&nbsp;<\/p>\n<h2>Rangements \u2013 7 wonders DUEL \u2122\u00a0 contient :<\/h2>\n<ul>\n<li>1 module pour les cartes \u00ab\u00a0age et guilde\u00a0\u00bb pochet\u00e9es* au format \u00a0mini-european<\/li>\n<li>1 module pour les pi\u00e8ces et autres jetons ( progr\u00e8s, militaire etc &#8230; ) sur lequel viennent se placer les cartes merveilles<\/li>\n<\/ul>\n<p>&nbsp;<\/p>\n<h2>Aper\u00e7u en 3D des modules<\/h2>\n<div class=\"sketchfab-embed-wrapper\">\n<p><iframe loading=\"lazy\" src=\"https:\/\/sketchfab.com\/models\/9d0ab757cd6d4efd968db972a883dcc3\/embed\" width=\"640\" height=\"480\" frameborder=\"0\" allowfullscreen=\"allowfullscreen\"><\/iframe><\/p>\n<p style=\"font-size: 13px; font-weight: normal; margin: 5px; color: #4a4a4a;\"><a style=\"font-weight: bold; color: #1caad9;\" href=\"https:\/\/sketchfab.com\/models\/9d0ab757cd6d4efd968db972a883dcc3?utm_medium=embed&amp;utm_source=website&amp;utm_campain=share-popup\" target=\"_blank\" rel=\"noopener\">Rangement &#8211; 7 wonders DUEL<\/a><br \/>\nby <a style=\"font-weight: bold; color: #1caad9;\" href=\"https:\/\/sketchfab.com\/gozu_zone?utm_medium=embed&amp;utm_source=website&amp;utm_campain=share-popup\" target=\"_blank\" rel=\"noopener\">gozu_zone<\/a><br \/>\non <a style=\"font-weight: bold; color: #1caad9;\" href=\"https:\/\/sketchfab.com?utm_medium=embed&amp;utm_source=website&amp;utm_campain=share-popup\" target=\"_blank\" rel=\"noopener\">Sketchfab<\/a><\/p>\n<\/div>\n<p><em>* les pochettes utilis\u00e9es sont de la marque fantasy flight games\u00a0: <a href=\"https:\/\/gozu.zone\/?product=pochettes-ffg-50-mini-european-board-game\" target=\"_blank\" rel=\"noopener\">voir le produit<\/a><\/em><\/p>\n<p>&nbsp;<\/p>\n<hr \/>\n<p>&nbsp;<\/p>\n<p class=\"disclaimer\">7 wonder DUEL\u2122\u00a0est un jeu d&rsquo;Antoine Bauza \u00e9dit\u00e9 par REPOS PRODUCTION. Gozu Zone propose de sa propre initiative des rangements compatibles avec ce jeu et ses extensions, qui demeurent la propri\u00e9t\u00e9 de l&rsquo;\u00e9diteur. Ce dernier n&rsquo;assume aucune responsabilit\u00e9 quant \u00e0 nos produits.<\/p>\n","protected":false},"excerpt":{"rendered":"<p>2 modules de rangement pour pouvoir int\u00e9grer l&rsquo;<strong>extension panth\u00e9on<\/strong> dans la boite de base de 7 wonders DUEL \u2122<\/p>\n","protected":false},"featured_media":4785,"comment_status":"open","ping_status":"closed","template":"","meta":{"_acf_changed":false},"product_brand":[],"product_cat":[761,439,311],"product_tag":[294,107,459],"class_list":{"0":"post-4784","1":"product","2":"type-product","3":"status-publish","4":"has-post-thumbnail","6":"product_cat-7-wonders-duel","7":"product_cat-accessoires","8":"product_cat-organiseurs","9":"product_tag-organiseur","10":"product_tag-rangement","11":"product_tag-rangements-j2s","12":"product_shipping_class-livraisonstandard_colis","14":"first","15":"instock","16":"taxable","17":"shipping-taxable","18":"purchasable","19":"product-type-simple"},"acf":[],"yoast_head":"<!-- This site is optimized with the Yoast SEO plugin v25.3 - https:\/\/yoast.com\/wordpress\/plugins\/seo\/ -->\n<title>Acheter Rangements \u2013 7 wonders DUEL \u2122 - GOZU ZONE - Jeux et Accessoires<\/title>\n<meta name=\"robots\" content=\"index, follow, max-snippet:-1, max-image-preview:large, max-video-preview:-1\" \/>\n<link rel=\"canonical\" href=\"https:\/\/gozu.zone\/?product=rangements-7-wonders-duel\" \/>\n<meta property=\"og:locale\" content=\"fr_FR\" \/>\n<meta property=\"og:type\" content=\"article\" \/>\n<meta property=\"og:title\" content=\"Acheter Rangements \u2013 7 wonders DUEL \u2122 - GOZU ZONE - Jeux et Accessoires\" \/>\n<meta property=\"og:description\" content=\"2 modules de rangement pour pouvoir int\u00e9grer l&#039;extension panth\u00e9on dans la boite de base de 7 wonders DUEL \u2122\" \/>\n<meta property=\"og:url\" content=\"https:\/\/gozu.zone\/?product=rangements-7-wonders-duel\" \/>\n<meta property=\"og:site_name\" content=\"GOZU ZONE\" \/>\n<meta property=\"article:publisher\" content=\"https:\/\/www.facebook.com\/gozuzone\/\" \/>\n<meta property=\"article:modified_time\" content=\"2025-03-26T09:04:51+00:00\" \/>\n<meta property=\"og:image\" content=\"https:\/\/gozu.zone\/wp-content\/uploads\/2017\/02\/7-wonder-duel-rangement-gozu-zone-.jpg\" \/>\n\t<meta property=\"og:image:width\" content=\"640\" \/>\n\t<meta property=\"og:image:height\" content=\"640\" \/>\n\t<meta property=\"og:image:type\" content=\"image\/jpeg\" \/>\n<meta name=\"twitter:card\" content=\"summary_large_image\" \/>\n<meta name=\"twitter:site\" content=\"@gozuzone\" \/>\n<meta name=\"twitter:label1\" content=\"Dur\u00e9e de lecture estim\u00e9e\" \/>\n\t<meta name=\"twitter:data1\" content=\"1 minute\" \/>\n<script type=\"application\/ld+json\" class=\"yoast-schema-graph\">{\"@context\":\"https:\/\/schema.org\",\"@graph\":[{\"@type\":\"WebPage\",\"@id\":\"https:\/\/gozu.zone\/?product=rangements-7-wonders-duel\",\"url\":\"https:\/\/gozu.zone\/?product=rangements-7-wonders-duel\",\"name\":\"Acheter Rangements \u2013 7 wonders DUEL \u2122 - GOZU ZONE - Jeux et Accessoires\",\"isPartOf\":{\"@id\":\"https:\/\/gozu.zone\/#website\"},\"primaryImageOfPage\":{\"@id\":\"https:\/\/gozu.zone\/?product=rangements-7-wonders-duel#primaryimage\"},\"image\":{\"@id\":\"https:\/\/gozu.zone\/?product=rangements-7-wonders-duel#primaryimage\"},\"thumbnailUrl\":\"https:\/\/gozu.zone\/wp-content\/uploads\/2017\/02\/7-wonder-duel-rangement-gozu-zone-.jpg\",\"datePublished\":\"2017-02-19T13:13:14+00:00\",\"dateModified\":\"2025-03-26T09:04:51+00:00\",\"breadcrumb\":{\"@id\":\"https:\/\/gozu.zone\/?product=rangements-7-wonders-duel#breadcrumb\"},\"inLanguage\":\"fr-FR\",\"potentialAction\":[{\"@type\":\"ReadAction\",\"target\":[\"https:\/\/gozu.zone\/?product=rangements-7-wonders-duel\"]}]},{\"@type\":\"ImageObject\",\"inLanguage\":\"fr-FR\",\"@id\":\"https:\/\/gozu.zone\/?product=rangements-7-wonders-duel#primaryimage\",\"url\":\"https:\/\/gozu.zone\/wp-content\/uploads\/2017\/02\/7-wonder-duel-rangement-gozu-zone-.jpg\",\"contentUrl\":\"https:\/\/gozu.zone\/wp-content\/uploads\/2017\/02\/7-wonder-duel-rangement-gozu-zone-.jpg\",\"width\":640,\"height\":640,\"caption\":\"Rangements \u2013 7 wonders DUEL\"},{\"@type\":\"BreadcrumbList\",\"@id\":\"https:\/\/gozu.zone\/?product=rangements-7-wonders-duel#breadcrumb\",\"itemListElement\":[{\"@type\":\"ListItem\",\"position\":1,\"name\":\"Accueil\",\"item\":\"https:\/\/gozu.zone\/\"},{\"@type\":\"ListItem\",\"position\":2,\"name\":\"BOUTIQUE\",\"item\":\"https:\/\/gozu.zone\/?page_id=308\"},{\"@type\":\"ListItem\",\"position\":3,\"name\":\"Rangements \u2013 7 wonders DUEL \u2122\"}]},{\"@type\":\"WebSite\",\"@id\":\"https:\/\/gozu.zone\/#website\",\"url\":\"https:\/\/gozu.zone\/\",\"name\":\"GOZU ZONE\",\"description\":\"Toujours plus pour vos jeux\",\"potentialAction\":[{\"@type\":\"SearchAction\",\"target\":{\"@type\":\"EntryPoint\",\"urlTemplate\":\"https:\/\/gozu.zone\/?s={search_term_string}\"},\"query-input\":{\"@type\":\"PropertyValueSpecification\",\"valueRequired\":true,\"valueName\":\"search_term_string\"}}],\"inLanguage\":\"fr-FR\"}]}<\/script>\n<!-- \/ Yoast SEO plugin. -->","yoast_head_json":{"title":"Acheter Rangements \u2013 7 wonders DUEL \u2122 - GOZU ZONE - Jeux et Accessoires","robots":{"index":"index","follow":"follow","max-snippet":"max-snippet:-1","max-image-preview":"max-image-preview:large","max-video-preview":"max-video-preview:-1"},"canonical":"https:\/\/gozu.zone\/?product=rangements-7-wonders-duel","og_locale":"fr_FR","og_type":"article","og_title":"Acheter Rangements \u2013 7 wonders DUEL \u2122 - GOZU ZONE - Jeux et Accessoires","og_description":"2 modules de rangement pour pouvoir int\u00e9grer l'extension panth\u00e9on dans la boite de base de 7 wonders DUEL \u2122","og_url":"https:\/\/gozu.zone\/?product=rangements-7-wonders-duel","og_site_name":"GOZU ZONE","article_publisher":"https:\/\/www.facebook.com\/gozuzone\/","article_modified_time":"2025-03-26T09:04:51+00:00","og_image":[{"width":640,"height":640,"url":"https:\/\/gozu.zone\/wp-content\/uploads\/2017\/02\/7-wonder-duel-rangement-gozu-zone-.jpg","type":"image\/jpeg"}],"twitter_card":"summary_large_image","twitter_site":"@gozuzone","twitter_misc":{"Dur\u00e9e de lecture estim\u00e9e":"1 minute"},"schema":{"@context":"https:\/\/schema.org","@graph":[{"@type":"WebPage","@id":"https:\/\/gozu.zone\/?product=rangements-7-wonders-duel","url":"https:\/\/gozu.zone\/?product=rangements-7-wonders-duel","name":"Acheter Rangements \u2013 7 wonders DUEL \u2122 - GOZU ZONE - Jeux et Accessoires","isPartOf":{"@id":"https:\/\/gozu.zone\/#website"},"primaryImageOfPage":{"@id":"https:\/\/gozu.zone\/?product=rangements-7-wonders-duel#primaryimage"},"image":{"@id":"https:\/\/gozu.zone\/?product=rangements-7-wonders-duel#primaryimage"},"thumbnailUrl":"https:\/\/gozu.zone\/wp-content\/uploads\/2017\/02\/7-wonder-duel-rangement-gozu-zone-.jpg","datePublished":"2017-02-19T13:13:14+00:00","dateModified":"2025-03-26T09:04:51+00:00","breadcrumb":{"@id":"https:\/\/gozu.zone\/?product=rangements-7-wonders-duel#breadcrumb"},"inLanguage":"fr-FR","potentialAction":[{"@type":"ReadAction","target":["https:\/\/gozu.zone\/?product=rangements-7-wonders-duel"]}]},{"@type":"ImageObject","inLanguage":"fr-FR","@id":"https:\/\/gozu.zone\/?product=rangements-7-wonders-duel#primaryimage","url":"https:\/\/gozu.zone\/wp-content\/uploads\/2017\/02\/7-wonder-duel-rangement-gozu-zone-.jpg","contentUrl":"https:\/\/gozu.zone\/wp-content\/uploads\/2017\/02\/7-wonder-duel-rangement-gozu-zone-.jpg","width":640,"height":640,"caption":"Rangements \u2013 7 wonders DUEL"},{"@type":"BreadcrumbList","@id":"https:\/\/gozu.zone\/?product=rangements-7-wonders-duel#breadcrumb","itemListElement":[{"@type":"ListItem","position":1,"name":"Accueil","item":"https:\/\/gozu.zone\/"},{"@type":"ListItem","position":2,"name":"BOUTIQUE","item":"https:\/\/gozu.zone\/?page_id=308"},{"@type":"ListItem","position":3,"name":"Rangements \u2013 7 wonders DUEL \u2122"}]},{"@type":"WebSite","@id":"https:\/\/gozu.zone\/#website","url":"https:\/\/gozu.zone\/","name":"GOZU ZONE","description":"Toujours plus pour vos jeux","potentialAction":[{"@type":"SearchAction","target":{"@type":"EntryPoint","urlTemplate":"https:\/\/gozu.zone\/?s={search_term_string}"},"query-input":{"@type":"PropertyValueSpecification","valueRequired":true,"valueName":"search_term_string"}}],"inLanguage":"fr-FR"}]}},"_links":{"self":[{"href":"https:\/\/gozu.zone\/index.php?rest_route=\/wp\/v2\/product\/4784","targetHints":{"allow":["GET"]}}],"collection":[{"href":"https:\/\/gozu.zone\/index.php?rest_route=\/wp\/v2\/product"}],"about":[{"href":"https:\/\/gozu.zone\/index.php?rest_route=\/wp\/v2\/types\/product"}],"replies":[{"embeddable":true,"href":"https:\/\/gozu.zone\/index.php?rest_route=%2Fwp%2Fv2%2Fcomments&post=4784"}],"wp:featuredmedia":[{"embeddable":true,"href":"https:\/\/gozu.zone\/index.php?rest_route=\/wp\/v2\/media\/4785"}],"wp:attachment":[{"href":"https:\/\/gozu.zone\/index.php?rest_route=%2Fwp%2Fv2%2Fmedia&parent=4784"}],"wp:term":[{"taxonomy":"product_brand","embeddable":true,"href":"https:\/\/gozu.zone\/index.php?rest_route=%2Fwp%2Fv2%2Fproduct_brand&post=4784"},{"taxonomy":"product_cat","embeddable":true,"href":"https:\/\/gozu.zone\/index.php?rest_route=%2Fwp%2Fv2%2Fproduct_cat&post=4784"},{"taxonomy":"product_tag","embeddable":true,"href":"https:\/\/gozu.zone\/index.php?rest_route=%2Fwp%2Fv2%2Fproduct_tag&post=4784"}],"curies":[{"name":"wp","href":"https:\/\/api.w.org\/{rel}","templated":true}]}}