{"id":4798,"date":"2017-02-24T22:02:14","date_gmt":"2017-02-24T22:02:14","guid":{"rendered":"https:\/\/gozu.zone\/?product=dragon-keeper"},"modified":"2019-05-15T18:51:04","modified_gmt":"2019-05-15T18:51:04","slug":"dragon-keeper","status":"publish","type":"product","link":"https:\/\/gozu.zone\/?product=dragon-keeper","title":{"rendered":"Dragon Keeper"},"content":{"rendered":"<p><strong>Dragon Keeper &#8211;\u00a0<\/strong>En ces temps recul\u00e9s o\u00f9 les hommes et les dragons sont ennemis, d\u2019anciens aventuriers ont trahi leur guilde d\u2019origine et sont maintenant au service d\u2019un dragon. Ils le prot\u00e8gent des assauts r\u00e9p\u00e9t\u00e9s d\u2019aventuriers attir\u00e9s par le fabuleux tr\u00e9sor du dragon qui est enfoui dans les sous-sols du ch\u00e2teau. Gardiens du ch\u00e2teau du dragon, vous combattez\u00a0 les aventuriers.<\/p>\n<p>Vous d\u00e9placez le dragon pour collecter des tuiles (positives ou n\u00e9gatives suivant votre Guilde d\u2019origine)\u00a0 et en donner \u00e0 votre voisin. Il vous faudra positionner judicieusement le dragon , surveiller vos tr\u00e9sors, sans oublier le tribut au dragon\u2026<\/p>\n<p><strong>Dragon Keeper <\/strong>est un faux coop\u00e9ratif o\u00f9 chacun joue pour soi, avec une d\u00e9faite qui peut-\u00eatre collective.<\/p>\n<p>En d\u00e9but de partie, chaque joueur re\u00e7oit une identit\u00e9 secr\u00e8te correspondant \u00e0 la guilde \u00e0 laquelle appartenait son personnage (guerrier, voleur\u2026). On remplit les 3 plateaux\u00a0 de tuiles. Chaque tuile repr\u00e9sente une guilde\u00a0 et offre un certain nombre de points (de 1 \u00e0 6).<\/p>\n<p>\u00c0 chaque tour, vous r\u00e9cup\u00e9rez une tuile et vous en donnez une au joueur pr\u00e9c\u00e9dant. La tuile que pourra r\u00e9cup\u00e9rer le joueur suivant d\u00e9pendra de l\u2019emplacement de la tuile que vous avez donn\u00e9e cr\u00e9ant ainsi une interaction forte.<\/p>\n<p>L\u2019objectif pour chaque joueur est de r\u00e9cup\u00e9rer le plus de points mais le moins de tuiles qui correspondent \u00e0 sa guilde. Si un joueur ne peut plus d\u00e9placer le dragon, le tour s\u2019arr\u00eate. On enl\u00e8ve le plateau de ce ce niveau et on passe au suivant. Selon le nombre de tuiles restant dans le niveau termin\u00e9, chaque joueur doit payer une p\u00e9nalit\u00e9 au dragon. Si un joueur ne peut pas payer, il est \u00e9limin\u00e9. On r\u00e9cup\u00e8re de l\u2019argent chaque fois qu\u2019on donne \u00e0 son voisin de droite une tuile valant 3 points ou plus. Certaines tuiles ont aussi une action sp\u00e9ciale qui va permettre de jouer un tour de plus, d\u2019\u00e9changer une tuile avec un adversaire, de supprimer en fin de partie des tuiles de sa guilde\u2026En fin de partie, il faudra payer un tribut : chaque joueur d\u00e9fausse sa pile la plus haute. Si c\u2019est sa guilde d\u2019origine, Il d\u00e9fausse\u00a0 \u00e9galement la deuxi\u00e8me plus haute. On compte ensuite les points, sachant que les tuiles de la guide d\u2019origine valent des points n\u00e9gatifs.<\/p>\n<h2><\/h2>\n<h2>Explication Vid\u00e9o de Dragon Keeper<\/h2>\n<p style=\"text-align: center;\"><iframe loading=\"lazy\" src=\"https:\/\/player.trictrac.tv\/embed\/Dragon_Keeper_de_l_explipartie\" width=\"640\" height=\"360\" frameborder=\"0\" allowfullscreen=\"allowfullscreen\"><\/iframe><\/p>\n<div class=\"disclaimer material\">\n<h3><\/h3>\n<h3>Contenu du jeu<\/h3>\n<ul>\n<li>3 plateaux Donjon<a href=\"http:\/\/pro.gozu.zone\/wp-content\/uploads\/2017\/02\/matos-et-box.jpg\"><img loading=\"lazy\" decoding=\"async\" class=\"wp-image-4800 alignright\" src=\"http:\/\/pro.gozu.zone\/wp-content\/uploads\/2017\/02\/matos-et-box-300x169.jpg\" alt=\"\" width=\"252\" height=\"142\" srcset=\"https:\/\/gozu.zone\/wp-content\/uploads\/2017\/02\/matos-et-box-300x169.jpg 300w, https:\/\/gozu.zone\/wp-content\/uploads\/2017\/02\/matos-et-box-510x287.jpg 510w, https:\/\/gozu.zone\/wp-content\/uploads\/2017\/02\/matos-et-box-768x432.jpg 768w, https:\/\/gozu.zone\/wp-content\/uploads\/2017\/02\/matos-et-box-1024x576.jpg 1024w, https:\/\/gozu.zone\/wp-content\/uploads\/2017\/02\/matos-et-box-570x321.jpg 570w\" sizes=\"auto, (max-width: 252px) 100vw, 252px\" \/><\/a><\/li>\n<li>75 tuiles Aventurier<\/li>\n<li>4 tuiles Guilde d&rsquo;Origine<\/li>\n<li>1 figurine Dragon<\/li>\n<li>24 jetons Tr\u00e9sor<\/li>\n<li>1 r\u00e8gle<\/li>\n<\/ul>\n<\/div>\n","protected":false},"excerpt":{"rendered":"<ul>\n<li><strong>\u00c2ge<\/strong> : 13\u00a0ans et +<\/li>\n<li><strong>Dur\u00e9e<\/strong> : moins de 30 min<\/li>\n<li><strong>Joueurs<\/strong> :\u00a02 \u00e0 4 joueurs<\/li>\n<\/ul>\n","protected":false},"featured_media":4799,"comment_status":"open","ping_status":"closed","template":"","meta":{"_acf_changed":false},"product_brand":[],"product_cat":[323,361],"product_tag":[399,378,352,398],"class_list":{"0":"post-4798","1":"product","2":"type-product","3":"status-publish","4":"has-post-thumbnail","6":"product_cat-jeux","7":"product_cat-familiaux","8":"product_tag-collection","9":"product_tag-deduction","10":"product_tag-fantastique","11":"product_tag-medieval","12":"product_shipping_class-livraisonstandard_enveloppe-fr","14":"first","15":"instock","16":"sale","17":"taxable","18":"shipping-taxable","19":"purchasable","20":"product-type-simple"},"acf":[],"yoast_head":"<!-- This site is optimized with the Yoast SEO plugin v25.3 - https:\/\/yoast.com\/wordpress\/plugins\/seo\/ -->\n<title>Acheter Dragon Keeper - Boutique GOZU ZONE - Jeux et Accessoires<\/title>\n<meta name=\"description\" content=\"Dragon Keeper un jeu Ilopeli de Etienne Daniault. De 2 \u00e0 4 joueurs \u00e0 partir de 13 ans. Temps de jeu : moins de 30 minutes\" \/>\n<meta name=\"robots\" content=\"index, follow, max-snippet:-1, max-image-preview:large, max-video-preview:-1\" \/>\n<link rel=\"canonical\" href=\"https:\/\/gozu.zone\/?product=dragon-keeper\" \/>\n<meta property=\"og:locale\" content=\"fr_FR\" \/>\n<meta property=\"og:type\" content=\"article\" \/>\n<meta property=\"og:title\" content=\"Acheter Dragon Keeper - Boutique GOZU ZONE - Jeux et Accessoires\" \/>\n<meta property=\"og:description\" content=\"Dragon Keeper un jeu Ilopeli de Etienne Daniault. De 2 \u00e0 4 joueurs \u00e0 partir de 13 ans. Temps de jeu : moins de 30 minutes\" \/>\n<meta property=\"og:url\" content=\"https:\/\/gozu.zone\/?product=dragon-keeper\" \/>\n<meta property=\"og:site_name\" content=\"GOZU ZONE\" \/>\n<meta property=\"article:publisher\" content=\"https:\/\/www.facebook.com\/gozuzone\/\" \/>\n<meta property=\"article:modified_time\" content=\"2019-05-15T18:51:04+00:00\" \/>\n<meta property=\"og:image\" content=\"https:\/\/gozu.zone\/wp-content\/uploads\/2017\/02\/Dragon-Keeper-ilopeli.jpg\" \/>\n\t<meta property=\"og:image:width\" content=\"640\" \/>\n\t<meta property=\"og:image:height\" content=\"640\" \/>\n\t<meta property=\"og:image:type\" content=\"image\/jpeg\" \/>\n<meta name=\"twitter:card\" content=\"summary_large_image\" \/>\n<meta name=\"twitter:site\" content=\"@gozuzone\" \/>\n<meta name=\"twitter:label1\" content=\"Dur\u00e9e de lecture estim\u00e9e\" \/>\n\t<meta name=\"twitter:data1\" content=\"2 minutes\" \/>\n<script type=\"application\/ld+json\" class=\"yoast-schema-graph\">{\"@context\":\"https:\/\/schema.org\",\"@graph\":[{\"@type\":\"WebPage\",\"@id\":\"https:\/\/gozu.zone\/?product=dragon-keeper\",\"url\":\"https:\/\/gozu.zone\/?product=dragon-keeper\",\"name\":\"Acheter Dragon Keeper - Boutique GOZU ZONE - Jeux et Accessoires\",\"isPartOf\":{\"@id\":\"https:\/\/gozu.zone\/#website\"},\"primaryImageOfPage\":{\"@id\":\"https:\/\/gozu.zone\/?product=dragon-keeper#primaryimage\"},\"image\":{\"@id\":\"https:\/\/gozu.zone\/?product=dragon-keeper#primaryimage\"},\"thumbnailUrl\":\"https:\/\/gozu.zone\/wp-content\/uploads\/2017\/02\/Dragon-Keeper-ilopeli.jpg\",\"datePublished\":\"2017-02-24T22:02:14+00:00\",\"dateModified\":\"2019-05-15T18:51:04+00:00\",\"description\":\"Dragon Keeper un jeu Ilopeli de Etienne Daniault. De 2 \u00e0 4 joueurs \u00e0 partir de 13 ans. Temps de jeu : moins de 30 minutes\",\"breadcrumb\":{\"@id\":\"https:\/\/gozu.zone\/?product=dragon-keeper#breadcrumb\"},\"inLanguage\":\"fr-FR\",\"potentialAction\":[{\"@type\":\"ReadAction\",\"target\":[\"https:\/\/gozu.zone\/?product=dragon-keeper\"]}]},{\"@type\":\"ImageObject\",\"inLanguage\":\"fr-FR\",\"@id\":\"https:\/\/gozu.zone\/?product=dragon-keeper#primaryimage\",\"url\":\"https:\/\/gozu.zone\/wp-content\/uploads\/2017\/02\/Dragon-Keeper-ilopeli.jpg\",\"contentUrl\":\"https:\/\/gozu.zone\/wp-content\/uploads\/2017\/02\/Dragon-Keeper-ilopeli.jpg\",\"width\":640,\"height\":640,\"caption\":\"Dragon Keeper\"},{\"@type\":\"BreadcrumbList\",\"@id\":\"https:\/\/gozu.zone\/?product=dragon-keeper#breadcrumb\",\"itemListElement\":[{\"@type\":\"ListItem\",\"position\":1,\"name\":\"Accueil\",\"item\":\"https:\/\/gozu.zone\/\"},{\"@type\":\"ListItem\",\"position\":2,\"name\":\"BOUTIQUE\",\"item\":\"https:\/\/gozu.zone\/?page_id=308\"},{\"@type\":\"ListItem\",\"position\":3,\"name\":\"Dragon Keeper\"}]},{\"@type\":\"WebSite\",\"@id\":\"https:\/\/gozu.zone\/#website\",\"url\":\"https:\/\/gozu.zone\/\",\"name\":\"GOZU ZONE\",\"description\":\"Toujours plus pour vos jeux\",\"potentialAction\":[{\"@type\":\"SearchAction\",\"target\":{\"@type\":\"EntryPoint\",\"urlTemplate\":\"https:\/\/gozu.zone\/?s={search_term_string}\"},\"query-input\":{\"@type\":\"PropertyValueSpecification\",\"valueRequired\":true,\"valueName\":\"search_term_string\"}}],\"inLanguage\":\"fr-FR\"}]}<\/script>\n<!-- \/ Yoast SEO plugin. -->","yoast_head_json":{"title":"Acheter Dragon Keeper - Boutique GOZU ZONE - Jeux et Accessoires","description":"Dragon Keeper un jeu Ilopeli de Etienne Daniault. De 2 \u00e0 4 joueurs \u00e0 partir de 13 ans. Temps de jeu : moins de 30 minutes","robots":{"index":"index","follow":"follow","max-snippet":"max-snippet:-1","max-image-preview":"max-image-preview:large","max-video-preview":"max-video-preview:-1"},"canonical":"https:\/\/gozu.zone\/?product=dragon-keeper","og_locale":"fr_FR","og_type":"article","og_title":"Acheter Dragon Keeper - Boutique GOZU ZONE - Jeux et Accessoires","og_description":"Dragon Keeper un jeu Ilopeli de Etienne Daniault. De 2 \u00e0 4 joueurs \u00e0 partir de 13 ans. Temps de jeu : moins de 30 minutes","og_url":"https:\/\/gozu.zone\/?product=dragon-keeper","og_site_name":"GOZU ZONE","article_publisher":"https:\/\/www.facebook.com\/gozuzone\/","article_modified_time":"2019-05-15T18:51:04+00:00","og_image":[{"width":640,"height":640,"url":"https:\/\/gozu.zone\/wp-content\/uploads\/2017\/02\/Dragon-Keeper-ilopeli.jpg","type":"image\/jpeg"}],"twitter_card":"summary_large_image","twitter_site":"@gozuzone","twitter_misc":{"Dur\u00e9e de lecture estim\u00e9e":"2 minutes"},"schema":{"@context":"https:\/\/schema.org","@graph":[{"@type":"WebPage","@id":"https:\/\/gozu.zone\/?product=dragon-keeper","url":"https:\/\/gozu.zone\/?product=dragon-keeper","name":"Acheter Dragon Keeper - Boutique GOZU ZONE - Jeux et Accessoires","isPartOf":{"@id":"https:\/\/gozu.zone\/#website"},"primaryImageOfPage":{"@id":"https:\/\/gozu.zone\/?product=dragon-keeper#primaryimage"},"image":{"@id":"https:\/\/gozu.zone\/?product=dragon-keeper#primaryimage"},"thumbnailUrl":"https:\/\/gozu.zone\/wp-content\/uploads\/2017\/02\/Dragon-Keeper-ilopeli.jpg","datePublished":"2017-02-24T22:02:14+00:00","dateModified":"2019-05-15T18:51:04+00:00","description":"Dragon Keeper un jeu Ilopeli de Etienne Daniault. De 2 \u00e0 4 joueurs \u00e0 partir de 13 ans. Temps de jeu : moins de 30 minutes","breadcrumb":{"@id":"https:\/\/gozu.zone\/?product=dragon-keeper#breadcrumb"},"inLanguage":"fr-FR","potentialAction":[{"@type":"ReadAction","target":["https:\/\/gozu.zone\/?product=dragon-keeper"]}]},{"@type":"ImageObject","inLanguage":"fr-FR","@id":"https:\/\/gozu.zone\/?product=dragon-keeper#primaryimage","url":"https:\/\/gozu.zone\/wp-content\/uploads\/2017\/02\/Dragon-Keeper-ilopeli.jpg","contentUrl":"https:\/\/gozu.zone\/wp-content\/uploads\/2017\/02\/Dragon-Keeper-ilopeli.jpg","width":640,"height":640,"caption":"Dragon Keeper"},{"@type":"BreadcrumbList","@id":"https:\/\/gozu.zone\/?product=dragon-keeper#breadcrumb","itemListElement":[{"@type":"ListItem","position":1,"name":"Accueil","item":"https:\/\/gozu.zone\/"},{"@type":"ListItem","position":2,"name":"BOUTIQUE","item":"https:\/\/gozu.zone\/?page_id=308"},{"@type":"ListItem","position":3,"name":"Dragon Keeper"}]},{"@type":"WebSite","@id":"https:\/\/gozu.zone\/#website","url":"https:\/\/gozu.zone\/","name":"GOZU ZONE","description":"Toujours plus pour vos jeux","potentialAction":[{"@type":"SearchAction","target":{"@type":"EntryPoint","urlTemplate":"https:\/\/gozu.zone\/?s={search_term_string}"},"query-input":{"@type":"PropertyValueSpecification","valueRequired":true,"valueName":"search_term_string"}}],"inLanguage":"fr-FR"}]}},"_links":{"self":[{"href":"https:\/\/gozu.zone\/index.php?rest_route=\/wp\/v2\/product\/4798","targetHints":{"allow":["GET"]}}],"collection":[{"href":"https:\/\/gozu.zone\/index.php?rest_route=\/wp\/v2\/product"}],"about":[{"href":"https:\/\/gozu.zone\/index.php?rest_route=\/wp\/v2\/types\/product"}],"replies":[{"embeddable":true,"href":"https:\/\/gozu.zone\/index.php?rest_route=%2Fwp%2Fv2%2Fcomments&post=4798"}],"wp:featuredmedia":[{"embeddable":true,"href":"https:\/\/gozu.zone\/index.php?rest_route=\/wp\/v2\/media\/4799"}],"wp:attachment":[{"href":"https:\/\/gozu.zone\/index.php?rest_route=%2Fwp%2Fv2%2Fmedia&parent=4798"}],"wp:term":[{"taxonomy":"product_brand","embeddable":true,"href":"https:\/\/gozu.zone\/index.php?rest_route=%2Fwp%2Fv2%2Fproduct_brand&post=4798"},{"taxonomy":"product_cat","embeddable":true,"href":"https:\/\/gozu.zone\/index.php?rest_route=%2Fwp%2Fv2%2Fproduct_cat&post=4798"},{"taxonomy":"product_tag","embeddable":true,"href":"https:\/\/gozu.zone\/index.php?rest_route=%2Fwp%2Fv2%2Fproduct_tag&post=4798"}],"curies":[{"name":"wp","href":"https:\/\/api.w.org\/{rel}","templated":true}]}}