{"id":4980,"date":"2017-04-02T19:51:07","date_gmt":"2017-04-02T19:51:07","guid":{"rendered":"https:\/\/gozu.zone\/?product=7-wonders-duel"},"modified":"2025-03-12T07:51:02","modified_gmt":"2025-03-12T07:51:02","slug":"7-wonders-duel","status":"publish","type":"product","link":"https:\/\/gozu.zone\/?product=7-wonders-duel","title":{"rendered":"7 Wonders Duel"},"content":{"rendered":"<p><a href=\"http:\/\/pro.gozu.zone\/wp-content\/uploads\/2017\/04\/Logo-7-Wonders-Duel.png\"><img loading=\"lazy\" decoding=\"async\" class=\"aligncenter wp-image-4985\" src=\"http:\/\/pro.gozu.zone\/wp-content\/uploads\/2017\/04\/Logo-7-Wonders-Duel.png\" alt=\"\" width=\"364\" height=\"179\" srcset=\"https:\/\/gozu.zone\/wp-content\/uploads\/2017\/04\/Logo-7-Wonders-Duel.png 488w, https:\/\/gozu.zone\/wp-content\/uploads\/2017\/04\/Logo-7-Wonders-Duel-300x148.png 300w\" sizes=\"auto, (max-width: 364px) 100vw, 364px\" \/><\/a><\/p>\n<p style=\"text-align: center;\">Dans 7 Wonders Duel, d\u00e9veloppez votre science et votre arm\u00e9e, construisez de prestigieux b\u00e2timents et menez votre civilisation \u00e0 la victoire.<\/p>\n<p style=\"text-align: center;\">7 Wonders Duel est un jeu autonome dans l\u2019univers de 7 Wonders, sp\u00e9cialement con\u00e7u pour 2 joueurs<\/p>\n<p>&nbsp;<\/p>\n<h2>R\u00e8gles de 7 Wonders Duel<\/h2>\n<p>&nbsp;<\/p>\n<p>&nbsp;<\/p>\n<div>\n<h2>Pour ranger et prot\u00e9ger votre jeu<\/h2>\n<p>&nbsp;<\/p>\n<ul>\n<li><a href=\"http:\/\/pro.gozu.zone\/?product=rangements-7-wonders-duel\" target=\"_blank\" rel=\"noopener\">Le rangement GOZU ZONE<\/a><\/li>\n<li><a href=\"http:\/\/pro.gozu.zone\/?product_cat=format-mini-europeen\" target=\"_blank\" rel=\"noopener\">Les pochettes au format\u00a0MINI EUROPEAN<\/a><\/li>\n<li><a href=\"http:\/\/pro.gozu.zone\/?product=50-pochettes-ultra-pro-board-game-65x100-7-wonders\">Les pochettes pour\u00a0MERVEILLE<\/a><\/li>\n<\/ul>\n<\/div>\n<div class=\"disclaimer material\">\n<h2>Contenu de 7 Wonders Duel<\/h2>\n<ul>\n<li>1 plateau de jeu<a href=\"http:\/\/pro.gozu.zone\/wp-content\/uploads\/2017\/04\/box-boite-7-wonders-duel.png\"><img loading=\"lazy\" decoding=\"async\" class=\" wp-image-4981 alignright\" src=\"http:\/\/pro.gozu.zone\/wp-content\/uploads\/2017\/04\/box-boite-7-wonders-duel.png\" alt=\"\" width=\"267\" height=\"220\" srcset=\"https:\/\/gozu.zone\/wp-content\/uploads\/2017\/04\/box-boite-7-wonders-duel.png 507w, https:\/\/gozu.zone\/wp-content\/uploads\/2017\/04\/box-boite-7-wonders-duel-300x247.png 300w\" sizes=\"auto, (max-width: 267px) 100vw, 267px\" \/><\/a><\/li>\n<li>66 cartes \u00c2ge<\/li>\n<li>7 cartes Guilde<\/li>\n<li>12 cartes Merveille<\/li>\n<li>4 jetons Militaire<\/li>\n<li>10 jetons Progr\u00e8s<\/li>\n<li>1 pion Conflit<\/li>\n<li>31 pi\u00e8ces<\/li>\n<li>1 carnet de scores<\/li>\n<li>1 r\u00e8gle de jeu<\/li>\n<li>1 aide de jeu.<\/li>\n<\/ul>\n<\/div>\n","protected":false},"excerpt":{"rendered":"<p>D\u00e9veloppez votre <strong>science<\/strong> et votre <strong>arm\u00e9e<\/strong>, construisez de prestigieux <strong>b\u00e2timents<\/strong> et <strong>menez votre civilisation \u00e0 la victoire<\/strong>.<\/p>\n<p>7 Wonders Duel est un jeu autonome dans l\u2019univers de 7 Wonders, sp\u00e9cialement con\u00e7u pour <strong>2 joueurs<\/strong><\/p>\n<ul>\n<li><strong>\u00c2ge<\/strong> : 10 ans et +<\/li>\n<li><strong>Dur\u00e9e<\/strong> : 30 min<\/li>\n<li><strong>Joueurs<\/strong> :\u00a02<\/li>\n<\/ul>\n","protected":false},"featured_media":4986,"comment_status":"open","ping_status":"closed","template":"","meta":{"_acf_changed":false},"product_brand":[],"product_cat":[757,761,323,494,333,401],"product_tag":[334,177],"class_list":{"0":"post-4980","1":"product","2":"type-product","3":"status-publish","4":"has-post-thumbnail","6":"product_cat-7-wonders","7":"product_cat-7-wonders-duel","8":"product_cat-jeux","9":"product_cat-jeux-de-societe","10":"product_cat-par-types","11":"product_cat-jeux-a-2","12":"product_tag-antiquite","13":"product_tag-cartes","14":"product_shipping_class-livraisonstandard_colis","16":"first","17":"instock","18":"taxable","19":"shipping-taxable","20":"purchasable","21":"product-type-simple"},"acf":[],"yoast_head":"<!-- This site is optimized with the Yoast SEO plugin v25.3 - https:\/\/yoast.com\/wordpress\/plugins\/seo\/ -->\n<title>Acheter 7 Wonders Duel - Boutique GOZU ZONE - Jeux et Accessoires<\/title>\n<meta name=\"robots\" content=\"index, follow, max-snippet:-1, max-image-preview:large, max-video-preview:-1\" \/>\n<link rel=\"canonical\" href=\"https:\/\/gozu.zone\/?product=7-wonders-duel\" \/>\n<meta property=\"og:locale\" content=\"fr_FR\" \/>\n<meta property=\"og:type\" content=\"article\" \/>\n<meta property=\"og:title\" content=\"Acheter 7 Wonders Duel - Boutique GOZU ZONE - Jeux et Accessoires\" \/>\n<meta property=\"og:description\" content=\"D\u00e9veloppez votre science et votre arm\u00e9e, construisez de prestigieux b\u00e2timents et menez votre civilisation \u00e0 la victoire.  7 Wonders Duel est un jeu autonome dans l\u2019univers de 7 Wonders, sp\u00e9cialement con\u00e7u pour 2 joueurs   \u00c2ge : 10 ans et +  Dur\u00e9e : 30 min  Joueurs :\u00a02\" \/>\n<meta property=\"og:url\" content=\"https:\/\/gozu.zone\/?product=7-wonders-duel\" \/>\n<meta property=\"og:site_name\" content=\"GOZU ZONE\" \/>\n<meta property=\"article:publisher\" content=\"https:\/\/www.facebook.com\/gozuzone\/\" \/>\n<meta property=\"article:modified_time\" content=\"2025-03-12T07:51:02+00:00\" \/>\n<meta property=\"og:image\" content=\"https:\/\/gozu.zone\/wp-content\/uploads\/2017\/04\/7-Wonders-Duel.jpg\" \/>\n\t<meta property=\"og:image:width\" content=\"480\" \/>\n\t<meta property=\"og:image:height\" content=\"480\" \/>\n\t<meta property=\"og:image:type\" content=\"image\/jpeg\" \/>\n<meta name=\"twitter:card\" content=\"summary_large_image\" \/>\n<meta name=\"twitter:site\" content=\"@gozuzone\" \/>\n<meta name=\"twitter:label1\" content=\"Dur\u00e9e de lecture estim\u00e9e\" \/>\n\t<meta name=\"twitter:data1\" content=\"1 minute\" \/>\n<script type=\"application\/ld+json\" class=\"yoast-schema-graph\">{\"@context\":\"https:\/\/schema.org\",\"@graph\":[{\"@type\":\"WebPage\",\"@id\":\"https:\/\/gozu.zone\/?product=7-wonders-duel\",\"url\":\"https:\/\/gozu.zone\/?product=7-wonders-duel\",\"name\":\"Acheter 7 Wonders Duel - Boutique GOZU ZONE - Jeux et Accessoires\",\"isPartOf\":{\"@id\":\"https:\/\/gozu.zone\/#website\"},\"primaryImageOfPage\":{\"@id\":\"https:\/\/gozu.zone\/?product=7-wonders-duel#primaryimage\"},\"image\":{\"@id\":\"https:\/\/gozu.zone\/?product=7-wonders-duel#primaryimage\"},\"thumbnailUrl\":\"https:\/\/gozu.zone\/wp-content\/uploads\/2017\/04\/7-Wonders-Duel.jpg\",\"datePublished\":\"2017-04-02T19:51:07+00:00\",\"dateModified\":\"2025-03-12T07:51:02+00:00\",\"breadcrumb\":{\"@id\":\"https:\/\/gozu.zone\/?product=7-wonders-duel#breadcrumb\"},\"inLanguage\":\"fr-FR\",\"potentialAction\":[{\"@type\":\"ReadAction\",\"target\":[\"https:\/\/gozu.zone\/?product=7-wonders-duel\"]}]},{\"@type\":\"ImageObject\",\"inLanguage\":\"fr-FR\",\"@id\":\"https:\/\/gozu.zone\/?product=7-wonders-duel#primaryimage\",\"url\":\"https:\/\/gozu.zone\/wp-content\/uploads\/2017\/04\/7-Wonders-Duel.jpg\",\"contentUrl\":\"https:\/\/gozu.zone\/wp-content\/uploads\/2017\/04\/7-Wonders-Duel.jpg\",\"width\":480,\"height\":480,\"caption\":\"7 Wonders Duel\"},{\"@type\":\"BreadcrumbList\",\"@id\":\"https:\/\/gozu.zone\/?product=7-wonders-duel#breadcrumb\",\"itemListElement\":[{\"@type\":\"ListItem\",\"position\":1,\"name\":\"Accueil\",\"item\":\"https:\/\/gozu.zone\/\"},{\"@type\":\"ListItem\",\"position\":2,\"name\":\"BOUTIQUE\",\"item\":\"https:\/\/gozu.zone\/?page_id=308\"},{\"@type\":\"ListItem\",\"position\":3,\"name\":\"7 Wonders Duel\"}]},{\"@type\":\"WebSite\",\"@id\":\"https:\/\/gozu.zone\/#website\",\"url\":\"https:\/\/gozu.zone\/\",\"name\":\"GOZU ZONE\",\"description\":\"Toujours plus pour vos jeux\",\"potentialAction\":[{\"@type\":\"SearchAction\",\"target\":{\"@type\":\"EntryPoint\",\"urlTemplate\":\"https:\/\/gozu.zone\/?s={search_term_string}\"},\"query-input\":{\"@type\":\"PropertyValueSpecification\",\"valueRequired\":true,\"valueName\":\"search_term_string\"}}],\"inLanguage\":\"fr-FR\"}]}<\/script>\n<!-- \/ Yoast SEO plugin. -->","yoast_head_json":{"title":"Acheter 7 Wonders Duel - Boutique GOZU ZONE - Jeux et Accessoires","robots":{"index":"index","follow":"follow","max-snippet":"max-snippet:-1","max-image-preview":"max-image-preview:large","max-video-preview":"max-video-preview:-1"},"canonical":"https:\/\/gozu.zone\/?product=7-wonders-duel","og_locale":"fr_FR","og_type":"article","og_title":"Acheter 7 Wonders Duel - Boutique GOZU ZONE - Jeux et Accessoires","og_description":"D\u00e9veloppez votre science et votre arm\u00e9e, construisez de prestigieux b\u00e2timents et menez votre civilisation \u00e0 la victoire.  7 Wonders Duel est un jeu autonome dans l\u2019univers de 7 Wonders, sp\u00e9cialement con\u00e7u pour 2 joueurs   \u00c2ge : 10 ans et +  Dur\u00e9e : 30 min  Joueurs :\u00a02","og_url":"https:\/\/gozu.zone\/?product=7-wonders-duel","og_site_name":"GOZU ZONE","article_publisher":"https:\/\/www.facebook.com\/gozuzone\/","article_modified_time":"2025-03-12T07:51:02+00:00","og_image":[{"width":480,"height":480,"url":"https:\/\/gozu.zone\/wp-content\/uploads\/2017\/04\/7-Wonders-Duel.jpg","type":"image\/jpeg"}],"twitter_card":"summary_large_image","twitter_site":"@gozuzone","twitter_misc":{"Dur\u00e9e de lecture estim\u00e9e":"1 minute"},"schema":{"@context":"https:\/\/schema.org","@graph":[{"@type":"WebPage","@id":"https:\/\/gozu.zone\/?product=7-wonders-duel","url":"https:\/\/gozu.zone\/?product=7-wonders-duel","name":"Acheter 7 Wonders Duel - Boutique GOZU ZONE - Jeux et Accessoires","isPartOf":{"@id":"https:\/\/gozu.zone\/#website"},"primaryImageOfPage":{"@id":"https:\/\/gozu.zone\/?product=7-wonders-duel#primaryimage"},"image":{"@id":"https:\/\/gozu.zone\/?product=7-wonders-duel#primaryimage"},"thumbnailUrl":"https:\/\/gozu.zone\/wp-content\/uploads\/2017\/04\/7-Wonders-Duel.jpg","datePublished":"2017-04-02T19:51:07+00:00","dateModified":"2025-03-12T07:51:02+00:00","breadcrumb":{"@id":"https:\/\/gozu.zone\/?product=7-wonders-duel#breadcrumb"},"inLanguage":"fr-FR","potentialAction":[{"@type":"ReadAction","target":["https:\/\/gozu.zone\/?product=7-wonders-duel"]}]},{"@type":"ImageObject","inLanguage":"fr-FR","@id":"https:\/\/gozu.zone\/?product=7-wonders-duel#primaryimage","url":"https:\/\/gozu.zone\/wp-content\/uploads\/2017\/04\/7-Wonders-Duel.jpg","contentUrl":"https:\/\/gozu.zone\/wp-content\/uploads\/2017\/04\/7-Wonders-Duel.jpg","width":480,"height":480,"caption":"7 Wonders Duel"},{"@type":"BreadcrumbList","@id":"https:\/\/gozu.zone\/?product=7-wonders-duel#breadcrumb","itemListElement":[{"@type":"ListItem","position":1,"name":"Accueil","item":"https:\/\/gozu.zone\/"},{"@type":"ListItem","position":2,"name":"BOUTIQUE","item":"https:\/\/gozu.zone\/?page_id=308"},{"@type":"ListItem","position":3,"name":"7 Wonders Duel"}]},{"@type":"WebSite","@id":"https:\/\/gozu.zone\/#website","url":"https:\/\/gozu.zone\/","name":"GOZU ZONE","description":"Toujours plus pour vos jeux","potentialAction":[{"@type":"SearchAction","target":{"@type":"EntryPoint","urlTemplate":"https:\/\/gozu.zone\/?s={search_term_string}"},"query-input":{"@type":"PropertyValueSpecification","valueRequired":true,"valueName":"search_term_string"}}],"inLanguage":"fr-FR"}]}},"_links":{"self":[{"href":"https:\/\/gozu.zone\/index.php?rest_route=\/wp\/v2\/product\/4980","targetHints":{"allow":["GET"]}}],"collection":[{"href":"https:\/\/gozu.zone\/index.php?rest_route=\/wp\/v2\/product"}],"about":[{"href":"https:\/\/gozu.zone\/index.php?rest_route=\/wp\/v2\/types\/product"}],"replies":[{"embeddable":true,"href":"https:\/\/gozu.zone\/index.php?rest_route=%2Fwp%2Fv2%2Fcomments&post=4980"}],"wp:featuredmedia":[{"embeddable":true,"href":"https:\/\/gozu.zone\/index.php?rest_route=\/wp\/v2\/media\/4986"}],"wp:attachment":[{"href":"https:\/\/gozu.zone\/index.php?rest_route=%2Fwp%2Fv2%2Fmedia&parent=4980"}],"wp:term":[{"taxonomy":"product_brand","embeddable":true,"href":"https:\/\/gozu.zone\/index.php?rest_route=%2Fwp%2Fv2%2Fproduct_brand&post=4980"},{"taxonomy":"product_cat","embeddable":true,"href":"https:\/\/gozu.zone\/index.php?rest_route=%2Fwp%2Fv2%2Fproduct_cat&post=4980"},{"taxonomy":"product_tag","embeddable":true,"href":"https:\/\/gozu.zone\/index.php?rest_route=%2Fwp%2Fv2%2Fproduct_tag&post=4980"}],"curies":[{"name":"wp","href":"https:\/\/api.w.org\/{rel}","templated":true}]}}