{"id":5057,"date":"2017-04-27T20:20:57","date_gmt":"2017-04-27T20:20:57","guid":{"rendered":"https:\/\/gozu.zone\/?post_type=product&#038;p=5057"},"modified":"2019-05-30T18:20:21","modified_gmt":"2019-05-30T18:20:21","slug":"inis","status":"publish","type":"product","link":"https:\/\/gozu.zone\/?product=inis","title":{"rendered":"Inis"},"content":{"rendered":"<p>\u00c0 l\u2019avant du navire, vous scrutez la brume qui se dissipe et r\u00e9v\u00e8le enfin les nouvelles terres tant attendues. La clameur se r\u00e9pand dans toute la flotte. Une nouvelle \u00e8re de prosp\u00e9rit\u00e9 s\u2019offre \u00e0 vos clans. Comme vous, d\u2019autres chefs font partie de l\u2019exp\u00e9dition et il sera bient\u00f4t l\u2019heure du grand conseil qui choisira le Haut-Roi d\u2019Inis.<\/p>\n<p><strong>\u00cates-vous celui qui m\u00e9ritera ce titre\u00a0?<\/strong><\/p>\n<p>&nbsp;<\/p>\n<h2>R\u00e8gles du jeu\u00a0Inis<\/h2>\n<p>&nbsp;<\/p>\n<p style=\"text-align: center;\"><iframe loading=\"lazy\" width=\"560\" height=\"315\" src=\"https:\/\/www.youtube.com\/embed\/mXGp0jRTVLM\" frameborder=\"0\" allow=\"accelerometer; autoplay; encrypted-media; gyroscope; picture-in-picture\" allowfullscreen><\/iframe><\/p>\n<p>&nbsp;<\/p>\n<div class=\"disclaimer material\">\n<h3>Contenu du jeu<\/h3>\n<ul>\n<li>16 grandes tuiles Territoire<\/li>\n<li>18 b\u00e2timents\u00a0: 9 Sanctuaires, 9 Citadelles dont 1 Capitale<\/li>\n<li>67 cartes\u00a0: 30 R\u00e9cits \u00e9piques, 17 cartes Action, 16 cartes Avantage et 4 aides de jeu<\/li>\n<li>17 marqueurs<\/li>\n<li>48 figurines de clans<\/li>\n<\/ul>\n<\/div>\n","protected":false},"excerpt":{"rendered":"<p>\u00c0 l\u2019avant du navire, vous scrutez la brume qui se dissipe et r\u00e9v\u00e8le enfin les nouvelles terres tant attendues.<\/p>\n<ul>\n<li><strong>\u00c2ge<\/strong> : 14\u00a0ans et +<\/li>\n<li><strong>Dur\u00e9e<\/strong> : 60 \u00e0 120 min<\/li>\n<li><strong>Joueurs<\/strong> : 2\u00a0\u00e0 4<\/li>\n<\/ul>\n","protected":false},"featured_media":5077,"comment_status":"open","ping_status":"closed","template":"","meta":{"_acf_changed":false},"product_brand":[],"product_cat":[323,324],"product_tag":[368,516,328,330,344],"class_list":{"0":"post-5057","1":"product","2":"type-product","3":"status-publish","4":"has-post-thumbnail","6":"product_cat-jeux","7":"product_cat-experts","8":"product_tag-conquete","9":"product_tag-draft","10":"product_tag-jeux","11":"product_tag-matagot","12":"product_tag-placement","13":"product_shipping_class-livraisonstandard_colis","15":"first","16":"instock","17":"sale","18":"taxable","19":"shipping-taxable","20":"purchasable","21":"product-type-simple"},"acf":[],"yoast_head":"<!-- This site is optimized with the Yoast SEO plugin v25.3 - https:\/\/yoast.com\/wordpress\/plugins\/seo\/ -->\n<title>Acheter Inis - GOZU ZONE - Jeux et Accessoires<\/title>\n<meta name=\"robots\" content=\"index, follow, max-snippet:-1, max-image-preview:large, max-video-preview:-1\" \/>\n<link rel=\"canonical\" href=\"https:\/\/gozu.zone\/?product=inis\" \/>\n<meta property=\"og:locale\" content=\"fr_FR\" \/>\n<meta property=\"og:type\" content=\"article\" \/>\n<meta property=\"og:title\" content=\"Acheter Inis - GOZU ZONE - Jeux et Accessoires\" \/>\n<meta property=\"og:description\" content=\"\u00c0 l\u2019avant du navire, vous scrutez la brume qui se dissipe et r\u00e9v\u00e8le enfin les nouvelles terres tant attendues.   \u00c2ge : 14\u00a0ans et +  Dur\u00e9e : 60 \u00e0 120 min  Joueurs : 2\u00a0\u00e0 4\" \/>\n<meta property=\"og:url\" content=\"https:\/\/gozu.zone\/?product=inis\" \/>\n<meta property=\"og:site_name\" content=\"GOZU ZONE\" \/>\n<meta property=\"article:publisher\" content=\"https:\/\/www.facebook.com\/gozuzone\/\" \/>\n<meta property=\"article:modified_time\" content=\"2019-05-30T18:20:21+00:00\" \/>\n<meta property=\"og:image\" content=\"https:\/\/gozu.zone\/wp-content\/uploads\/2017\/04\/inis.jpg\" \/>\n\t<meta property=\"og:image:width\" content=\"640\" \/>\n\t<meta property=\"og:image:height\" content=\"640\" \/>\n\t<meta property=\"og:image:type\" content=\"image\/jpeg\" \/>\n<meta name=\"twitter:card\" content=\"summary_large_image\" \/>\n<meta name=\"twitter:site\" content=\"@gozuzone\" \/>\n<meta name=\"twitter:label1\" content=\"Dur\u00e9e de lecture estim\u00e9e\" \/>\n\t<meta name=\"twitter:data1\" content=\"1 minute\" \/>\n<script type=\"application\/ld+json\" class=\"yoast-schema-graph\">{\"@context\":\"https:\/\/schema.org\",\"@graph\":[{\"@type\":\"WebPage\",\"@id\":\"https:\/\/gozu.zone\/?product=inis\",\"url\":\"https:\/\/gozu.zone\/?product=inis\",\"name\":\"Acheter Inis - GOZU ZONE - Jeux et Accessoires\",\"isPartOf\":{\"@id\":\"https:\/\/gozu.zone\/#website\"},\"primaryImageOfPage\":{\"@id\":\"https:\/\/gozu.zone\/?product=inis#primaryimage\"},\"image\":{\"@id\":\"https:\/\/gozu.zone\/?product=inis#primaryimage\"},\"thumbnailUrl\":\"https:\/\/gozu.zone\/wp-content\/uploads\/2017\/04\/inis.jpg\",\"datePublished\":\"2017-04-27T20:20:57+00:00\",\"dateModified\":\"2019-05-30T18:20:21+00:00\",\"breadcrumb\":{\"@id\":\"https:\/\/gozu.zone\/?product=inis#breadcrumb\"},\"inLanguage\":\"fr-FR\",\"potentialAction\":[{\"@type\":\"ReadAction\",\"target\":[\"https:\/\/gozu.zone\/?product=inis\"]}]},{\"@type\":\"ImageObject\",\"inLanguage\":\"fr-FR\",\"@id\":\"https:\/\/gozu.zone\/?product=inis#primaryimage\",\"url\":\"https:\/\/gozu.zone\/wp-content\/uploads\/2017\/04\/inis.jpg\",\"contentUrl\":\"https:\/\/gozu.zone\/wp-content\/uploads\/2017\/04\/inis.jpg\",\"width\":640,\"height\":640,\"caption\":\"Inis\"},{\"@type\":\"BreadcrumbList\",\"@id\":\"https:\/\/gozu.zone\/?product=inis#breadcrumb\",\"itemListElement\":[{\"@type\":\"ListItem\",\"position\":1,\"name\":\"Accueil\",\"item\":\"https:\/\/gozu.zone\/\"},{\"@type\":\"ListItem\",\"position\":2,\"name\":\"BOUTIQUE\",\"item\":\"https:\/\/gozu.zone\/?page_id=308\"},{\"@type\":\"ListItem\",\"position\":3,\"name\":\"Inis\"}]},{\"@type\":\"WebSite\",\"@id\":\"https:\/\/gozu.zone\/#website\",\"url\":\"https:\/\/gozu.zone\/\",\"name\":\"GOZU ZONE\",\"description\":\"Toujours plus pour vos jeux\",\"potentialAction\":[{\"@type\":\"SearchAction\",\"target\":{\"@type\":\"EntryPoint\",\"urlTemplate\":\"https:\/\/gozu.zone\/?s={search_term_string}\"},\"query-input\":{\"@type\":\"PropertyValueSpecification\",\"valueRequired\":true,\"valueName\":\"search_term_string\"}}],\"inLanguage\":\"fr-FR\"}]}<\/script>\n<!-- \/ Yoast SEO plugin. -->","yoast_head_json":{"title":"Acheter Inis - GOZU ZONE - Jeux et Accessoires","robots":{"index":"index","follow":"follow","max-snippet":"max-snippet:-1","max-image-preview":"max-image-preview:large","max-video-preview":"max-video-preview:-1"},"canonical":"https:\/\/gozu.zone\/?product=inis","og_locale":"fr_FR","og_type":"article","og_title":"Acheter Inis - GOZU ZONE - Jeux et Accessoires","og_description":"\u00c0 l\u2019avant du navire, vous scrutez la brume qui se dissipe et r\u00e9v\u00e8le enfin les nouvelles terres tant attendues.   \u00c2ge : 14\u00a0ans et +  Dur\u00e9e : 60 \u00e0 120 min  Joueurs : 2\u00a0\u00e0 4","og_url":"https:\/\/gozu.zone\/?product=inis","og_site_name":"GOZU ZONE","article_publisher":"https:\/\/www.facebook.com\/gozuzone\/","article_modified_time":"2019-05-30T18:20:21+00:00","og_image":[{"width":640,"height":640,"url":"https:\/\/gozu.zone\/wp-content\/uploads\/2017\/04\/inis.jpg","type":"image\/jpeg"}],"twitter_card":"summary_large_image","twitter_site":"@gozuzone","twitter_misc":{"Dur\u00e9e de lecture estim\u00e9e":"1 minute"},"schema":{"@context":"https:\/\/schema.org","@graph":[{"@type":"WebPage","@id":"https:\/\/gozu.zone\/?product=inis","url":"https:\/\/gozu.zone\/?product=inis","name":"Acheter Inis - GOZU ZONE - Jeux et Accessoires","isPartOf":{"@id":"https:\/\/gozu.zone\/#website"},"primaryImageOfPage":{"@id":"https:\/\/gozu.zone\/?product=inis#primaryimage"},"image":{"@id":"https:\/\/gozu.zone\/?product=inis#primaryimage"},"thumbnailUrl":"https:\/\/gozu.zone\/wp-content\/uploads\/2017\/04\/inis.jpg","datePublished":"2017-04-27T20:20:57+00:00","dateModified":"2019-05-30T18:20:21+00:00","breadcrumb":{"@id":"https:\/\/gozu.zone\/?product=inis#breadcrumb"},"inLanguage":"fr-FR","potentialAction":[{"@type":"ReadAction","target":["https:\/\/gozu.zone\/?product=inis"]}]},{"@type":"ImageObject","inLanguage":"fr-FR","@id":"https:\/\/gozu.zone\/?product=inis#primaryimage","url":"https:\/\/gozu.zone\/wp-content\/uploads\/2017\/04\/inis.jpg","contentUrl":"https:\/\/gozu.zone\/wp-content\/uploads\/2017\/04\/inis.jpg","width":640,"height":640,"caption":"Inis"},{"@type":"BreadcrumbList","@id":"https:\/\/gozu.zone\/?product=inis#breadcrumb","itemListElement":[{"@type":"ListItem","position":1,"name":"Accueil","item":"https:\/\/gozu.zone\/"},{"@type":"ListItem","position":2,"name":"BOUTIQUE","item":"https:\/\/gozu.zone\/?page_id=308"},{"@type":"ListItem","position":3,"name":"Inis"}]},{"@type":"WebSite","@id":"https:\/\/gozu.zone\/#website","url":"https:\/\/gozu.zone\/","name":"GOZU ZONE","description":"Toujours plus pour vos jeux","potentialAction":[{"@type":"SearchAction","target":{"@type":"EntryPoint","urlTemplate":"https:\/\/gozu.zone\/?s={search_term_string}"},"query-input":{"@type":"PropertyValueSpecification","valueRequired":true,"valueName":"search_term_string"}}],"inLanguage":"fr-FR"}]}},"_links":{"self":[{"href":"https:\/\/gozu.zone\/index.php?rest_route=\/wp\/v2\/product\/5057","targetHints":{"allow":["GET"]}}],"collection":[{"href":"https:\/\/gozu.zone\/index.php?rest_route=\/wp\/v2\/product"}],"about":[{"href":"https:\/\/gozu.zone\/index.php?rest_route=\/wp\/v2\/types\/product"}],"replies":[{"embeddable":true,"href":"https:\/\/gozu.zone\/index.php?rest_route=%2Fwp%2Fv2%2Fcomments&post=5057"}],"wp:featuredmedia":[{"embeddable":true,"href":"https:\/\/gozu.zone\/index.php?rest_route=\/wp\/v2\/media\/5077"}],"wp:attachment":[{"href":"https:\/\/gozu.zone\/index.php?rest_route=%2Fwp%2Fv2%2Fmedia&parent=5057"}],"wp:term":[{"taxonomy":"product_brand","embeddable":true,"href":"https:\/\/gozu.zone\/index.php?rest_route=%2Fwp%2Fv2%2Fproduct_brand&post=5057"},{"taxonomy":"product_cat","embeddable":true,"href":"https:\/\/gozu.zone\/index.php?rest_route=%2Fwp%2Fv2%2Fproduct_cat&post=5057"},{"taxonomy":"product_tag","embeddable":true,"href":"https:\/\/gozu.zone\/index.php?rest_route=%2Fwp%2Fv2%2Fproduct_tag&post=5057"}],"curies":[{"name":"wp","href":"https:\/\/api.w.org\/{rel}","templated":true}]}}