{"id":5059,"date":"2017-04-27T20:27:55","date_gmt":"2017-04-27T20:27:55","guid":{"rendered":"https:\/\/gozu.zone\/?post_type=product&#038;p=5059"},"modified":"2025-03-17T15:09:30","modified_gmt":"2025-03-17T15:09:30","slug":"junta","status":"publish","type":"product","link":"https:\/\/gozu.zone\/?product=junta","title":{"rendered":"Junta"},"content":{"rendered":"<p>Junta est un jeu de pouvoir, d\u2019intrigues, d\u2019argent et de r\u00e9volution prenant place dans une r\u00e9publique banani\u00e8re fictive.<\/p>\n<p>Vous y trouverez tout sauf de la gentillesse\u00a0: les joueurs mentent, se trahissent, d\u00e9tournent de l\u2019argent et assassine les membres des autres familles dans le but de d\u00e9tourner des millions de Pesos venant de l\u2019aide \u00e9trang\u00e8re.<\/p>\n<p>&nbsp;<\/p>\n<h2>R\u00e8gles du jeu Junta<\/h2>\n<p>&nbsp;<\/p>\n<p style=\"text-align: center;\"><iframe loading=\"lazy\" src=\"https:\/\/www.trictrac.tv\/video\/iframe\/Junta_le_comment_ca_marche\" width=\"640\" height=\"360\" frameborder=\"0\" allowfullscreen=\"allowfullscreen\"><\/iframe><\/p>\n<p>&nbsp;<\/p>\n<div class=\"disclaimer material\">\n<h3>Contenu du jeu<\/h3>\n<ul>\n<li>1 plateau<\/li>\n<li>97 marqueurs<\/li>\n<li>114 cartes<\/li>\n<li>6 d\u00e9s<\/li>\n<li>1 banane et son socle<\/li>\n<li>96 billets<\/li>\n<\/ul>\n<\/div>\n","protected":false},"excerpt":{"rendered":"<ul>\n<li><strong>\u00c2ge<\/strong> : 14\u00a0ans et +<\/li>\n<li><strong>Dur\u00e9e<\/strong> : 120 min<\/li>\n<li><strong>Joueurs<\/strong> : 2\u00a0\u00e0 7<\/li>\n<\/ul>\n","protected":false},"featured_media":5079,"comment_status":"open","ping_status":"closed","template":"","meta":{"_acf_changed":false},"product_brand":[],"product_cat":[323,324],"product_tag":[356,529,350,363,328,330,527],"class_list":{"0":"post-5059","1":"product","2":"type-product","3":"status-publish","4":"has-post-thumbnail","6":"product_cat-jeux","7":"product_cat-experts","8":"product_tag-ambiance","9":"product_tag-amerique","10":"product_tag-bluff","11":"product_tag-humour","12":"product_tag-jeux","13":"product_tag-matagot","14":"product_tag-negociation","15":"product_shipping_class-livraisonstandard_colis","17":"first","18":"outofstock","19":"sale","20":"taxable","21":"shipping-taxable","22":"purchasable","23":"product-type-simple"},"acf":[],"yoast_head":"<!-- This site is optimized with the Yoast SEO plugin v25.3 - https:\/\/yoast.com\/wordpress\/plugins\/seo\/ -->\n<title>Acheter Junta - GOZU ZONE - Jeux et Accessoires<\/title>\n<meta name=\"robots\" content=\"index, follow, max-snippet:-1, max-image-preview:large, max-video-preview:-1\" \/>\n<link rel=\"canonical\" href=\"https:\/\/gozu.zone\/?product=junta\" \/>\n<meta property=\"og:locale\" content=\"fr_FR\" \/>\n<meta property=\"og:type\" content=\"article\" \/>\n<meta property=\"og:title\" content=\"Acheter Junta - GOZU ZONE - Jeux et Accessoires\" \/>\n<meta property=\"og:description\" content=\"\u00c2ge : 14\u00a0ans et +  Dur\u00e9e : 120 min  Joueurs : 2\u00a0\u00e0 7\" \/>\n<meta property=\"og:url\" content=\"https:\/\/gozu.zone\/?product=junta\" \/>\n<meta property=\"og:site_name\" content=\"GOZU ZONE\" \/>\n<meta property=\"article:publisher\" content=\"https:\/\/www.facebook.com\/gozuzone\/\" \/>\n<meta property=\"article:modified_time\" content=\"2025-03-17T15:09:30+00:00\" \/>\n<meta property=\"og:image\" content=\"https:\/\/gozu.zone\/wp-content\/uploads\/2017\/04\/junta-matagot.jpg\" \/>\n\t<meta property=\"og:image:width\" content=\"480\" \/>\n\t<meta property=\"og:image:height\" content=\"480\" \/>\n\t<meta property=\"og:image:type\" content=\"image\/jpeg\" \/>\n<meta name=\"twitter:card\" content=\"summary_large_image\" \/>\n<meta name=\"twitter:site\" content=\"@gozuzone\" \/>\n<script type=\"application\/ld+json\" class=\"yoast-schema-graph\">{\"@context\":\"https:\/\/schema.org\",\"@graph\":[{\"@type\":\"WebPage\",\"@id\":\"https:\/\/gozu.zone\/?product=junta\",\"url\":\"https:\/\/gozu.zone\/?product=junta\",\"name\":\"Acheter Junta - GOZU ZONE - Jeux et Accessoires\",\"isPartOf\":{\"@id\":\"https:\/\/gozu.zone\/#website\"},\"primaryImageOfPage\":{\"@id\":\"https:\/\/gozu.zone\/?product=junta#primaryimage\"},\"image\":{\"@id\":\"https:\/\/gozu.zone\/?product=junta#primaryimage\"},\"thumbnailUrl\":\"https:\/\/gozu.zone\/wp-content\/uploads\/2017\/04\/junta-matagot.jpg\",\"datePublished\":\"2017-04-27T20:27:55+00:00\",\"dateModified\":\"2025-03-17T15:09:30+00:00\",\"breadcrumb\":{\"@id\":\"https:\/\/gozu.zone\/?product=junta#breadcrumb\"},\"inLanguage\":\"fr-FR\",\"potentialAction\":[{\"@type\":\"ReadAction\",\"target\":[\"https:\/\/gozu.zone\/?product=junta\"]}]},{\"@type\":\"ImageObject\",\"inLanguage\":\"fr-FR\",\"@id\":\"https:\/\/gozu.zone\/?product=junta#primaryimage\",\"url\":\"https:\/\/gozu.zone\/wp-content\/uploads\/2017\/04\/junta-matagot.jpg\",\"contentUrl\":\"https:\/\/gozu.zone\/wp-content\/uploads\/2017\/04\/junta-matagot.jpg\",\"width\":480,\"height\":480,\"caption\":\"junta-matagot\"},{\"@type\":\"BreadcrumbList\",\"@id\":\"https:\/\/gozu.zone\/?product=junta#breadcrumb\",\"itemListElement\":[{\"@type\":\"ListItem\",\"position\":1,\"name\":\"Accueil\",\"item\":\"https:\/\/gozu.zone\/\"},{\"@type\":\"ListItem\",\"position\":2,\"name\":\"BOUTIQUE\",\"item\":\"https:\/\/gozu.zone\/?page_id=308\"},{\"@type\":\"ListItem\",\"position\":3,\"name\":\"Junta\"}]},{\"@type\":\"WebSite\",\"@id\":\"https:\/\/gozu.zone\/#website\",\"url\":\"https:\/\/gozu.zone\/\",\"name\":\"GOZU ZONE\",\"description\":\"Toujours plus pour vos jeux\",\"potentialAction\":[{\"@type\":\"SearchAction\",\"target\":{\"@type\":\"EntryPoint\",\"urlTemplate\":\"https:\/\/gozu.zone\/?s={search_term_string}\"},\"query-input\":{\"@type\":\"PropertyValueSpecification\",\"valueRequired\":true,\"valueName\":\"search_term_string\"}}],\"inLanguage\":\"fr-FR\"}]}<\/script>\n<!-- \/ Yoast SEO plugin. -->","yoast_head_json":{"title":"Acheter Junta - GOZU ZONE - Jeux et Accessoires","robots":{"index":"index","follow":"follow","max-snippet":"max-snippet:-1","max-image-preview":"max-image-preview:large","max-video-preview":"max-video-preview:-1"},"canonical":"https:\/\/gozu.zone\/?product=junta","og_locale":"fr_FR","og_type":"article","og_title":"Acheter Junta - GOZU ZONE - Jeux et Accessoires","og_description":"\u00c2ge : 14\u00a0ans et +  Dur\u00e9e : 120 min  Joueurs : 2\u00a0\u00e0 7","og_url":"https:\/\/gozu.zone\/?product=junta","og_site_name":"GOZU ZONE","article_publisher":"https:\/\/www.facebook.com\/gozuzone\/","article_modified_time":"2025-03-17T15:09:30+00:00","og_image":[{"width":480,"height":480,"url":"https:\/\/gozu.zone\/wp-content\/uploads\/2017\/04\/junta-matagot.jpg","type":"image\/jpeg"}],"twitter_card":"summary_large_image","twitter_site":"@gozuzone","schema":{"@context":"https:\/\/schema.org","@graph":[{"@type":"WebPage","@id":"https:\/\/gozu.zone\/?product=junta","url":"https:\/\/gozu.zone\/?product=junta","name":"Acheter Junta - GOZU ZONE - Jeux et Accessoires","isPartOf":{"@id":"https:\/\/gozu.zone\/#website"},"primaryImageOfPage":{"@id":"https:\/\/gozu.zone\/?product=junta#primaryimage"},"image":{"@id":"https:\/\/gozu.zone\/?product=junta#primaryimage"},"thumbnailUrl":"https:\/\/gozu.zone\/wp-content\/uploads\/2017\/04\/junta-matagot.jpg","datePublished":"2017-04-27T20:27:55+00:00","dateModified":"2025-03-17T15:09:30+00:00","breadcrumb":{"@id":"https:\/\/gozu.zone\/?product=junta#breadcrumb"},"inLanguage":"fr-FR","potentialAction":[{"@type":"ReadAction","target":["https:\/\/gozu.zone\/?product=junta"]}]},{"@type":"ImageObject","inLanguage":"fr-FR","@id":"https:\/\/gozu.zone\/?product=junta#primaryimage","url":"https:\/\/gozu.zone\/wp-content\/uploads\/2017\/04\/junta-matagot.jpg","contentUrl":"https:\/\/gozu.zone\/wp-content\/uploads\/2017\/04\/junta-matagot.jpg","width":480,"height":480,"caption":"junta-matagot"},{"@type":"BreadcrumbList","@id":"https:\/\/gozu.zone\/?product=junta#breadcrumb","itemListElement":[{"@type":"ListItem","position":1,"name":"Accueil","item":"https:\/\/gozu.zone\/"},{"@type":"ListItem","position":2,"name":"BOUTIQUE","item":"https:\/\/gozu.zone\/?page_id=308"},{"@type":"ListItem","position":3,"name":"Junta"}]},{"@type":"WebSite","@id":"https:\/\/gozu.zone\/#website","url":"https:\/\/gozu.zone\/","name":"GOZU ZONE","description":"Toujours plus pour vos jeux","potentialAction":[{"@type":"SearchAction","target":{"@type":"EntryPoint","urlTemplate":"https:\/\/gozu.zone\/?s={search_term_string}"},"query-input":{"@type":"PropertyValueSpecification","valueRequired":true,"valueName":"search_term_string"}}],"inLanguage":"fr-FR"}]}},"_links":{"self":[{"href":"https:\/\/gozu.zone\/index.php?rest_route=\/wp\/v2\/product\/5059","targetHints":{"allow":["GET"]}}],"collection":[{"href":"https:\/\/gozu.zone\/index.php?rest_route=\/wp\/v2\/product"}],"about":[{"href":"https:\/\/gozu.zone\/index.php?rest_route=\/wp\/v2\/types\/product"}],"replies":[{"embeddable":true,"href":"https:\/\/gozu.zone\/index.php?rest_route=%2Fwp%2Fv2%2Fcomments&post=5059"}],"wp:featuredmedia":[{"embeddable":true,"href":"https:\/\/gozu.zone\/index.php?rest_route=\/wp\/v2\/media\/5079"}],"wp:attachment":[{"href":"https:\/\/gozu.zone\/index.php?rest_route=%2Fwp%2Fv2%2Fmedia&parent=5059"}],"wp:term":[{"taxonomy":"product_brand","embeddable":true,"href":"https:\/\/gozu.zone\/index.php?rest_route=%2Fwp%2Fv2%2Fproduct_brand&post=5059"},{"taxonomy":"product_cat","embeddable":true,"href":"https:\/\/gozu.zone\/index.php?rest_route=%2Fwp%2Fv2%2Fproduct_cat&post=5059"},{"taxonomy":"product_tag","embeddable":true,"href":"https:\/\/gozu.zone\/index.php?rest_route=%2Fwp%2Fv2%2Fproduct_tag&post=5059"}],"curies":[{"name":"wp","href":"https:\/\/api.w.org\/{rel}","templated":true}]}}