{"id":5060,"date":"2017-05-05T20:39:57","date_gmt":"2017-05-05T20:39:57","guid":{"rendered":"https:\/\/gozu.zone\/?post_type=product&#038;p=5060"},"modified":"2019-03-02T09:57:41","modified_gmt":"2019-03-02T09:57:41","slug":"room-25-escape-room","status":"publish","type":"product","link":"https:\/\/gozu.zone\/?product=room-25-escape-room","title":{"rendered":"ROOM 25 &#8211; Escape Room"},"content":{"rendered":"<p>Chers spectateurs, votre show TV favoris est de retour\u00a0! Au programme, de nouvelles salles et deux modes de jeu en coop\u00e9ration qui vous am\u00e8nerons \u00e0 r\u00e9soudre les \u00e9nigmes les plus ardues. En mode Casse-T\u00eate ou Escape Room, votre \u00e9quipe sera-t-elle \u00e0 la hauteur de ce nouveau challenge\u00a0?<\/p>\n<div class=\"disclaimer material\">\n<h3>Contenu du jeu<\/h3>\n<ul>\n<li>18 nouvelles salles<\/li>\n<li>2 fiches Solution<\/li>\n<li>2 d\u00e9codeurs<\/li>\n<li>80 cartes \u00c9nigme<\/li>\n<li>20 cartes Casse-T\u00eate<\/li>\n<li>8 fiches Nouvelles Salles<\/li>\n<li>1 jeton Do Not Cross<\/li>\n<li>1 tuile Sens de Lecture<\/li>\n<li>1 r\u00e8gle du jeu.<\/li>\n<\/ul>\n<\/div>\n","protected":false},"excerpt":{"rendered":"<p><strong>SAUREZ-VOUS R\u00c9SOUDRE LES \u00c9NIGMES DU COMPLEXE\u00a0?<\/strong><\/p>\n<ul>\n<li><strong>\u00c2ge<\/strong> : 10\u00a0ans et +<\/li>\n<li><strong>Dur\u00e9e<\/strong> : 30 min<\/li>\n<li><strong>Joueurs<\/strong> : 1\u00a0\u00e0 6<\/li>\n<\/ul>\n","protected":false},"featured_media":5172,"comment_status":"open","ping_status":"closed","template":"","meta":{"_acf_changed":false},"product_brand":[],"product_cat":[323,324,327],"product_tag":[382,328,330,416,435,695,566],"class_list":{"0":"post-5060","1":"product","2":"type-product","3":"status-publish","4":"has-post-thumbnail","6":"product_cat-jeux","7":"product_cat-experts","8":"product_cat-extensions","9":"product_tag-cooperatif","10":"product_tag-jeux","11":"product_tag-matagot","12":"product_tag-modulable","13":"product_tag-negociations","14":"product_tag-room-25","15":"product_tag-science-fiction","16":"product_shipping_class-livraisonstandard_colis","18":"first","19":"instock","20":"sale","21":"taxable","22":"shipping-taxable","23":"purchasable","24":"product-type-simple"},"acf":[],"yoast_head":"<!-- This site is optimized with the Yoast SEO plugin v25.3 - https:\/\/yoast.com\/wordpress\/plugins\/seo\/ -->\n<title>Acheter ROOM 25 - Escape Room - GOZU ZONE - Jeux et Accessoires<\/title>\n<meta name=\"robots\" content=\"index, follow, max-snippet:-1, max-image-preview:large, max-video-preview:-1\" \/>\n<link rel=\"canonical\" href=\"https:\/\/gozu.zone\/?product=room-25-escape-room\" \/>\n<meta property=\"og:locale\" content=\"fr_FR\" \/>\n<meta property=\"og:type\" content=\"article\" \/>\n<meta property=\"og:title\" content=\"Acheter ROOM 25 - Escape Room - GOZU ZONE - Jeux et Accessoires\" \/>\n<meta property=\"og:description\" content=\"SAUREZ-VOUS R\u00c9SOUDRE LES \u00c9NIGMES DU COMPLEXE\u00a0?   \u00c2ge : 10\u00a0ans et +  Dur\u00e9e : 30 min  Joueurs : 1\u00a0\u00e0 6\" \/>\n<meta property=\"og:url\" content=\"https:\/\/gozu.zone\/?product=room-25-escape-room\" \/>\n<meta property=\"og:site_name\" content=\"GOZU ZONE\" \/>\n<meta property=\"article:publisher\" content=\"https:\/\/www.facebook.com\/gozuzone\/\" \/>\n<meta property=\"article:modified_time\" content=\"2019-03-02T09:57:41+00:00\" \/>\n<meta property=\"og:image\" content=\"https:\/\/gozu.zone\/wp-content\/uploads\/2017\/04\/room-25-escape-room.jpg\" \/>\n\t<meta property=\"og:image:width\" content=\"480\" \/>\n\t<meta property=\"og:image:height\" content=\"480\" \/>\n\t<meta property=\"og:image:type\" content=\"image\/jpeg\" \/>\n<meta name=\"twitter:card\" content=\"summary_large_image\" \/>\n<meta name=\"twitter:site\" content=\"@gozuzone\" \/>\n<script type=\"application\/ld+json\" class=\"yoast-schema-graph\">{\"@context\":\"https:\/\/schema.org\",\"@graph\":[{\"@type\":\"WebPage\",\"@id\":\"https:\/\/gozu.zone\/?product=room-25-escape-room\",\"url\":\"https:\/\/gozu.zone\/?product=room-25-escape-room\",\"name\":\"Acheter ROOM 25 - Escape Room - GOZU ZONE - Jeux et Accessoires\",\"isPartOf\":{\"@id\":\"https:\/\/gozu.zone\/#website\"},\"primaryImageOfPage\":{\"@id\":\"https:\/\/gozu.zone\/?product=room-25-escape-room#primaryimage\"},\"image\":{\"@id\":\"https:\/\/gozu.zone\/?product=room-25-escape-room#primaryimage\"},\"thumbnailUrl\":\"https:\/\/gozu.zone\/wp-content\/uploads\/2017\/04\/room-25-escape-room.jpg\",\"datePublished\":\"2017-05-05T20:39:57+00:00\",\"dateModified\":\"2019-03-02T09:57:41+00:00\",\"breadcrumb\":{\"@id\":\"https:\/\/gozu.zone\/?product=room-25-escape-room#breadcrumb\"},\"inLanguage\":\"fr-FR\",\"potentialAction\":[{\"@type\":\"ReadAction\",\"target\":[\"https:\/\/gozu.zone\/?product=room-25-escape-room\"]}]},{\"@type\":\"ImageObject\",\"inLanguage\":\"fr-FR\",\"@id\":\"https:\/\/gozu.zone\/?product=room-25-escape-room#primaryimage\",\"url\":\"https:\/\/gozu.zone\/wp-content\/uploads\/2017\/04\/room-25-escape-room.jpg\",\"contentUrl\":\"https:\/\/gozu.zone\/wp-content\/uploads\/2017\/04\/room-25-escape-room.jpg\",\"width\":480,\"height\":480,\"caption\":\"Room 25 Escape Room\"},{\"@type\":\"BreadcrumbList\",\"@id\":\"https:\/\/gozu.zone\/?product=room-25-escape-room#breadcrumb\",\"itemListElement\":[{\"@type\":\"ListItem\",\"position\":1,\"name\":\"Accueil\",\"item\":\"https:\/\/gozu.zone\/\"},{\"@type\":\"ListItem\",\"position\":2,\"name\":\"BOUTIQUE\",\"item\":\"https:\/\/gozu.zone\/?page_id=308\"},{\"@type\":\"ListItem\",\"position\":3,\"name\":\"ROOM 25 &#8211; Escape Room\"}]},{\"@type\":\"WebSite\",\"@id\":\"https:\/\/gozu.zone\/#website\",\"url\":\"https:\/\/gozu.zone\/\",\"name\":\"GOZU ZONE\",\"description\":\"Toujours plus pour vos jeux\",\"potentialAction\":[{\"@type\":\"SearchAction\",\"target\":{\"@type\":\"EntryPoint\",\"urlTemplate\":\"https:\/\/gozu.zone\/?s={search_term_string}\"},\"query-input\":{\"@type\":\"PropertyValueSpecification\",\"valueRequired\":true,\"valueName\":\"search_term_string\"}}],\"inLanguage\":\"fr-FR\"}]}<\/script>\n<!-- \/ Yoast SEO plugin. -->","yoast_head_json":{"title":"Acheter ROOM 25 - Escape Room - GOZU ZONE - Jeux et Accessoires","robots":{"index":"index","follow":"follow","max-snippet":"max-snippet:-1","max-image-preview":"max-image-preview:large","max-video-preview":"max-video-preview:-1"},"canonical":"https:\/\/gozu.zone\/?product=room-25-escape-room","og_locale":"fr_FR","og_type":"article","og_title":"Acheter ROOM 25 - Escape Room - GOZU ZONE - Jeux et Accessoires","og_description":"SAUREZ-VOUS R\u00c9SOUDRE LES \u00c9NIGMES DU COMPLEXE\u00a0?   \u00c2ge : 10\u00a0ans et +  Dur\u00e9e : 30 min  Joueurs : 1\u00a0\u00e0 6","og_url":"https:\/\/gozu.zone\/?product=room-25-escape-room","og_site_name":"GOZU ZONE","article_publisher":"https:\/\/www.facebook.com\/gozuzone\/","article_modified_time":"2019-03-02T09:57:41+00:00","og_image":[{"width":480,"height":480,"url":"https:\/\/gozu.zone\/wp-content\/uploads\/2017\/04\/room-25-escape-room.jpg","type":"image\/jpeg"}],"twitter_card":"summary_large_image","twitter_site":"@gozuzone","schema":{"@context":"https:\/\/schema.org","@graph":[{"@type":"WebPage","@id":"https:\/\/gozu.zone\/?product=room-25-escape-room","url":"https:\/\/gozu.zone\/?product=room-25-escape-room","name":"Acheter ROOM 25 - Escape Room - GOZU ZONE - Jeux et Accessoires","isPartOf":{"@id":"https:\/\/gozu.zone\/#website"},"primaryImageOfPage":{"@id":"https:\/\/gozu.zone\/?product=room-25-escape-room#primaryimage"},"image":{"@id":"https:\/\/gozu.zone\/?product=room-25-escape-room#primaryimage"},"thumbnailUrl":"https:\/\/gozu.zone\/wp-content\/uploads\/2017\/04\/room-25-escape-room.jpg","datePublished":"2017-05-05T20:39:57+00:00","dateModified":"2019-03-02T09:57:41+00:00","breadcrumb":{"@id":"https:\/\/gozu.zone\/?product=room-25-escape-room#breadcrumb"},"inLanguage":"fr-FR","potentialAction":[{"@type":"ReadAction","target":["https:\/\/gozu.zone\/?product=room-25-escape-room"]}]},{"@type":"ImageObject","inLanguage":"fr-FR","@id":"https:\/\/gozu.zone\/?product=room-25-escape-room#primaryimage","url":"https:\/\/gozu.zone\/wp-content\/uploads\/2017\/04\/room-25-escape-room.jpg","contentUrl":"https:\/\/gozu.zone\/wp-content\/uploads\/2017\/04\/room-25-escape-room.jpg","width":480,"height":480,"caption":"Room 25 Escape Room"},{"@type":"BreadcrumbList","@id":"https:\/\/gozu.zone\/?product=room-25-escape-room#breadcrumb","itemListElement":[{"@type":"ListItem","position":1,"name":"Accueil","item":"https:\/\/gozu.zone\/"},{"@type":"ListItem","position":2,"name":"BOUTIQUE","item":"https:\/\/gozu.zone\/?page_id=308"},{"@type":"ListItem","position":3,"name":"ROOM 25 &#8211; Escape Room"}]},{"@type":"WebSite","@id":"https:\/\/gozu.zone\/#website","url":"https:\/\/gozu.zone\/","name":"GOZU ZONE","description":"Toujours plus pour vos jeux","potentialAction":[{"@type":"SearchAction","target":{"@type":"EntryPoint","urlTemplate":"https:\/\/gozu.zone\/?s={search_term_string}"},"query-input":{"@type":"PropertyValueSpecification","valueRequired":true,"valueName":"search_term_string"}}],"inLanguage":"fr-FR"}]}},"_links":{"self":[{"href":"https:\/\/gozu.zone\/index.php?rest_route=\/wp\/v2\/product\/5060","targetHints":{"allow":["GET"]}}],"collection":[{"href":"https:\/\/gozu.zone\/index.php?rest_route=\/wp\/v2\/product"}],"about":[{"href":"https:\/\/gozu.zone\/index.php?rest_route=\/wp\/v2\/types\/product"}],"replies":[{"embeddable":true,"href":"https:\/\/gozu.zone\/index.php?rest_route=%2Fwp%2Fv2%2Fcomments&post=5060"}],"wp:featuredmedia":[{"embeddable":true,"href":"https:\/\/gozu.zone\/index.php?rest_route=\/wp\/v2\/media\/5172"}],"wp:attachment":[{"href":"https:\/\/gozu.zone\/index.php?rest_route=%2Fwp%2Fv2%2Fmedia&parent=5060"}],"wp:term":[{"taxonomy":"product_brand","embeddable":true,"href":"https:\/\/gozu.zone\/index.php?rest_route=%2Fwp%2Fv2%2Fproduct_brand&post=5060"},{"taxonomy":"product_cat","embeddable":true,"href":"https:\/\/gozu.zone\/index.php?rest_route=%2Fwp%2Fv2%2Fproduct_cat&post=5060"},{"taxonomy":"product_tag","embeddable":true,"href":"https:\/\/gozu.zone\/index.php?rest_route=%2Fwp%2Fv2%2Fproduct_tag&post=5060"}],"curies":[{"name":"wp","href":"https:\/\/api.w.org\/{rel}","templated":true}]}}