{"id":5061,"date":"2017-05-05T20:23:30","date_gmt":"2017-05-05T20:23:30","guid":{"rendered":"https:\/\/gozu.zone\/?post_type=product&#038;p=5061"},"modified":"2019-07-27T12:10:55","modified_gmt":"2019-07-27T12:10:55","slug":"room-25-season-1","status":"publish","type":"product","link":"https:\/\/gozu.zone\/?product=room-25-season-1","title":{"rendered":"ROOM 25 &#8211; Season 1"},"content":{"rendered":"<p style=\"text-align: left;\">25 salles &#8211; 10 tours de jeu &#8211; 4 prisonniers &#8211; 2 gardiens &#8211; 1 seule sortie&nbsp;!<\/p>\n<p>Dans ce jeu t\u00e9l\u00e9vis\u00e9 futuriste, vous jouez votre vie. Pris au pi\u00e8ge dans une prison de 25 salles, vous devez trouver la sortie, la Room 25. Mais l\u2019un d\u2019entre vous cache peut-\u00eatre son jeu et pourrait \u00eatre l\u2019un des perfides gardiens de la prison qui fera tout pour vous emp\u00eacher de sortir de l\u00e0 vivant.<\/p>\n<p>Jeu coop\u00e9ratif ou presque&#8230; car il y peut y avoir un tra\u00eetre, les mouvements sont pr\u00e9-programm\u00e9s par les joueurs ce qui appelle \u00e0 des discussions, des n\u00e9gociations, mais permet aussi la trahison.<\/p>\n<p>5 modes de jeu&nbsp;: Suspicion, Coop\u00e9ration, Par \u00e9quipe, Comp\u00e9tition et Solo.<\/p>\n<h2>Explication Vid\u00e9o de ROOM 25<\/h2>\n<p>&nbsp;<\/p>\n<p style=\"text-align: center;\"><iframe loading=\"lazy\" src=\"https:\/\/www.youtube.com\/embed\/GEVe_TkA04o?start=55\" width=\"560\" height=\"315\" frameborder=\"0\" allowfullscreen=\"allowfullscreen\"><\/iframe><\/p>\n<div class=\"disclaimer material\">\n<h3>Contenu du jeu<\/h3>\n<ul>\n<li>32 Tuiles de salles<\/li>\n<li>1 Compteur r\u00e9versible<\/li>\n<li>6 Tuiles R\u00f4le<\/li>\n<li>6 Jetons Contr\u00f4le<\/li>\n<li>6 Figurines<\/li>\n<li>24 Jetons Action<\/li>\n<li>6 Balises m\u00e9morielles<\/li>\n<li>6 Marqueurs de tour<\/li>\n<li>6 Fiches Personnage<\/li>\n<\/ul>\n<\/div>\n","protected":false},"excerpt":{"rendered":"<p>25 salles &#8211; 10 tours de jeu &#8211; 4 prisonniers &#8211; 2 gardiens &#8211; 1 seule sortie\u00a0!<\/p>\n<ul>\n<li><strong>\u00c2ge<\/strong> : 10\u00a0ans et +<\/li>\n<li><strong>Dur\u00e9e<\/strong> : 30 min<\/li>\n<li><strong>Joueurs<\/strong> : 1\u00a0\u00e0 6<\/li>\n<\/ul>\n","protected":false},"featured_media":5170,"comment_status":"open","ping_status":"closed","template":"","meta":{"_acf_changed":false},"product_brand":[],"product_cat":[323,324],"product_tag":[382,328,330,416,435,695,566],"class_list":{"0":"post-5061","1":"product","2":"type-product","3":"status-publish","4":"has-post-thumbnail","6":"product_cat-jeux","7":"product_cat-experts","8":"product_tag-cooperatif","9":"product_tag-jeux","10":"product_tag-matagot","11":"product_tag-modulable","12":"product_tag-negociations","13":"product_tag-room-25","14":"product_tag-science-fiction","15":"product_shipping_class-livraisonstandard_colis","17":"first","18":"instock","19":"sale","20":"taxable","21":"shipping-taxable","22":"purchasable","23":"product-type-simple"},"acf":[],"yoast_head":"<!-- This site is optimized with the Yoast SEO plugin v25.3 - https:\/\/yoast.com\/wordpress\/plugins\/seo\/ -->\n<title>Acheter ROOM 25 - Season 1 - GOZU ZONE - Jeux et Accessoires<\/title>\n<meta name=\"robots\" content=\"index, follow, max-snippet:-1, max-image-preview:large, max-video-preview:-1\" \/>\n<link rel=\"canonical\" href=\"https:\/\/gozu.zone\/?product=room-25-season-1\" \/>\n<meta property=\"og:locale\" content=\"fr_FR\" \/>\n<meta property=\"og:type\" content=\"article\" \/>\n<meta property=\"og:title\" content=\"Acheter ROOM 25 - Season 1 - GOZU ZONE - Jeux et Accessoires\" \/>\n<meta property=\"og:description\" content=\"25 salles - 10 tours de jeu - 4 prisonniers - 2 gardiens - 1 seule sortie\u00a0!\u00c2ge : 10\u00a0ans et +Dur\u00e9e : 30 minJoueurs : 1\u00a0\u00e0 6\" \/>\n<meta property=\"og:url\" content=\"https:\/\/gozu.zone\/?product=room-25-season-1\" \/>\n<meta property=\"og:site_name\" content=\"GOZU ZONE\" \/>\n<meta property=\"article:publisher\" content=\"https:\/\/www.facebook.com\/gozuzone\/\" \/>\n<meta property=\"article:modified_time\" content=\"2019-07-27T12:10:55+00:00\" \/>\n<meta property=\"og:image\" content=\"https:\/\/gozu.zone\/wp-content\/uploads\/2017\/05\/room-25-nouvelle-edition.jpg\" \/>\n\t<meta property=\"og:image:width\" content=\"480\" \/>\n\t<meta property=\"og:image:height\" content=\"480\" \/>\n\t<meta property=\"og:image:type\" content=\"image\/jpeg\" \/>\n<meta name=\"twitter:card\" content=\"summary_large_image\" \/>\n<meta name=\"twitter:site\" content=\"@gozuzone\" \/>\n<meta name=\"twitter:label1\" content=\"Dur\u00e9e de lecture estim\u00e9e\" \/>\n\t<meta name=\"twitter:data1\" content=\"1 minute\" \/>\n<script type=\"application\/ld+json\" class=\"yoast-schema-graph\">{\"@context\":\"https:\/\/schema.org\",\"@graph\":[{\"@type\":\"WebPage\",\"@id\":\"https:\/\/gozu.zone\/?product=room-25-season-1\",\"url\":\"https:\/\/gozu.zone\/?product=room-25-season-1\",\"name\":\"Acheter ROOM 25 - Season 1 - GOZU ZONE - Jeux et Accessoires\",\"isPartOf\":{\"@id\":\"https:\/\/gozu.zone\/#website\"},\"primaryImageOfPage\":{\"@id\":\"https:\/\/gozu.zone\/?product=room-25-season-1#primaryimage\"},\"image\":{\"@id\":\"https:\/\/gozu.zone\/?product=room-25-season-1#primaryimage\"},\"thumbnailUrl\":\"https:\/\/gozu.zone\/wp-content\/uploads\/2017\/05\/room-25-nouvelle-edition.jpg\",\"datePublished\":\"2017-05-05T20:23:30+00:00\",\"dateModified\":\"2019-07-27T12:10:55+00:00\",\"breadcrumb\":{\"@id\":\"https:\/\/gozu.zone\/?product=room-25-season-1#breadcrumb\"},\"inLanguage\":\"fr-FR\",\"potentialAction\":[{\"@type\":\"ReadAction\",\"target\":[\"https:\/\/gozu.zone\/?product=room-25-season-1\"]}]},{\"@type\":\"ImageObject\",\"inLanguage\":\"fr-FR\",\"@id\":\"https:\/\/gozu.zone\/?product=room-25-season-1#primaryimage\",\"url\":\"https:\/\/gozu.zone\/wp-content\/uploads\/2017\/05\/room-25-nouvelle-edition.jpg\",\"contentUrl\":\"https:\/\/gozu.zone\/wp-content\/uploads\/2017\/05\/room-25-nouvelle-edition.jpg\",\"width\":480,\"height\":480,\"caption\":\"room-25-nouvelle-edition\"},{\"@type\":\"BreadcrumbList\",\"@id\":\"https:\/\/gozu.zone\/?product=room-25-season-1#breadcrumb\",\"itemListElement\":[{\"@type\":\"ListItem\",\"position\":1,\"name\":\"Accueil\",\"item\":\"https:\/\/gozu.zone\/\"},{\"@type\":\"ListItem\",\"position\":2,\"name\":\"BOUTIQUE\",\"item\":\"https:\/\/gozu.zone\/?page_id=308\"},{\"@type\":\"ListItem\",\"position\":3,\"name\":\"ROOM 25 &#8211; Season 1\"}]},{\"@type\":\"WebSite\",\"@id\":\"https:\/\/gozu.zone\/#website\",\"url\":\"https:\/\/gozu.zone\/\",\"name\":\"GOZU ZONE\",\"description\":\"Toujours plus pour vos jeux\",\"potentialAction\":[{\"@type\":\"SearchAction\",\"target\":{\"@type\":\"EntryPoint\",\"urlTemplate\":\"https:\/\/gozu.zone\/?s={search_term_string}\"},\"query-input\":{\"@type\":\"PropertyValueSpecification\",\"valueRequired\":true,\"valueName\":\"search_term_string\"}}],\"inLanguage\":\"fr-FR\"}]}<\/script>\n<!-- \/ Yoast SEO plugin. -->","yoast_head_json":{"title":"Acheter ROOM 25 - Season 1 - GOZU ZONE - Jeux et Accessoires","robots":{"index":"index","follow":"follow","max-snippet":"max-snippet:-1","max-image-preview":"max-image-preview:large","max-video-preview":"max-video-preview:-1"},"canonical":"https:\/\/gozu.zone\/?product=room-25-season-1","og_locale":"fr_FR","og_type":"article","og_title":"Acheter ROOM 25 - Season 1 - GOZU ZONE - Jeux et Accessoires","og_description":"25 salles - 10 tours de jeu - 4 prisonniers - 2 gardiens - 1 seule sortie\u00a0!\u00c2ge : 10\u00a0ans et +Dur\u00e9e : 30 minJoueurs : 1\u00a0\u00e0 6","og_url":"https:\/\/gozu.zone\/?product=room-25-season-1","og_site_name":"GOZU ZONE","article_publisher":"https:\/\/www.facebook.com\/gozuzone\/","article_modified_time":"2019-07-27T12:10:55+00:00","og_image":[{"width":480,"height":480,"url":"https:\/\/gozu.zone\/wp-content\/uploads\/2017\/05\/room-25-nouvelle-edition.jpg","type":"image\/jpeg"}],"twitter_card":"summary_large_image","twitter_site":"@gozuzone","twitter_misc":{"Dur\u00e9e de lecture estim\u00e9e":"1 minute"},"schema":{"@context":"https:\/\/schema.org","@graph":[{"@type":"WebPage","@id":"https:\/\/gozu.zone\/?product=room-25-season-1","url":"https:\/\/gozu.zone\/?product=room-25-season-1","name":"Acheter ROOM 25 - Season 1 - GOZU ZONE - Jeux et Accessoires","isPartOf":{"@id":"https:\/\/gozu.zone\/#website"},"primaryImageOfPage":{"@id":"https:\/\/gozu.zone\/?product=room-25-season-1#primaryimage"},"image":{"@id":"https:\/\/gozu.zone\/?product=room-25-season-1#primaryimage"},"thumbnailUrl":"https:\/\/gozu.zone\/wp-content\/uploads\/2017\/05\/room-25-nouvelle-edition.jpg","datePublished":"2017-05-05T20:23:30+00:00","dateModified":"2019-07-27T12:10:55+00:00","breadcrumb":{"@id":"https:\/\/gozu.zone\/?product=room-25-season-1#breadcrumb"},"inLanguage":"fr-FR","potentialAction":[{"@type":"ReadAction","target":["https:\/\/gozu.zone\/?product=room-25-season-1"]}]},{"@type":"ImageObject","inLanguage":"fr-FR","@id":"https:\/\/gozu.zone\/?product=room-25-season-1#primaryimage","url":"https:\/\/gozu.zone\/wp-content\/uploads\/2017\/05\/room-25-nouvelle-edition.jpg","contentUrl":"https:\/\/gozu.zone\/wp-content\/uploads\/2017\/05\/room-25-nouvelle-edition.jpg","width":480,"height":480,"caption":"room-25-nouvelle-edition"},{"@type":"BreadcrumbList","@id":"https:\/\/gozu.zone\/?product=room-25-season-1#breadcrumb","itemListElement":[{"@type":"ListItem","position":1,"name":"Accueil","item":"https:\/\/gozu.zone\/"},{"@type":"ListItem","position":2,"name":"BOUTIQUE","item":"https:\/\/gozu.zone\/?page_id=308"},{"@type":"ListItem","position":3,"name":"ROOM 25 &#8211; Season 1"}]},{"@type":"WebSite","@id":"https:\/\/gozu.zone\/#website","url":"https:\/\/gozu.zone\/","name":"GOZU ZONE","description":"Toujours plus pour vos jeux","potentialAction":[{"@type":"SearchAction","target":{"@type":"EntryPoint","urlTemplate":"https:\/\/gozu.zone\/?s={search_term_string}"},"query-input":{"@type":"PropertyValueSpecification","valueRequired":true,"valueName":"search_term_string"}}],"inLanguage":"fr-FR"}]}},"_links":{"self":[{"href":"https:\/\/gozu.zone\/index.php?rest_route=\/wp\/v2\/product\/5061","targetHints":{"allow":["GET"]}}],"collection":[{"href":"https:\/\/gozu.zone\/index.php?rest_route=\/wp\/v2\/product"}],"about":[{"href":"https:\/\/gozu.zone\/index.php?rest_route=\/wp\/v2\/types\/product"}],"replies":[{"embeddable":true,"href":"https:\/\/gozu.zone\/index.php?rest_route=%2Fwp%2Fv2%2Fcomments&post=5061"}],"wp:featuredmedia":[{"embeddable":true,"href":"https:\/\/gozu.zone\/index.php?rest_route=\/wp\/v2\/media\/5170"}],"wp:attachment":[{"href":"https:\/\/gozu.zone\/index.php?rest_route=%2Fwp%2Fv2%2Fmedia&parent=5061"}],"wp:term":[{"taxonomy":"product_brand","embeddable":true,"href":"https:\/\/gozu.zone\/index.php?rest_route=%2Fwp%2Fv2%2Fproduct_brand&post=5061"},{"taxonomy":"product_cat","embeddable":true,"href":"https:\/\/gozu.zone\/index.php?rest_route=%2Fwp%2Fv2%2Fproduct_cat&post=5061"},{"taxonomy":"product_tag","embeddable":true,"href":"https:\/\/gozu.zone\/index.php?rest_route=%2Fwp%2Fv2%2Fproduct_tag&post=5061"}],"curies":[{"name":"wp","href":"https:\/\/api.w.org\/{rel}","templated":true}]}}