{"id":5063,"date":"2017-04-27T20:12:35","date_gmt":"2017-04-27T20:12:35","guid":{"rendered":"https:\/\/gozu.zone\/?post_type=product&#038;p=5063"},"modified":"2024-05-31T19:53:23","modified_gmt":"2024-05-31T19:53:23","slug":"scythe","status":"publish","type":"product","link":"https:\/\/gozu.zone\/?product=scythe","title":{"rendered":"Scythe"},"content":{"rendered":"<p>Menez votre peuple vers sa destin\u00e9e\u00a0! En ces ann\u00e9es 1920s, les cendres de la Premi\u00e8re Guerre Mondiale noircissent encore les neiges de l\u2019Europe. \u00ab\u00a0L\u2019Usine\u00a0\u00bb, la cit\u00e9-\u00c9tat dont les m\u00e9chas lourdement blind\u00e9s chang\u00e8rent le visage de la guerre, est abandonn\u00e9e \u00e0 la convoitise des nations.<\/p>\n<p>&nbsp;<\/p>\n<p><span style=\"font-size: 20.16px; color: #333333;\">Contenu du jeu<\/span><\/p>\n<div class=\"disclaimer material\">\n<ul>\n<li>2 livres de r\u00e8gles<\/li>\n<li>1 fiche de R\u00e9ussites<\/li>\n<li>5 plateaux joueurs<\/li>\n<li>1 plateau de jeu<\/li>\n<li>80 pions ressources<\/li>\n<li>80 pi\u00e8ces de monnaie<\/li>\n<li>24 jetons<\/li>\n<li>6 tuiles bonus B\u00e2timent<\/li>\n<li>42 cartes Combat<\/li>\n<li>23 cartes Objectif<\/li>\n<li>28 cartes Rencontre<\/li>\n<li>12 cartes Usine<\/li>\n<li>2 roues de Puissance<\/li>\n<li>5 cartes Travers\u00e9e<\/li>\n<li>31 cartes Automate<\/li>\n<li>5 plateaux Faction<\/li>\n<li>85 pions de Factions<\/li>\n<li>20 figurines de Mecha<\/li>\n<li>5 figurines de personnages<\/li>\n<li>40 ouvriers<\/li>\n<li>30 cubes Technologies<\/li>\n<li>1 guide D\u00e9marrage rapide<\/li>\n<li>5 cartes D\u00e9marrage rapide<\/li>\n<\/ul>\n<\/div>\n","protected":false},"excerpt":{"rendered":"<ul>\n<li><strong>\u00c2ge<\/strong> : 14\u00a0ans et +<\/li>\n<li><strong>Dur\u00e9e<\/strong> : 115 min<\/li>\n<li><strong>Joueurs<\/strong> : 1\u00a0\u00e0 5<\/li>\n<\/ul>\n","protected":false},"featured_media":5076,"comment_status":"open","ping_status":"closed","template":"","meta":{"_acf_changed":false},"product_brand":[],"product_cat":[323,324],"product_tag":[336,347,531,380,328,330,530],"class_list":{"0":"post-5063","1":"product","2":"type-product","3":"status-publish","4":"has-post-thumbnail","6":"product_cat-jeux","7":"product_cat-experts","8":"product_tag-affrontement","9":"product_tag-economie","10":"product_tag-europe","11":"product_tag-exploration","12":"product_tag-jeux","13":"product_tag-matagot","14":"product_tag-wargame","15":"product_shipping_class-livraisonstandard_colis","17":"first","18":"instock","19":"sale","20":"taxable","21":"shipping-taxable","22":"purchasable","23":"product-type-simple"},"acf":[],"yoast_head":"<!-- This site is optimized with the Yoast SEO plugin v25.3 - https:\/\/yoast.com\/wordpress\/plugins\/seo\/ -->\n<title>Acheter Scythe - GOZU ZONE - Jeux et Accessoires<\/title>\n<meta name=\"robots\" content=\"index, follow, max-snippet:-1, max-image-preview:large, max-video-preview:-1\" \/>\n<link rel=\"canonical\" href=\"https:\/\/gozu.zone\/?product=scythe\" \/>\n<meta property=\"og:locale\" content=\"fr_FR\" \/>\n<meta property=\"og:type\" content=\"article\" \/>\n<meta property=\"og:title\" content=\"Acheter Scythe - GOZU ZONE - Jeux et Accessoires\" \/>\n<meta property=\"og:description\" content=\"\u00c2ge : 14\u00a0ans et +  Dur\u00e9e : 115 min  Joueurs : 1\u00a0\u00e0 5\" \/>\n<meta property=\"og:url\" content=\"https:\/\/gozu.zone\/?product=scythe\" \/>\n<meta property=\"og:site_name\" content=\"GOZU ZONE\" \/>\n<meta property=\"article:publisher\" content=\"https:\/\/www.facebook.com\/gozuzone\/\" \/>\n<meta property=\"article:modified_time\" content=\"2024-05-31T19:53:23+00:00\" \/>\n<meta property=\"og:image\" content=\"https:\/\/gozu.zone\/wp-content\/uploads\/2017\/04\/scythe-gozu-zone.jpg\" \/>\n\t<meta property=\"og:image:width\" content=\"480\" \/>\n\t<meta property=\"og:image:height\" content=\"480\" \/>\n\t<meta property=\"og:image:type\" content=\"image\/jpeg\" \/>\n<meta name=\"twitter:card\" content=\"summary_large_image\" \/>\n<meta name=\"twitter:site\" content=\"@gozuzone\" \/>\n<meta name=\"twitter:label1\" content=\"Dur\u00e9e de lecture estim\u00e9e\" \/>\n\t<meta name=\"twitter:data1\" content=\"1 minute\" \/>\n<script type=\"application\/ld+json\" class=\"yoast-schema-graph\">{\"@context\":\"https:\/\/schema.org\",\"@graph\":[{\"@type\":\"WebPage\",\"@id\":\"https:\/\/gozu.zone\/?product=scythe\",\"url\":\"https:\/\/gozu.zone\/?product=scythe\",\"name\":\"Acheter Scythe - GOZU ZONE - Jeux et Accessoires\",\"isPartOf\":{\"@id\":\"https:\/\/gozu.zone\/#website\"},\"primaryImageOfPage\":{\"@id\":\"https:\/\/gozu.zone\/?product=scythe#primaryimage\"},\"image\":{\"@id\":\"https:\/\/gozu.zone\/?product=scythe#primaryimage\"},\"thumbnailUrl\":\"https:\/\/gozu.zone\/wp-content\/uploads\/2017\/04\/scythe-gozu-zone.jpg\",\"datePublished\":\"2017-04-27T20:12:35+00:00\",\"dateModified\":\"2024-05-31T19:53:23+00:00\",\"breadcrumb\":{\"@id\":\"https:\/\/gozu.zone\/?product=scythe#breadcrumb\"},\"inLanguage\":\"fr-FR\",\"potentialAction\":[{\"@type\":\"ReadAction\",\"target\":[\"https:\/\/gozu.zone\/?product=scythe\"]}]},{\"@type\":\"ImageObject\",\"inLanguage\":\"fr-FR\",\"@id\":\"https:\/\/gozu.zone\/?product=scythe#primaryimage\",\"url\":\"https:\/\/gozu.zone\/wp-content\/uploads\/2017\/04\/scythe-gozu-zone.jpg\",\"contentUrl\":\"https:\/\/gozu.zone\/wp-content\/uploads\/2017\/04\/scythe-gozu-zone.jpg\",\"width\":480,\"height\":480},{\"@type\":\"BreadcrumbList\",\"@id\":\"https:\/\/gozu.zone\/?product=scythe#breadcrumb\",\"itemListElement\":[{\"@type\":\"ListItem\",\"position\":1,\"name\":\"Accueil\",\"item\":\"https:\/\/gozu.zone\/\"},{\"@type\":\"ListItem\",\"position\":2,\"name\":\"BOUTIQUE\",\"item\":\"https:\/\/gozu.zone\/?page_id=308\"},{\"@type\":\"ListItem\",\"position\":3,\"name\":\"Scythe\"}]},{\"@type\":\"WebSite\",\"@id\":\"https:\/\/gozu.zone\/#website\",\"url\":\"https:\/\/gozu.zone\/\",\"name\":\"GOZU ZONE\",\"description\":\"Toujours plus pour vos jeux\",\"potentialAction\":[{\"@type\":\"SearchAction\",\"target\":{\"@type\":\"EntryPoint\",\"urlTemplate\":\"https:\/\/gozu.zone\/?s={search_term_string}\"},\"query-input\":{\"@type\":\"PropertyValueSpecification\",\"valueRequired\":true,\"valueName\":\"search_term_string\"}}],\"inLanguage\":\"fr-FR\"}]}<\/script>\n<!-- \/ Yoast SEO plugin. -->","yoast_head_json":{"title":"Acheter Scythe - GOZU ZONE - Jeux et Accessoires","robots":{"index":"index","follow":"follow","max-snippet":"max-snippet:-1","max-image-preview":"max-image-preview:large","max-video-preview":"max-video-preview:-1"},"canonical":"https:\/\/gozu.zone\/?product=scythe","og_locale":"fr_FR","og_type":"article","og_title":"Acheter Scythe - GOZU ZONE - Jeux et Accessoires","og_description":"\u00c2ge : 14\u00a0ans et +  Dur\u00e9e : 115 min  Joueurs : 1\u00a0\u00e0 5","og_url":"https:\/\/gozu.zone\/?product=scythe","og_site_name":"GOZU ZONE","article_publisher":"https:\/\/www.facebook.com\/gozuzone\/","article_modified_time":"2024-05-31T19:53:23+00:00","og_image":[{"width":480,"height":480,"url":"https:\/\/gozu.zone\/wp-content\/uploads\/2017\/04\/scythe-gozu-zone.jpg","type":"image\/jpeg"}],"twitter_card":"summary_large_image","twitter_site":"@gozuzone","twitter_misc":{"Dur\u00e9e de lecture estim\u00e9e":"1 minute"},"schema":{"@context":"https:\/\/schema.org","@graph":[{"@type":"WebPage","@id":"https:\/\/gozu.zone\/?product=scythe","url":"https:\/\/gozu.zone\/?product=scythe","name":"Acheter Scythe - GOZU ZONE - Jeux et Accessoires","isPartOf":{"@id":"https:\/\/gozu.zone\/#website"},"primaryImageOfPage":{"@id":"https:\/\/gozu.zone\/?product=scythe#primaryimage"},"image":{"@id":"https:\/\/gozu.zone\/?product=scythe#primaryimage"},"thumbnailUrl":"https:\/\/gozu.zone\/wp-content\/uploads\/2017\/04\/scythe-gozu-zone.jpg","datePublished":"2017-04-27T20:12:35+00:00","dateModified":"2024-05-31T19:53:23+00:00","breadcrumb":{"@id":"https:\/\/gozu.zone\/?product=scythe#breadcrumb"},"inLanguage":"fr-FR","potentialAction":[{"@type":"ReadAction","target":["https:\/\/gozu.zone\/?product=scythe"]}]},{"@type":"ImageObject","inLanguage":"fr-FR","@id":"https:\/\/gozu.zone\/?product=scythe#primaryimage","url":"https:\/\/gozu.zone\/wp-content\/uploads\/2017\/04\/scythe-gozu-zone.jpg","contentUrl":"https:\/\/gozu.zone\/wp-content\/uploads\/2017\/04\/scythe-gozu-zone.jpg","width":480,"height":480},{"@type":"BreadcrumbList","@id":"https:\/\/gozu.zone\/?product=scythe#breadcrumb","itemListElement":[{"@type":"ListItem","position":1,"name":"Accueil","item":"https:\/\/gozu.zone\/"},{"@type":"ListItem","position":2,"name":"BOUTIQUE","item":"https:\/\/gozu.zone\/?page_id=308"},{"@type":"ListItem","position":3,"name":"Scythe"}]},{"@type":"WebSite","@id":"https:\/\/gozu.zone\/#website","url":"https:\/\/gozu.zone\/","name":"GOZU ZONE","description":"Toujours plus pour vos jeux","potentialAction":[{"@type":"SearchAction","target":{"@type":"EntryPoint","urlTemplate":"https:\/\/gozu.zone\/?s={search_term_string}"},"query-input":{"@type":"PropertyValueSpecification","valueRequired":true,"valueName":"search_term_string"}}],"inLanguage":"fr-FR"}]}},"_links":{"self":[{"href":"https:\/\/gozu.zone\/index.php?rest_route=\/wp\/v2\/product\/5063","targetHints":{"allow":["GET"]}}],"collection":[{"href":"https:\/\/gozu.zone\/index.php?rest_route=\/wp\/v2\/product"}],"about":[{"href":"https:\/\/gozu.zone\/index.php?rest_route=\/wp\/v2\/types\/product"}],"replies":[{"embeddable":true,"href":"https:\/\/gozu.zone\/index.php?rest_route=%2Fwp%2Fv2%2Fcomments&post=5063"}],"wp:featuredmedia":[{"embeddable":true,"href":"https:\/\/gozu.zone\/index.php?rest_route=\/wp\/v2\/media\/5076"}],"wp:attachment":[{"href":"https:\/\/gozu.zone\/index.php?rest_route=%2Fwp%2Fv2%2Fmedia&parent=5063"}],"wp:term":[{"taxonomy":"product_brand","embeddable":true,"href":"https:\/\/gozu.zone\/index.php?rest_route=%2Fwp%2Fv2%2Fproduct_brand&post=5063"},{"taxonomy":"product_cat","embeddable":true,"href":"https:\/\/gozu.zone\/index.php?rest_route=%2Fwp%2Fv2%2Fproduct_cat&post=5063"},{"taxonomy":"product_tag","embeddable":true,"href":"https:\/\/gozu.zone\/index.php?rest_route=%2Fwp%2Fv2%2Fproduct_tag&post=5063"}],"curies":[{"name":"wp","href":"https:\/\/api.w.org\/{rel}","templated":true}]}}