{"id":5108,"date":"2017-04-28T23:08:18","date_gmt":"2017-04-28T23:08:18","guid":{"rendered":"https:\/\/gozu.zone\/?post_type=product&#038;p=5108"},"modified":"2021-05-25T19:46:46","modified_gmt":"2021-05-25T19:46:46","slug":"le-trone-de-fer-jce-les-noces-pourpres","status":"publish","type":"product","link":"https:\/\/gozu.zone\/?product=le-trone-de-fer-jce-les-noces-pourpres","title":{"rendered":"Le Tr\u00f4ne de fer JCE\u00a0: Les Noces Pourpres"},"content":{"rendered":"<p>Les Noces Pourpres\u00a0est un Paquet de Chapitre de 60 nouvelles cartes (20 cartes en trois exemplaires chacune) pour\u00a0Le Tr\u00f4ne de fer : le jeu de cartes, bas\u00e9 sur la saga \u00e0 succ\u00e8s de George R.R. Martin. Ces cartes vous permettront de personnaliser davantage vos decks et de varier le m\u00e9tagame.<\/p>\n","protected":false},"excerpt":{"rendered":"<p><b>Cycle 3\u00a0: Sang et Or &#8211;\u00a0<\/b><em>Les Noces Pourpres<\/em><\/p>\n<p>Contient les cartes 61-80 du cycle Sang et Or.<\/p>\n<ul>\n<li><strong>\u00c2ge<\/strong> : 14\u00a0ans et +<\/li>\n<li><strong>Dur\u00e9e<\/strong> : 60 \u00e0 120 min<\/li>\n<li><strong>Joueurs<\/strong> : 2\u00a0\u00e0 4<\/li>\n<\/ul>\n","protected":false},"featured_media":5138,"comment_status":"open","ping_status":"closed","template":"","meta":{"_acf_changed":false},"product_brand":[],"product_cat":[323,327],"product_tag":[177,383,195,352,536,398],"class_list":{"0":"post-5108","1":"product","2":"type-product","3":"status-publish","4":"has-post-thumbnail","6":"product_cat-jeux","7":"product_cat-extensions","8":"product_tag-cartes","9":"product_tag-combinaison","10":"product_tag-extension","11":"product_tag-fantastique","12":"product_tag-jce","13":"product_tag-medieval","14":"product_shipping_class-livraisonstandard_enveloppe-fr","16":"first","17":"instock","18":"sale","19":"taxable","20":"shipping-taxable","21":"purchasable","22":"product-type-simple"},"acf":[],"yoast_head":"<!-- This site is optimized with the Yoast SEO plugin v25.3 - https:\/\/yoast.com\/wordpress\/plugins\/seo\/ -->\n<title>Acheter Le Tr\u00f4ne de fer JCE\u00a0: Les Noces Pourpres - GOZU ZONE - Jeux et Accessoires<\/title>\n<meta name=\"robots\" content=\"index, follow, max-snippet:-1, max-image-preview:large, max-video-preview:-1\" \/>\n<link rel=\"canonical\" href=\"https:\/\/gozu.zone\/?product=le-trone-de-fer-jce-les-noces-pourpres\" \/>\n<meta property=\"og:locale\" content=\"fr_FR\" \/>\n<meta property=\"og:type\" content=\"article\" \/>\n<meta property=\"og:title\" content=\"Acheter Le Tr\u00f4ne de fer JCE\u00a0: Les Noces Pourpres - GOZU ZONE - Jeux et Accessoires\" \/>\n<meta property=\"og:description\" content=\"Cycle 3\u00a0: Sang et Or -\u00a0Les Noces Pourpres  Contient les cartes 61-80 du cycle Sang et Or.   \u00c2ge : 14\u00a0ans et +  Dur\u00e9e : 60 \u00e0 120 min  Joueurs : 2\u00a0\u00e0 4\" \/>\n<meta property=\"og:url\" content=\"https:\/\/gozu.zone\/?product=le-trone-de-fer-jce-les-noces-pourpres\" \/>\n<meta property=\"og:site_name\" content=\"GOZU ZONE\" \/>\n<meta property=\"article:publisher\" content=\"https:\/\/www.facebook.com\/gozuzone\/\" \/>\n<meta property=\"article:modified_time\" content=\"2021-05-25T19:46:46+00:00\" \/>\n<meta property=\"og:image\" content=\"https:\/\/gozu.zone\/wp-content\/uploads\/2017\/04\/tdf-jce-v2-Les-Noces-Pourpres.jpg\" \/>\n\t<meta property=\"og:image:width\" content=\"480\" \/>\n\t<meta property=\"og:image:height\" content=\"480\" \/>\n\t<meta property=\"og:image:type\" content=\"image\/jpeg\" \/>\n<meta name=\"twitter:card\" content=\"summary_large_image\" \/>\n<meta name=\"twitter:site\" content=\"@gozuzone\" \/>\n<script type=\"application\/ld+json\" class=\"yoast-schema-graph\">{\"@context\":\"https:\/\/schema.org\",\"@graph\":[{\"@type\":\"WebPage\",\"@id\":\"https:\/\/gozu.zone\/?product=le-trone-de-fer-jce-les-noces-pourpres\",\"url\":\"https:\/\/gozu.zone\/?product=le-trone-de-fer-jce-les-noces-pourpres\",\"name\":\"Acheter Le Tr\u00f4ne de fer JCE\u00a0: Les Noces Pourpres - GOZU ZONE - Jeux et Accessoires\",\"isPartOf\":{\"@id\":\"https:\/\/gozu.zone\/#website\"},\"primaryImageOfPage\":{\"@id\":\"https:\/\/gozu.zone\/?product=le-trone-de-fer-jce-les-noces-pourpres#primaryimage\"},\"image\":{\"@id\":\"https:\/\/gozu.zone\/?product=le-trone-de-fer-jce-les-noces-pourpres#primaryimage\"},\"thumbnailUrl\":\"https:\/\/gozu.zone\/wp-content\/uploads\/2017\/04\/tdf-jce-v2-Les-Noces-Pourpres.jpg\",\"datePublished\":\"2017-04-28T23:08:18+00:00\",\"dateModified\":\"2021-05-25T19:46:46+00:00\",\"breadcrumb\":{\"@id\":\"https:\/\/gozu.zone\/?product=le-trone-de-fer-jce-les-noces-pourpres#breadcrumb\"},\"inLanguage\":\"fr-FR\",\"potentialAction\":[{\"@type\":\"ReadAction\",\"target\":[\"https:\/\/gozu.zone\/?product=le-trone-de-fer-jce-les-noces-pourpres\"]}]},{\"@type\":\"ImageObject\",\"inLanguage\":\"fr-FR\",\"@id\":\"https:\/\/gozu.zone\/?product=le-trone-de-fer-jce-les-noces-pourpres#primaryimage\",\"url\":\"https:\/\/gozu.zone\/wp-content\/uploads\/2017\/04\/tdf-jce-v2-Les-Noces-Pourpres.jpg\",\"contentUrl\":\"https:\/\/gozu.zone\/wp-content\/uploads\/2017\/04\/tdf-jce-v2-Les-Noces-Pourpres.jpg\",\"width\":480,\"height\":480,\"caption\":\"Les-Noces-Pourpres\"},{\"@type\":\"BreadcrumbList\",\"@id\":\"https:\/\/gozu.zone\/?product=le-trone-de-fer-jce-les-noces-pourpres#breadcrumb\",\"itemListElement\":[{\"@type\":\"ListItem\",\"position\":1,\"name\":\"Accueil\",\"item\":\"https:\/\/gozu.zone\/\"},{\"@type\":\"ListItem\",\"position\":2,\"name\":\"BOUTIQUE\",\"item\":\"https:\/\/gozu.zone\/?page_id=308\"},{\"@type\":\"ListItem\",\"position\":3,\"name\":\"Le Tr\u00f4ne de fer JCE\u00a0: Les Noces Pourpres\"}]},{\"@type\":\"WebSite\",\"@id\":\"https:\/\/gozu.zone\/#website\",\"url\":\"https:\/\/gozu.zone\/\",\"name\":\"GOZU ZONE\",\"description\":\"Toujours plus pour vos jeux\",\"potentialAction\":[{\"@type\":\"SearchAction\",\"target\":{\"@type\":\"EntryPoint\",\"urlTemplate\":\"https:\/\/gozu.zone\/?s={search_term_string}\"},\"query-input\":{\"@type\":\"PropertyValueSpecification\",\"valueRequired\":true,\"valueName\":\"search_term_string\"}}],\"inLanguage\":\"fr-FR\"}]}<\/script>\n<!-- \/ Yoast SEO plugin. -->","yoast_head_json":{"title":"Acheter Le Tr\u00f4ne de fer JCE\u00a0: Les Noces Pourpres - GOZU ZONE - Jeux et Accessoires","robots":{"index":"index","follow":"follow","max-snippet":"max-snippet:-1","max-image-preview":"max-image-preview:large","max-video-preview":"max-video-preview:-1"},"canonical":"https:\/\/gozu.zone\/?product=le-trone-de-fer-jce-les-noces-pourpres","og_locale":"fr_FR","og_type":"article","og_title":"Acheter Le Tr\u00f4ne de fer JCE\u00a0: Les Noces Pourpres - GOZU ZONE - Jeux et Accessoires","og_description":"Cycle 3\u00a0: Sang et Or -\u00a0Les Noces Pourpres  Contient les cartes 61-80 du cycle Sang et Or.   \u00c2ge : 14\u00a0ans et +  Dur\u00e9e : 60 \u00e0 120 min  Joueurs : 2\u00a0\u00e0 4","og_url":"https:\/\/gozu.zone\/?product=le-trone-de-fer-jce-les-noces-pourpres","og_site_name":"GOZU ZONE","article_publisher":"https:\/\/www.facebook.com\/gozuzone\/","article_modified_time":"2021-05-25T19:46:46+00:00","og_image":[{"width":480,"height":480,"url":"https:\/\/gozu.zone\/wp-content\/uploads\/2017\/04\/tdf-jce-v2-Les-Noces-Pourpres.jpg","type":"image\/jpeg"}],"twitter_card":"summary_large_image","twitter_site":"@gozuzone","schema":{"@context":"https:\/\/schema.org","@graph":[{"@type":"WebPage","@id":"https:\/\/gozu.zone\/?product=le-trone-de-fer-jce-les-noces-pourpres","url":"https:\/\/gozu.zone\/?product=le-trone-de-fer-jce-les-noces-pourpres","name":"Acheter Le Tr\u00f4ne de fer JCE\u00a0: Les Noces Pourpres - GOZU ZONE - Jeux et Accessoires","isPartOf":{"@id":"https:\/\/gozu.zone\/#website"},"primaryImageOfPage":{"@id":"https:\/\/gozu.zone\/?product=le-trone-de-fer-jce-les-noces-pourpres#primaryimage"},"image":{"@id":"https:\/\/gozu.zone\/?product=le-trone-de-fer-jce-les-noces-pourpres#primaryimage"},"thumbnailUrl":"https:\/\/gozu.zone\/wp-content\/uploads\/2017\/04\/tdf-jce-v2-Les-Noces-Pourpres.jpg","datePublished":"2017-04-28T23:08:18+00:00","dateModified":"2021-05-25T19:46:46+00:00","breadcrumb":{"@id":"https:\/\/gozu.zone\/?product=le-trone-de-fer-jce-les-noces-pourpres#breadcrumb"},"inLanguage":"fr-FR","potentialAction":[{"@type":"ReadAction","target":["https:\/\/gozu.zone\/?product=le-trone-de-fer-jce-les-noces-pourpres"]}]},{"@type":"ImageObject","inLanguage":"fr-FR","@id":"https:\/\/gozu.zone\/?product=le-trone-de-fer-jce-les-noces-pourpres#primaryimage","url":"https:\/\/gozu.zone\/wp-content\/uploads\/2017\/04\/tdf-jce-v2-Les-Noces-Pourpres.jpg","contentUrl":"https:\/\/gozu.zone\/wp-content\/uploads\/2017\/04\/tdf-jce-v2-Les-Noces-Pourpres.jpg","width":480,"height":480,"caption":"Les-Noces-Pourpres"},{"@type":"BreadcrumbList","@id":"https:\/\/gozu.zone\/?product=le-trone-de-fer-jce-les-noces-pourpres#breadcrumb","itemListElement":[{"@type":"ListItem","position":1,"name":"Accueil","item":"https:\/\/gozu.zone\/"},{"@type":"ListItem","position":2,"name":"BOUTIQUE","item":"https:\/\/gozu.zone\/?page_id=308"},{"@type":"ListItem","position":3,"name":"Le Tr\u00f4ne de fer JCE\u00a0: Les Noces Pourpres"}]},{"@type":"WebSite","@id":"https:\/\/gozu.zone\/#website","url":"https:\/\/gozu.zone\/","name":"GOZU ZONE","description":"Toujours plus pour vos jeux","potentialAction":[{"@type":"SearchAction","target":{"@type":"EntryPoint","urlTemplate":"https:\/\/gozu.zone\/?s={search_term_string}"},"query-input":{"@type":"PropertyValueSpecification","valueRequired":true,"valueName":"search_term_string"}}],"inLanguage":"fr-FR"}]}},"_links":{"self":[{"href":"https:\/\/gozu.zone\/index.php?rest_route=\/wp\/v2\/product\/5108","targetHints":{"allow":["GET"]}}],"collection":[{"href":"https:\/\/gozu.zone\/index.php?rest_route=\/wp\/v2\/product"}],"about":[{"href":"https:\/\/gozu.zone\/index.php?rest_route=\/wp\/v2\/types\/product"}],"replies":[{"embeddable":true,"href":"https:\/\/gozu.zone\/index.php?rest_route=%2Fwp%2Fv2%2Fcomments&post=5108"}],"wp:featuredmedia":[{"embeddable":true,"href":"https:\/\/gozu.zone\/index.php?rest_route=\/wp\/v2\/media\/5138"}],"wp:attachment":[{"href":"https:\/\/gozu.zone\/index.php?rest_route=%2Fwp%2Fv2%2Fmedia&parent=5108"}],"wp:term":[{"taxonomy":"product_brand","embeddable":true,"href":"https:\/\/gozu.zone\/index.php?rest_route=%2Fwp%2Fv2%2Fproduct_brand&post=5108"},{"taxonomy":"product_cat","embeddable":true,"href":"https:\/\/gozu.zone\/index.php?rest_route=%2Fwp%2Fv2%2Fproduct_cat&post=5108"},{"taxonomy":"product_tag","embeddable":true,"href":"https:\/\/gozu.zone\/index.php?rest_route=%2Fwp%2Fv2%2Fproduct_tag&post=5108"}],"curies":[{"name":"wp","href":"https:\/\/api.w.org\/{rel}","templated":true}]}}