{"id":5195,"date":"2017-05-10T19:35:58","date_gmt":"2017-05-10T19:35:58","guid":{"rendered":"https:\/\/gozu.zone\/?post_type=product&#038;p=5195"},"modified":"2024-12-05T19:49:05","modified_gmt":"2024-12-05T19:49:05","slug":"ashes-heritiers-phoenix","status":"publish","type":"product","link":"https:\/\/gozu.zone\/?product=ashes-heritiers-phoenix","title":{"rendered":"Ashes &#8211; Les H\u00e9ritiers du Phoenix"},"content":{"rendered":"<p>Ashes est un jeu de cartes strat\u00e9gique o\u00f9 les joueurs sont amen\u00e9s \u00e0 personnaliser leur deck avant de partir au combat.<\/p>\n<p>Choisissez un H\u00e9ritier du Ph\u00e9nix, un puissant demi-dieu<br \/>\nmagicien. Invoquez de fid\u00e8les alli\u00e9s, de dangereuses<br \/>\ncr\u00e9atures et combinez de redoutables sortil\u00e8ges.<br \/>\nMontrez-vous plus malin que vos adversaires dans<br \/>\nce jeu effr\u00e9n\u00e9 form\u00e9 d\u2019un d\u00e9luge d\u2019incantations et<br \/>\nd\u2019habilet\u00e9s strat\u00e9giques.<\/p>\n","protected":false},"excerpt":{"rendered":"<p>Serez-vous le dernier h\u00e9ritier \u00e0 prendre le pouvoir?<\/p>\n<ul>\n<li><strong>\u00c2ge<\/strong> : 14\u00a0ans et +<\/li>\n<li><strong>Dur\u00e9e<\/strong> : 30 min \/ joueurs<\/li>\n<li><strong>Joueurs<\/strong> : 2\u00a0\u00e0 4<\/li>\n<\/ul>\n","protected":false},"featured_media":5200,"comment_status":"open","ping_status":"closed","template":"","meta":{"_acf_changed":false},"product_brand":[],"product_cat":[323],"product_tag":[177,383,436,352,413],"class_list":{"0":"post-5195","1":"product","2":"type-product","3":"status-publish","4":"has-post-thumbnail","6":"product_cat-jeux","7":"product_tag-cartes","8":"product_tag-combinaison","9":"product_tag-des","10":"product_tag-fantastique","11":"product_tag-pouvoirs","12":"product_shipping_class-livraisonstandard_colis","14":"first","15":"instock","16":"sale","17":"taxable","18":"shipping-taxable","19":"purchasable","20":"product-type-simple"},"acf":[],"yoast_head":"<!-- This site is optimized with the Yoast SEO plugin v25.3 - https:\/\/yoast.com\/wordpress\/plugins\/seo\/ -->\n<title>Acheter Ashes - Les H\u00e9ritiers du Phoenix - GOZU ZONE - Jeux et Accessoires<\/title>\n<meta name=\"robots\" content=\"index, follow, max-snippet:-1, max-image-preview:large, max-video-preview:-1\" \/>\n<link rel=\"canonical\" href=\"https:\/\/gozu.zone\/?product=ashes-heritiers-phoenix\" \/>\n<meta property=\"og:locale\" content=\"fr_FR\" \/>\n<meta property=\"og:type\" content=\"article\" \/>\n<meta property=\"og:title\" content=\"Acheter Ashes - Les H\u00e9ritiers du Phoenix - GOZU ZONE - Jeux et Accessoires\" \/>\n<meta property=\"og:description\" content=\"Serez-vous le dernier h\u00e9ritier \u00e0 prendre le pouvoir?   \u00c2ge : 14\u00a0ans et +  Dur\u00e9e : 30 min \/ joueurs  Joueurs : 2\u00a0\u00e0 4\" \/>\n<meta property=\"og:url\" content=\"https:\/\/gozu.zone\/?product=ashes-heritiers-phoenix\" \/>\n<meta property=\"og:site_name\" content=\"GOZU ZONE\" \/>\n<meta property=\"article:publisher\" content=\"https:\/\/www.facebook.com\/gozuzone\/\" \/>\n<meta property=\"article:modified_time\" content=\"2024-12-05T19:49:05+00:00\" \/>\n<meta property=\"og:image\" content=\"https:\/\/gozu.zone\/wp-content\/uploads\/2017\/05\/Ashes-Les-H\u00e9ritiers-du-Phoenix.jpg\" \/>\n\t<meta property=\"og:image:width\" content=\"420\" \/>\n\t<meta property=\"og:image:height\" content=\"420\" \/>\n\t<meta property=\"og:image:type\" content=\"image\/jpeg\" \/>\n<meta name=\"twitter:card\" content=\"summary_large_image\" \/>\n<meta name=\"twitter:site\" content=\"@gozuzone\" \/>\n<script type=\"application\/ld+json\" class=\"yoast-schema-graph\">{\"@context\":\"https:\/\/schema.org\",\"@graph\":[{\"@type\":\"WebPage\",\"@id\":\"https:\/\/gozu.zone\/?product=ashes-heritiers-phoenix\",\"url\":\"https:\/\/gozu.zone\/?product=ashes-heritiers-phoenix\",\"name\":\"Acheter Ashes - Les H\u00e9ritiers du Phoenix - GOZU ZONE - Jeux et Accessoires\",\"isPartOf\":{\"@id\":\"https:\/\/gozu.zone\/#website\"},\"primaryImageOfPage\":{\"@id\":\"https:\/\/gozu.zone\/?product=ashes-heritiers-phoenix#primaryimage\"},\"image\":{\"@id\":\"https:\/\/gozu.zone\/?product=ashes-heritiers-phoenix#primaryimage\"},\"thumbnailUrl\":\"https:\/\/gozu.zone\/wp-content\/uploads\/2017\/05\/Ashes-Les-H\u00e9ritiers-du-Phoenix.jpg\",\"datePublished\":\"2017-05-10T19:35:58+00:00\",\"dateModified\":\"2024-12-05T19:49:05+00:00\",\"breadcrumb\":{\"@id\":\"https:\/\/gozu.zone\/?product=ashes-heritiers-phoenix#breadcrumb\"},\"inLanguage\":\"fr-FR\",\"potentialAction\":[{\"@type\":\"ReadAction\",\"target\":[\"https:\/\/gozu.zone\/?product=ashes-heritiers-phoenix\"]}]},{\"@type\":\"ImageObject\",\"inLanguage\":\"fr-FR\",\"@id\":\"https:\/\/gozu.zone\/?product=ashes-heritiers-phoenix#primaryimage\",\"url\":\"https:\/\/gozu.zone\/wp-content\/uploads\/2017\/05\/Ashes-Les-H\u00e9ritiers-du-Phoenix.jpg\",\"contentUrl\":\"https:\/\/gozu.zone\/wp-content\/uploads\/2017\/05\/Ashes-Les-H\u00e9ritiers-du-Phoenix.jpg\",\"width\":420,\"height\":420,\"caption\":\"Ashes - Les-H\u00e9ritiers-du-Phoenix\"},{\"@type\":\"BreadcrumbList\",\"@id\":\"https:\/\/gozu.zone\/?product=ashes-heritiers-phoenix#breadcrumb\",\"itemListElement\":[{\"@type\":\"ListItem\",\"position\":1,\"name\":\"Accueil\",\"item\":\"https:\/\/gozu.zone\/\"},{\"@type\":\"ListItem\",\"position\":2,\"name\":\"BOUTIQUE\",\"item\":\"https:\/\/gozu.zone\/?page_id=308\"},{\"@type\":\"ListItem\",\"position\":3,\"name\":\"Ashes &#8211; Les H\u00e9ritiers du Phoenix\"}]},{\"@type\":\"WebSite\",\"@id\":\"https:\/\/gozu.zone\/#website\",\"url\":\"https:\/\/gozu.zone\/\",\"name\":\"GOZU ZONE\",\"description\":\"Toujours plus pour vos jeux\",\"potentialAction\":[{\"@type\":\"SearchAction\",\"target\":{\"@type\":\"EntryPoint\",\"urlTemplate\":\"https:\/\/gozu.zone\/?s={search_term_string}\"},\"query-input\":{\"@type\":\"PropertyValueSpecification\",\"valueRequired\":true,\"valueName\":\"search_term_string\"}}],\"inLanguage\":\"fr-FR\"}]}<\/script>\n<!-- \/ Yoast SEO plugin. -->","yoast_head_json":{"title":"Acheter Ashes - Les H\u00e9ritiers du Phoenix - GOZU ZONE - Jeux et Accessoires","robots":{"index":"index","follow":"follow","max-snippet":"max-snippet:-1","max-image-preview":"max-image-preview:large","max-video-preview":"max-video-preview:-1"},"canonical":"https:\/\/gozu.zone\/?product=ashes-heritiers-phoenix","og_locale":"fr_FR","og_type":"article","og_title":"Acheter Ashes - Les H\u00e9ritiers du Phoenix - GOZU ZONE - Jeux et Accessoires","og_description":"Serez-vous le dernier h\u00e9ritier \u00e0 prendre le pouvoir?   \u00c2ge : 14\u00a0ans et +  Dur\u00e9e : 30 min \/ joueurs  Joueurs : 2\u00a0\u00e0 4","og_url":"https:\/\/gozu.zone\/?product=ashes-heritiers-phoenix","og_site_name":"GOZU ZONE","article_publisher":"https:\/\/www.facebook.com\/gozuzone\/","article_modified_time":"2024-12-05T19:49:05+00:00","og_image":[{"width":420,"height":420,"url":"https:\/\/gozu.zone\/wp-content\/uploads\/2017\/05\/Ashes-Les-H\u00e9ritiers-du-Phoenix.jpg","type":"image\/jpeg"}],"twitter_card":"summary_large_image","twitter_site":"@gozuzone","schema":{"@context":"https:\/\/schema.org","@graph":[{"@type":"WebPage","@id":"https:\/\/gozu.zone\/?product=ashes-heritiers-phoenix","url":"https:\/\/gozu.zone\/?product=ashes-heritiers-phoenix","name":"Acheter Ashes - Les H\u00e9ritiers du Phoenix - GOZU ZONE - Jeux et Accessoires","isPartOf":{"@id":"https:\/\/gozu.zone\/#website"},"primaryImageOfPage":{"@id":"https:\/\/gozu.zone\/?product=ashes-heritiers-phoenix#primaryimage"},"image":{"@id":"https:\/\/gozu.zone\/?product=ashes-heritiers-phoenix#primaryimage"},"thumbnailUrl":"https:\/\/gozu.zone\/wp-content\/uploads\/2017\/05\/Ashes-Les-H\u00e9ritiers-du-Phoenix.jpg","datePublished":"2017-05-10T19:35:58+00:00","dateModified":"2024-12-05T19:49:05+00:00","breadcrumb":{"@id":"https:\/\/gozu.zone\/?product=ashes-heritiers-phoenix#breadcrumb"},"inLanguage":"fr-FR","potentialAction":[{"@type":"ReadAction","target":["https:\/\/gozu.zone\/?product=ashes-heritiers-phoenix"]}]},{"@type":"ImageObject","inLanguage":"fr-FR","@id":"https:\/\/gozu.zone\/?product=ashes-heritiers-phoenix#primaryimage","url":"https:\/\/gozu.zone\/wp-content\/uploads\/2017\/05\/Ashes-Les-H\u00e9ritiers-du-Phoenix.jpg","contentUrl":"https:\/\/gozu.zone\/wp-content\/uploads\/2017\/05\/Ashes-Les-H\u00e9ritiers-du-Phoenix.jpg","width":420,"height":420,"caption":"Ashes - Les-H\u00e9ritiers-du-Phoenix"},{"@type":"BreadcrumbList","@id":"https:\/\/gozu.zone\/?product=ashes-heritiers-phoenix#breadcrumb","itemListElement":[{"@type":"ListItem","position":1,"name":"Accueil","item":"https:\/\/gozu.zone\/"},{"@type":"ListItem","position":2,"name":"BOUTIQUE","item":"https:\/\/gozu.zone\/?page_id=308"},{"@type":"ListItem","position":3,"name":"Ashes &#8211; Les H\u00e9ritiers du Phoenix"}]},{"@type":"WebSite","@id":"https:\/\/gozu.zone\/#website","url":"https:\/\/gozu.zone\/","name":"GOZU ZONE","description":"Toujours plus pour vos jeux","potentialAction":[{"@type":"SearchAction","target":{"@type":"EntryPoint","urlTemplate":"https:\/\/gozu.zone\/?s={search_term_string}"},"query-input":{"@type":"PropertyValueSpecification","valueRequired":true,"valueName":"search_term_string"}}],"inLanguage":"fr-FR"}]}},"_links":{"self":[{"href":"https:\/\/gozu.zone\/index.php?rest_route=\/wp\/v2\/product\/5195","targetHints":{"allow":["GET"]}}],"collection":[{"href":"https:\/\/gozu.zone\/index.php?rest_route=\/wp\/v2\/product"}],"about":[{"href":"https:\/\/gozu.zone\/index.php?rest_route=\/wp\/v2\/types\/product"}],"replies":[{"embeddable":true,"href":"https:\/\/gozu.zone\/index.php?rest_route=%2Fwp%2Fv2%2Fcomments&post=5195"}],"wp:featuredmedia":[{"embeddable":true,"href":"https:\/\/gozu.zone\/index.php?rest_route=\/wp\/v2\/media\/5200"}],"wp:attachment":[{"href":"https:\/\/gozu.zone\/index.php?rest_route=%2Fwp%2Fv2%2Fmedia&parent=5195"}],"wp:term":[{"taxonomy":"product_brand","embeddable":true,"href":"https:\/\/gozu.zone\/index.php?rest_route=%2Fwp%2Fv2%2Fproduct_brand&post=5195"},{"taxonomy":"product_cat","embeddable":true,"href":"https:\/\/gozu.zone\/index.php?rest_route=%2Fwp%2Fv2%2Fproduct_cat&post=5195"},{"taxonomy":"product_tag","embeddable":true,"href":"https:\/\/gozu.zone\/index.php?rest_route=%2Fwp%2Fv2%2Fproduct_tag&post=5195"}],"curies":[{"name":"wp","href":"https:\/\/api.w.org\/{rel}","templated":true}]}}