{"id":5328,"date":"2017-05-21T19:23:54","date_gmt":"2017-05-21T19:23:54","guid":{"rendered":"https:\/\/gozu.zone\/?post_type=product&#038;p=5328"},"modified":"2024-05-31T19:10:58","modified_gmt":"2024-05-31T19:10:58","slug":"runewars-commandement-dinfanterie-daqan","status":"publish","type":"product","link":"https:\/\/gozu.zone\/?product=runewars-commandement-dinfanterie-daqan","title":{"rendered":"Runewars : Commandement d\u2019Infanterie Daqan"},"content":{"rendered":"<p>Les redoutables unit\u00e9s d\u2019infanterie des Seigneurs Daqan se surpassent quand elles sont correctement men\u00e9es et coordonn\u00e9es. Les Champions leur inspirent les plus grandes prouesses, tandis que les Gardes \u00e0 la Banni\u00e8re instillent la bravoure dans le c\u0153ur des hommes en brandissant leurs pennons v\u00e9n\u00e9r\u00e9s. Quant \u00e0 eux, les Sonneurs de Cor galvanisent les troupes en transmettant les ordres. Enfin, les Sorciers peuvent am\u00e9liorer une unit\u00e9 gr\u00e2ce \u00e0 leurs extraordinaires pouvoirs. Tous ces meneurs renforceront les compagnies qu\u2019ils rejoindront.<\/p>\n<p>Cette bo\u00eete contient tout ce dont vous avez besoin pour ajouter 4 figurines uniques et toute une vari\u00e9 d\u2019am\u00e9liorations d\u2019unit\u00e9 \u00e0 votre arm\u00e9e.<\/p>\n<h2>Contenu de Runewars : Commandement d\u2019Infanterie Daqan<\/h2>\n<div class=\"disclaimer material\">\n<ul>\n<li>4 figurines en plastique non peintes<\/li>\n<li>1 plateau de mouvement<\/li>\n<li>18 cartes Am\u00e9lioration<\/li>\n<\/ul>\n<\/div>\n","protected":false},"excerpt":{"rendered":"<p><b>Menez les soldats Daqan !<\/b><\/p>\n<p><i>Les Seigneurs Daqan<br \/>\n<\/i><\/p>\n<ul>\n<li><strong>\u00c2ge<\/strong> : 14\u00a0ans et +<\/li>\n<li><strong>Dur\u00e9e<\/strong> : 90 min \/ joueurs<\/li>\n<li><strong>Joueurs<\/strong> : 2<b><\/b><\/li>\n<\/ul>\n","protected":false},"featured_media":5861,"comment_status":"open","ping_status":"closed","template":"","meta":{"_acf_changed":false},"product_brand":[],"product_cat":[560,327,323,495,549,543],"product_tag":[336,544,545],"class_list":{"0":"post-5328","1":"product","2":"type-product","3":"status-publish","4":"has-post-thumbnail","6":"product_cat-destockage","7":"product_cat-extensions","8":"product_cat-jeux","9":"product_cat-jeux-de-figurines","10":"product_cat-les-seigneurs-daqan","11":"product_cat-runewars","12":"product_tag-affrontement","13":"product_tag-figurines","14":"product_tag-heroic-fantasy","15":"product_shipping_class-livraisonstandard_colis","17":"first","18":"instock","19":"sale","20":"taxable","21":"shipping-taxable","22":"purchasable","23":"product-type-simple"},"acf":[],"yoast_head":"<!-- This site is optimized with the Yoast SEO plugin v25.3 - https:\/\/yoast.com\/wordpress\/plugins\/seo\/ -->\n<title>Acheter Runewars : Commandement d\u2019Infanterie Daqan - GOZU ZONE - Jeux et Accessoires<\/title>\n<meta name=\"robots\" content=\"index, follow, max-snippet:-1, max-image-preview:large, max-video-preview:-1\" \/>\n<link rel=\"canonical\" href=\"https:\/\/gozu.zone\/?product=runewars-commandement-dinfanterie-daqan\" \/>\n<meta property=\"og:locale\" content=\"fr_FR\" \/>\n<meta property=\"og:type\" content=\"article\" \/>\n<meta property=\"og:title\" content=\"Acheter Runewars : Commandement d\u2019Infanterie Daqan - GOZU ZONE - Jeux et Accessoires\" \/>\n<meta property=\"og:description\" content=\"Menez les soldats Daqan !  Les Seigneurs Daqan    \u00c2ge : 14\u00a0ans et +  Dur\u00e9e : 90 min \/ joueurs  Joueurs : 2\" \/>\n<meta property=\"og:url\" content=\"https:\/\/gozu.zone\/?product=runewars-commandement-dinfanterie-daqan\" \/>\n<meta property=\"og:site_name\" content=\"GOZU ZONE\" \/>\n<meta property=\"article:publisher\" content=\"https:\/\/www.facebook.com\/gozuzone\/\" \/>\n<meta property=\"article:modified_time\" content=\"2024-05-31T19:10:58+00:00\" \/>\n<meta property=\"og:image\" content=\"https:\/\/gozu.zone\/wp-content\/uploads\/2017\/08\/commandement-d-Infanterie-daqan.png\" \/>\n\t<meta property=\"og:image:width\" content=\"480\" \/>\n\t<meta property=\"og:image:height\" content=\"480\" \/>\n\t<meta property=\"og:image:type\" content=\"image\/png\" \/>\n<meta name=\"twitter:card\" content=\"summary_large_image\" \/>\n<meta name=\"twitter:site\" content=\"@gozuzone\" \/>\n<meta name=\"twitter:label1\" content=\"Dur\u00e9e de lecture estim\u00e9e\" \/>\n\t<meta name=\"twitter:data1\" content=\"1 minute\" \/>\n<script type=\"application\/ld+json\" class=\"yoast-schema-graph\">{\"@context\":\"https:\/\/schema.org\",\"@graph\":[{\"@type\":\"WebPage\",\"@id\":\"https:\/\/gozu.zone\/?product=runewars-commandement-dinfanterie-daqan\",\"url\":\"https:\/\/gozu.zone\/?product=runewars-commandement-dinfanterie-daqan\",\"name\":\"Acheter Runewars : Commandement d\u2019Infanterie Daqan - GOZU ZONE - Jeux et Accessoires\",\"isPartOf\":{\"@id\":\"https:\/\/gozu.zone\/#website\"},\"primaryImageOfPage\":{\"@id\":\"https:\/\/gozu.zone\/?product=runewars-commandement-dinfanterie-daqan#primaryimage\"},\"image\":{\"@id\":\"https:\/\/gozu.zone\/?product=runewars-commandement-dinfanterie-daqan#primaryimage\"},\"thumbnailUrl\":\"https:\/\/gozu.zone\/wp-content\/uploads\/2017\/08\/commandement-d-Infanterie-daqan.png\",\"datePublished\":\"2017-05-21T19:23:54+00:00\",\"dateModified\":\"2024-05-31T19:10:58+00:00\",\"breadcrumb\":{\"@id\":\"https:\/\/gozu.zone\/?product=runewars-commandement-dinfanterie-daqan#breadcrumb\"},\"inLanguage\":\"fr-FR\",\"potentialAction\":[{\"@type\":\"ReadAction\",\"target\":[\"https:\/\/gozu.zone\/?product=runewars-commandement-dinfanterie-daqan\"]}]},{\"@type\":\"ImageObject\",\"inLanguage\":\"fr-FR\",\"@id\":\"https:\/\/gozu.zone\/?product=runewars-commandement-dinfanterie-daqan#primaryimage\",\"url\":\"https:\/\/gozu.zone\/wp-content\/uploads\/2017\/08\/commandement-d-Infanterie-daqan.png\",\"contentUrl\":\"https:\/\/gozu.zone\/wp-content\/uploads\/2017\/08\/commandement-d-Infanterie-daqan.png\",\"width\":480,\"height\":480,\"caption\":\"commandement-d-Infanterie-daqan\"},{\"@type\":\"BreadcrumbList\",\"@id\":\"https:\/\/gozu.zone\/?product=runewars-commandement-dinfanterie-daqan#breadcrumb\",\"itemListElement\":[{\"@type\":\"ListItem\",\"position\":1,\"name\":\"Accueil\",\"item\":\"https:\/\/gozu.zone\/\"},{\"@type\":\"ListItem\",\"position\":2,\"name\":\"BOUTIQUE\",\"item\":\"https:\/\/gozu.zone\/?page_id=308\"},{\"@type\":\"ListItem\",\"position\":3,\"name\":\"Runewars : Commandement d\u2019Infanterie Daqan\"}]},{\"@type\":\"WebSite\",\"@id\":\"https:\/\/gozu.zone\/#website\",\"url\":\"https:\/\/gozu.zone\/\",\"name\":\"GOZU ZONE\",\"description\":\"Toujours plus pour vos jeux\",\"potentialAction\":[{\"@type\":\"SearchAction\",\"target\":{\"@type\":\"EntryPoint\",\"urlTemplate\":\"https:\/\/gozu.zone\/?s={search_term_string}\"},\"query-input\":{\"@type\":\"PropertyValueSpecification\",\"valueRequired\":true,\"valueName\":\"search_term_string\"}}],\"inLanguage\":\"fr-FR\"}]}<\/script>\n<!-- \/ Yoast SEO plugin. -->","yoast_head_json":{"title":"Acheter Runewars : Commandement d\u2019Infanterie Daqan - GOZU ZONE - Jeux et Accessoires","robots":{"index":"index","follow":"follow","max-snippet":"max-snippet:-1","max-image-preview":"max-image-preview:large","max-video-preview":"max-video-preview:-1"},"canonical":"https:\/\/gozu.zone\/?product=runewars-commandement-dinfanterie-daqan","og_locale":"fr_FR","og_type":"article","og_title":"Acheter Runewars : Commandement d\u2019Infanterie Daqan - GOZU ZONE - Jeux et Accessoires","og_description":"Menez les soldats Daqan !  Les Seigneurs Daqan    \u00c2ge : 14\u00a0ans et +  Dur\u00e9e : 90 min \/ joueurs  Joueurs : 2","og_url":"https:\/\/gozu.zone\/?product=runewars-commandement-dinfanterie-daqan","og_site_name":"GOZU ZONE","article_publisher":"https:\/\/www.facebook.com\/gozuzone\/","article_modified_time":"2024-05-31T19:10:58+00:00","og_image":[{"width":480,"height":480,"url":"https:\/\/gozu.zone\/wp-content\/uploads\/2017\/08\/commandement-d-Infanterie-daqan.png","type":"image\/png"}],"twitter_card":"summary_large_image","twitter_site":"@gozuzone","twitter_misc":{"Dur\u00e9e de lecture estim\u00e9e":"1 minute"},"schema":{"@context":"https:\/\/schema.org","@graph":[{"@type":"WebPage","@id":"https:\/\/gozu.zone\/?product=runewars-commandement-dinfanterie-daqan","url":"https:\/\/gozu.zone\/?product=runewars-commandement-dinfanterie-daqan","name":"Acheter Runewars : Commandement d\u2019Infanterie Daqan - GOZU ZONE - Jeux et Accessoires","isPartOf":{"@id":"https:\/\/gozu.zone\/#website"},"primaryImageOfPage":{"@id":"https:\/\/gozu.zone\/?product=runewars-commandement-dinfanterie-daqan#primaryimage"},"image":{"@id":"https:\/\/gozu.zone\/?product=runewars-commandement-dinfanterie-daqan#primaryimage"},"thumbnailUrl":"https:\/\/gozu.zone\/wp-content\/uploads\/2017\/08\/commandement-d-Infanterie-daqan.png","datePublished":"2017-05-21T19:23:54+00:00","dateModified":"2024-05-31T19:10:58+00:00","breadcrumb":{"@id":"https:\/\/gozu.zone\/?product=runewars-commandement-dinfanterie-daqan#breadcrumb"},"inLanguage":"fr-FR","potentialAction":[{"@type":"ReadAction","target":["https:\/\/gozu.zone\/?product=runewars-commandement-dinfanterie-daqan"]}]},{"@type":"ImageObject","inLanguage":"fr-FR","@id":"https:\/\/gozu.zone\/?product=runewars-commandement-dinfanterie-daqan#primaryimage","url":"https:\/\/gozu.zone\/wp-content\/uploads\/2017\/08\/commandement-d-Infanterie-daqan.png","contentUrl":"https:\/\/gozu.zone\/wp-content\/uploads\/2017\/08\/commandement-d-Infanterie-daqan.png","width":480,"height":480,"caption":"commandement-d-Infanterie-daqan"},{"@type":"BreadcrumbList","@id":"https:\/\/gozu.zone\/?product=runewars-commandement-dinfanterie-daqan#breadcrumb","itemListElement":[{"@type":"ListItem","position":1,"name":"Accueil","item":"https:\/\/gozu.zone\/"},{"@type":"ListItem","position":2,"name":"BOUTIQUE","item":"https:\/\/gozu.zone\/?page_id=308"},{"@type":"ListItem","position":3,"name":"Runewars : Commandement d\u2019Infanterie Daqan"}]},{"@type":"WebSite","@id":"https:\/\/gozu.zone\/#website","url":"https:\/\/gozu.zone\/","name":"GOZU ZONE","description":"Toujours plus pour vos jeux","potentialAction":[{"@type":"SearchAction","target":{"@type":"EntryPoint","urlTemplate":"https:\/\/gozu.zone\/?s={search_term_string}"},"query-input":{"@type":"PropertyValueSpecification","valueRequired":true,"valueName":"search_term_string"}}],"inLanguage":"fr-FR"}]}},"_links":{"self":[{"href":"https:\/\/gozu.zone\/index.php?rest_route=\/wp\/v2\/product\/5328","targetHints":{"allow":["GET"]}}],"collection":[{"href":"https:\/\/gozu.zone\/index.php?rest_route=\/wp\/v2\/product"}],"about":[{"href":"https:\/\/gozu.zone\/index.php?rest_route=\/wp\/v2\/types\/product"}],"replies":[{"embeddable":true,"href":"https:\/\/gozu.zone\/index.php?rest_route=%2Fwp%2Fv2%2Fcomments&post=5328"}],"wp:featuredmedia":[{"embeddable":true,"href":"https:\/\/gozu.zone\/index.php?rest_route=\/wp\/v2\/media\/5861"}],"wp:attachment":[{"href":"https:\/\/gozu.zone\/index.php?rest_route=%2Fwp%2Fv2%2Fmedia&parent=5328"}],"wp:term":[{"taxonomy":"product_brand","embeddable":true,"href":"https:\/\/gozu.zone\/index.php?rest_route=%2Fwp%2Fv2%2Fproduct_brand&post=5328"},{"taxonomy":"product_cat","embeddable":true,"href":"https:\/\/gozu.zone\/index.php?rest_route=%2Fwp%2Fv2%2Fproduct_cat&post=5328"},{"taxonomy":"product_tag","embeddable":true,"href":"https:\/\/gozu.zone\/index.php?rest_route=%2Fwp%2Fv2%2Fproduct_tag&post=5328"}],"curies":[{"name":"wp","href":"https:\/\/api.w.org\/{rel}","templated":true}]}}